{"id":23009,"date":"2021-11-03T12:38:16","date_gmt":"2021-11-03T11:38:16","guid":{"rendered":"https:\/\/www.ccfsrl.com\/?page_id=23009"},"modified":"2021-11-03T12:38:39","modified_gmt":"2021-11-03T11:38:39","slug":"oneshow-vitrine-ventilee","status":"publish","type":"page","link":"https:\/\/www.ccfsrl.com\/fr\/oneshow-vitrine-ventilee\/","title":{"rendered":"OneShow: vitrine ventil\u00e9e"},"content":{"rendered":"<div class=\"wpb-content-wrapper\"><p>[vc_row]<\/p>\n<p>[vc_column width=&rsquo;3\/4&prime;]<\/p>\n<h2>OneShow: vitrine ventil\u00e9e<\/h2>\n<p>La vitrine professionnelle qui peut tout faire.<br \/>\nUn design essentiel associ\u00e9 \u00e0 une visibilit\u00e9 spectaculaire de la glace donnent vie \u00e0 OneShow.<\/p>\n<p><img loading=\"lazy\" decoding=\"async\" class=\"alignnone wp-image-22938 size-full\" title=\"vetrina per gelato su stecco artigianale\" src=\"https:\/\/www.ccfsrl.com\/wp-content\/uploads\/2021\/10\/VETRINA-ONESHOW3.jpg\" alt=\"Vetrina One show\" width=\"1004\" height=\"913\" srcset=\"https:\/\/www.ccfsrl.com\/wp-content\/uploads\/2021\/10\/VETRINA-ONESHOW3.jpg 1004w, https:\/\/www.ccfsrl.com\/wp-content\/uploads\/2021\/10\/VETRINA-ONESHOW3-300x273.jpg 300w, https:\/\/www.ccfsrl.com\/wp-content\/uploads\/2021\/10\/VETRINA-ONESHOW3-768x698.jpg 768w, https:\/\/www.ccfsrl.com\/wp-content\/uploads\/2021\/10\/VETRINA-ONESHOW3-700x637.jpg 700w\" sizes=\"auto, (max-width: 1004px) 100vw, 1004px\" \/><\/p>\n<p>Les dimensions r\u00e9duites au minimum (740 mm) et la <strong>possibilit\u00e9 de choisir une large gamme de mat\u00e9riaux et de finitions<\/strong> de qualit\u00e9 cr\u00e9ent des possibilit\u00e9s d\u2019am\u00e9nagement infinies.<\/p>\n<p>Flexibilit\u00e9 maximale et gestion parfaite des cycles saisonniers. La <strong>fonction Dual Temperature (en option)<\/strong> permet \u00e0 la vitrine de passer tr\u00e8s facilement <strong>de la glace \u00e0 la p\u00e2tisserie<\/strong>, et inversement, vous permettant d\u2019avoir un local multifonctionnel avec un seul produit: la possibilit\u00e9 de varier l\u2019offre et l\u2019am\u00e9nagement de votre espace en fonction de la saison.<\/p>\n<p><a class=\"button\" style=\"background-color: #e6332a; border-color: #e6332a; color: #ffffff; font-size: 12px; line-height: 37px; height: 37px; -webkit-border-radius: 5px; -moz-border-radius: 5px; border-radius: 5px; display: inline-block; position: relative; width: auto; font-weight: 400; font-family: 'Raleway',sans-serif; outline: 0; padding: 0 23px; margin: 0;\" href=\"https:\/\/www.ccfsrl.com\/wp-content\/uploads\/2021\/11\/oneshow-brochure-4p-web.pdf\" target=\"_blank\" rel=\"noopener noreferrer\">T\u00c9L\u00c9CHARGEZ LA FICHE TECHNIQUE<\/a><\/p>\n<p>[\/vc_column]<\/p>\n<p>[vc_column width=&rsquo;1\/4&prime;]<\/p>\n<h3>Vous souhaitez en savoir plus ?<\/h3>\n<p>Remplissez ce formulaire et demandez des informations, un devis et des d\u00e9monstrations techniques. L\u2019un de nos consultants est d\u00e9j\u00e0 \u00e0 votre disposition !<\/p>\n\n<div class=\"wpcf7 no-js\" id=\"wpcf7-f22767-o1\" lang=\"it-IT\" dir=\"ltr\">\n<div class=\"screen-reader-response\"><p role=\"status\" aria-live=\"polite\" aria-atomic=\"true\"><\/p> <ul><\/ul><\/div>\n<form action=\"\/fr\/wp-json\/wp\/v2\/pages\/23009#wpcf7-f22767-o1\" method=\"post\" class=\"wpcf7-form init\" aria-label=\"Modulo di contatto\" novalidate=\"novalidate\" data-status=\"init\">\n<div style=\"display: none;\">\n<input type=\"hidden\" name=\"_wpcf7\" value=\"22767\" \/>\n<input type=\"hidden\" name=\"_wpcf7_version\" value=\"5.9.8\" \/>\n<input type=\"hidden\" name=\"_wpcf7_locale\" value=\"it_IT\" \/>\n<input type=\"hidden\" name=\"_wpcf7_unit_tag\" value=\"wpcf7-f22767-o1\" \/>\n<input type=\"hidden\" name=\"_wpcf7_container_post\" value=\"0\" \/>\n<input type=\"hidden\" name=\"_wpcf7_posted_data_hash\" value=\"\" \/>\n<input type=\"hidden\" name=\"_wpcf7_recaptcha_response\" value=\"\" \/>\n<\/div>\n\n<p> Tous les champs sont obligatoires\n<\/p>\n<p>Votre nom\n<\/p>\n<p><span class=\"wpcf7-form-control-wrap\" data-name=\"your-name\"><input size=\"40\" maxlength=\"400\" class=\"wpcf7-form-control wpcf7-text wpcf7-validates-as-required\" aria-required=\"true\" aria-invalid=\"false\" value=\"\" type=\"text\" name=\"your-name\" \/><\/span>\n<\/p>\n<p>Pays\n<\/p>\n<p><span class=\"wpcf7-form-control-wrap\" data-name=\"country\"><input size=\"40\" maxlength=\"400\" class=\"wpcf7-form-control wpcf7-text wpcf7-validates-as-required\" aria-required=\"true\" aria-invalid=\"false\" value=\"\" type=\"text\" name=\"country\" \/><\/span>\n<\/p>\n<p>Ville\n<\/p>\n<p><span class=\"wpcf7-form-control-wrap\" data-name=\"city\"><input size=\"40\" maxlength=\"400\" class=\"wpcf7-form-control wpcf7-text wpcf7-validates-as-required\" aria-required=\"true\" aria-invalid=\"false\" value=\"\" type=\"text\" name=\"city\" \/><\/span>\n<\/p>\n<p>Votre e-mail\n<\/p>\n<p><span class=\"wpcf7-form-control-wrap\" data-name=\"your-email\"><input size=\"40\" maxlength=\"400\" class=\"wpcf7-form-control wpcf7-email wpcf7-validates-as-required wpcf7-text wpcf7-validates-as-email\" aria-required=\"true\" aria-invalid=\"false\" value=\"\" type=\"email\" name=\"your-email\" \/><\/span>\n<\/p>\n<p>Num\u00e9ro de t\u00e9l\u00e9phone\n<\/p>\n<p><span class=\"wpcf7-form-control-wrap\" data-name=\"tel-176\"><input size=\"40\" maxlength=\"400\" class=\"wpcf7-form-control wpcf7-tel wpcf7-validates-as-required wpcf7-text wpcf7-validates-as-tel\" aria-required=\"true\" aria-invalid=\"false\" value=\"\" type=\"tel\" name=\"tel-176\" \/><\/span>\n<\/p>\n<p>S\u00e9lectionnez le motif de votre demande:\n<\/p>\n<p><span class=\"wpcf7-form-control-wrap\" data-name=\"menu-487\"><select class=\"wpcf7-form-control wpcf7-select wpcf7-validates-as-required\" aria-required=\"true\" aria-invalid=\"false\" name=\"menu-487\"><option value=\"\">&#8212;Seleziona un&#039;opzione&#8212;<\/option><option value=\"Visite de l\u2019un de nos consultants commerciaux\">Visite de l\u2019un de nos consultants commerciaux<\/option><option value=\"Devis\">Devis<\/option><option value=\"D\u00e9mo de production\">D\u00e9mo de production<\/option><option value=\"Informations en g\u00e9n\u00e9ral\">Informations en g\u00e9n\u00e9ral<\/option><\/select><\/span>\n<\/p>\n<p>Quel produit vous int\u00e9resse ? (Laissez la touche \u00ab shift \u00bb enfonc\u00e9e pour s\u00e9lectionner plusieurs produits)\n<\/p>\n<p><span class=\"wpcf7-form-control-wrap\" data-name=\"menu-341\"><select class=\"wpcf7-form-control wpcf7-select wpcf7-validates-as-required\" aria-required=\"true\" aria-invalid=\"false\" multiple=\"multiple\" name=\"menu-341[]\"><option value=\"GHIACCIOLA GS1000\">GHIACCIOLA GS1000<\/option><option value=\"DRIER S2\">DRIER S2<\/option><option value=\"ICY 648\">ICY 648<\/option><option value=\"DW4\">DW4<\/option><option value=\"PAI\">PAI<\/option><option value=\"CHEST FREEZER\">CHEST FREEZER<\/option><option value=\"VITRINE OMNIA ONE\">VITRINE OMNIA ONE<\/option><option value=\"VITRINE ONESHOW\">VITRINE ONESHOW<\/option><option value=\"DISPLAY FREEZER\">DISPLAY FREEZER<\/option><option value=\"MINI DISPLAY FREEZER\">MINI DISPLAY FREEZER<\/option><option value=\"CARRITO 200\">CARRITO 200<\/option><option value=\"VITRINE ARAN\">VITRINE ARAN<\/option><option value=\"CARGO BIKE\">CARGO BIKE<\/option><\/select><\/span>\n<\/p>\n<p>Votre message\n<\/p>\n<p><span class=\"wpcf7-form-control-wrap\" data-name=\"your-message\"><textarea cols=\"40\" rows=\"10\" maxlength=\"2000\" class=\"wpcf7-form-control wpcf7-textarea wpcf7-validates-as-required\" aria-required=\"true\" aria-invalid=\"false\" name=\"your-message\"><\/textarea><\/span>\n<\/p>\n<p><strong><span class=\"wpcf7-form-control-wrap\" data-name=\"checkbox-454\"><span class=\"wpcf7-form-control wpcf7-checkbox wpcf7-validates-as-required\"><span class=\"wpcf7-list-item first last\"><input type=\"checkbox\" name=\"checkbox-454[]\" value=\"J\u2019accepte les termes du traitement des donn\u00e9es\" \/><span class=\"wpcf7-list-item-label\">J\u2019accepte les termes du traitement des donn\u00e9es<\/span><\/span><\/span><\/span><\/strong><br \/>\nJe d\u00e9clare avoir lu attentivement la politique de confidentialit\u00e9 et j\u2019autorise le traitement de mes donn\u00e9es personnelles aux fins contenues dans les articles 13-14 du R\u00e8glement (UE) 2016\/679.\n<\/p>\n<p><strong> <span class=\"wpcf7-form-control-wrap\" data-name=\"checkbox-962\"><span class=\"wpcf7-form-control wpcf7-checkbox\"><span class=\"wpcf7-list-item first last\"><input type=\"checkbox\" name=\"checkbox-962[]\" value=\"J\u2019accepte\" \/><span class=\"wpcf7-list-item-label\">J\u2019accepte<\/span><\/span><\/span><\/span>:<\/strong><br \/>\nde recevoir par e-mail les newsletters, informations commerciales et\/ou publicitaires sur des produits ou des services que l\u2019entreprise propose.\n<\/p>\n<p><span id=\"wpcf7-69ee34fe8a3d1-wrapper\" class=\"wpcf7-form-control-wrap honeypot-577-wrap\" style=\"display:none !important; visibility:hidden !important;\"><label for=\"wpcf7-69ee34fe8a3d1-field\" class=\"hp-message\">Si prega di lasciare vuoto questo campo.<\/label><input id=\"wpcf7-69ee34fe8a3d1-field\"  class=\"wpcf7-form-control wpcf7-text\" type=\"text\" name=\"honeypot-577\" value=\"\" size=\"40\" tabindex=\"-1\" autocomplete=\"new-password\" \/><\/span>\n<\/p>\n<p><input class=\"wpcf7-form-control wpcf7-submit has-spinner\" type=\"submit\" value=\"Envoyer\" \/>\n<\/p><div class=\"wpcf7-response-output\" aria-hidden=\"true\"><\/div>\n<\/form>\n<\/div>\n\n<p>[\/vc_column]<\/p>\n<p>[\/vc_row]<\/p>\n<\/div>","protected":false},"excerpt":{"rendered":"<p>[vc_row] [vc_column width=&rsquo;3\/4&prime;] OneShow: vitrine ventil\u00e9e La vitrine professionnelle qui peut tout faire. Un design essentiel associ\u00e9 \u00e0 une visibilit\u00e9 spectaculaire de la glace donnent vie \u00e0 OneShow. Les dimensions r\u00e9duites au minimum (740 mm) et la possibilit\u00e9 de choisir une large gamme de mat\u00e9riaux&#8230;<\/p>\n","protected":false},"author":1,"featured_media":0,"parent":0,"menu_order":0,"comment_status":"closed","ping_status":"closed","template":"","meta":{"footnotes":""},"class_list":["post-23009","page","type-page","status-publish","hentry"],"yoast_head":"<!-- This site is optimized with the Yoast SEO plugin v23.6 - https:\/\/yoast.com\/wordpress\/plugins\/seo\/ -->\n<title>OneShow: vitrine ventil\u00e9e | CCF<\/title>\n<meta name=\"description\" content=\"La vitrine professionnelle qui peut tout faire.Un design essentiel associ\u00e9 \u00e0 une visibilit\u00e9 spectaculaire de la glace donnent vie \u00e0 OneShow.\" \/>\n<meta name=\"robots\" content=\"index, follow, max-snippet:-1, max-image-preview:large, max-video-preview:-1\" \/>\n<link rel=\"canonical\" href=\"https:\/\/www.ccfsrl.com\/fr\/oneshow-vitrine-ventilee\/\" \/>\n<meta property=\"og:locale\" content=\"fr_FR\" \/>\n<meta property=\"og:type\" content=\"article\" \/>\n<meta property=\"og:title\" content=\"OneShow: vitrine ventil\u00e9e | CCF\" \/>\n<meta property=\"og:description\" content=\"La vitrine professionnelle qui peut tout faire.Un design essentiel associ\u00e9 \u00e0 une visibilit\u00e9 spectaculaire de la glace donnent vie \u00e0 OneShow.\" \/>\n<meta property=\"og:url\" content=\"https:\/\/www.ccfsrl.com\/fr\/oneshow-vitrine-ventilee\/\" \/>\n<meta property=\"og:site_name\" content=\"CCF\" \/>\n<meta property=\"article:modified_time\" content=\"2021-11-03T11:38:39+00:00\" \/>\n<meta property=\"og:image\" content=\"https:\/\/www.ccfsrl.com\/wp-content\/uploads\/2021\/10\/VETRINA-ONESHOW3.jpg\" \/>\n<meta name=\"twitter:card\" content=\"summary_large_image\" \/>\n<meta name=\"twitter:label1\" content=\"Dur\u00e9e de lecture estim\u00e9e\" \/>\n\t<meta name=\"twitter:data1\" content=\"1 minute\" \/>\n<script type=\"application\/ld+json\" class=\"yoast-schema-graph\">{\"@context\":\"https:\/\/schema.org\",\"@graph\":[{\"@type\":\"WebPage\",\"@id\":\"https:\/\/www.ccfsrl.com\/fr\/oneshow-vitrine-ventilee\/\",\"url\":\"https:\/\/www.ccfsrl.com\/fr\/oneshow-vitrine-ventilee\/\",\"name\":\"OneShow: vitrine ventil\u00e9e | CCF\",\"isPartOf\":{\"@id\":\"https:\/\/www.ccfsrl.com\/#website\"},\"primaryImageOfPage\":{\"@id\":\"https:\/\/www.ccfsrl.com\/fr\/oneshow-vitrine-ventilee\/#primaryimage\"},\"image\":{\"@id\":\"https:\/\/www.ccfsrl.com\/fr\/oneshow-vitrine-ventilee\/#primaryimage\"},\"thumbnailUrl\":\"https:\/\/www.ccfsrl.com\/wp-content\/uploads\/2021\/10\/VETRINA-ONESHOW3.jpg\",\"datePublished\":\"2021-11-03T11:38:16+00:00\",\"dateModified\":\"2021-11-03T11:38:39+00:00\",\"description\":\"La vitrine professionnelle qui peut tout faire.Un design essentiel associ\u00e9 \u00e0 une visibilit\u00e9 spectaculaire de la glace donnent vie \u00e0 OneShow.\",\"breadcrumb\":{\"@id\":\"https:\/\/www.ccfsrl.com\/fr\/oneshow-vitrine-ventilee\/#breadcrumb\"},\"inLanguage\":\"fr-FR\",\"potentialAction\":[{\"@type\":\"ReadAction\",\"target\":[\"https:\/\/www.ccfsrl.com\/fr\/oneshow-vitrine-ventilee\/\"]}]},{\"@type\":\"ImageObject\",\"inLanguage\":\"fr-FR\",\"@id\":\"https:\/\/www.ccfsrl.com\/fr\/oneshow-vitrine-ventilee\/#primaryimage\",\"url\":\"https:\/\/www.ccfsrl.com\/wp-content\/uploads\/2021\/10\/VETRINA-ONESHOW3.jpg\",\"contentUrl\":\"https:\/\/www.ccfsrl.com\/wp-content\/uploads\/2021\/10\/VETRINA-ONESHOW3.jpg\"},{\"@type\":\"BreadcrumbList\",\"@id\":\"https:\/\/www.ccfsrl.com\/fr\/oneshow-vitrine-ventilee\/#breadcrumb\",\"itemListElement\":[{\"@type\":\"ListItem\",\"position\":1,\"name\":\"Home\",\"item\":\"https:\/\/www.ccfsrl.com\/fr\/\"},{\"@type\":\"ListItem\",\"position\":2,\"name\":\"OneShow: vitrine ventil\u00e9e\"}]},{\"@type\":\"WebSite\",\"@id\":\"https:\/\/www.ccfsrl.com\/#website\",\"url\":\"https:\/\/www.ccfsrl.com\/\",\"name\":\"CCF\",\"description\":\"Macchine per gelato su stecco\",\"potentialAction\":[{\"@type\":\"SearchAction\",\"target\":{\"@type\":\"EntryPoint\",\"urlTemplate\":\"https:\/\/www.ccfsrl.com\/?s={search_term_string}\"},\"query-input\":{\"@type\":\"PropertyValueSpecification\",\"valueRequired\":true,\"valueName\":\"search_term_string\"}}],\"inLanguage\":\"fr-FR\"}]}<\/script>\n<!-- \/ Yoast SEO plugin. -->","yoast_head_json":{"title":"OneShow: vitrine ventil\u00e9e | CCF","description":"La vitrine professionnelle qui peut tout faire.Un design essentiel associ\u00e9 \u00e0 une visibilit\u00e9 spectaculaire de la glace donnent vie \u00e0 OneShow.","robots":{"index":"index","follow":"follow","max-snippet":"max-snippet:-1","max-image-preview":"max-image-preview:large","max-video-preview":"max-video-preview:-1"},"canonical":"https:\/\/www.ccfsrl.com\/fr\/oneshow-vitrine-ventilee\/","og_locale":"fr_FR","og_type":"article","og_title":"OneShow: vitrine ventil\u00e9e | CCF","og_description":"La vitrine professionnelle qui peut tout faire.Un design essentiel associ\u00e9 \u00e0 une visibilit\u00e9 spectaculaire de la glace donnent vie \u00e0 OneShow.","og_url":"https:\/\/www.ccfsrl.com\/fr\/oneshow-vitrine-ventilee\/","og_site_name":"CCF","article_modified_time":"2021-11-03T11:38:39+00:00","og_image":[{"url":"https:\/\/www.ccfsrl.com\/wp-content\/uploads\/2021\/10\/VETRINA-ONESHOW3.jpg"}],"twitter_card":"summary_large_image","twitter_misc":{"Dur\u00e9e de lecture estim\u00e9e":"1 minute"},"schema":{"@context":"https:\/\/schema.org","@graph":[{"@type":"WebPage","@id":"https:\/\/www.ccfsrl.com\/fr\/oneshow-vitrine-ventilee\/","url":"https:\/\/www.ccfsrl.com\/fr\/oneshow-vitrine-ventilee\/","name":"OneShow: vitrine ventil\u00e9e | CCF","isPartOf":{"@id":"https:\/\/www.ccfsrl.com\/#website"},"primaryImageOfPage":{"@id":"https:\/\/www.ccfsrl.com\/fr\/oneshow-vitrine-ventilee\/#primaryimage"},"image":{"@id":"https:\/\/www.ccfsrl.com\/fr\/oneshow-vitrine-ventilee\/#primaryimage"},"thumbnailUrl":"https:\/\/www.ccfsrl.com\/wp-content\/uploads\/2021\/10\/VETRINA-ONESHOW3.jpg","datePublished":"2021-11-03T11:38:16+00:00","dateModified":"2021-11-03T11:38:39+00:00","description":"La vitrine professionnelle qui peut tout faire.Un design essentiel associ\u00e9 \u00e0 une visibilit\u00e9 spectaculaire de la glace donnent vie \u00e0 OneShow.","breadcrumb":{"@id":"https:\/\/www.ccfsrl.com\/fr\/oneshow-vitrine-ventilee\/#breadcrumb"},"inLanguage":"fr-FR","potentialAction":[{"@type":"ReadAction","target":["https:\/\/www.ccfsrl.com\/fr\/oneshow-vitrine-ventilee\/"]}]},{"@type":"ImageObject","inLanguage":"fr-FR","@id":"https:\/\/www.ccfsrl.com\/fr\/oneshow-vitrine-ventilee\/#primaryimage","url":"https:\/\/www.ccfsrl.com\/wp-content\/uploads\/2021\/10\/VETRINA-ONESHOW3.jpg","contentUrl":"https:\/\/www.ccfsrl.com\/wp-content\/uploads\/2021\/10\/VETRINA-ONESHOW3.jpg"},{"@type":"BreadcrumbList","@id":"https:\/\/www.ccfsrl.com\/fr\/oneshow-vitrine-ventilee\/#breadcrumb","itemListElement":[{"@type":"ListItem","position":1,"name":"Home","item":"https:\/\/www.ccfsrl.com\/fr\/"},{"@type":"ListItem","position":2,"name":"OneShow: vitrine ventil\u00e9e"}]},{"@type":"WebSite","@id":"https:\/\/www.ccfsrl.com\/#website","url":"https:\/\/www.ccfsrl.com\/","name":"CCF","description":"Macchine per gelato su stecco","potentialAction":[{"@type":"SearchAction","target":{"@type":"EntryPoint","urlTemplate":"https:\/\/www.ccfsrl.com\/?s={search_term_string}"},"query-input":{"@type":"PropertyValueSpecification","valueRequired":true,"valueName":"search_term_string"}}],"inLanguage":"fr-FR"}]}},"_links":{"self":[{"href":"https:\/\/www.ccfsrl.com\/fr\/wp-json\/wp\/v2\/pages\/23009","targetHints":{"allow":["GET"]}}],"collection":[{"href":"https:\/\/www.ccfsrl.com\/fr\/wp-json\/wp\/v2\/pages"}],"about":[{"href":"https:\/\/www.ccfsrl.com\/fr\/wp-json\/wp\/v2\/types\/page"}],"author":[{"embeddable":true,"href":"https:\/\/www.ccfsrl.com\/fr\/wp-json\/wp\/v2\/users\/1"}],"replies":[{"embeddable":true,"href":"https:\/\/www.ccfsrl.com\/fr\/wp-json\/wp\/v2\/comments?post=23009"}],"version-history":[{"count":1,"href":"https:\/\/www.ccfsrl.com\/fr\/wp-json\/wp\/v2\/pages\/23009\/revisions"}],"predecessor-version":[{"id":23015,"href":"https:\/\/www.ccfsrl.com\/fr\/wp-json\/wp\/v2\/pages\/23009\/revisions\/23015"}],"wp:attachment":[{"href":"https:\/\/www.ccfsrl.com\/fr\/wp-json\/wp\/v2\/media?parent=23009"}],"curies":[{"name":"wp","href":"https:\/\/api.w.org\/{rel}","templated":true}]}}