{"id":22877,"date":"2021-10-15T14:52:01","date_gmt":"2021-10-15T12:52:01","guid":{"rendered":"https:\/\/www.ccfsrl.com\/?page_id=22877"},"modified":"2025-05-21T10:36:42","modified_gmt":"2025-05-21T08:36:42","slug":"fabrication-artisanale-de-batonnets-glaces-video-promotionnelle","status":"publish","type":"page","link":"https:\/\/www.ccfsrl.com\/fr\/fabrication-artisanale-de-batonnets-glaces-video-promotionnelle\/","title":{"rendered":"Fabrication artisanale de b\u00e2tonnets glac\u00e9s : vid\u00e9o promotionnelle"},"content":{"rendered":"<div class=\"wpb-content-wrapper\"><p>[vc_row]<\/p>\n<p>[vc_column width=&rsquo;3\/4&prime;]<\/p>\n<div>\n<h2>Vitrines de cockpit modulables<\/h2>\n<p>&nbsp;<\/p>\n<\/div>\n<div class=\"container-mik\"><iframe loading=\"lazy\" class=\"video\" src=\"https:\/\/www.youtube.com\/embed\/gNzznfaelRo?si=bdwW4kdC-UVvNqL6?rel=0;showinfo=0\" width=\"300\" height=\"150\" frameborder=\"0\" allowfullscreen=\"allowfullscreen\"><\/iframe><\/div>\n<p>&nbsp;<\/p>\n<hr \/>\n<div>\n<h2>Pr\u00e9sentoirs \u00e0 glaces modulaires<\/h2>\n<p>&nbsp;<\/p>\n<\/div>\n<div class=\"container-mik\"><iframe loading=\"lazy\" class=\"video\" src=\"https:\/\/www.youtube.com\/embed\/MNU43Jd4KCw?rel=0;showinfo=0\" width=\"300\" height=\"150\" frameborder=\"0\" allowfullscreen=\"allowfullscreen\" data-mce-fragment=\"1\"><\/iframe><\/div>\n<div>&nbsp;<\/div>\n<div>&nbsp;<\/div>\n<div>&nbsp;<\/div>\n<hr>\n<div>\n<h2>Fabrication artisanale de b\u00e2tonnets glac\u00e9s<\/h2>\n<p>Cette vid\u00e9o illustre la mani\u00e8re de fabriquer des b\u00e2tonnets glac\u00e9s artisanaux avec nos machines professionnelles \u00e0 glace CCF.<\/p>\n<\/div>\n<div class=\"container-mik\"><iframe loading=\"lazy\" class=\"video\" src=\"https:\/\/www.youtube.com\/embed\/he7-UTJa3og?rel=0;showinfo=0\" width=\"300\" height=\"150\" frameborder=\"0\" allowfullscreen=\"allowfullscreen\"><\/iframe><\/div>\n<div><\/div>\n<div><\/div>\n<div><\/div>\n<hr \/>\n<div>\n<h2><\/h2>\n<h2>Syst\u00e8me pour gros artisans<\/h2>\n<p>Avec le syst\u00e8me CCF La Ghiacciola, il est possible de produire 2 500 b\u00e2tonnets glac\u00e9s artisanaux par jour, avec un maximum de deux op\u00e9rateurs et dans seulement quatre m\u00e8tres d&rsquo;espace.<\/p>\n<\/div>\n<div class=\"container-mik\"><iframe loading=\"lazy\" class=\"video\" src=\"https:\/\/www.youtube.com\/embed\/n3xiucug_2E?rel=0;showinfo=0\" width=\"300\" height=\"150\" frameborder=\"0\" allowfullscreen=\"allowfullscreen\"><\/iframe><\/div>\n<div><\/div>\n<div><\/div>\n<div><\/div>\n<div>\n<hr \/>\n<h2><\/h2>\n<h2>D\u00e9corations des b\u00e2tonnets glac\u00e9s<\/h2>\n<\/div>\n<div class=\"container-mik\">\n<p><iframe loading=\"lazy\" title=\"2018 08 06 VIDEO 00001340\" width=\"1060\" height=\"596\" src=\"https:\/\/www.youtube.com\/embed\/bdtVfeodwjc?feature=oembed\" frameborder=\"0\" allow=\"accelerometer; autoplay; clipboard-write; encrypted-media; gyroscope; picture-in-picture; web-share\" referrerpolicy=\"strict-origin-when-cross-origin\" allowfullscreen><\/iframe><\/p>\n<\/div>\n<p><iframe loading=\"lazy\" title=\"2018 08 06 VIDEO 00001337\" width=\"1060\" height=\"596\" src=\"https:\/\/www.youtube.com\/embed\/q1BoDSJlcS8?feature=oembed\" frameborder=\"0\" allow=\"accelerometer; autoplay; clipboard-write; encrypted-media; gyroscope; picture-in-picture; web-share\" referrerpolicy=\"strict-origin-when-cross-origin\" allowfullscreen><\/iframe><\/p>\n<p><iframe loading=\"lazy\" title=\"2018 08 06 VIDEO 00001338\" width=\"1060\" height=\"596\" src=\"https:\/\/www.youtube.com\/embed\/zIamofHOABQ?feature=oembed\" frameborder=\"0\" allow=\"accelerometer; autoplay; clipboard-write; encrypted-media; gyroscope; picture-in-picture; web-share\" referrerpolicy=\"strict-origin-when-cross-origin\" allowfullscreen><\/iframe><\/p>\n<p><iframe loading=\"lazy\" title=\"2018 08 06 VIDEO 00001339\" width=\"1060\" height=\"596\" src=\"https:\/\/www.youtube.com\/embed\/5s4yiCp6vww?feature=oembed\" frameborder=\"0\" allow=\"accelerometer; autoplay; clipboard-write; encrypted-media; gyroscope; picture-in-picture; web-share\" referrerpolicy=\"strict-origin-when-cross-origin\" allowfullscreen><\/iframe><\/p>\n<p><iframe loading=\"lazy\" title=\"2018 08 06 VIDEO 00001341\" width=\"1060\" height=\"596\" src=\"https:\/\/www.youtube.com\/embed\/L4j3f1PFdLc?feature=oembed\" frameborder=\"0\" allow=\"accelerometer; autoplay; clipboard-write; encrypted-media; gyroscope; picture-in-picture; web-share\" referrerpolicy=\"strict-origin-when-cross-origin\" allowfullscreen><\/iframe><\/p>\n<hr style=\"height: 1px; background: #dddddd; border: none; margin: 30px 0px;\" \/>\n<div>\n<h2><\/h2>\n<h2>Production industrielle<\/h2>\n<\/div>\n<div class=\"container-mik\">\n<p><iframe loading=\"lazy\" title=\"Rotary machine 1000  to 3000\" width=\"1060\" height=\"596\" src=\"https:\/\/www.youtube.com\/embed\/PJUrYQls5Jg?feature=oembed\" frameborder=\"0\" allow=\"accelerometer; autoplay; clipboard-write; encrypted-media; gyroscope; picture-in-picture; web-share\" referrerpolicy=\"strict-origin-when-cross-origin\" allowfullscreen><\/iframe><\/p>\n<\/div>\n<div><\/div>\n<div><\/div>\n<div><\/div>\n<div>\n<hr \/>\n<\/div>\n<div>\n<h2><\/h2>\n<h2>Fabrication avec un tunnel d\u2019extrusion<\/h2>\n<\/div>\n<p><iframe loading=\"lazy\" title=\"video produzione con tunnel estrusore\" width=\"1060\" height=\"596\" src=\"https:\/\/www.youtube.com\/embed\/TBx9YRbt6sI?feature=oembed\" frameborder=\"0\" allow=\"accelerometer; autoplay; clipboard-write; encrypted-media; gyroscope; picture-in-picture; web-share\" referrerpolicy=\"strict-origin-when-cross-origin\" allowfullscreen><\/iframe><\/p>\n<p style=\"text-align: left;\"><a class=\"button\" style=\"background-color: #e6332a; border-color: #e6332a; color: #ffffff; font-size: 12px; line-height: 37px; height: 37px; -webkit-border-radius: 5px; -moz-border-radius: 5px; border-radius: 5px; display: inline-block; position: relative; width: auto; font-weight: 400; font-family: 'Raleway',sans-serif; outline: 0; padding: 0 23px; margin: 0;\" href=\"https:\/\/www.ccfsrl.com\/fr\/contacts\/\">EN SAVOIR PLUS<\/a><\/p>\n<p>[vc_separator type=\u00a0\u00bbtransparent\u00a0\u00bb up=\u00a0\u00bb65&Prime; down=\u00a0\u00bb0&Prime;]<\/p>\n<p>[\/vc_column]<\/p>\n<p>[vc_column width=&rsquo;1\/4&prime;]<\/p>\n<h3>Vous souhaitez en savoir plus ?<\/h3>\n<p>Remplissez ce formulaire et demandez des informations, un devis et des d\u00e9monstrations techniques. L\u2019un de nos consultants est d\u00e9j\u00e0 \u00e0 votre disposition !<\/p>\n\n<div class=\"wpcf7 no-js\" id=\"wpcf7-f22767-o1\" lang=\"it-IT\" dir=\"ltr\">\n<div class=\"screen-reader-response\"><p role=\"status\" aria-live=\"polite\" aria-atomic=\"true\"><\/p> <ul><\/ul><\/div>\n<form action=\"\/fr\/wp-json\/wp\/v2\/pages\/22877#wpcf7-f22767-o1\" method=\"post\" class=\"wpcf7-form init\" aria-label=\"Modulo di contatto\" novalidate=\"novalidate\" data-status=\"init\">\n<div style=\"display: none;\">\n<input type=\"hidden\" name=\"_wpcf7\" value=\"22767\" \/>\n<input type=\"hidden\" name=\"_wpcf7_version\" value=\"5.9.8\" \/>\n<input type=\"hidden\" name=\"_wpcf7_locale\" value=\"it_IT\" \/>\n<input type=\"hidden\" name=\"_wpcf7_unit_tag\" value=\"wpcf7-f22767-o1\" \/>\n<input type=\"hidden\" name=\"_wpcf7_container_post\" value=\"0\" \/>\n<input type=\"hidden\" name=\"_wpcf7_posted_data_hash\" value=\"\" \/>\n<input type=\"hidden\" name=\"_wpcf7_recaptcha_response\" value=\"\" \/>\n<\/div>\n\n<p> Tous les champs sont obligatoires\n<\/p>\n<p>Votre nom\n<\/p>\n<p><span class=\"wpcf7-form-control-wrap\" data-name=\"your-name\"><input size=\"40\" maxlength=\"400\" class=\"wpcf7-form-control wpcf7-text wpcf7-validates-as-required\" aria-required=\"true\" aria-invalid=\"false\" value=\"\" type=\"text\" name=\"your-name\" \/><\/span>\n<\/p>\n<p>Pays\n<\/p>\n<p><span class=\"wpcf7-form-control-wrap\" data-name=\"country\"><input size=\"40\" maxlength=\"400\" class=\"wpcf7-form-control wpcf7-text wpcf7-validates-as-required\" aria-required=\"true\" aria-invalid=\"false\" value=\"\" type=\"text\" name=\"country\" \/><\/span>\n<\/p>\n<p>Ville\n<\/p>\n<p><span class=\"wpcf7-form-control-wrap\" data-name=\"city\"><input size=\"40\" maxlength=\"400\" class=\"wpcf7-form-control wpcf7-text wpcf7-validates-as-required\" aria-required=\"true\" aria-invalid=\"false\" value=\"\" type=\"text\" name=\"city\" \/><\/span>\n<\/p>\n<p>Votre e-mail\n<\/p>\n<p><span class=\"wpcf7-form-control-wrap\" data-name=\"your-email\"><input size=\"40\" maxlength=\"400\" class=\"wpcf7-form-control wpcf7-email wpcf7-validates-as-required wpcf7-text wpcf7-validates-as-email\" aria-required=\"true\" aria-invalid=\"false\" value=\"\" type=\"email\" name=\"your-email\" \/><\/span>\n<\/p>\n<p>Num\u00e9ro de t\u00e9l\u00e9phone\n<\/p>\n<p><span class=\"wpcf7-form-control-wrap\" data-name=\"tel-176\"><input size=\"40\" maxlength=\"400\" class=\"wpcf7-form-control wpcf7-tel wpcf7-validates-as-required wpcf7-text wpcf7-validates-as-tel\" aria-required=\"true\" aria-invalid=\"false\" value=\"\" type=\"tel\" name=\"tel-176\" \/><\/span>\n<\/p>\n<p>S\u00e9lectionnez le motif de votre demande:\n<\/p>\n<p><span class=\"wpcf7-form-control-wrap\" data-name=\"menu-487\"><select class=\"wpcf7-form-control wpcf7-select wpcf7-validates-as-required\" aria-required=\"true\" aria-invalid=\"false\" name=\"menu-487\"><option value=\"\">&#8212;Seleziona un&#039;opzione&#8212;<\/option><option value=\"Visite de l\u2019un de nos consultants commerciaux\">Visite de l\u2019un de nos consultants commerciaux<\/option><option value=\"Devis\">Devis<\/option><option value=\"D\u00e9mo de production\">D\u00e9mo de production<\/option><option value=\"Informations en g\u00e9n\u00e9ral\">Informations en g\u00e9n\u00e9ral<\/option><\/select><\/span>\n<\/p>\n<p>Quel produit vous int\u00e9resse ? (Laissez la touche \u00ab shift \u00bb enfonc\u00e9e pour s\u00e9lectionner plusieurs produits)\n<\/p>\n<p><span class=\"wpcf7-form-control-wrap\" data-name=\"menu-341\"><select class=\"wpcf7-form-control wpcf7-select wpcf7-validates-as-required\" aria-required=\"true\" aria-invalid=\"false\" multiple=\"multiple\" name=\"menu-341[]\"><option value=\"GHIACCIOLA GS1000\">GHIACCIOLA GS1000<\/option><option value=\"DRIER S2\">DRIER S2<\/option><option value=\"ICY 648\">ICY 648<\/option><option value=\"DW4\">DW4<\/option><option value=\"PAI\">PAI<\/option><option value=\"CHEST FREEZER\">CHEST FREEZER<\/option><option value=\"VITRINE OMNIA ONE\">VITRINE OMNIA ONE<\/option><option value=\"VITRINE ONESHOW\">VITRINE ONESHOW<\/option><option value=\"DISPLAY FREEZER\">DISPLAY FREEZER<\/option><option value=\"MINI DISPLAY FREEZER\">MINI DISPLAY FREEZER<\/option><option value=\"CARRITO 200\">CARRITO 200<\/option><option value=\"VITRINE ARAN\">VITRINE ARAN<\/option><option value=\"CARGO BIKE\">CARGO BIKE<\/option><\/select><\/span>\n<\/p>\n<p>Votre message\n<\/p>\n<p><span class=\"wpcf7-form-control-wrap\" data-name=\"your-message\"><textarea cols=\"40\" rows=\"10\" maxlength=\"2000\" class=\"wpcf7-form-control wpcf7-textarea wpcf7-validates-as-required\" aria-required=\"true\" aria-invalid=\"false\" name=\"your-message\"><\/textarea><\/span>\n<\/p>\n<p><strong><span class=\"wpcf7-form-control-wrap\" data-name=\"checkbox-454\"><span class=\"wpcf7-form-control wpcf7-checkbox wpcf7-validates-as-required\"><span class=\"wpcf7-list-item first last\"><input type=\"checkbox\" name=\"checkbox-454[]\" value=\"J\u2019accepte les termes du traitement des donn\u00e9es\" \/><span class=\"wpcf7-list-item-label\">J\u2019accepte les termes du traitement des donn\u00e9es<\/span><\/span><\/span><\/span><\/strong><br \/>\nJe d\u00e9clare avoir lu attentivement la politique de confidentialit\u00e9 et j\u2019autorise le traitement de mes donn\u00e9es personnelles aux fins contenues dans les articles 13-14 du R\u00e8glement (UE) 2016\/679.\n<\/p>\n<p><strong> <span class=\"wpcf7-form-control-wrap\" data-name=\"checkbox-962\"><span class=\"wpcf7-form-control wpcf7-checkbox\"><span class=\"wpcf7-list-item first last\"><input type=\"checkbox\" name=\"checkbox-962[]\" value=\"J\u2019accepte\" \/><span class=\"wpcf7-list-item-label\">J\u2019accepte<\/span><\/span><\/span><\/span>:<\/strong><br \/>\nde recevoir par e-mail les newsletters, informations commerciales et\/ou publicitaires sur des produits ou des services que l\u2019entreprise propose.\n<\/p>\n<p><span id=\"wpcf7-69ee3044de39c-wrapper\" class=\"wpcf7-form-control-wrap honeypot-577-wrap\" style=\"display:none !important; visibility:hidden !important;\"><label for=\"wpcf7-69ee3044de39c-field\" class=\"hp-message\">Si prega di lasciare vuoto questo campo.<\/label><input id=\"wpcf7-69ee3044de39c-field\"  class=\"wpcf7-form-control wpcf7-text\" type=\"text\" name=\"honeypot-577\" value=\"\" size=\"40\" tabindex=\"-1\" autocomplete=\"new-password\" \/><\/span>\n<\/p>\n<p><input class=\"wpcf7-form-control wpcf7-submit has-spinner\" type=\"submit\" value=\"Envoyer\" \/>\n<\/p><div class=\"wpcf7-response-output\" aria-hidden=\"true\"><\/div>\n<\/form>\n<\/div>\n\n<p>[\/vc_column]<\/p>\n<p>[\/vc_row]<\/p>\n<\/div>","protected":false},"excerpt":{"rendered":"<p>[vc_row] [vc_column width=&rsquo;3\/4&prime;] Vitrines de cockpit modulables &nbsp; &nbsp; Pr\u00e9sentoirs \u00e0 glaces modulaires &nbsp; &nbsp; &nbsp; &nbsp; Fabrication artisanale de b\u00e2tonnets glac\u00e9s Cette vid\u00e9o illustre la mani\u00e8re de fabriquer des b\u00e2tonnets glac\u00e9s artisanaux avec nos machines professionnelles \u00e0 glace CCF. Syst\u00e8me pour gros artisans Avec&#8230;<\/p>\n","protected":false},"author":1,"featured_media":0,"parent":0,"menu_order":0,"comment_status":"closed","ping_status":"closed","template":"","meta":{"footnotes":""},"class_list":["post-22877","page","type-page","status-publish","hentry"],"yoast_head":"<!-- This site is optimized with the Yoast SEO plugin v23.6 - https:\/\/yoast.com\/wordpress\/plugins\/seo\/ -->\n<title>Fabrication artisanale de b\u00e2tonnets glac\u00e9s : vid\u00e9o promotionnelle | CCF<\/title>\n<meta name=\"robots\" content=\"index, follow, max-snippet:-1, max-image-preview:large, max-video-preview:-1\" \/>\n<link rel=\"canonical\" href=\"https:\/\/www.ccfsrl.com\/fr\/fabrication-artisanale-de-batonnets-glaces-video-promotionnelle\/\" \/>\n<meta property=\"og:locale\" content=\"fr_FR\" \/>\n<meta property=\"og:type\" content=\"article\" \/>\n<meta property=\"og:title\" content=\"Fabrication artisanale de b\u00e2tonnets glac\u00e9s : vid\u00e9o promotionnelle | CCF\" \/>\n<meta property=\"og:description\" content=\"[vc_row] [vc_column width=&rsquo;3\/4&prime;] Vitrines de cockpit modulables &nbsp; &nbsp; Pr\u00e9sentoirs \u00e0 glaces modulaires &nbsp; &nbsp; &nbsp; &nbsp; Fabrication artisanale de b\u00e2tonnets glac\u00e9s Cette vid\u00e9o illustre la mani\u00e8re de fabriquer des b\u00e2tonnets glac\u00e9s artisanaux avec nos machines professionnelles \u00e0 glace CCF. Syst\u00e8me pour gros artisans Avec...\" \/>\n<meta property=\"og:url\" content=\"https:\/\/www.ccfsrl.com\/fr\/fabrication-artisanale-de-batonnets-glaces-video-promotionnelle\/\" \/>\n<meta property=\"og:site_name\" content=\"CCF\" \/>\n<meta property=\"article:modified_time\" content=\"2025-05-21T08:36:42+00:00\" \/>\n<meta name=\"twitter:card\" content=\"summary_large_image\" \/>\n<meta name=\"twitter:label1\" content=\"Dur\u00e9e de lecture estim\u00e9e\" \/>\n\t<meta name=\"twitter:data1\" content=\"1 minute\" \/>\n<script type=\"application\/ld+json\" class=\"yoast-schema-graph\">{\"@context\":\"https:\/\/schema.org\",\"@graph\":[{\"@type\":\"WebPage\",\"@id\":\"https:\/\/www.ccfsrl.com\/fr\/fabrication-artisanale-de-batonnets-glaces-video-promotionnelle\/\",\"url\":\"https:\/\/www.ccfsrl.com\/fr\/fabrication-artisanale-de-batonnets-glaces-video-promotionnelle\/\",\"name\":\"Fabrication artisanale de b\u00e2tonnets glac\u00e9s : vid\u00e9o promotionnelle | CCF\",\"isPartOf\":{\"@id\":\"https:\/\/www.ccfsrl.com\/#website\"},\"datePublished\":\"2021-10-15T12:52:01+00:00\",\"dateModified\":\"2025-05-21T08:36:42+00:00\",\"breadcrumb\":{\"@id\":\"https:\/\/www.ccfsrl.com\/fr\/fabrication-artisanale-de-batonnets-glaces-video-promotionnelle\/#breadcrumb\"},\"inLanguage\":\"fr-FR\",\"potentialAction\":[{\"@type\":\"ReadAction\",\"target\":[\"https:\/\/www.ccfsrl.com\/fr\/fabrication-artisanale-de-batonnets-glaces-video-promotionnelle\/\"]}]},{\"@type\":\"BreadcrumbList\",\"@id\":\"https:\/\/www.ccfsrl.com\/fr\/fabrication-artisanale-de-batonnets-glaces-video-promotionnelle\/#breadcrumb\",\"itemListElement\":[{\"@type\":\"ListItem\",\"position\":1,\"name\":\"Home\",\"item\":\"https:\/\/www.ccfsrl.com\/fr\/\"},{\"@type\":\"ListItem\",\"position\":2,\"name\":\"Fabrication artisanale de b\u00e2tonnets glac\u00e9s : vid\u00e9o promotionnelle\"}]},{\"@type\":\"WebSite\",\"@id\":\"https:\/\/www.ccfsrl.com\/#website\",\"url\":\"https:\/\/www.ccfsrl.com\/\",\"name\":\"CCF\",\"description\":\"Macchine per gelato su stecco\",\"potentialAction\":[{\"@type\":\"SearchAction\",\"target\":{\"@type\":\"EntryPoint\",\"urlTemplate\":\"https:\/\/www.ccfsrl.com\/?s={search_term_string}\"},\"query-input\":{\"@type\":\"PropertyValueSpecification\",\"valueRequired\":true,\"valueName\":\"search_term_string\"}}],\"inLanguage\":\"fr-FR\"}]}<\/script>\n<!-- \/ Yoast SEO plugin. -->","yoast_head_json":{"title":"Fabrication artisanale de b\u00e2tonnets glac\u00e9s : vid\u00e9o promotionnelle | CCF","robots":{"index":"index","follow":"follow","max-snippet":"max-snippet:-1","max-image-preview":"max-image-preview:large","max-video-preview":"max-video-preview:-1"},"canonical":"https:\/\/www.ccfsrl.com\/fr\/fabrication-artisanale-de-batonnets-glaces-video-promotionnelle\/","og_locale":"fr_FR","og_type":"article","og_title":"Fabrication artisanale de b\u00e2tonnets glac\u00e9s : vid\u00e9o promotionnelle | CCF","og_description":"[vc_row] [vc_column width=&rsquo;3\/4&prime;] Vitrines de cockpit modulables &nbsp; &nbsp; Pr\u00e9sentoirs \u00e0 glaces modulaires &nbsp; &nbsp; &nbsp; &nbsp; Fabrication artisanale de b\u00e2tonnets glac\u00e9s Cette vid\u00e9o illustre la mani\u00e8re de fabriquer des b\u00e2tonnets glac\u00e9s artisanaux avec nos machines professionnelles \u00e0 glace CCF. Syst\u00e8me pour gros artisans Avec...","og_url":"https:\/\/www.ccfsrl.com\/fr\/fabrication-artisanale-de-batonnets-glaces-video-promotionnelle\/","og_site_name":"CCF","article_modified_time":"2025-05-21T08:36:42+00:00","twitter_card":"summary_large_image","twitter_misc":{"Dur\u00e9e de lecture estim\u00e9e":"1 minute"},"schema":{"@context":"https:\/\/schema.org","@graph":[{"@type":"WebPage","@id":"https:\/\/www.ccfsrl.com\/fr\/fabrication-artisanale-de-batonnets-glaces-video-promotionnelle\/","url":"https:\/\/www.ccfsrl.com\/fr\/fabrication-artisanale-de-batonnets-glaces-video-promotionnelle\/","name":"Fabrication artisanale de b\u00e2tonnets glac\u00e9s : vid\u00e9o promotionnelle | CCF","isPartOf":{"@id":"https:\/\/www.ccfsrl.com\/#website"},"datePublished":"2021-10-15T12:52:01+00:00","dateModified":"2025-05-21T08:36:42+00:00","breadcrumb":{"@id":"https:\/\/www.ccfsrl.com\/fr\/fabrication-artisanale-de-batonnets-glaces-video-promotionnelle\/#breadcrumb"},"inLanguage":"fr-FR","potentialAction":[{"@type":"ReadAction","target":["https:\/\/www.ccfsrl.com\/fr\/fabrication-artisanale-de-batonnets-glaces-video-promotionnelle\/"]}]},{"@type":"BreadcrumbList","@id":"https:\/\/www.ccfsrl.com\/fr\/fabrication-artisanale-de-batonnets-glaces-video-promotionnelle\/#breadcrumb","itemListElement":[{"@type":"ListItem","position":1,"name":"Home","item":"https:\/\/www.ccfsrl.com\/fr\/"},{"@type":"ListItem","position":2,"name":"Fabrication artisanale de b\u00e2tonnets glac\u00e9s : vid\u00e9o promotionnelle"}]},{"@type":"WebSite","@id":"https:\/\/www.ccfsrl.com\/#website","url":"https:\/\/www.ccfsrl.com\/","name":"CCF","description":"Macchine per gelato su stecco","potentialAction":[{"@type":"SearchAction","target":{"@type":"EntryPoint","urlTemplate":"https:\/\/www.ccfsrl.com\/?s={search_term_string}"},"query-input":{"@type":"PropertyValueSpecification","valueRequired":true,"valueName":"search_term_string"}}],"inLanguage":"fr-FR"}]}},"_links":{"self":[{"href":"https:\/\/www.ccfsrl.com\/fr\/wp-json\/wp\/v2\/pages\/22877","targetHints":{"allow":["GET"]}}],"collection":[{"href":"https:\/\/www.ccfsrl.com\/fr\/wp-json\/wp\/v2\/pages"}],"about":[{"href":"https:\/\/www.ccfsrl.com\/fr\/wp-json\/wp\/v2\/types\/page"}],"author":[{"embeddable":true,"href":"https:\/\/www.ccfsrl.com\/fr\/wp-json\/wp\/v2\/users\/1"}],"replies":[{"embeddable":true,"href":"https:\/\/www.ccfsrl.com\/fr\/wp-json\/wp\/v2\/comments?post=22877"}],"version-history":[{"count":6,"href":"https:\/\/www.ccfsrl.com\/fr\/wp-json\/wp\/v2\/pages\/22877\/revisions"}],"predecessor-version":[{"id":26530,"href":"https:\/\/www.ccfsrl.com\/fr\/wp-json\/wp\/v2\/pages\/22877\/revisions\/26530"}],"wp:attachment":[{"href":"https:\/\/www.ccfsrl.com\/fr\/wp-json\/wp\/v2\/media?parent=22877"}],"curies":[{"name":"wp","href":"https:\/\/api.w.org\/{rel}","templated":true}]}}