{"id":22867,"date":"2021-10-14T17:35:56","date_gmt":"2021-10-14T15:35:56","guid":{"rendered":"https:\/\/www.ccfsrl.com\/?page_id=22867"},"modified":"2021-10-14T17:57:37","modified_gmt":"2021-10-14T15:57:37","slug":"les-avantages-des-batonnets-glaces","status":"publish","type":"page","link":"https:\/\/www.ccfsrl.com\/fr\/les-avantages-des-batonnets-glaces\/","title":{"rendered":"Les avantages des b\u00e2tonnets glac\u00e9s"},"content":{"rendered":"<div class=\"wpb-content-wrapper\"><p>[vc_row row_type=\u00a0\u00bbrow\u00a0\u00bb use_row_as_full_screen_section=\u00a0\u00bbno\u00a0\u00bb type=\u00a0\u00bbgrid\u00a0\u00bb angled_section=\u00a0\u00bbno\u00a0\u00bb text_align=\u00a0\u00bbleft\u00a0\u00bb background_image_as_pattern=\u00a0\u00bbwithout_pattern\u00a0\u00bb css_animation=\u00a0\u00bb\u00a0\u00bb css=\u00a0\u00bb.vc_custom_1444992445491{background-position: center !important;background-repeat: no-repeat !important;background-size: contain !important;}\u00a0\u00bb][vc_column width=\u00a0\u00bb1\/2&Prime;][vc_column_text]<\/p>\n<h2>Comment et pourquoi nos b\u00e2tonnets glac\u00e9s artisanaux sont bons<\/h2>\n<p>[\/vc_column_text][vc_empty_space height=\u00a0\u00bb20px\u00a0\u00bb]<\/p>\n<p>[vc_column_text]<\/p>\n<p>Parce qu&rsquo;ils r\u00e9pondent aux <strong>valeurs plus saines de l\u2019alimentation<\/strong>, du go\u00fbt, de la naturalit\u00e9, de l&rsquo;artisanat avec la fra\u00eecheur, dans une <strong>structure semi-solide cr\u00e9meuse et \u00e9paisse<\/strong>, appel\u00e9e glace.<\/p>\n<p>[\/vc_column_text][vc_empty_space height=\u00a0\u00bb20px\u00a0\u00bb]<\/p>\n<p>[vc_column_text]<\/p>\n<h3>Qu&rsquo;est-ce qui transforme un m\u00e9lange de bons ingr\u00e9dients en glace ?<\/h3>\n<p>[\/vc_column_text][vc_empty_space height=\u00a0\u00bb20px\u00a0\u00bb]<\/p>\n<p>[vc_column_text]<\/p>\n<p>Lorsque l&rsquo;eau, contenue dans un m\u00e9lange \u00e9quilibr\u00e9, est congel\u00e9e, ce m\u00e9lange devient de la glace.<\/p>\n<p>[\/vc_column_text][vc_empty_space height=\u00a0\u00bb20px\u00a0\u00bb]<\/p>\n<p>[vc_column_text]<\/p>\n<h3><strong><br \/>\n<\/strong>Qu&rsquo;est-ce qui d\u00e9termine la qualit\u00e9 d\u2019un b\u00e2tonnet glac\u00e9 artisanal ?<\/h3>\n<p>[\/vc_column_text][vc_empty_space height=\u00a0\u00bb20px\u00a0\u00bb]<\/p>\n<p>[vc_column_text]<\/p>\n<p class=\"p1\" style=\"text-align: justify;\">La bonne r\u00e9ponse est la<strong> combinaison entre les ingr\u00e9dients et le proc\u00e9d\u00e9 de fabrication<\/strong>. Parce que les ingr\u00e9dients sont fondamentaux pour le go\u00fbt et le caract\u00e8re sain de la glace et le processus de production est d\u00e9terminant pour la structure et la conservation dans le temps.<\/p>\n<p class=\"p1\" style=\"text-align: justify;\">L&rsquo;eau contenue dans le m\u00e9lange, lorsqu&rsquo;elle est congel\u00e9e \u00e0 tr\u00e8s basse temp\u00e9rature, provoque le changement d&rsquo;\u00e9tat, transformant le m\u00e9lange de liquide en glace.<\/p>\n<p class=\"p1\" style=\"text-align: justify;\">Pour r\u00e9aliser un bon b\u00e2tonnet glac\u00e9, ce <strong>refroidissement doit se faire dans les plus brefs d\u00e9lais et \u00e0 tr\u00e8s basse temp\u00e9rature<\/strong>.<\/p>\n<p class=\"p1\" style=\"text-align: justify;\">On obtient ainsi la micro cristallisation de l&rsquo;eau, <strong>c&rsquo;est-\u00e0-dire qu&rsquo;en gelant rapidement \u00e0 tr\u00e8s basse temp\u00e9rature<\/strong>, de tr\u00e8s fins cristaux de glace imperceptibles \u00e0 l&rsquo;\u0153il et au palais se cr\u00e9ent. Ce processus physique <strong>rend la glace cr\u00e9meuse dans une structure \u00e9paisse<\/strong> et lui garantit une longue dur\u00e9e de vie tout en maintenant les propri\u00e9t\u00e9s organoleptiques et structurelles inchang\u00e9es pendant des mois.<\/p>\n<p><img loading=\"lazy\" decoding=\"async\" class=\"aligncenter wp-image-17344 size-full\" title=\"gelato su stecco artigianale\" src=\"http:\/\/www.ccfsrl.com\/wp-content\/uploads\/2013\/10\/CCF-Gelato-su-stecco-al-Melograno.jpg\" alt=\"gelato su stecco artigianale\" width=\"1900\" height=\"1428\" srcset=\"https:\/\/www.ccfsrl.com\/wp-content\/uploads\/2013\/10\/CCF-Gelato-su-stecco-al-Melograno.jpg 1900w, https:\/\/www.ccfsrl.com\/wp-content\/uploads\/2013\/10\/CCF-Gelato-su-stecco-al-Melograno-300x225.jpg 300w, https:\/\/www.ccfsrl.com\/wp-content\/uploads\/2013\/10\/CCF-Gelato-su-stecco-al-Melograno-768x577.jpg 768w, https:\/\/www.ccfsrl.com\/wp-content\/uploads\/2013\/10\/CCF-Gelato-su-stecco-al-Melograno-1024x770.jpg 1024w, https:\/\/www.ccfsrl.com\/wp-content\/uploads\/2013\/10\/CCF-Gelato-su-stecco-al-Melograno-800x600.jpg 800w, https:\/\/www.ccfsrl.com\/wp-content\/uploads\/2013\/10\/CCF-Gelato-su-stecco-al-Melograno-700x526.jpg 700w\" sizes=\"auto, (max-width: 1900px) 100vw, 1900px\" \/><\/p>\n<p>[\/vc_column_text][vc_empty_space height=\u00a0\u00bb20px\u00a0\u00bb]<\/p>\n<p>[vc_column_text]<\/p>\n<h3>La d\u00e9t\u00e9rioration de la glace<\/h3>\n<p>[\/vc_column_text][vc_empty_space height=\u00a0\u00bb20px\u00a0\u00bb]<\/p>\n<p>[vc_column_text]<\/p>\n<p>Comme vous le savez, l&rsquo;eau est le seul \u00e9l\u00e9ment de la nature qui augmente de volume en congelant. Cet \u00e9tat varie en fonction de la temp\u00e9rature de cong\u00e9lation : plus elle g\u00e8le lentement, plus le cristal de glace appara\u00eet gros dans la glace.<\/p>\n<p>Le r\u00e9sultat final varie donc en fonction du temps qu&rsquo;il faut pour geler l&rsquo;eau et de la temp\u00e9rature maximale \u00e0 laquelle notre m\u00e9lange est soumis.<\/p>\n<p>Si la cong\u00e9lation ne se produit pas \u00e0 tr\u00e8s basse temp\u00e9rature, le processus de cristallisation se poursuit dans le comptoir de pr\u00e9sentation en entra\u00eenant l&rsquo;augmentation de volume de l&rsquo;eau contenue dans la glace et donc sa d\u00e9t\u00e9rioration.<\/p>\n<h3><\/h3>\n<p>[\/vc_column_text][vc_empty_space height=\u00a0\u00bb64px\u00a0\u00bb]<\/p>\n<p>[vc_column_text]<\/p>\n<p>Processo\u00a0di produzione del gelato su stecco con La Ghiacciola<\/p>\n<h2>Processus de production des b\u00e2tonnes glac\u00e9s avec <em><a href=\"\/fr\/gelato-by-ghiacciola-gs1000\/\">La Ghiacciola<\/a><\/em><\/h2>\n<p>[\/vc_column_text][vc_empty_space height=\u00a0\u00bb20px\u00a0\u00bb]<\/p>\n<p>[vc_column_text]<\/p>\n<p>TEMP\u00c9RATURE DE PRODUCTION\u00a0: -32\u00a0\u00b0C<\/p>\n<p>TEMP\u00c9RATURE DE CONSERVATION : -18 \u00b0C<\/p>\n<p>Dans ces conditions, l<strong>e processus de cristallisation de l&rsquo;eau est bloqu\u00e9<\/strong> : en produisant de la glace \u00e0 une temp\u00e9rature inf\u00e9rieure \u00e0 la temp\u00e9rature de conservation, <strong>il est impossible que l&rsquo;eau reprenne le processus de cristallisation et donc que la taille du cristal augmente<\/strong>.<\/p>\n<p>C\u2019est avec ce processus de production que la glace industrielle est produite, dans laquelle 50 % d&rsquo;air est insuffl\u00e9 pour r\u00e9duire ult\u00e9rieurement la perception du froid. Mais c\u2019est la perception du go\u00fbt qui est fortement p\u00e9nalis\u00e9e. Pour rem\u00e9dier \u00e0 cette d\u00e9faillance, utiliser des d&rsquo;ar\u00f4mes devient indispensable car la masse est r\u00e9duite par rapport au volume du produit fini.<\/p>\n<p>[\/vc_column_text][vc_empty_space height=\u00a0\u00bb20px\u00a0\u00bb]<\/p>\n<p>[vc_column_text]<\/p>\n<h3>Exemple de production avec une turbine \u00e0 glace<\/h3>\n<p>[\/vc_column_text][vc_empty_space height=\u00a0\u00bb20px\u00a0\u00bb]<\/p>\n<p>[vc_column_text]<\/p>\n<p>Dans la production artisanale avec une turbine \u00e0 glace, il est courant de g\u00e9rer les temp\u00e9ratures dans l&rsquo;ordre de ces chiffres :<\/p>\n<p>PRODUCTION : -9 \u00b0C<\/p>\n<p>CONSERVATION : -18 \u00b0C<\/p>\n<p>Dans ces conditions, <strong>le processus de cristallisation est in\u00e9vitable et de ce fait la taille du cristal de glace augmente de mani\u00e8re inexorable<\/strong> en raison du processus inverse de l&rsquo;exemple ci-dessus.<\/p>\n<p>L&rsquo;artisan se d\u00e9fend comme il peut de ce ph\u00e9nom\u00e8ne naturel de cristallisation. Il peut, entre autres, trouver des recettes et des ingr\u00e9dients qui permettent de conserver les glaces \u00e0 des temp\u00e9ratures plus proches de celle de production, <strong>p\u00e9nalisant ainsi la qualit\u00e9 du produit<\/strong>.<\/p>\n<p>[\/vc_column_text]<\/p>\n<p>[vc_empty_space height=\u00a0\u00bb40px\u00a0\u00bb]<br \/>\n<a  href=\"\/fr\/contacts\/\" target=\"_self\"  class=\"qbutton \" style=\"\">Contacts<\/a><\/p>\n<p>[vc_empty_space height=\u00a0\u00bb64px\u00a0\u00bb][\/vc_column]<\/p>\n<p>[vc_column width=\u00a0\u00bb1\/2&Prime; css=\u00a0\u00bb.vc_custom_1445252829507{padding-left: 90px !important;}\u00a0\u00bb]<\/p>\n<p>[vc_column_text]<\/p>\n<h2>Les avantages des b\u00e2tonnets glac\u00e9s<\/h2>\n<p>[\/vc_column_text][vc_empty_space height=\u00a0\u00bb40px\u00a0\u00bb][vc_column_text]<\/p>\n<h3><span style=\"background-color: #e6332a; color: #ffffff; padding: 5px;\">NUVEAU MARKETING<\/span><\/h3>\n<p>[\/vc_column_text][vc_empty_space height=\u00a0\u00bb20px\u00a0\u00bb]<\/p>\n<p>[vc_column_text]DISTRIBUTION RAPIDE AUX CONSOMMATEURS<br \/>\nINTRODUCTION SUR LE MARCH\u00c9 DES GROS CHIFFRES<br \/>\nGESTION \u00c0 DISTANCE ET V\u00c9RIFICATION DES PRODUITS VENDUS[\/vc_column_text][vc_empty_space height=\u00a0\u00bb40px\u00a0\u00bb][vc_column_text]<\/p>\n<h3><span style=\"background-color: #e6332a; color: #ffffff; padding: 5px;\">EFFICACIT\u00c9 \u00c9NERG\u00c9TIQUE<\/span><\/h3>\n<p>[\/vc_column_text][vc_empty_space height=\u00a0\u00bb20px\u00a0\u00bb]<\/p>\n<p>[vc_column_text]<\/p>\n<p>FAIBLES CONSOMMATIONS D\u2019\u00c9NERGIE<br \/>\nAUCUN GASPILLAGE DE PRODUIT<br \/>\nPROC\u00c9DURE DE FABRICATION SIMPLIFI\u00c9E<br \/>\nAUCUN GASPILLAGE D\u2019EAU POUR LE FONCTIONNEMENT DES MACHINES<br \/>\nAUCUN ENTRETIEN ANNUEL[\/vc_column_text][vc_empty_space height=\u00a0\u00bb40px\u00a0\u00bb][vc_column_text]<\/p>\n<h3><span style=\"background-color: #e6332a; color: #ffffff; padding: 5px;\">POUR LE PUBLIC<\/span><\/h3>\n<p>[\/vc_column_text][vc_empty_space height=\u00a0\u00bb20px\u00a0\u00bb]<\/p>\n<p>[vc_column_text]<\/p>\n<p>D\u00c9CORATIONS INFINIES<br \/>\nPR\u00c9SENTATION DE NOMBREUSES SP\u00c9CIALIT\u00c9S DANS UN ESPACE R\u00c9DUIT<br \/>\nPRATIQUE POUR LA VENTE \u00c0 EMPORTER[\/vc_column_text][vc_empty_space height=\u00a0\u00bb40px\u00a0\u00bb][vc_column_text]<\/p>\n<h3><span style=\"background-color: #e6332a; color: #ffffff; padding: 5px;\">ATTRACTIVIT\u00c9<\/span><\/h3>\n<p>[\/vc_column_text][vc_empty_space height=\u00a0\u00bb20px\u00a0\u00bb]<\/p>\n<p>[vc_column_text]<\/p>\n<p>LONGUE CONSERVATION SANS PERTE DE GO\u00dbT DANS UN CONG\u00c9LATEUR \u00c0 DOMICILE, IL RESTE CR\u00c9MEUX, POUR UNE D\u00c9GUSTATION OPTIMALE<br \/>\n[\/vc_column_text][vc_column_text][vc_empty_space height=\u00a0\u00bb185px\u00a0\u00bb]<\/p>\n<p><blockquote class=' with_quote_icon' style='border-left-color: #ffffff;background-color: #ffffff;'><i class='fa fa-quote-right pull-left' style='color: #9d9d9c;'><\/i><h5 class='blockquote-text' style='color: #9d9d9c;'>La glace, c\u2019est d\u00e9licieux. C\u2019est un p\u00e9ch\u00e9 qu\u2019elle ne soit pas ill\u00e9gale.<br \/>\n(Voltaire)<\/h5><\/blockquote>[vc_empty_space height=\u00a0\u00bb100px\u00a0\u00bb]<blockquote class=' with_quote_icon' style='border-left-color: #ffffff;background-color: #ffffff;'><i class='fa fa-quote-right pull-left' style='color: #9d9d9c;'><\/i><h5 class='blockquote-text' style='color: #9d9d9c;'>Ne pas aimer la glace, \u00e7a veut dire n\u2019avoir aucun int\u00e9r\u00eat pour la nourriture.<br \/>\n(Joseph Epstein)<\/h5><\/blockquote>[vc_empty_space height=\u00a0\u00bb100px\u00a0\u00bb]<blockquote class=' with_quote_icon' style='border-left-color: #ffffff;background-color: #ffffff;'><i class='fa fa-quote-right pull-left' style='color: #9d9d9c;'><\/i><h5 class='blockquote-text' style='color: #9d9d9c;'>Je doute qu\u2019il n\u2019y ait au monde une surprise plus renversante que la premi\u00e8re fois que vous go\u00fbtez une glace.<br \/>\n(Heywood Campbell Broun)<\/h5><\/blockquote>[vc_empty_space height=\u00a0\u00bb100px\u00a0\u00bb]<blockquote class=' with_quote_icon' style='border-left-color: #ffffff;background-color: #ffffff;'><i class='fa fa-quote-right pull-left' style='color: #9d9d9c;'><\/i><h5 class='blockquote-text' style='color: #9d9d9c;'>La glace, c\u2019est un condens\u00e9 de bonheur.<br \/>\n(dalla serie Tv Dr. House \u2022 Medical Division)<\/h5><\/blockquote>[vc_empty_space height=\u00a0\u00bb100px\u00a0\u00bb]<blockquote class=' with_quote_icon' style='border-left-color: #ffffff;background-color: #ffffff;'><i class='fa fa-quote-right pull-left' style='color: #9d9d9c;'><\/i><h5 class='blockquote-text' style='color: #9d9d9c;'>Il n\u2019y a rien d\u2019erron\u00e9 en moi qu\u2019une bonne glace ne peut r\u00e9soudre.<br \/>\n(Anonyme)<\/h5><\/blockquote>[\/vc_column][\/vc_row][vc_row row_type=\u00a0\u00bbrow\u00a0\u00bb use_row_as_full_screen_section=\u00a0\u00bbno\u00a0\u00bb type=\u00a0\u00bbfull_width\u00a0\u00bb angled_section=\u00a0\u00bbno\u00a0\u00bb text_align=\u00a0\u00bbleft\u00a0\u00bb background_image_as_pattern=\u00a0\u00bbwithout_pattern\u00a0\u00bb css_animation=\u00a0\u00bb\u00a0\u00bb][vc_column][vc_column_text]<br \/>\n[\/vc_column_text][\/vc_column][\/vc_row]<\/p>\n<\/div>","protected":false},"excerpt":{"rendered":"<p>[vc_row row_type=\u00a0\u00bbrow\u00a0\u00bb use_row_as_full_screen_section=\u00a0\u00bbno\u00a0\u00bb type=\u00a0\u00bbgrid\u00a0\u00bb angled_section=\u00a0\u00bbno\u00a0\u00bb text_align=\u00a0\u00bbleft\u00a0\u00bb background_image_as_pattern=\u00a0\u00bbwithout_pattern\u00a0\u00bb css_animation=\u00a0\u00bb\u00a0\u00bb css=\u00a0\u00bb.vc_custom_1444992445491{background-position: center !important;background-repeat: no-repeat !important;background-size: contain !important;}\u00a0\u00bb][vc_column width=\u00a0\u00bb1\/2&Prime;][vc_column_text] Comment et pourquoi nos b\u00e2tonnets glac\u00e9s artisanaux sont bons [\/vc_column_text][vc_empty_space height=\u00a0\u00bb20px\u00a0\u00bb] [vc_column_text] Parce qu&rsquo;ils r\u00e9pondent aux valeurs plus saines de l\u2019alimentation, du go\u00fbt, de la naturalit\u00e9, de l&rsquo;artisanat avec&#8230;<\/p>\n","protected":false},"author":1,"featured_media":0,"parent":0,"menu_order":0,"comment_status":"closed","ping_status":"closed","template":"","meta":{"footnotes":""},"class_list":["post-22867","page","type-page","status-publish","hentry"],"yoast_head":"<!-- This site is optimized with the Yoast SEO plugin v23.6 - https:\/\/yoast.com\/wordpress\/plugins\/seo\/ -->\n<title>Les avantages des b\u00e2tonnets glac\u00e9s | CCF<\/title>\n<meta name=\"robots\" content=\"index, follow, max-snippet:-1, max-image-preview:large, max-video-preview:-1\" \/>\n<link rel=\"canonical\" href=\"https:\/\/www.ccfsrl.com\/fr\/les-avantages-des-batonnets-glaces\/\" \/>\n<meta property=\"og:locale\" content=\"fr_FR\" \/>\n<meta property=\"og:type\" content=\"article\" \/>\n<meta property=\"og:title\" content=\"Les avantages des b\u00e2tonnets glac\u00e9s | CCF\" \/>\n<meta property=\"og:description\" content=\"[vc_row row_type=\u00a0\u00bbrow\u00a0\u00bb use_row_as_full_screen_section=\u00a0\u00bbno\u00a0\u00bb type=\u00a0\u00bbgrid\u00a0\u00bb angled_section=\u00a0\u00bbno\u00a0\u00bb text_align=\u00a0\u00bbleft\u00a0\u00bb background_image_as_pattern=\u00a0\u00bbwithout_pattern\u00a0\u00bb css_animation=\u00a0\u00bb\u00a0\u00bb css=\u00a0\u00bb.vc_custom_1444992445491{background-position: center !important;background-repeat: no-repeat !important;background-size: contain !important;}\u00a0\u00bb][vc_column width=\u00a0\u00bb1\/2&Prime;][vc_column_text] Comment et pourquoi nos b\u00e2tonnets glac\u00e9s artisanaux sont bons [\/vc_column_text][vc_empty_space height=\u00a0\u00bb20px\u00a0\u00bb] [vc_column_text] Parce qu&rsquo;ils r\u00e9pondent aux valeurs plus saines de l\u2019alimentation, du go\u00fbt, de la naturalit\u00e9, de l&rsquo;artisanat avec...\" \/>\n<meta property=\"og:url\" content=\"https:\/\/www.ccfsrl.com\/fr\/les-avantages-des-batonnets-glaces\/\" \/>\n<meta property=\"og:site_name\" content=\"CCF\" \/>\n<meta property=\"article:modified_time\" content=\"2021-10-14T15:57:37+00:00\" \/>\n<meta property=\"og:image\" content=\"http:\/\/www.ccfsrl.com\/wp-content\/uploads\/2013\/10\/CCF-Gelato-su-stecco-al-Melograno.jpg\" \/>\n<meta name=\"twitter:card\" content=\"summary_large_image\" \/>\n<meta name=\"twitter:label1\" content=\"Dur\u00e9e de lecture estim\u00e9e\" \/>\n\t<meta name=\"twitter:data1\" content=\"7 minutes\" \/>\n<script type=\"application\/ld+json\" class=\"yoast-schema-graph\">{\"@context\":\"https:\/\/schema.org\",\"@graph\":[{\"@type\":\"WebPage\",\"@id\":\"https:\/\/www.ccfsrl.com\/fr\/les-avantages-des-batonnets-glaces\/\",\"url\":\"https:\/\/www.ccfsrl.com\/fr\/les-avantages-des-batonnets-glaces\/\",\"name\":\"Les avantages des b\u00e2tonnets glac\u00e9s | CCF\",\"isPartOf\":{\"@id\":\"https:\/\/www.ccfsrl.com\/#website\"},\"primaryImageOfPage\":{\"@id\":\"https:\/\/www.ccfsrl.com\/fr\/les-avantages-des-batonnets-glaces\/#primaryimage\"},\"image\":{\"@id\":\"https:\/\/www.ccfsrl.com\/fr\/les-avantages-des-batonnets-glaces\/#primaryimage\"},\"thumbnailUrl\":\"http:\/\/www.ccfsrl.com\/wp-content\/uploads\/2013\/10\/CCF-Gelato-su-stecco-al-Melograno.jpg\",\"datePublished\":\"2021-10-14T15:35:56+00:00\",\"dateModified\":\"2021-10-14T15:57:37+00:00\",\"breadcrumb\":{\"@id\":\"https:\/\/www.ccfsrl.com\/fr\/les-avantages-des-batonnets-glaces\/#breadcrumb\"},\"inLanguage\":\"fr-FR\",\"potentialAction\":[{\"@type\":\"ReadAction\",\"target\":[\"https:\/\/www.ccfsrl.com\/fr\/les-avantages-des-batonnets-glaces\/\"]}]},{\"@type\":\"ImageObject\",\"inLanguage\":\"fr-FR\",\"@id\":\"https:\/\/www.ccfsrl.com\/fr\/les-avantages-des-batonnets-glaces\/#primaryimage\",\"url\":\"http:\/\/www.ccfsrl.com\/wp-content\/uploads\/2013\/10\/CCF-Gelato-su-stecco-al-Melograno.jpg\",\"contentUrl\":\"http:\/\/www.ccfsrl.com\/wp-content\/uploads\/2013\/10\/CCF-Gelato-su-stecco-al-Melograno.jpg\"},{\"@type\":\"BreadcrumbList\",\"@id\":\"https:\/\/www.ccfsrl.com\/fr\/les-avantages-des-batonnets-glaces\/#breadcrumb\",\"itemListElement\":[{\"@type\":\"ListItem\",\"position\":1,\"name\":\"Home\",\"item\":\"https:\/\/www.ccfsrl.com\/fr\/\"},{\"@type\":\"ListItem\",\"position\":2,\"name\":\"Les avantages des b\u00e2tonnets glac\u00e9s\"}]},{\"@type\":\"WebSite\",\"@id\":\"https:\/\/www.ccfsrl.com\/#website\",\"url\":\"https:\/\/www.ccfsrl.com\/\",\"name\":\"CCF\",\"description\":\"Macchine per gelato su stecco\",\"potentialAction\":[{\"@type\":\"SearchAction\",\"target\":{\"@type\":\"EntryPoint\",\"urlTemplate\":\"https:\/\/www.ccfsrl.com\/?s={search_term_string}\"},\"query-input\":{\"@type\":\"PropertyValueSpecification\",\"valueRequired\":true,\"valueName\":\"search_term_string\"}}],\"inLanguage\":\"fr-FR\"}]}<\/script>\n<!-- \/ Yoast SEO plugin. -->","yoast_head_json":{"title":"Les avantages des b\u00e2tonnets glac\u00e9s | CCF","robots":{"index":"index","follow":"follow","max-snippet":"max-snippet:-1","max-image-preview":"max-image-preview:large","max-video-preview":"max-video-preview:-1"},"canonical":"https:\/\/www.ccfsrl.com\/fr\/les-avantages-des-batonnets-glaces\/","og_locale":"fr_FR","og_type":"article","og_title":"Les avantages des b\u00e2tonnets glac\u00e9s | CCF","og_description":"[vc_row row_type=\u00a0\u00bbrow\u00a0\u00bb use_row_as_full_screen_section=\u00a0\u00bbno\u00a0\u00bb type=\u00a0\u00bbgrid\u00a0\u00bb angled_section=\u00a0\u00bbno\u00a0\u00bb text_align=\u00a0\u00bbleft\u00a0\u00bb background_image_as_pattern=\u00a0\u00bbwithout_pattern\u00a0\u00bb css_animation=\u00a0\u00bb\u00a0\u00bb css=\u00a0\u00bb.vc_custom_1444992445491{background-position: center !important;background-repeat: no-repeat !important;background-size: contain !important;}\u00a0\u00bb][vc_column width=\u00a0\u00bb1\/2&Prime;][vc_column_text] Comment et pourquoi nos b\u00e2tonnets glac\u00e9s artisanaux sont bons [\/vc_column_text][vc_empty_space height=\u00a0\u00bb20px\u00a0\u00bb] [vc_column_text] Parce qu&rsquo;ils r\u00e9pondent aux valeurs plus saines de l\u2019alimentation, du go\u00fbt, de la naturalit\u00e9, de l&rsquo;artisanat avec...","og_url":"https:\/\/www.ccfsrl.com\/fr\/les-avantages-des-batonnets-glaces\/","og_site_name":"CCF","article_modified_time":"2021-10-14T15:57:37+00:00","og_image":[{"url":"http:\/\/www.ccfsrl.com\/wp-content\/uploads\/2013\/10\/CCF-Gelato-su-stecco-al-Melograno.jpg"}],"twitter_card":"summary_large_image","twitter_misc":{"Dur\u00e9e de lecture estim\u00e9e":"7 minutes"},"schema":{"@context":"https:\/\/schema.org","@graph":[{"@type":"WebPage","@id":"https:\/\/www.ccfsrl.com\/fr\/les-avantages-des-batonnets-glaces\/","url":"https:\/\/www.ccfsrl.com\/fr\/les-avantages-des-batonnets-glaces\/","name":"Les avantages des b\u00e2tonnets glac\u00e9s | CCF","isPartOf":{"@id":"https:\/\/www.ccfsrl.com\/#website"},"primaryImageOfPage":{"@id":"https:\/\/www.ccfsrl.com\/fr\/les-avantages-des-batonnets-glaces\/#primaryimage"},"image":{"@id":"https:\/\/www.ccfsrl.com\/fr\/les-avantages-des-batonnets-glaces\/#primaryimage"},"thumbnailUrl":"http:\/\/www.ccfsrl.com\/wp-content\/uploads\/2013\/10\/CCF-Gelato-su-stecco-al-Melograno.jpg","datePublished":"2021-10-14T15:35:56+00:00","dateModified":"2021-10-14T15:57:37+00:00","breadcrumb":{"@id":"https:\/\/www.ccfsrl.com\/fr\/les-avantages-des-batonnets-glaces\/#breadcrumb"},"inLanguage":"fr-FR","potentialAction":[{"@type":"ReadAction","target":["https:\/\/www.ccfsrl.com\/fr\/les-avantages-des-batonnets-glaces\/"]}]},{"@type":"ImageObject","inLanguage":"fr-FR","@id":"https:\/\/www.ccfsrl.com\/fr\/les-avantages-des-batonnets-glaces\/#primaryimage","url":"http:\/\/www.ccfsrl.com\/wp-content\/uploads\/2013\/10\/CCF-Gelato-su-stecco-al-Melograno.jpg","contentUrl":"http:\/\/www.ccfsrl.com\/wp-content\/uploads\/2013\/10\/CCF-Gelato-su-stecco-al-Melograno.jpg"},{"@type":"BreadcrumbList","@id":"https:\/\/www.ccfsrl.com\/fr\/les-avantages-des-batonnets-glaces\/#breadcrumb","itemListElement":[{"@type":"ListItem","position":1,"name":"Home","item":"https:\/\/www.ccfsrl.com\/fr\/"},{"@type":"ListItem","position":2,"name":"Les avantages des b\u00e2tonnets glac\u00e9s"}]},{"@type":"WebSite","@id":"https:\/\/www.ccfsrl.com\/#website","url":"https:\/\/www.ccfsrl.com\/","name":"CCF","description":"Macchine per gelato su stecco","potentialAction":[{"@type":"SearchAction","target":{"@type":"EntryPoint","urlTemplate":"https:\/\/www.ccfsrl.com\/?s={search_term_string}"},"query-input":{"@type":"PropertyValueSpecification","valueRequired":true,"valueName":"search_term_string"}}],"inLanguage":"fr-FR"}]}},"_links":{"self":[{"href":"https:\/\/www.ccfsrl.com\/fr\/wp-json\/wp\/v2\/pages\/22867","targetHints":{"allow":["GET"]}}],"collection":[{"href":"https:\/\/www.ccfsrl.com\/fr\/wp-json\/wp\/v2\/pages"}],"about":[{"href":"https:\/\/www.ccfsrl.com\/fr\/wp-json\/wp\/v2\/types\/page"}],"author":[{"embeddable":true,"href":"https:\/\/www.ccfsrl.com\/fr\/wp-json\/wp\/v2\/users\/1"}],"replies":[{"embeddable":true,"href":"https:\/\/www.ccfsrl.com\/fr\/wp-json\/wp\/v2\/comments?post=22867"}],"version-history":[{"count":5,"href":"https:\/\/www.ccfsrl.com\/fr\/wp-json\/wp\/v2\/pages\/22867\/revisions"}],"predecessor-version":[{"id":22876,"href":"https:\/\/www.ccfsrl.com\/fr\/wp-json\/wp\/v2\/pages\/22867\/revisions\/22876"}],"wp:attachment":[{"href":"https:\/\/www.ccfsrl.com\/fr\/wp-json\/wp\/v2\/media?parent=22867"}],"curies":[{"name":"wp","href":"https:\/\/api.w.org\/{rel}","templated":true}]}}