{"id":22846,"date":"2021-10-12T17:12:35","date_gmt":"2021-10-12T15:12:35","guid":{"rendered":"https:\/\/www.ccfsrl.com\/?page_id=22846"},"modified":"2025-07-28T11:17:46","modified_gmt":"2025-07-28T09:17:46","slug":"pai","status":"publish","type":"page","link":"https:\/\/www.ccfsrl.com\/fr\/equipements-pour-creme-glacee-turbinee\/pai\/","title":{"rendered":"PAI \u2013 Comptoir ind\u00e9pendant \u00e0 bacs encastrables"},"content":{"rendered":"<div class=\"wpb-content-wrapper\"><p>[vc_row]<\/p>\n<p>[vc_column width=&rsquo;3\/4&prime;]<\/p>\n<p>[vc_empty_space height=\u00a0\u00bb20px\u00a0\u00bb]<\/p>\n<p>[vc_column_text]<\/p>\n<h2>PAI \u2013 Comptoir ind\u00e9pendant \u00e0 bacs encastrables<\/h2>\n<p style=\"position: relative; width: 100%; padding-bottom: 56.25%; margin: 30px 0px;\"><iframe style=\"position: absolute; top: 0; left: 0; width: 100%; height: 100%; border: 0;\" title=\"Roberto Lobrano presenta il PAI: vetrina a a pozzetti a temperatura differenziata di CCF srl\" src=\"https:\/\/www.youtube.com\/embed\/4_HotLbzL5A\" frameborder=\"0\" allowfullscreen=\"allowfullscreen\"><\/iframe><\/p>\n<p>[\/vc_column_text][vc_empty_space height=\u00a0\u00bb20px\u00a0\u00bb][vc_column_text]L&rsquo;utilisation d\u2019un <strong>comptoir \u00e0 bacs encastrables<\/strong> pour la conservation de la glace est de plus en plus r\u00e9pandue en Italie et \u00e0 l&rsquo;\u00e9tranger aussi bien en raison de l&rsquo;histoire qu&rsquo;il repr\u00e9sente, qui ram\u00e8ne aux origines de l&rsquo;artisan glacier, un <strong>indice de glace de haute qualit\u00e9<\/strong>, que pour la bonne conservation du produit. <strong>CCF a simplifi\u00e9 la construction de ce comptoir<\/strong> caract\u00e9ristique et a am\u00e9lior\u00e9 la qualit\u00e9 reconnue de conservation du produit en appliquant une <strong>technologie simple mais efficace<\/strong>.<\/p>\n<p>[\/vc_column_text][vc_empty_space height=\u00a0\u00bb20px\u00a0\u00bb]<\/p>\n<p><img decoding=\"async\" class=\"alignnone wp-image-21924\" src=\"https:\/\/www.ccfsrl.com\/wp-content\/uploads\/2023\/11\/PAI-eng.jpg\" alt=\"\" \/><\/p>\n<p>[vc_column_text]<\/p>\n<h3>Fonctionnement<\/h3>\n<p>[\/vc_column_text][vc_empty_space height=\u00a0\u00bb20px\u00a0\u00bb]<\/p>\n<p>[vc_column_text]<\/p>\n<p><span style=\"font-size: inherit;\"><strong>PAI est construit \u00e0 la main \u00e0 Turin<\/strong>, en Italie et renferme une technologie simple, avantageuse mais efficace.<\/span><\/p>\n<p><span style=\"font-size: inherit;\"><strong>Chaque comptoir PAI est \u00e9quip\u00e9 de son propre syst\u00e8me de r\u00e9frig\u00e9ration<\/strong> qui cong\u00e8le directement la chambre o\u00f9 sont log\u00e9s les bacs ronds, \u00e9vitant ainsi de congeler une \u00e9norme masse d&rsquo;acier, de fer, de bois et de glycol. Cela permet de ce fait d\u2019obtenir des caract\u00e9ristiques uniques, \u00e9num\u00e9r\u00e9es ci-dessous, dont nous soulignons les deux fondamentales pour une bonne conservation de la cr\u00e8me glac\u00e9e : <strong>possibilit\u00e9 de r\u00e9gler la temp\u00e9rature dans chaque parfum et de maintenir la temp\u00e9rature souhait\u00e9e constante<\/strong>, sans oscillations. Ces deux caract\u00e9ristiques permettent de conserver au sec et parfaitement mall\u00e9able n&rsquo;importe quel parfum de cr\u00e8me glac\u00e9e, m\u00eame ceux \u00e0 faible teneur en sucre ou en alcool.[\/vc_column_text]<\/span>[vc_empty_space height=\u00a0\u00bb20px\u00a0\u00bb]<\/p>\n<p>[vc_column_text]<\/p>\n<h3>Caract\u00e9ristiques techniques :<\/h3>\n<p>[\/vc_column_text][vc_empty_space height=\u00a0\u00bb20px\u00a0\u00bb]<\/p>\n<p>[vc_column_text]<\/p>\n<ul>\n<li>Maintien d&rsquo;une temp\u00e9rature constante sans fluctuations;<\/li>\n<li>Temp\u00e9rature garantie jusqu&rsquo;\u00e0 -20 degr\u00e9s avec 30 degr\u00e9s de temp\u00e9rature ambiante;<\/li>\n<li>Condensation par air;<\/li>\n<li>Syst\u00e8me anti-rotation universel;<\/li>\n<li>Silence \u00e0 3dB (comme un r\u00e9frig\u00e9rateur domestique);<\/li>\n<li>Gaz \u00e9cologique R600;<\/li>\n<li>Aucune maintenance r\u00e9guli\u00e8re requise;<\/li>\n<li>Syst\u00e8me garanti pendant 2 ans! *;<\/li>\n<li>Aucune diff\u00e9rence entre la carapine sup\u00e9rieure et inf\u00e9rieure;<\/li>\n<li>Poids : 19,24 kg &#8211; avec emballage 20,9 kg;<\/li>\n<li>Alimentation 230\/50 Hz &#8211; 63 Watts;<\/li>\n<li>Consommation 0,94 kW\/24h.<\/li>\n<li>Chaque comptoir PAI est dot\u00e9 d\u2019un<strong> thermostat num\u00e9rique<\/strong> pour le r\u00e9glage de la temp\u00e9rature.<\/li>\n<li>Il abrite des bacs ronds anti-rotation, des bacs ronds simples et des mini bacs ronds avec un diam\u00e8tre 200 h250 \/ h125 (non compris)<\/li>\n<\/ul>\n<p>[\/vc_column_text]<\/p>\n<p>[vc_empty_space height=\u00a0\u00bb20px\u00a0\u00bb]<\/p>\n<p>[vc_column_text]<\/p>\n<h3>Applications<\/h3>\n<p>[vc_empty_space height=\u00a0\u00bb20px\u00a0\u00bb]<\/p>\n<p style=\"display: flex;\"><img loading=\"lazy\" decoding=\"async\" width=\"827\" height=\"882\" class=\"aligncenter wp-image-26180 size-full\" style=\"width: 40%; margin: 2%;\" src=\"https:\/\/www.ccfsrl.com\/wp-content\/uploads\/2024\/07\/ccf-cubo-pai.jpg\" alt=\"\" srcset=\"https:\/\/www.ccfsrl.com\/wp-content\/uploads\/2024\/07\/ccf-cubo-pai.jpg 827w, https:\/\/www.ccfsrl.com\/wp-content\/uploads\/2024\/07\/ccf-cubo-pai-281x300.jpg 281w, https:\/\/www.ccfsrl.com\/wp-content\/uploads\/2024\/07\/ccf-cubo-pai-768x819.jpg 768w, https:\/\/www.ccfsrl.com\/wp-content\/uploads\/2024\/07\/ccf-cubo-pai-700x747.jpg 700w\" sizes=\"auto, (max-width: 827px) 100vw, 827px\" \/><img loading=\"lazy\" decoding=\"async\" width=\"800\" height=\"892\" class=\"aligncenter wp-image-26175 size-full\" style=\"width: 40%; margin: 2%;\" src=\"https:\/\/www.ccfsrl.com\/wp-content\/uploads\/2024\/07\/ccfsrl-pai-cubo-04.jpg\" alt=\"\" srcset=\"https:\/\/www.ccfsrl.com\/wp-content\/uploads\/2024\/07\/ccfsrl-pai-cubo-04.jpg 800w, https:\/\/www.ccfsrl.com\/wp-content\/uploads\/2024\/07\/ccfsrl-pai-cubo-04-269x300.jpg 269w, https:\/\/www.ccfsrl.com\/wp-content\/uploads\/2024\/07\/ccfsrl-pai-cubo-04-768x856.jpg 768w, https:\/\/www.ccfsrl.com\/wp-content\/uploads\/2024\/07\/ccfsrl-pai-cubo-04-700x781.jpg 700w\" sizes=\"auto, (max-width: 800px) 100vw, 800px\" \/><\/p>\n<p><span style=\"font-size: inherit;\">[vc_empty_space height=\u00a0\u00bb20px\u00a0\u00bb]<\/span><\/p>\n<p>&nbsp;<\/p>\n<p><img loading=\"lazy\" decoding=\"async\" class=\"alignnone size-full wp-image-22098\" src=\"https:\/\/www.ccfsrl.com\/wp-content\/uploads\/2021\/07\/pai-pozzetti-linea-inox.jpg\" alt=\"\" width=\"441\" height=\"341\" srcset=\"https:\/\/www.ccfsrl.com\/wp-content\/uploads\/2021\/07\/pai-pozzetti-linea-inox.jpg 441w, https:\/\/www.ccfsrl.com\/wp-content\/uploads\/2021\/07\/pai-pozzetti-linea-inox-300x232.jpg 300w\" sizes=\"auto, (max-width: 441px) 100vw, 441px\" \/><\/p>\n<p>[vc_empty_space height=\u00a0\u00bb20px\u00a0\u00bb]<\/p>\n<p>[\/vc_column_text][vc_empty_space height=\u00a0\u00bb20px\u00a0\u00bb]<\/p>\n<p>[vc_column_text]<\/p>\n<p><strong>Il n\u2019y a aucune limite de forme \u00e0 votre glacie<\/strong>r, vous pouvez donner \u00e0 votre comptoir la forme que vous souhaitez ou l&rsquo;adapter \u00e0 la forme des locaux, en \u00e9conomisant de l&rsquo;argent, du temps et des efforts mais surtout en exploitant la meilleure technologie disponible \u00e0 ce jour sur le march\u00e9 !<\/p>\n<p>Vous pouvez l\u2019ins\u00e9rer dans n&rsquo;importe quel type de comptoir ou de contexte existant et vous pouvez cr\u00e9er des combinaisons infinies, <strong>en r\u00e9alisant votre propre comptoir sur mesure<\/strong> ! Vu sa modularit\u00e9, PAI peut \u00eatre utilis\u00e9 pour introduire des glaces dans des locaux existants en exploitant de petits espaces inutilis\u00e9s tels que : caf\u00e9s, p\u00e2tisseries, restaurants, etc.<\/p>\n<p><img loading=\"lazy\" decoding=\"async\" class=\"alignnone wp-image-22094 \" src=\"https:\/\/www.ccfsrl.com\/wp-content\/uploads\/2021\/07\/pai-esempi.jpg\" alt=\"\" width=\"358\" height=\"238\" \/><br \/>\n[\/vc_column_text][vc_empty_space height=\u00a0\u00bb20px\u00a0\u00bb]<a  href=\"https:\/\/www.ccfsrl.com\/wp-content\/uploads\/2023\/09\/PAI-scheda-A4-def-eng.pdf\" target=\"_blank\"  class=\"qbutton \" style=\"\">T\u00c9L\u00c9CHARGEZ LA FICHE TECHNIQUE<\/a>[vc_empty_space height=\u00a0\u00bb40px\u00a0\u00bb]<\/p>\n<hr \/>\n<div class='q_icon_with_title tiny normal_icon left_from_title'><div class=\"icon_text_holder\" style=\"\"><div class=\"icon_text_inner\" style=\"\"><div class=\"icon_title_holder\"><div class=\"icon_holder q_icon_animation\" style=\" transition-delay: 100ms; -webkit-transition-delay: 100ms; -moz-transition-delay: 100ms; -o-transition-delay: 100ms;\"><span data-icon-type=\"normal\"   style=\"font-size: 25px;\" class=\"qode_iwt_icon_holder q_font_awsome_icon fa-lg \"><i class=\"qode_icon_font_awesome fa fa-info qode_iwt_icon_element\" style=\"\" ><\/i><\/span><\/div><h5 class=\"icon_title\" style=\"\">DEMANDEZ UNE D\u00c9MONSTRATION GRATUITE<\/h5><\/div><p style=''><\/p><\/div><\/div><\/div><a  href=\"https:\/\/www.ccfsrl.com\/contattaci\/\" target=\"_self\"  class=\"qbutton \" style=\"\">CONTACTEZ-NOUS<\/a><\/p>\n<p>[vc_separator type=\u00a0\u00bbtransparent\u00a0\u00bb up=\u00a0\u00bb65&Prime; down=\u00a0\u00bb0&Prime;]<\/p>\n<p>[\/vc_column]<\/p>\n<p>[vc_column width=&rsquo;1\/4&prime;]<\/p>\n<h3>Vous souhaitez en savoir plus ?<\/h3>\n<p>Remplissez ce formulaire et demandez des informations, un devis et des d\u00e9monstrations techniques. L\u2019un de nos consultants est d\u00e9j\u00e0 \u00e0 votre disposition !<\/p>\n\n<div class=\"wpcf7 no-js\" id=\"wpcf7-f22767-o1\" lang=\"it-IT\" dir=\"ltr\">\n<div class=\"screen-reader-response\"><p role=\"status\" aria-live=\"polite\" aria-atomic=\"true\"><\/p> <ul><\/ul><\/div>\n<form action=\"\/fr\/wp-json\/wp\/v2\/pages\/22846#wpcf7-f22767-o1\" method=\"post\" class=\"wpcf7-form init\" aria-label=\"Modulo di contatto\" novalidate=\"novalidate\" data-status=\"init\">\n<div style=\"display: none;\">\n<input type=\"hidden\" name=\"_wpcf7\" value=\"22767\" \/>\n<input type=\"hidden\" name=\"_wpcf7_version\" value=\"5.9.8\" \/>\n<input type=\"hidden\" name=\"_wpcf7_locale\" value=\"it_IT\" \/>\n<input type=\"hidden\" name=\"_wpcf7_unit_tag\" value=\"wpcf7-f22767-o1\" \/>\n<input type=\"hidden\" name=\"_wpcf7_container_post\" value=\"0\" \/>\n<input type=\"hidden\" name=\"_wpcf7_posted_data_hash\" value=\"\" \/>\n<input type=\"hidden\" name=\"_wpcf7_recaptcha_response\" value=\"\" \/>\n<\/div>\n\n<p> Tous les champs sont obligatoires\n<\/p>\n<p>Votre nom\n<\/p>\n<p><span class=\"wpcf7-form-control-wrap\" data-name=\"your-name\"><input size=\"40\" maxlength=\"400\" class=\"wpcf7-form-control wpcf7-text wpcf7-validates-as-required\" aria-required=\"true\" aria-invalid=\"false\" value=\"\" type=\"text\" name=\"your-name\" \/><\/span>\n<\/p>\n<p>Pays\n<\/p>\n<p><span class=\"wpcf7-form-control-wrap\" data-name=\"country\"><input size=\"40\" maxlength=\"400\" class=\"wpcf7-form-control wpcf7-text wpcf7-validates-as-required\" aria-required=\"true\" aria-invalid=\"false\" value=\"\" type=\"text\" name=\"country\" \/><\/span>\n<\/p>\n<p>Ville\n<\/p>\n<p><span class=\"wpcf7-form-control-wrap\" data-name=\"city\"><input size=\"40\" maxlength=\"400\" class=\"wpcf7-form-control wpcf7-text wpcf7-validates-as-required\" aria-required=\"true\" aria-invalid=\"false\" value=\"\" type=\"text\" name=\"city\" \/><\/span>\n<\/p>\n<p>Votre e-mail\n<\/p>\n<p><span class=\"wpcf7-form-control-wrap\" data-name=\"your-email\"><input size=\"40\" maxlength=\"400\" class=\"wpcf7-form-control wpcf7-email wpcf7-validates-as-required wpcf7-text wpcf7-validates-as-email\" aria-required=\"true\" aria-invalid=\"false\" value=\"\" type=\"email\" name=\"your-email\" \/><\/span>\n<\/p>\n<p>Num\u00e9ro de t\u00e9l\u00e9phone\n<\/p>\n<p><span class=\"wpcf7-form-control-wrap\" data-name=\"tel-176\"><input size=\"40\" maxlength=\"400\" class=\"wpcf7-form-control wpcf7-tel wpcf7-validates-as-required wpcf7-text wpcf7-validates-as-tel\" aria-required=\"true\" aria-invalid=\"false\" value=\"\" type=\"tel\" name=\"tel-176\" \/><\/span>\n<\/p>\n<p>S\u00e9lectionnez le motif de votre demande:\n<\/p>\n<p><span class=\"wpcf7-form-control-wrap\" data-name=\"menu-487\"><select class=\"wpcf7-form-control wpcf7-select wpcf7-validates-as-required\" aria-required=\"true\" aria-invalid=\"false\" name=\"menu-487\"><option value=\"\">&#8212;Seleziona un&#039;opzione&#8212;<\/option><option value=\"Visite de l\u2019un de nos consultants commerciaux\">Visite de l\u2019un de nos consultants commerciaux<\/option><option value=\"Devis\">Devis<\/option><option value=\"D\u00e9mo de production\">D\u00e9mo de production<\/option><option value=\"Informations en g\u00e9n\u00e9ral\">Informations en g\u00e9n\u00e9ral<\/option><\/select><\/span>\n<\/p>\n<p>Quel produit vous int\u00e9resse ? (Laissez la touche \u00ab shift \u00bb enfonc\u00e9e pour s\u00e9lectionner plusieurs produits)\n<\/p>\n<p><span class=\"wpcf7-form-control-wrap\" data-name=\"menu-341\"><select class=\"wpcf7-form-control wpcf7-select wpcf7-validates-as-required\" aria-required=\"true\" aria-invalid=\"false\" multiple=\"multiple\" name=\"menu-341[]\"><option value=\"GHIACCIOLA GS1000\">GHIACCIOLA GS1000<\/option><option value=\"DRIER S2\">DRIER S2<\/option><option value=\"ICY 648\">ICY 648<\/option><option value=\"DW4\">DW4<\/option><option value=\"PAI\">PAI<\/option><option value=\"CHEST FREEZER\">CHEST FREEZER<\/option><option value=\"VITRINE OMNIA ONE\">VITRINE OMNIA ONE<\/option><option value=\"VITRINE ONESHOW\">VITRINE ONESHOW<\/option><option value=\"DISPLAY FREEZER\">DISPLAY FREEZER<\/option><option value=\"MINI DISPLAY FREEZER\">MINI DISPLAY FREEZER<\/option><option value=\"CARRITO 200\">CARRITO 200<\/option><option value=\"VITRINE ARAN\">VITRINE ARAN<\/option><option value=\"CARGO BIKE\">CARGO BIKE<\/option><\/select><\/span>\n<\/p>\n<p>Votre message\n<\/p>\n<p><span class=\"wpcf7-form-control-wrap\" data-name=\"your-message\"><textarea cols=\"40\" rows=\"10\" maxlength=\"2000\" class=\"wpcf7-form-control wpcf7-textarea wpcf7-validates-as-required\" aria-required=\"true\" aria-invalid=\"false\" name=\"your-message\"><\/textarea><\/span>\n<\/p>\n<p><strong><span class=\"wpcf7-form-control-wrap\" data-name=\"checkbox-454\"><span class=\"wpcf7-form-control wpcf7-checkbox wpcf7-validates-as-required\"><span class=\"wpcf7-list-item first last\"><input type=\"checkbox\" name=\"checkbox-454[]\" value=\"J\u2019accepte les termes du traitement des donn\u00e9es\" \/><span class=\"wpcf7-list-item-label\">J\u2019accepte les termes du traitement des donn\u00e9es<\/span><\/span><\/span><\/span><\/strong><br \/>\nJe d\u00e9clare avoir lu attentivement la politique de confidentialit\u00e9 et j\u2019autorise le traitement de mes donn\u00e9es personnelles aux fins contenues dans les articles 13-14 du R\u00e8glement (UE) 2016\/679.\n<\/p>\n<p><strong> <span class=\"wpcf7-form-control-wrap\" data-name=\"checkbox-962\"><span class=\"wpcf7-form-control wpcf7-checkbox\"><span class=\"wpcf7-list-item first last\"><input type=\"checkbox\" name=\"checkbox-962[]\" value=\"J\u2019accepte\" \/><span class=\"wpcf7-list-item-label\">J\u2019accepte<\/span><\/span><\/span><\/span>:<\/strong><br \/>\nde recevoir par e-mail les newsletters, informations commerciales et\/ou publicitaires sur des produits ou des services que l\u2019entreprise propose.\n<\/p>\n<p><span id=\"wpcf7-69ee4569a8d78-wrapper\" class=\"wpcf7-form-control-wrap honeypot-577-wrap\" style=\"display:none !important; visibility:hidden !important;\"><label for=\"wpcf7-69ee4569a8d78-field\" class=\"hp-message\">Si prega di lasciare vuoto questo campo.<\/label><input id=\"wpcf7-69ee4569a8d78-field\"  class=\"wpcf7-form-control wpcf7-text\" type=\"text\" name=\"honeypot-577\" value=\"\" size=\"40\" tabindex=\"-1\" autocomplete=\"new-password\" \/><\/span>\n<\/p>\n<p><input class=\"wpcf7-form-control wpcf7-submit has-spinner\" type=\"submit\" value=\"Envoyer\" \/>\n<\/p><div class=\"wpcf7-response-output\" aria-hidden=\"true\"><\/div>\n<\/form>\n<\/div>\n\n<p>[\/vc_column]<\/p>\n<p>[\/vc_row]<\/p>\n<\/div>","protected":false},"excerpt":{"rendered":"<p>[vc_row] [vc_column width=&rsquo;3\/4&prime;] [vc_empty_space height=\u00a0\u00bb20px\u00a0\u00bb] [vc_column_text] PAI \u2013 Comptoir ind\u00e9pendant \u00e0 bacs encastrables [\/vc_column_text][vc_empty_space height=\u00a0\u00bb20px\u00a0\u00bb][vc_column_text]L&rsquo;utilisation d\u2019un comptoir \u00e0 bacs encastrables pour la conservation de la glace est de plus en plus r\u00e9pandue en Italie et \u00e0 l&rsquo;\u00e9tranger aussi bien en raison de l&rsquo;histoire qu&rsquo;il repr\u00e9sente,&#8230;<\/p>\n","protected":false},"author":1,"featured_media":0,"parent":22757,"menu_order":0,"comment_status":"closed","ping_status":"closed","template":"","meta":{"footnotes":""},"class_list":["post-22846","page","type-page","status-publish","hentry"],"yoast_head":"<!-- This site is optimized with the Yoast SEO plugin v23.6 - https:\/\/yoast.com\/wordpress\/plugins\/seo\/ -->\n<title>PAI \u2013 Comptoir ind\u00e9pendant \u00e0 bacs encastrables | CCF<\/title>\n<meta name=\"robots\" content=\"index, follow, max-snippet:-1, max-image-preview:large, max-video-preview:-1\" \/>\n<link rel=\"canonical\" href=\"https:\/\/www.ccfsrl.com\/fr\/equipements-pour-creme-glacee-turbinee\/pai\/\" \/>\n<meta property=\"og:locale\" content=\"fr_FR\" \/>\n<meta property=\"og:type\" content=\"article\" \/>\n<meta property=\"og:title\" content=\"PAI \u2013 Comptoir ind\u00e9pendant \u00e0 bacs encastrables | CCF\" \/>\n<meta property=\"og:description\" content=\"[vc_row] [vc_column width=&rsquo;3\/4&prime;] [vc_empty_space height=\u00a0\u00bb20px\u00a0\u00bb] [vc_column_text] PAI \u2013 Comptoir ind\u00e9pendant \u00e0 bacs encastrables [\/vc_column_text][vc_empty_space height=\u00a0\u00bb20px\u00a0\u00bb][vc_column_text]L&rsquo;utilisation d\u2019un comptoir \u00e0 bacs encastrables pour la conservation de la glace est de plus en plus r\u00e9pandue en Italie et \u00e0 l&rsquo;\u00e9tranger aussi bien en raison de l&rsquo;histoire qu&rsquo;il repr\u00e9sente,...\" \/>\n<meta property=\"og:url\" content=\"https:\/\/www.ccfsrl.com\/fr\/equipements-pour-creme-glacee-turbinee\/pai\/\" \/>\n<meta property=\"og:site_name\" content=\"CCF\" \/>\n<meta property=\"article:modified_time\" content=\"2025-07-28T09:17:46+00:00\" \/>\n<meta property=\"og:image\" content=\"https:\/\/www.ccfsrl.com\/wp-content\/uploads\/2021\/06\/pai.png\" \/>\n\t<meta property=\"og:image:width\" content=\"516\" \/>\n\t<meta property=\"og:image:height\" content=\"897\" \/>\n\t<meta property=\"og:image:type\" content=\"image\/png\" \/>\n<meta name=\"twitter:card\" content=\"summary_large_image\" \/>\n<meta name=\"twitter:label1\" content=\"Dur\u00e9e de lecture estim\u00e9e\" \/>\n\t<meta name=\"twitter:data1\" content=\"4 minutes\" \/>\n<script type=\"application\/ld+json\" class=\"yoast-schema-graph\">{\"@context\":\"https:\/\/schema.org\",\"@graph\":[{\"@type\":\"WebPage\",\"@id\":\"https:\/\/www.ccfsrl.com\/fr\/equipements-pour-creme-glacee-turbinee\/pai\/\",\"url\":\"https:\/\/www.ccfsrl.com\/fr\/equipements-pour-creme-glacee-turbinee\/pai\/\",\"name\":\"PAI \u2013 Comptoir ind\u00e9pendant \u00e0 bacs encastrables | CCF\",\"isPartOf\":{\"@id\":\"https:\/\/www.ccfsrl.com\/#website\"},\"primaryImageOfPage\":{\"@id\":\"https:\/\/www.ccfsrl.com\/fr\/equipements-pour-creme-glacee-turbinee\/pai\/#primaryimage\"},\"image\":{\"@id\":\"https:\/\/www.ccfsrl.com\/fr\/equipements-pour-creme-glacee-turbinee\/pai\/#primaryimage\"},\"thumbnailUrl\":\"https:\/\/www.ccfsrl.com\/wp-content\/uploads\/2023\/11\/PAI-eng.jpg\",\"datePublished\":\"2021-10-12T15:12:35+00:00\",\"dateModified\":\"2025-07-28T09:17:46+00:00\",\"breadcrumb\":{\"@id\":\"https:\/\/www.ccfsrl.com\/fr\/equipements-pour-creme-glacee-turbinee\/pai\/#breadcrumb\"},\"inLanguage\":\"fr-FR\",\"potentialAction\":[{\"@type\":\"ReadAction\",\"target\":[\"https:\/\/www.ccfsrl.com\/fr\/equipements-pour-creme-glacee-turbinee\/pai\/\"]}]},{\"@type\":\"ImageObject\",\"inLanguage\":\"fr-FR\",\"@id\":\"https:\/\/www.ccfsrl.com\/fr\/equipements-pour-creme-glacee-turbinee\/pai\/#primaryimage\",\"url\":\"https:\/\/www.ccfsrl.com\/wp-content\/uploads\/2023\/11\/PAI-eng.jpg\",\"contentUrl\":\"https:\/\/www.ccfsrl.com\/wp-content\/uploads\/2023\/11\/PAI-eng.jpg\"},{\"@type\":\"BreadcrumbList\",\"@id\":\"https:\/\/www.ccfsrl.com\/fr\/equipements-pour-creme-glacee-turbinee\/pai\/#breadcrumb\",\"itemListElement\":[{\"@type\":\"ListItem\",\"position\":1,\"name\":\"Home\",\"item\":\"https:\/\/www.ccfsrl.com\/fr\/\"},{\"@type\":\"ListItem\",\"position\":2,\"name\":\"\u00c9quipements pour cr\u00e8me glac\u00e9e turbin\u00e9e\",\"item\":\"https:\/\/www.ccfsrl.com\/fr\/equipements-pour-creme-glacee-turbinee\/\"},{\"@type\":\"ListItem\",\"position\":3,\"name\":\"PAI \u2013 Comptoir ind\u00e9pendant \u00e0 bacs encastrables\"}]},{\"@type\":\"WebSite\",\"@id\":\"https:\/\/www.ccfsrl.com\/#website\",\"url\":\"https:\/\/www.ccfsrl.com\/\",\"name\":\"CCF\",\"description\":\"Macchine per gelato su stecco\",\"potentialAction\":[{\"@type\":\"SearchAction\",\"target\":{\"@type\":\"EntryPoint\",\"urlTemplate\":\"https:\/\/www.ccfsrl.com\/?s={search_term_string}\"},\"query-input\":{\"@type\":\"PropertyValueSpecification\",\"valueRequired\":true,\"valueName\":\"search_term_string\"}}],\"inLanguage\":\"fr-FR\"}]}<\/script>\n<!-- \/ Yoast SEO plugin. -->","yoast_head_json":{"title":"PAI \u2013 Comptoir ind\u00e9pendant \u00e0 bacs encastrables | CCF","robots":{"index":"index","follow":"follow","max-snippet":"max-snippet:-1","max-image-preview":"max-image-preview:large","max-video-preview":"max-video-preview:-1"},"canonical":"https:\/\/www.ccfsrl.com\/fr\/equipements-pour-creme-glacee-turbinee\/pai\/","og_locale":"fr_FR","og_type":"article","og_title":"PAI \u2013 Comptoir ind\u00e9pendant \u00e0 bacs encastrables | CCF","og_description":"[vc_row] [vc_column width=&rsquo;3\/4&prime;] [vc_empty_space height=\u00a0\u00bb20px\u00a0\u00bb] [vc_column_text] PAI \u2013 Comptoir ind\u00e9pendant \u00e0 bacs encastrables [\/vc_column_text][vc_empty_space height=\u00a0\u00bb20px\u00a0\u00bb][vc_column_text]L&rsquo;utilisation d\u2019un comptoir \u00e0 bacs encastrables pour la conservation de la glace est de plus en plus r\u00e9pandue en Italie et \u00e0 l&rsquo;\u00e9tranger aussi bien en raison de l&rsquo;histoire qu&rsquo;il repr\u00e9sente,...","og_url":"https:\/\/www.ccfsrl.com\/fr\/equipements-pour-creme-glacee-turbinee\/pai\/","og_site_name":"CCF","article_modified_time":"2025-07-28T09:17:46+00:00","og_image":[{"width":516,"height":897,"url":"https:\/\/www.ccfsrl.com\/wp-content\/uploads\/2021\/06\/pai.png","type":"image\/png"}],"twitter_card":"summary_large_image","twitter_misc":{"Dur\u00e9e de lecture estim\u00e9e":"4 minutes"},"schema":{"@context":"https:\/\/schema.org","@graph":[{"@type":"WebPage","@id":"https:\/\/www.ccfsrl.com\/fr\/equipements-pour-creme-glacee-turbinee\/pai\/","url":"https:\/\/www.ccfsrl.com\/fr\/equipements-pour-creme-glacee-turbinee\/pai\/","name":"PAI \u2013 Comptoir ind\u00e9pendant \u00e0 bacs encastrables | CCF","isPartOf":{"@id":"https:\/\/www.ccfsrl.com\/#website"},"primaryImageOfPage":{"@id":"https:\/\/www.ccfsrl.com\/fr\/equipements-pour-creme-glacee-turbinee\/pai\/#primaryimage"},"image":{"@id":"https:\/\/www.ccfsrl.com\/fr\/equipements-pour-creme-glacee-turbinee\/pai\/#primaryimage"},"thumbnailUrl":"https:\/\/www.ccfsrl.com\/wp-content\/uploads\/2023\/11\/PAI-eng.jpg","datePublished":"2021-10-12T15:12:35+00:00","dateModified":"2025-07-28T09:17:46+00:00","breadcrumb":{"@id":"https:\/\/www.ccfsrl.com\/fr\/equipements-pour-creme-glacee-turbinee\/pai\/#breadcrumb"},"inLanguage":"fr-FR","potentialAction":[{"@type":"ReadAction","target":["https:\/\/www.ccfsrl.com\/fr\/equipements-pour-creme-glacee-turbinee\/pai\/"]}]},{"@type":"ImageObject","inLanguage":"fr-FR","@id":"https:\/\/www.ccfsrl.com\/fr\/equipements-pour-creme-glacee-turbinee\/pai\/#primaryimage","url":"https:\/\/www.ccfsrl.com\/wp-content\/uploads\/2023\/11\/PAI-eng.jpg","contentUrl":"https:\/\/www.ccfsrl.com\/wp-content\/uploads\/2023\/11\/PAI-eng.jpg"},{"@type":"BreadcrumbList","@id":"https:\/\/www.ccfsrl.com\/fr\/equipements-pour-creme-glacee-turbinee\/pai\/#breadcrumb","itemListElement":[{"@type":"ListItem","position":1,"name":"Home","item":"https:\/\/www.ccfsrl.com\/fr\/"},{"@type":"ListItem","position":2,"name":"\u00c9quipements pour cr\u00e8me glac\u00e9e turbin\u00e9e","item":"https:\/\/www.ccfsrl.com\/fr\/equipements-pour-creme-glacee-turbinee\/"},{"@type":"ListItem","position":3,"name":"PAI \u2013 Comptoir ind\u00e9pendant \u00e0 bacs encastrables"}]},{"@type":"WebSite","@id":"https:\/\/www.ccfsrl.com\/#website","url":"https:\/\/www.ccfsrl.com\/","name":"CCF","description":"Macchine per gelato su stecco","potentialAction":[{"@type":"SearchAction","target":{"@type":"EntryPoint","urlTemplate":"https:\/\/www.ccfsrl.com\/?s={search_term_string}"},"query-input":{"@type":"PropertyValueSpecification","valueRequired":true,"valueName":"search_term_string"}}],"inLanguage":"fr-FR"}]}},"_links":{"self":[{"href":"https:\/\/www.ccfsrl.com\/fr\/wp-json\/wp\/v2\/pages\/22846","targetHints":{"allow":["GET"]}}],"collection":[{"href":"https:\/\/www.ccfsrl.com\/fr\/wp-json\/wp\/v2\/pages"}],"about":[{"href":"https:\/\/www.ccfsrl.com\/fr\/wp-json\/wp\/v2\/types\/page"}],"author":[{"embeddable":true,"href":"https:\/\/www.ccfsrl.com\/fr\/wp-json\/wp\/v2\/users\/1"}],"replies":[{"embeddable":true,"href":"https:\/\/www.ccfsrl.com\/fr\/wp-json\/wp\/v2\/comments?post=22846"}],"version-history":[{"count":12,"href":"https:\/\/www.ccfsrl.com\/fr\/wp-json\/wp\/v2\/pages\/22846\/revisions"}],"predecessor-version":[{"id":26682,"href":"https:\/\/www.ccfsrl.com\/fr\/wp-json\/wp\/v2\/pages\/22846\/revisions\/26682"}],"up":[{"embeddable":true,"href":"https:\/\/www.ccfsrl.com\/fr\/wp-json\/wp\/v2\/pages\/22757"}],"wp:attachment":[{"href":"https:\/\/www.ccfsrl.com\/fr\/wp-json\/wp\/v2\/media?parent=22846"}],"curies":[{"name":"wp","href":"https:\/\/api.w.org\/{rel}","templated":true}]}}