{"id":22809,"date":"2021-10-12T15:41:54","date_gmt":"2021-10-12T13:41:54","guid":{"rendered":"https:\/\/www.ccfsrl.com\/?page_id=22809"},"modified":"2021-10-12T16:57:54","modified_gmt":"2021-10-12T14:57:54","slug":"vitrines-a-batonnets-glaces","status":"publish","type":"page","link":"https:\/\/www.ccfsrl.com\/fr\/vitrines-a-batonnets-glaces\/","title":{"rendered":"Vitrines \u00e0 b\u00e2tonnets glac\u00e9s"},"content":{"rendered":"<div class=\"wpb-content-wrapper\"><p>[vc_row row_type=\u00a0\u00bbrow\u00a0\u00bb use_row_as_full_screen_section=\u00a0\u00bbno\u00a0\u00bb type=\u00a0\u00bbgrid\u00a0\u00bb anchor=\u00a0\u00bbportfolio\u00a0\u00bb angled_section=\u00a0\u00bbno\u00a0\u00bb text_align=\u00a0\u00bbleft\u00a0\u00bb background_image_as_pattern=\u00a0\u00bbwithout_pattern\u00a0\u00bb background_color=\u00a0\u00bb#ffffff\u00a0\u00bb border_color=\u00a0\u00bb#efefef\u00a0\u00bb padding_top=\u00a0\u00bb91&Prime; padding_bottom=\u00a0\u00bb0&Prime; css_animation=\u00a0\u00bb\u00a0\u00bb][vc_column][vc_row_inner row_type=\u00a0\u00bbrow\u00a0\u00bb type=\u00a0\u00bbfull_width\u00a0\u00bb text_align=\u00a0\u00bbleft\u00a0\u00bb css_animation=\u00a0\u00bb\u00a0\u00bb][vc_column_inner width=\u00a0\u00bb1\/2&Prime;][vc_single_image image=\u00a0\u00bb21908&Prime; img_size=\u00a0\u00bblarge\u00a0\u00bb alignment=\u00a0\u00bbcenter\u00a0\u00bb qode_css_animation=\u00a0\u00bbelement_from_left\u00a0\u00bb transition_delay=\u00a0\u00bb0.3&Prime; ][vc_separator type=\u00a0\u00bbtransparent\u00a0\u00bb up=\u00a0\u00bb65&Prime; down=\u00a0\u00bb0&Prime;][\/vc_column_inner][vc_column_inner width=\u00a0\u00bb1\/2&Prime;][vc_separator type=\u00a0\u00bbtransparent\u00a0\u00bb up=\u00a0\u00bb24&Prime; down=\u00a0\u00bb0&Prime;][vc_column_text]<\/p>\n<h2 style=\"text-align: left; font-size: 16px;\"><a href=\"\/fr\/chest-freezer\/\">CHEST FREEZER\u00a0<\/a><\/h2>\n<p>[\/vc_column_text][vc_separator type=\u00a0\u00bbtransparent\u00a0\u00bb up=\u00a0\u00bb3&Prime; down=\u00a0\u00bb10&Prime;][vc_column_text]<\/p>\n<p>Id\u00e9ale pour la revente \u00e0 des tiers de glaces conditionn\u00e9es dans les caf\u00e9s, cabanes, supermarch\u00e9s, magasins en g\u00e9n\u00e9ral.<\/p>\n<p>[\/vc_column_text][vc_separator type=\u00a0\u00bbtransparent\u00a0\u00bb up=\u00a0\u00bb8&Prime; down=\u00a0\u00bb21&Prime;]<a  href=\"\/fr\/chest-freezer\/\" target=\"_self\"  class=\"qbutton \" style=\"\">EN SAVOIR PLUS<\/a>[vc_empty_space height=\u00a0\u00bb20px\u00a0\u00bb]<a  href=\"https:\/\/www.ccfsrl.com\/wp-content\/uploads\/2021\/06\/Vetrinette.pdf\" target=\"_blank\"  class=\"qbutton \" style=\"\">T\u00c9L\u00c9CHARGEZ LA FICHE TECHNIQUE<\/a>[vc_separator type=\u00a0\u00bbtransparent\u00a0\u00bb up=\u00a0\u00bb65&Prime; down=\u00a0\u00bb0&Prime;][\/vc_column_inner][\/vc_row_inner][\/vc_column][\/vc_row]<\/p>\n<p>[vc_row row_type=\u00a0\u00bbrow\u00a0\u00bb use_row_as_full_screen_section=\u00a0\u00bbno\u00a0\u00bb type=\u00a0\u00bbgrid\u00a0\u00bb anchor=\u00a0\u00bbportfolio\u00a0\u00bb angled_section=\u00a0\u00bbno\u00a0\u00bb text_align=\u00a0\u00bbleft\u00a0\u00bb background_image_as_pattern=\u00a0\u00bbwithout_pattern\u00a0\u00bb background_color=\u00a0\u00bb#f9f9f9&Prime; border_color=\u00a0\u00bb#efefef\u00a0\u00bb padding_top=\u00a0\u00bb81&Prime; padding_bottom=\u00a0\u00bb0&Prime; css_animation=\u00a0\u00bb\u00a0\u00bb][vc_column][vc_row_inner row_type=\u00a0\u00bbrow\u00a0\u00bb type=\u00a0\u00bbfull_width\u00a0\u00bb text_align=\u00a0\u00bbleft\u00a0\u00bb css_animation=\u00a0\u00bb\u00a0\u00bb][vc_column_inner width=\u00a0\u00bb1\/2&Prime;][vc_separator type=\u00a0\u00bbtransparent\u00a0\u00bb up=\u00a0\u00bb24&Prime; down=\u00a0\u00bb0&Prime;][vc_column_text]<\/p>\n<h2 style=\"text-align: left; font-size: 16px;\"><a href=\"https:\/\/www.ccfsrl.com\/fr\/display-freezer\/\">DISPLAY FREEZER<\/a><\/h2>\n<p>[\/vc_column_text][vc_separator type=\u00a0\u00bbtransparent\u00a0\u00bb up=\u00a0\u00bb3&Prime; down=\u00a0\u00bb10&Prime;][vc_column_text]<\/p>\n<p>Display Freezer est la vitrine con\u00e7ue pour la pr\u00e9sentation et la conservation des b\u00e2tonnets glac\u00e9s et la r\u00e9frig\u00e9ration statique qui garantit longue vie au produit.<\/p>\n<p>[\/vc_column_text][vc_separator type=\u00a0\u00bbtransparent\u00a0\u00bb up=\u00a0\u00bb8&Prime; down=\u00a0\u00bb21&Prime;]<a  href=\"\/fr\/display-freezer\/\" target=\"_self\"  class=\"qbutton \" style=\"\">EN SAVOIR PLUS<\/a>[vc_empty_space height=\u00a0\u00bb20px\u00a0\u00bb]<a  href=\"https:\/\/www.ccfsrl.com\/wp-content\/uploads\/2021\/06\/Vetrinette.pdf\" target=\"_blank\"  class=\"qbutton \" style=\"\">T\u00c9L\u00c9CHARGEZ LA FICHE TECHNIQUE<\/a>[vc_separator type=\u00a0\u00bbtransparent\u00a0\u00bb up=\u00a0\u00bb65&Prime; down=\u00a0\u00bb0&Prime;][\/vc_column_inner][vc_column_inner width=\u00a0\u00bb1\/2&Prime;][vc_single_image image=\u00a0\u00bb22050&Prime; img_size=\u00a0\u00bblarge\u00a0\u00bb alignment=\u00a0\u00bbcenter\u00a0\u00bb qode_css_animation=\u00a0\u00bbelement_from_right\u00a0\u00bb transition_delay=\u00a0\u00bb0.6&Prime;][vc_separator type=\u00a0\u00bbtransparent\u00a0\u00bb up=\u00a0\u00bb65&Prime; down=\u00a0\u00bb0&Prime;][\/vc_column_inner][\/vc_row_inner][\/vc_column][\/vc_row][vc_row row_type=\u00a0\u00bbrow\u00a0\u00bb use_row_as_full_screen_section=\u00a0\u00bbno\u00a0\u00bb type=\u00a0\u00bbgrid\u00a0\u00bb anchor=\u00a0\u00bbportfolio\u00a0\u00bb angled_section=\u00a0\u00bbno\u00a0\u00bb text_align=\u00a0\u00bbleft\u00a0\u00bb background_image_as_pattern=\u00a0\u00bbwithout_pattern\u00a0\u00bb background_color=\u00a0\u00bb#ffffff\u00a0\u00bb border_color=\u00a0\u00bb#efefef\u00a0\u00bb padding_top=\u00a0\u00bb91&Prime; padding_bottom=\u00a0\u00bb0&Prime; css_animation=\u00a0\u00bb\u00a0\u00bb][vc_column][vc_row_inner row_type=\u00a0\u00bbrow\u00a0\u00bb type=\u00a0\u00bbfull_width\u00a0\u00bb text_align=\u00a0\u00bbleft\u00a0\u00bb css_animation=\u00a0\u00bb\u00a0\u00bb][vc_column_inner width=\u00a0\u00bb1\/2&Prime;][vc_single_image image=\u00a0\u00bb21930&Prime; img_size=\u00a0\u00bblarge\u00a0\u00bb alignment=\u00a0\u00bbcenter\u00a0\u00bb qode_css_animation=\u00a0\u00bbelement_from_left\u00a0\u00bb transition_delay=\u00a0\u00bb0.3&Prime; ][vc_separator type=\u00a0\u00bbtransparent\u00a0\u00bb up=\u00a0\u00bb65&Prime; down=\u00a0\u00bb0&Prime;][\/vc_column_inner][vc_column_inner width=\u00a0\u00bb1\/2&Prime;][vc_separator type=\u00a0\u00bbtransparent\u00a0\u00bb up=\u00a0\u00bb24&Prime; down=\u00a0\u00bb0&Prime;][vc_column_text]<\/p>\n<h2 style=\"text-align: left; font-size: 16px;\"><a href=\"https:\/\/www.ccfsrl.com\/fr\/mini-display-freezer\/\">MINI DISPLAY FREEZER<\/a><\/h2>\n<p>[\/vc_column_text][vc_separator type=\u00a0\u00bbtransparent\u00a0\u00bb up=\u00a0\u00bb3&Prime; down=\u00a0\u00bb10&Prime;][vc_column_text]<\/p>\n<p>Mini Display Freezer a \u00e9t\u00e9 con\u00e7ue pour la pr\u00e9sentation et la conservation des b\u00e2tonnets glac\u00e9s et la r\u00e9frig\u00e9ration statique qui garantit longue vie au produit.<\/p>\n<p>[\/vc_column_text][vc_separator type=\u00a0\u00bbtransparent\u00a0\u00bb up=\u00a0\u00bb8&Prime; down=\u00a0\u00bb21&Prime;]<a  href=\"\/fr\/mini-display-freezer\/\" target=\"_self\"  class=\"qbutton \" style=\"\">EN SAVOIR PLUS<\/a>[vc_empty_space height=\u00a0\u00bb20px\u00a0\u00bb]<a  href=\"https:\/\/www.ccfsrl.com\/wp-content\/uploads\/2021\/06\/Vetrinette.pdf\" target=\"_blank\"  class=\"qbutton \" style=\"\">T\u00c9L\u00c9CHARGEZ LA FICHE TECHNIQUE<\/a>[vc_separator type=\u00a0\u00bbtransparent\u00a0\u00bb up=\u00a0\u00bb65&Prime; down=\u00a0\u00bb0&Prime;][\/vc_column_inner][\/vc_row_inner][\/vc_column][\/vc_row][vc_row row_type=\u00a0\u00bbrow\u00a0\u00bb use_row_as_full_screen_section=\u00a0\u00bbno\u00a0\u00bb type=\u00a0\u00bbgrid\u00a0\u00bb anchor=\u00a0\u00bbportfolio\u00a0\u00bb angled_section=\u00a0\u00bbno\u00a0\u00bb text_align=\u00a0\u00bbleft\u00a0\u00bb background_image_as_pattern=\u00a0\u00bbwithout_pattern\u00a0\u00bb background_color=\u00a0\u00bb#f9f9f9&Prime; border_color=\u00a0\u00bb#efefef\u00a0\u00bb padding_top=\u00a0\u00bb81&Prime; padding_bottom=\u00a0\u00bb0&Prime; css_animation=\u00a0\u00bb\u00a0\u00bb][vc_column][vc_row_inner row_type=\u00a0\u00bbrow\u00a0\u00bb type=\u00a0\u00bbfull_width\u00a0\u00bb text_align=\u00a0\u00bbleft\u00a0\u00bb css_animation=\u00a0\u00bb\u00a0\u00bb][vc_column_inner width=\u00a0\u00bb1\/2&Prime;][vc_separator type=\u00a0\u00bbtransparent\u00a0\u00bb up=\u00a0\u00bb24&Prime; down=\u00a0\u00bb0&Prime;][vc_column_text]<\/p>\n<h2 style=\"text-align: left; font-size: 16px;\"><a href=\"https:\/\/www.ccfsrl.com\/vetrina-per-gelato-aran\/\">PR\u00c9SENTOIR FRIGORIFIQUE ARAN<\/a><\/h2>\n<p>[\/vc_column_text][vc_separator type=\u00a0\u00bbtransparent\u00a0\u00bb up=\u00a0\u00bb3&Prime; down=\u00a0\u00bb10&Prime;][vc_column_text]<\/p>\n<p>Pr\u00e9sentoir frigorifique sp\u00e9cial b\u00e2tonnets glac\u00e9s.<\/p>\n<p>[\/vc_column_text][vc_separator type=\u00a0\u00bbtransparent\u00a0\u00bb up=\u00a0\u00bb8&Prime; down=\u00a0\u00bb21&Prime;]<a  href=\"\/fr\/vitrines-a-batonnets-glaces\/aran-vitrine-a-batonnets-glaces\/\" target=\"_self\"  class=\"qbutton \" style=\"\">EN SAVOIR PLUS<\/a>[vc_empty_space height=\u00a0\u00bb20px\u00a0\u00bb]<a  href=\"https:\/\/www.ccfsrl.com\/wp-content\/uploads\/2016\/03\/CCF_ARAN.pdf\" target=\"_blank\"  class=\"qbutton \" style=\"\">T\u00c9L\u00c9CHARGEZ LA FICHE TECHNIQUE<\/a>[vc_separator type=\u00a0\u00bbtransparent\u00a0\u00bb up=\u00a0\u00bb65&Prime; down=\u00a0\u00bb0&Prime;][\/vc_column_inner][vc_column_inner width=\u00a0\u00bb1\/2&Prime;][vc_single_image image=\u00a0\u00bb16993&Prime; img_size=\u00a0\u00bblarge\u00a0\u00bb alignment=\u00a0\u00bbcenter\u00a0\u00bb img_link_large=\u00a0\u00bbyes\u00a0\u00bb qode_css_animation=\u00a0\u00bbelement_from_right\u00a0\u00bb transition_delay=\u00a0\u00bb0.6&Prime;][vc_separator type=\u00a0\u00bbtransparent\u00a0\u00bb up=\u00a0\u00bb65&Prime; down=\u00a0\u00bb0&Prime;][\/vc_column_inner][\/vc_row_inner][\/vc_column][\/vc_row]<\/p>\n<p>[vc_row row_type=\u00a0\u00bbrow\u00a0\u00bb use_row_as_full_screen_section=\u00a0\u00bbno\u00a0\u00bb type=\u00a0\u00bbgrid\u00a0\u00bb anchor=\u00a0\u00bbportfolio\u00a0\u00bb angled_section=\u00a0\u00bbno\u00a0\u00bb text_align=\u00a0\u00bbleft\u00a0\u00bb background_image_as_pattern=\u00a0\u00bbwithout_pattern\u00a0\u00bb background_color=\u00a0\u00bb#ffffff\u00a0\u00bb border_color=\u00a0\u00bb#efefef\u00a0\u00bb padding_top=\u00a0\u00bb91&Prime; padding_bottom=\u00a0\u00bb0&Prime; css_animation=\u00a0\u00bb\u00a0\u00bb][vc_column][vc_row_inner row_type=\u00a0\u00bbrow\u00a0\u00bb type=\u00a0\u00bbfull_width\u00a0\u00bb text_align=\u00a0\u00bbleft\u00a0\u00bb css_animation=\u00a0\u00bb\u00a0\u00bb][vc_column_inner width=\u00a0\u00bb1\/2&Prime;][vc_single_image image=\u00a0\u00bb18631&Prime; img_size=\u00a0\u00bblarge\u00a0\u00bb alignment=\u00a0\u00bbcenter\u00a0\u00bb qode_css_animation=\u00a0\u00bbelement_from_left\u00a0\u00bb transition_delay=\u00a0\u00bb0.3&Prime; ][vc_separator type=\u00a0\u00bbtransparent\u00a0\u00bb up=\u00a0\u00bb65&Prime; down=\u00a0\u00bb0&Prime;][\/vc_column_inner][vc_column_inner width=\u00a0\u00bb1\/2&Prime;][vc_separator type=\u00a0\u00bbtransparent\u00a0\u00bb up=\u00a0\u00bb24&Prime; down=\u00a0\u00bb0&Prime;][vc_column_text]<\/p>\n<h2 style=\"text-align: left; font-size: 16px;\"><a href=\"https:\/\/www.ccfsrl.com\/fr\/carrito-200\/\">CARRITO 200<\/a><\/h2>\n<p>[\/vc_column_text][vc_separator type=\u00a0\u00bbtransparent\u00a0\u00bb up=\u00a0\u00bb3&Prime; down=\u00a0\u00bb10&Prime;][vc_column_text]<\/p>\n<div class=\"wpb_text_column wpb_content_element \">\n<div class=\"wpb_wrapper\">\n<p>Chariot \u00e0 glaces avec vitrine<\/p>\n<\/div>\n<\/div>\n<p>[\/vc_column_text][vc_separator type=\u00a0\u00bbtransparent\u00a0\u00bb up=\u00a0\u00bb8&Prime; down=\u00a0\u00bb21&Prime;]<a  href=\"\/fr\/carrito-200\/\" target=\"_self\"  class=\"qbutton \" style=\"\">EN SAVOIR PLUS<\/a>[vc_empty_space height=\u00a0\u00bb20px\u00a0\u00bb]<a  href=\"https:\/\/www.ccfsrl.com\/wp-content\/uploads\/2017\/04\/Scheda-tecnica-Carrito-Ita.pdf\" target=\"_blank\"  class=\"qbutton \" style=\"\">T\u00c9L\u00c9CHARGEZ LA FICHE TECHNIQUE<\/a>[vc_separator type=\u00a0\u00bbtransparent\u00a0\u00bb up=\u00a0\u00bb65&Prime; down=\u00a0\u00bb0&Prime;][\/vc_column_inner][\/vc_row_inner][\/vc_column][\/vc_row]<\/p>\n<\/div>","protected":false},"excerpt":{"rendered":"<p>[vc_row row_type=\u00a0\u00bbrow\u00a0\u00bb use_row_as_full_screen_section=\u00a0\u00bbno\u00a0\u00bb type=\u00a0\u00bbgrid\u00a0\u00bb anchor=\u00a0\u00bbportfolio\u00a0\u00bb angled_section=\u00a0\u00bbno\u00a0\u00bb text_align=\u00a0\u00bbleft\u00a0\u00bb background_image_as_pattern=\u00a0\u00bbwithout_pattern\u00a0\u00bb background_color=\u00a0\u00bb#ffffff\u00a0\u00bb border_color=\u00a0\u00bb#efefef\u00a0\u00bb padding_top=\u00a0\u00bb91&Prime; padding_bottom=\u00a0\u00bb0&Prime; css_animation=\u00a0\u00bb\u00a0\u00bb][vc_column][vc_row_inner row_type=\u00a0\u00bbrow\u00a0\u00bb type=\u00a0\u00bbfull_width\u00a0\u00bb text_align=\u00a0\u00bbleft\u00a0\u00bb css_animation=\u00a0\u00bb\u00a0\u00bb][vc_column_inner width=\u00a0\u00bb1\/2&Prime;][vc_single_image image=\u00a0\u00bb21908&Prime; img_size=\u00a0\u00bblarge\u00a0\u00bb alignment=\u00a0\u00bbcenter\u00a0\u00bb qode_css_animation=\u00a0\u00bbelement_from_left\u00a0\u00bb transition_delay=\u00a0\u00bb0.3&Prime; ][vc_separator type=\u00a0\u00bbtransparent\u00a0\u00bb up=\u00a0\u00bb65&Prime; down=\u00a0\u00bb0&Prime;][\/vc_column_inner][vc_column_inner width=\u00a0\u00bb1\/2&Prime;][vc_separator type=\u00a0\u00bbtransparent\u00a0\u00bb up=\u00a0\u00bb24&Prime; down=\u00a0\u00bb0&Prime;][vc_column_text] CHEST FREEZER\u00a0 [\/vc_column_text][vc_separator type=\u00a0\u00bbtransparent\u00a0\u00bb up=\u00a0\u00bb3&Prime; down=\u00a0\u00bb10&Prime;][vc_column_text] Id\u00e9ale pour la revente \u00e0 des tiers de&#8230;<\/p>\n","protected":false},"author":1,"featured_media":0,"parent":0,"menu_order":0,"comment_status":"open","ping_status":"closed","template":"full_width.php","meta":{"footnotes":""},"class_list":["post-22809","page","type-page","status-publish","hentry"],"yoast_head":"<!-- This site is optimized with the Yoast SEO plugin v23.6 - https:\/\/yoast.com\/wordpress\/plugins\/seo\/ -->\n<title>Vitrines \u00e0 b\u00e2tonnets glac\u00e9s | CCF<\/title>\n<meta name=\"robots\" content=\"index, follow, max-snippet:-1, max-image-preview:large, max-video-preview:-1\" \/>\n<link rel=\"canonical\" href=\"https:\/\/www.ccfsrl.com\/fr\/vitrines-a-batonnets-glaces\/\" \/>\n<meta property=\"og:locale\" content=\"fr_FR\" \/>\n<meta property=\"og:type\" content=\"article\" \/>\n<meta property=\"og:title\" content=\"Vitrines \u00e0 b\u00e2tonnets glac\u00e9s | CCF\" \/>\n<meta property=\"og:description\" content=\"[vc_row row_type=\u00a0\u00bbrow\u00a0\u00bb use_row_as_full_screen_section=\u00a0\u00bbno\u00a0\u00bb type=\u00a0\u00bbgrid\u00a0\u00bb anchor=\u00a0\u00bbportfolio\u00a0\u00bb angled_section=\u00a0\u00bbno\u00a0\u00bb text_align=\u00a0\u00bbleft\u00a0\u00bb background_image_as_pattern=\u00a0\u00bbwithout_pattern\u00a0\u00bb background_color=\u00a0\u00bb#ffffff\u00a0\u00bb border_color=\u00a0\u00bb#efefef\u00a0\u00bb padding_top=\u00a0\u00bb91&Prime; padding_bottom=\u00a0\u00bb0&Prime; css_animation=\u00a0\u00bb\u00a0\u00bb][vc_column][vc_row_inner row_type=\u00a0\u00bbrow\u00a0\u00bb type=\u00a0\u00bbfull_width\u00a0\u00bb text_align=\u00a0\u00bbleft\u00a0\u00bb css_animation=\u00a0\u00bb\u00a0\u00bb][vc_column_inner width=\u00a0\u00bb1\/2&Prime;][vc_single_image image=\u00a0\u00bb21908&Prime; img_size=\u00a0\u00bblarge\u00a0\u00bb alignment=\u00a0\u00bbcenter\u00a0\u00bb qode_css_animation=\u00a0\u00bbelement_from_left\u00a0\u00bb transition_delay=\u00a0\u00bb0.3&Prime; ][vc_separator type=\u00a0\u00bbtransparent\u00a0\u00bb up=\u00a0\u00bb65&Prime; down=\u00a0\u00bb0&Prime;][\/vc_column_inner][vc_column_inner width=\u00a0\u00bb1\/2&Prime;][vc_separator type=\u00a0\u00bbtransparent\u00a0\u00bb up=\u00a0\u00bb24&Prime; down=\u00a0\u00bb0&Prime;][vc_column_text] CHEST FREEZER\u00a0 [\/vc_column_text][vc_separator type=\u00a0\u00bbtransparent\u00a0\u00bb up=\u00a0\u00bb3&Prime; down=\u00a0\u00bb10&Prime;][vc_column_text] Id\u00e9ale pour la revente \u00e0 des tiers de...\" \/>\n<meta property=\"og:url\" content=\"https:\/\/www.ccfsrl.com\/fr\/vitrines-a-batonnets-glaces\/\" \/>\n<meta property=\"og:site_name\" content=\"CCF\" \/>\n<meta property=\"article:modified_time\" content=\"2021-10-12T14:57:54+00:00\" \/>\n<meta name=\"twitter:card\" content=\"summary_large_image\" \/>\n<meta name=\"twitter:label1\" content=\"Dur\u00e9e de lecture estim\u00e9e\" \/>\n\t<meta name=\"twitter:data1\" content=\"5 minutes\" \/>\n<script type=\"application\/ld+json\" class=\"yoast-schema-graph\">{\"@context\":\"https:\/\/schema.org\",\"@graph\":[{\"@type\":\"WebPage\",\"@id\":\"https:\/\/www.ccfsrl.com\/fr\/vitrines-a-batonnets-glaces\/\",\"url\":\"https:\/\/www.ccfsrl.com\/fr\/vitrines-a-batonnets-glaces\/\",\"name\":\"Vitrines \u00e0 b\u00e2tonnets glac\u00e9s | CCF\",\"isPartOf\":{\"@id\":\"https:\/\/www.ccfsrl.com\/#website\"},\"datePublished\":\"2021-10-12T13:41:54+00:00\",\"dateModified\":\"2021-10-12T14:57:54+00:00\",\"breadcrumb\":{\"@id\":\"https:\/\/www.ccfsrl.com\/fr\/vitrines-a-batonnets-glaces\/#breadcrumb\"},\"inLanguage\":\"fr-FR\",\"potentialAction\":[{\"@type\":\"ReadAction\",\"target\":[\"https:\/\/www.ccfsrl.com\/fr\/vitrines-a-batonnets-glaces\/\"]}]},{\"@type\":\"BreadcrumbList\",\"@id\":\"https:\/\/www.ccfsrl.com\/fr\/vitrines-a-batonnets-glaces\/#breadcrumb\",\"itemListElement\":[{\"@type\":\"ListItem\",\"position\":1,\"name\":\"Home\",\"item\":\"https:\/\/www.ccfsrl.com\/fr\/\"},{\"@type\":\"ListItem\",\"position\":2,\"name\":\"Vitrines \u00e0 b\u00e2tonnets glac\u00e9s\"}]},{\"@type\":\"WebSite\",\"@id\":\"https:\/\/www.ccfsrl.com\/#website\",\"url\":\"https:\/\/www.ccfsrl.com\/\",\"name\":\"CCF\",\"description\":\"Macchine per gelato su stecco\",\"potentialAction\":[{\"@type\":\"SearchAction\",\"target\":{\"@type\":\"EntryPoint\",\"urlTemplate\":\"https:\/\/www.ccfsrl.com\/?s={search_term_string}\"},\"query-input\":{\"@type\":\"PropertyValueSpecification\",\"valueRequired\":true,\"valueName\":\"search_term_string\"}}],\"inLanguage\":\"fr-FR\"}]}<\/script>\n<!-- \/ Yoast SEO plugin. -->","yoast_head_json":{"title":"Vitrines \u00e0 b\u00e2tonnets glac\u00e9s | CCF","robots":{"index":"index","follow":"follow","max-snippet":"max-snippet:-1","max-image-preview":"max-image-preview:large","max-video-preview":"max-video-preview:-1"},"canonical":"https:\/\/www.ccfsrl.com\/fr\/vitrines-a-batonnets-glaces\/","og_locale":"fr_FR","og_type":"article","og_title":"Vitrines \u00e0 b\u00e2tonnets glac\u00e9s | CCF","og_description":"[vc_row row_type=\u00a0\u00bbrow\u00a0\u00bb use_row_as_full_screen_section=\u00a0\u00bbno\u00a0\u00bb type=\u00a0\u00bbgrid\u00a0\u00bb anchor=\u00a0\u00bbportfolio\u00a0\u00bb angled_section=\u00a0\u00bbno\u00a0\u00bb text_align=\u00a0\u00bbleft\u00a0\u00bb background_image_as_pattern=\u00a0\u00bbwithout_pattern\u00a0\u00bb background_color=\u00a0\u00bb#ffffff\u00a0\u00bb border_color=\u00a0\u00bb#efefef\u00a0\u00bb padding_top=\u00a0\u00bb91&Prime; padding_bottom=\u00a0\u00bb0&Prime; css_animation=\u00a0\u00bb\u00a0\u00bb][vc_column][vc_row_inner row_type=\u00a0\u00bbrow\u00a0\u00bb type=\u00a0\u00bbfull_width\u00a0\u00bb text_align=\u00a0\u00bbleft\u00a0\u00bb css_animation=\u00a0\u00bb\u00a0\u00bb][vc_column_inner width=\u00a0\u00bb1\/2&Prime;][vc_single_image image=\u00a0\u00bb21908&Prime; img_size=\u00a0\u00bblarge\u00a0\u00bb alignment=\u00a0\u00bbcenter\u00a0\u00bb qode_css_animation=\u00a0\u00bbelement_from_left\u00a0\u00bb transition_delay=\u00a0\u00bb0.3&Prime; ][vc_separator type=\u00a0\u00bbtransparent\u00a0\u00bb up=\u00a0\u00bb65&Prime; down=\u00a0\u00bb0&Prime;][\/vc_column_inner][vc_column_inner width=\u00a0\u00bb1\/2&Prime;][vc_separator type=\u00a0\u00bbtransparent\u00a0\u00bb up=\u00a0\u00bb24&Prime; down=\u00a0\u00bb0&Prime;][vc_column_text] CHEST FREEZER\u00a0 [\/vc_column_text][vc_separator type=\u00a0\u00bbtransparent\u00a0\u00bb up=\u00a0\u00bb3&Prime; down=\u00a0\u00bb10&Prime;][vc_column_text] Id\u00e9ale pour la revente \u00e0 des tiers de...","og_url":"https:\/\/www.ccfsrl.com\/fr\/vitrines-a-batonnets-glaces\/","og_site_name":"CCF","article_modified_time":"2021-10-12T14:57:54+00:00","twitter_card":"summary_large_image","twitter_misc":{"Dur\u00e9e de lecture estim\u00e9e":"5 minutes"},"schema":{"@context":"https:\/\/schema.org","@graph":[{"@type":"WebPage","@id":"https:\/\/www.ccfsrl.com\/fr\/vitrines-a-batonnets-glaces\/","url":"https:\/\/www.ccfsrl.com\/fr\/vitrines-a-batonnets-glaces\/","name":"Vitrines \u00e0 b\u00e2tonnets glac\u00e9s | CCF","isPartOf":{"@id":"https:\/\/www.ccfsrl.com\/#website"},"datePublished":"2021-10-12T13:41:54+00:00","dateModified":"2021-10-12T14:57:54+00:00","breadcrumb":{"@id":"https:\/\/www.ccfsrl.com\/fr\/vitrines-a-batonnets-glaces\/#breadcrumb"},"inLanguage":"fr-FR","potentialAction":[{"@type":"ReadAction","target":["https:\/\/www.ccfsrl.com\/fr\/vitrines-a-batonnets-glaces\/"]}]},{"@type":"BreadcrumbList","@id":"https:\/\/www.ccfsrl.com\/fr\/vitrines-a-batonnets-glaces\/#breadcrumb","itemListElement":[{"@type":"ListItem","position":1,"name":"Home","item":"https:\/\/www.ccfsrl.com\/fr\/"},{"@type":"ListItem","position":2,"name":"Vitrines \u00e0 b\u00e2tonnets glac\u00e9s"}]},{"@type":"WebSite","@id":"https:\/\/www.ccfsrl.com\/#website","url":"https:\/\/www.ccfsrl.com\/","name":"CCF","description":"Macchine per gelato su stecco","potentialAction":[{"@type":"SearchAction","target":{"@type":"EntryPoint","urlTemplate":"https:\/\/www.ccfsrl.com\/?s={search_term_string}"},"query-input":{"@type":"PropertyValueSpecification","valueRequired":true,"valueName":"search_term_string"}}],"inLanguage":"fr-FR"}]}},"_links":{"self":[{"href":"https:\/\/www.ccfsrl.com\/fr\/wp-json\/wp\/v2\/pages\/22809","targetHints":{"allow":["GET"]}}],"collection":[{"href":"https:\/\/www.ccfsrl.com\/fr\/wp-json\/wp\/v2\/pages"}],"about":[{"href":"https:\/\/www.ccfsrl.com\/fr\/wp-json\/wp\/v2\/types\/page"}],"author":[{"embeddable":true,"href":"https:\/\/www.ccfsrl.com\/fr\/wp-json\/wp\/v2\/users\/1"}],"replies":[{"embeddable":true,"href":"https:\/\/www.ccfsrl.com\/fr\/wp-json\/wp\/v2\/comments?post=22809"}],"version-history":[{"count":2,"href":"https:\/\/www.ccfsrl.com\/fr\/wp-json\/wp\/v2\/pages\/22809\/revisions"}],"predecessor-version":[{"id":22841,"href":"https:\/\/www.ccfsrl.com\/fr\/wp-json\/wp\/v2\/pages\/22809\/revisions\/22841"}],"wp:attachment":[{"href":"https:\/\/www.ccfsrl.com\/fr\/wp-json\/wp\/v2\/media?parent=22809"}],"curies":[{"name":"wp","href":"https:\/\/api.w.org\/{rel}","templated":true}]}}