{"id":22757,"date":"2021-10-05T16:58:42","date_gmt":"2021-10-05T14:58:42","guid":{"rendered":"https:\/\/www.ccfsrl.com\/?page_id=22757"},"modified":"2024-09-27T16:35:11","modified_gmt":"2024-09-27T14:35:11","slug":"equipements-pour-creme-glacee-turbinee","status":"publish","type":"page","link":"https:\/\/www.ccfsrl.com\/fr\/equipements-pour-creme-glacee-turbinee\/","title":{"rendered":"\u00c9quipements pour cr\u00e8me glac\u00e9e turbin\u00e9e"},"content":{"rendered":"<div class=\"wpb-content-wrapper\"><p>[vc_row css_animation=\u00a0\u00bb\u00a0\u00bb row_type=\u00a0\u00bbrow\u00a0\u00bb use_row_as_full_screen_section=\u00a0\u00bbno\u00a0\u00bb type=\u00a0\u00bbgrid\u00a0\u00bb anchor=\u00a0\u00bbportfolio\u00a0\u00bb angled_section=\u00a0\u00bbno\u00a0\u00bb text_align=\u00a0\u00bbleft\u00a0\u00bb background_image_as_pattern=\u00a0\u00bbwithout_pattern\u00a0\u00bb background_color=\u00a0\u00bb#f9f9f9&Prime; padding_top=\u00a0\u00bb81&Prime; padding_bottom=\u00a0\u00bb0&Prime; css=\u00a0\u00bb.vc_custom_1727447707324{background-color: #FFFFFF !important;}\u00a0\u00bb][vc_column][vc_row_inner row_type=\u00a0\u00bbrow\u00a0\u00bb type=\u00a0\u00bbfull_width\u00a0\u00bb text_align=\u00a0\u00bbleft\u00a0\u00bb css_animation=\u00a0\u00bb\u00a0\u00bb][vc_column_inner width=\u00a0\u00bb1\/2&Prime;][vc_separator type=\u00a0\u00bbtransparent\u00a0\u00bb up=\u00a0\u00bb24&Prime; down=\u00a0\u00bb0&Prime;][vc_column_text]<\/p>\n<h2 style=\"text-align: left; font-size: 16px;\"><a href=\"https:\/\/www.ccfsrl.com\/fr\/equipements-pour-creme-glacee-turbinee\/pai\/\">PAI \u2013 COMPTOIR IND\u00c9PENDANT \u00c0 BACS ENCASTRABLES<\/a><\/h2>\n<p>[\/vc_column_text][vc_separator type=\u00a0\u00bbtransparent\u00a0\u00bb up=\u00a0\u00bb3&Prime; down=\u00a0\u00bb10&Prime;][vc_column_text]<\/p>\n<div class=\"page\" title=\"Page 1\">\n<div class=\"section\">\n<div class=\"layoutArea\">\n<div class=\"column\">\n<p style=\"text-align: justify;\">PAI est <strong>construit \u00e0 la main \u00e0 Turin<\/strong>, en Italie et renferme une technologie simple, avantageuse mais efficace.<\/p>\n<p style=\"text-align: justify;\">Chaque comptoir PAI est <strong>\u00e9quip\u00e9 de son propre syst\u00e8me de r\u00e9frig\u00e9ration qui cong\u00e8le directement la chambre o\u00f9 sont log\u00e9s les bacs ronds<\/strong>, \u00e9vitant ainsi de congeler une \u00e9norme masse d&rsquo;acier et de glycol.<\/p>\n<p style=\"text-align: justify;\">Il permet de ce fait d\u2019obtenir des caract\u00e9ristiques uniques, \u00e9num\u00e9r\u00e9es ci-dessous, dont nous soulignons les deux fondamentales pour une bonne conservation de la cr\u00e8me glac\u00e9e : <strong>possibilit\u00e9 de r\u00e9gler la temp\u00e9rature dans chaque parfum et de maintenir la temp\u00e9rature souhait\u00e9e constante<\/strong>, sans oscillations. Ces deux caract\u00e9ristiques permettent de conserver au sec et parfaitement mall\u00e9able n&rsquo;importe quel parfum de cr\u00e8me glac\u00e9e, m\u00eame ceux \u00e0 faible teneur en sucre ou en alcool.<\/p>\n<\/div>\n<\/div>\n<\/div>\n<\/div>\n<p>[\/vc_column_text][vc_separator type=\u00a0\u00bbtransparent\u00a0\u00bb up=\u00a0\u00bb8&Prime; down=\u00a0\u00bb21&Prime;]<a  href=\"\/fr\/pai\/\" target=\"_self\"  class=\"qbutton \" style=\"\">EN SAVOIR PLUS<\/a>[vc_empty_space height=\u00a0\u00bb20px\u00a0\u00bb]<a  href=\"https:\/\/www.ccfsrl.com\/wp-content\/uploads\/2021\/04\/PAI.pdf\" target=\"_blank\"  class=\"qbutton \" style=\"\">T\u00c9L\u00c9CHARGEZ LA FICHE TECHNIQUE<\/a>[vc_separator type=\u00a0\u00bbtransparent\u00a0\u00bb up=\u00a0\u00bb65&Prime; down=\u00a0\u00bb0&Prime;][\/vc_column_inner][vc_column_inner width=\u00a0\u00bb1\/2&Prime;][vc_single_image image=\u00a0\u00bb25888&Prime; img_size=\u00a0\u00bblarge\u00a0\u00bb alignment=\u00a0\u00bbcenter\u00a0\u00bb css=\u00a0\u00bb\u00a0\u00bb qode_css_animation=\u00a0\u00bbelement_from_right\u00a0\u00bb transition_delay=\u00a0\u00bb0.6&Prime;][vc_separator type=\u00a0\u00bbtransparent\u00a0\u00bb up=\u00a0\u00bb65&Prime; down=\u00a0\u00bb0&Prime;][\/vc_column_inner][\/vc_row_inner][\/vc_column][\/vc_row][vc_row css_animation=\u00a0\u00bb\u00a0\u00bb row_type=\u00a0\u00bbrow\u00a0\u00bb use_row_as_full_screen_section=\u00a0\u00bbno\u00a0\u00bb type=\u00a0\u00bbfull_width\u00a0\u00bb angled_section=\u00a0\u00bbno\u00a0\u00bb text_align=\u00a0\u00bbleft\u00a0\u00bb background_image_as_pattern=\u00a0\u00bbwithout_pattern\u00a0\u00bb][vc_column][vc_column_text]<\/p>\n<p>[\/vc_column_text][\/vc_column][\/vc_row][vc_row css_animation=\u00a0\u00bb\u00a0\u00bb row_type=\u00a0\u00bbrow\u00a0\u00bb use_row_as_full_screen_section=\u00a0\u00bbno\u00a0\u00bb type=\u00a0\u00bbgrid\u00a0\u00bb anchor=\u00a0\u00bbportfolio\u00a0\u00bb angled_section=\u00a0\u00bbno\u00a0\u00bb text_align=\u00a0\u00bbleft\u00a0\u00bb background_image_as_pattern=\u00a0\u00bbwithout_pattern\u00a0\u00bb background_color=\u00a0\u00bb#ffffff\u00a0\u00bb border_color=\u00a0\u00bb#efefef\u00a0\u00bb padding_top=\u00a0\u00bb81&Prime; padding_bottom=\u00a0\u00bb0&Prime;][vc_column][vc_row_inner row_type=\u00a0\u00bbrow\u00a0\u00bb type=\u00a0\u00bbfull_width\u00a0\u00bb text_align=\u00a0\u00bbleft\u00a0\u00bb css_animation=\u00a0\u00bb\u00a0\u00bb][vc_column_inner width=\u00a0\u00bb1\/2&Prime;][vc_single_image image=\u00a0\u00bb22050&Prime; img_size=\u00a0\u00bblarge\u00a0\u00bb alignment=\u00a0\u00bbcenter\u00a0\u00bb qode_css_animation=\u00a0\u00bbelement_from_left\u00a0\u00bb transition_delay=\u00a0\u00bb0.3&Prime;][vc_separator type=\u00a0\u00bbtransparent\u00a0\u00bb up=\u00a0\u00bb65&Prime; down=\u00a0\u00bb0&Prime;][\/vc_column_inner][vc_column_inner width=\u00a0\u00bb1\/2&Prime;][vc_separator type=\u00a0\u00bbtransparent\u00a0\u00bb up=\u00a0\u00bb24&Prime; down=\u00a0\u00bb0&Prime;][vc_column_text]<\/p>\n<h2 style=\"text-align: left; font-size: 16px;\"><a href=\"https:\/\/www.ccfsrl.com\/vetrine-per-gelato-mantecato\/\">VITRINES \u00c0 CR\u00c8ME GLAC\u00c9E TURBIN\u00c9E<\/a><\/h2>\n<p>[\/vc_column_text][vc_separator type=\u00a0\u00bbtransparent\u00a0\u00bb up=\u00a0\u00bb3&Prime; down=\u00a0\u00bb10&Prime;][vc_column_text]<\/p>\n<p>Syst\u00e8me de pr\u00e9sentation et de conservation de la cr\u00e8me glac\u00e9e turbin\u00e9e<\/p>\n<p>[\/vc_column_text][vc_separator type=\u00a0\u00bbtransparent\u00a0\u00bb up=\u00a0\u00bb8&Prime; down=\u00a0\u00bb21&Prime;]<a  href=\"\/vetrine-per-gelato-mantecato\/\" target=\"_self\"  class=\"qbutton \" style=\"\">EN SAVOIR PLUS<\/a>[vc_empty_space height=\u00a0\u00bb20px\u00a0\u00bb][vc_separator type=\u00a0\u00bbtransparent\u00a0\u00bb up=\u00a0\u00bb8&Prime; down=\u00a0\u00bb21&Prime;][vc_separator type=\u00a0\u00bbtransparent\u00a0\u00bb up=\u00a0\u00bb65&Prime; down=\u00a0\u00bb0&Prime;][\/vc_column_inner][\/vc_row_inner][\/vc_column][\/vc_row]<\/p>\n<\/div>","protected":false},"excerpt":{"rendered":"<p>[vc_row css_animation=\u00a0\u00bb\u00a0\u00bb row_type=\u00a0\u00bbrow\u00a0\u00bb use_row_as_full_screen_section=\u00a0\u00bbno\u00a0\u00bb type=\u00a0\u00bbgrid\u00a0\u00bb anchor=\u00a0\u00bbportfolio\u00a0\u00bb angled_section=\u00a0\u00bbno\u00a0\u00bb text_align=\u00a0\u00bbleft\u00a0\u00bb background_image_as_pattern=\u00a0\u00bbwithout_pattern\u00a0\u00bb background_color=\u00a0\u00bb#f9f9f9&Prime; padding_top=\u00a0\u00bb81&Prime; padding_bottom=\u00a0\u00bb0&Prime; css=\u00a0\u00bb.vc_custom_1727447707324{background-color: #FFFFFF !important;}\u00a0\u00bb][vc_column][vc_row_inner row_type=\u00a0\u00bbrow\u00a0\u00bb type=\u00a0\u00bbfull_width\u00a0\u00bb text_align=\u00a0\u00bbleft\u00a0\u00bb css_animation=\u00a0\u00bb\u00a0\u00bb][vc_column_inner width=\u00a0\u00bb1\/2&Prime;][vc_separator type=\u00a0\u00bbtransparent\u00a0\u00bb up=\u00a0\u00bb24&Prime; down=\u00a0\u00bb0&Prime;][vc_column_text] PAI \u2013 COMPTOIR IND\u00c9PENDANT \u00c0 BACS ENCASTRABLES [\/vc_column_text][vc_separator type=\u00a0\u00bbtransparent\u00a0\u00bb up=\u00a0\u00bb3&Prime; down=\u00a0\u00bb10&Prime;][vc_column_text] PAI est construit \u00e0 la main \u00e0 Turin, en Italie et&#8230;<\/p>\n","protected":false},"author":1,"featured_media":0,"parent":0,"menu_order":0,"comment_status":"open","ping_status":"open","template":"full_width.php","meta":{"footnotes":""},"class_list":["post-22757","page","type-page","status-publish","hentry"],"yoast_head":"<!-- This site is optimized with the Yoast SEO plugin v23.6 - https:\/\/yoast.com\/wordpress\/plugins\/seo\/ -->\n<title>\u00c9quipements pour cr\u00e8me glac\u00e9e turbin\u00e9e | CCF<\/title>\n<meta name=\"robots\" content=\"index, follow, max-snippet:-1, max-image-preview:large, max-video-preview:-1\" \/>\n<link rel=\"canonical\" href=\"https:\/\/www.ccfsrl.com\/fr\/equipements-pour-creme-glacee-turbinee\/\" \/>\n<meta property=\"og:locale\" content=\"fr_FR\" \/>\n<meta property=\"og:type\" content=\"article\" \/>\n<meta property=\"og:title\" content=\"\u00c9quipements pour cr\u00e8me glac\u00e9e turbin\u00e9e | CCF\" \/>\n<meta property=\"og:description\" content=\"[vc_row css_animation=\u00a0\u00bb\u00a0\u00bb row_type=\u00a0\u00bbrow\u00a0\u00bb use_row_as_full_screen_section=\u00a0\u00bbno\u00a0\u00bb type=\u00a0\u00bbgrid\u00a0\u00bb anchor=\u00a0\u00bbportfolio\u00a0\u00bb angled_section=\u00a0\u00bbno\u00a0\u00bb text_align=\u00a0\u00bbleft\u00a0\u00bb background_image_as_pattern=\u00a0\u00bbwithout_pattern\u00a0\u00bb background_color=\u00a0\u00bb#f9f9f9&Prime; padding_top=\u00a0\u00bb81&Prime; padding_bottom=\u00a0\u00bb0&Prime; css=\u00a0\u00bb.vc_custom_1727447707324{background-color: #FFFFFF !important;}\u00a0\u00bb][vc_column][vc_row_inner row_type=\u00a0\u00bbrow\u00a0\u00bb type=\u00a0\u00bbfull_width\u00a0\u00bb text_align=\u00a0\u00bbleft\u00a0\u00bb css_animation=\u00a0\u00bb\u00a0\u00bb][vc_column_inner width=\u00a0\u00bb1\/2&Prime;][vc_separator type=\u00a0\u00bbtransparent\u00a0\u00bb up=\u00a0\u00bb24&Prime; down=\u00a0\u00bb0&Prime;][vc_column_text] PAI \u2013 COMPTOIR IND\u00c9PENDANT \u00c0 BACS ENCASTRABLES [\/vc_column_text][vc_separator type=\u00a0\u00bbtransparent\u00a0\u00bb up=\u00a0\u00bb3&Prime; down=\u00a0\u00bb10&Prime;][vc_column_text] PAI est construit \u00e0 la main \u00e0 Turin, en Italie et...\" \/>\n<meta property=\"og:url\" content=\"https:\/\/www.ccfsrl.com\/fr\/equipements-pour-creme-glacee-turbinee\/\" \/>\n<meta property=\"og:site_name\" content=\"CCF\" \/>\n<meta property=\"article:modified_time\" content=\"2024-09-27T14:35:11+00:00\" \/>\n<meta name=\"twitter:card\" content=\"summary_large_image\" \/>\n<meta name=\"twitter:label1\" content=\"Dur\u00e9e de lecture estim\u00e9e\" \/>\n\t<meta name=\"twitter:data1\" content=\"2 minutes\" \/>\n<script type=\"application\/ld+json\" class=\"yoast-schema-graph\">{\"@context\":\"https:\/\/schema.org\",\"@graph\":[{\"@type\":\"WebPage\",\"@id\":\"https:\/\/www.ccfsrl.com\/fr\/equipements-pour-creme-glacee-turbinee\/\",\"url\":\"https:\/\/www.ccfsrl.com\/fr\/equipements-pour-creme-glacee-turbinee\/\",\"name\":\"\u00c9quipements pour cr\u00e8me glac\u00e9e turbin\u00e9e | CCF\",\"isPartOf\":{\"@id\":\"https:\/\/www.ccfsrl.com\/#website\"},\"datePublished\":\"2021-10-05T14:58:42+00:00\",\"dateModified\":\"2024-09-27T14:35:11+00:00\",\"breadcrumb\":{\"@id\":\"https:\/\/www.ccfsrl.com\/fr\/equipements-pour-creme-glacee-turbinee\/#breadcrumb\"},\"inLanguage\":\"fr-FR\",\"potentialAction\":[{\"@type\":\"ReadAction\",\"target\":[\"https:\/\/www.ccfsrl.com\/fr\/equipements-pour-creme-glacee-turbinee\/\"]}]},{\"@type\":\"BreadcrumbList\",\"@id\":\"https:\/\/www.ccfsrl.com\/fr\/equipements-pour-creme-glacee-turbinee\/#breadcrumb\",\"itemListElement\":[{\"@type\":\"ListItem\",\"position\":1,\"name\":\"Home\",\"item\":\"https:\/\/www.ccfsrl.com\/fr\/\"},{\"@type\":\"ListItem\",\"position\":2,\"name\":\"\u00c9quipements pour cr\u00e8me glac\u00e9e turbin\u00e9e\"}]},{\"@type\":\"WebSite\",\"@id\":\"https:\/\/www.ccfsrl.com\/#website\",\"url\":\"https:\/\/www.ccfsrl.com\/\",\"name\":\"CCF\",\"description\":\"Macchine per gelato su stecco\",\"potentialAction\":[{\"@type\":\"SearchAction\",\"target\":{\"@type\":\"EntryPoint\",\"urlTemplate\":\"https:\/\/www.ccfsrl.com\/?s={search_term_string}\"},\"query-input\":{\"@type\":\"PropertyValueSpecification\",\"valueRequired\":true,\"valueName\":\"search_term_string\"}}],\"inLanguage\":\"fr-FR\"}]}<\/script>\n<!-- \/ Yoast SEO plugin. -->","yoast_head_json":{"title":"\u00c9quipements pour cr\u00e8me glac\u00e9e turbin\u00e9e | CCF","robots":{"index":"index","follow":"follow","max-snippet":"max-snippet:-1","max-image-preview":"max-image-preview:large","max-video-preview":"max-video-preview:-1"},"canonical":"https:\/\/www.ccfsrl.com\/fr\/equipements-pour-creme-glacee-turbinee\/","og_locale":"fr_FR","og_type":"article","og_title":"\u00c9quipements pour cr\u00e8me glac\u00e9e turbin\u00e9e | CCF","og_description":"[vc_row css_animation=\u00a0\u00bb\u00a0\u00bb row_type=\u00a0\u00bbrow\u00a0\u00bb use_row_as_full_screen_section=\u00a0\u00bbno\u00a0\u00bb type=\u00a0\u00bbgrid\u00a0\u00bb anchor=\u00a0\u00bbportfolio\u00a0\u00bb angled_section=\u00a0\u00bbno\u00a0\u00bb text_align=\u00a0\u00bbleft\u00a0\u00bb background_image_as_pattern=\u00a0\u00bbwithout_pattern\u00a0\u00bb background_color=\u00a0\u00bb#f9f9f9&Prime; padding_top=\u00a0\u00bb81&Prime; padding_bottom=\u00a0\u00bb0&Prime; css=\u00a0\u00bb.vc_custom_1727447707324{background-color: #FFFFFF !important;}\u00a0\u00bb][vc_column][vc_row_inner row_type=\u00a0\u00bbrow\u00a0\u00bb type=\u00a0\u00bbfull_width\u00a0\u00bb text_align=\u00a0\u00bbleft\u00a0\u00bb css_animation=\u00a0\u00bb\u00a0\u00bb][vc_column_inner width=\u00a0\u00bb1\/2&Prime;][vc_separator type=\u00a0\u00bbtransparent\u00a0\u00bb up=\u00a0\u00bb24&Prime; down=\u00a0\u00bb0&Prime;][vc_column_text] PAI \u2013 COMPTOIR IND\u00c9PENDANT \u00c0 BACS ENCASTRABLES [\/vc_column_text][vc_separator type=\u00a0\u00bbtransparent\u00a0\u00bb up=\u00a0\u00bb3&Prime; down=\u00a0\u00bb10&Prime;][vc_column_text] PAI est construit \u00e0 la main \u00e0 Turin, en Italie et...","og_url":"https:\/\/www.ccfsrl.com\/fr\/equipements-pour-creme-glacee-turbinee\/","og_site_name":"CCF","article_modified_time":"2024-09-27T14:35:11+00:00","twitter_card":"summary_large_image","twitter_misc":{"Dur\u00e9e de lecture estim\u00e9e":"2 minutes"},"schema":{"@context":"https:\/\/schema.org","@graph":[{"@type":"WebPage","@id":"https:\/\/www.ccfsrl.com\/fr\/equipements-pour-creme-glacee-turbinee\/","url":"https:\/\/www.ccfsrl.com\/fr\/equipements-pour-creme-glacee-turbinee\/","name":"\u00c9quipements pour cr\u00e8me glac\u00e9e turbin\u00e9e | CCF","isPartOf":{"@id":"https:\/\/www.ccfsrl.com\/#website"},"datePublished":"2021-10-05T14:58:42+00:00","dateModified":"2024-09-27T14:35:11+00:00","breadcrumb":{"@id":"https:\/\/www.ccfsrl.com\/fr\/equipements-pour-creme-glacee-turbinee\/#breadcrumb"},"inLanguage":"fr-FR","potentialAction":[{"@type":"ReadAction","target":["https:\/\/www.ccfsrl.com\/fr\/equipements-pour-creme-glacee-turbinee\/"]}]},{"@type":"BreadcrumbList","@id":"https:\/\/www.ccfsrl.com\/fr\/equipements-pour-creme-glacee-turbinee\/#breadcrumb","itemListElement":[{"@type":"ListItem","position":1,"name":"Home","item":"https:\/\/www.ccfsrl.com\/fr\/"},{"@type":"ListItem","position":2,"name":"\u00c9quipements pour cr\u00e8me glac\u00e9e turbin\u00e9e"}]},{"@type":"WebSite","@id":"https:\/\/www.ccfsrl.com\/#website","url":"https:\/\/www.ccfsrl.com\/","name":"CCF","description":"Macchine per gelato su stecco","potentialAction":[{"@type":"SearchAction","target":{"@type":"EntryPoint","urlTemplate":"https:\/\/www.ccfsrl.com\/?s={search_term_string}"},"query-input":{"@type":"PropertyValueSpecification","valueRequired":true,"valueName":"search_term_string"}}],"inLanguage":"fr-FR"}]}},"_links":{"self":[{"href":"https:\/\/www.ccfsrl.com\/fr\/wp-json\/wp\/v2\/pages\/22757","targetHints":{"allow":["GET"]}}],"collection":[{"href":"https:\/\/www.ccfsrl.com\/fr\/wp-json\/wp\/v2\/pages"}],"about":[{"href":"https:\/\/www.ccfsrl.com\/fr\/wp-json\/wp\/v2\/types\/page"}],"author":[{"embeddable":true,"href":"https:\/\/www.ccfsrl.com\/fr\/wp-json\/wp\/v2\/users\/1"}],"replies":[{"embeddable":true,"href":"https:\/\/www.ccfsrl.com\/fr\/wp-json\/wp\/v2\/comments?post=22757"}],"version-history":[{"count":5,"href":"https:\/\/www.ccfsrl.com\/fr\/wp-json\/wp\/v2\/pages\/22757\/revisions"}],"predecessor-version":[{"id":26249,"href":"https:\/\/www.ccfsrl.com\/fr\/wp-json\/wp\/v2\/pages\/22757\/revisions\/26249"}],"wp:attachment":[{"href":"https:\/\/www.ccfsrl.com\/fr\/wp-json\/wp\/v2\/media?parent=22757"}],"curies":[{"name":"wp","href":"https:\/\/api.w.org\/{rel}","templated":true}]}}