{"id":22634,"date":"2021-06-30T17:31:26","date_gmt":"2021-06-30T15:31:26","guid":{"rendered":"https:\/\/www.ccfsrl.com\/?page_id=22634"},"modified":"2025-07-24T10:47:49","modified_gmt":"2025-07-24T08:47:49","slug":"vitrinas-para-helados-mantecado","status":"publish","type":"page","link":"https:\/\/www.ccfsrl.com\/es\/vitrinas-para-helados-mantecado\/","title":{"rendered":"Vitrinas para helados mantecado"},"content":{"rendered":"<div class=\"wpb-content-wrapper\"><p>[vc_row css_animation=\u00bb\u00bb row_type=\u00bbrow\u00bb use_row_as_full_screen_section=\u00bbno\u00bb type=\u00bbgrid\u00bb anchor=\u00bbportfolio\u00bb angled_section=\u00bbno\u00bb text_align=\u00bbleft\u00bb background_image_as_pattern=\u00bbwithout_pattern\u00bb background_color=\u00bb#ffffff\u00bb border_color=\u00bb#efefef\u00bb padding_top=\u00bb91&#8243; padding_bottom=\u00bb0&#8243;][vc_column][vc_row_inner row_type=\u00bbrow\u00bb type=\u00bbfull_width\u00bb text_align=\u00bbleft\u00bb css_animation=\u00bb\u00bb][vc_column_inner width=\u00bb1\/2&#8243;][vc_single_image image=\u00bb26609&#8243; img_size=\u00bblarge\u00bb alignment=\u00bbcenter\u00bb css=\u00bb\u00bb qode_css_animation=\u00bbelement_from_left\u00bb transition_delay=\u00bb0.3&#8243;][vc_separator type=\u00bbtransparent\u00bb up=\u00bb65&#8243; down=\u00bb0&#8243;][\/vc_column_inner][vc_column_inner width=\u00bb1\/2&#8243;][vc_separator type=\u00bbtransparent\u00bb up=\u00bb24&#8243; down=\u00bb0&#8243;][vc_column_text css=\u00bb\u00bb]<\/p>\n<h2>VITRINA OMNIA ONE<\/h2>\n<p>[\/vc_column_text][vc_separator type=\u00bbtransparent\u00bb up=\u00bb3&#8243; down=\u00bb10&#8243;][vc_column_text css=\u00bb\u00bb]Omnia-one, con la temperatura constante y las ajustaba a cada gusto es la innovaci\u00f3n tecnol\u00f3gica dedicada a la conservaci\u00f3n del helado artesanal[\/vc_column_text][vc_separator type=\u00bbtransparent\u00bb up=\u00bb8&#8243; down=\u00bb21&#8243;]<a  href=\"\/es\/vitrinas-para-helados-mantecado\/omnia-one\/\" target=\"_self\"  class=\"qbutton \" style=\"\">M\u00c1S INFORMACI\u00d3N<\/a>[vc_empty_space height=\u00bb20px\u00bb]<a  href=\"https:\/\/www.ccfsrl.com\/wp-content\/uploads\/2025\/05\/scheda-omnia-one-A4-v2-web.pdf\" target=\"_blank\"  class=\"qbutton \" style=\"\">DESCARGAR LA FICHA DE DATOS<\/a>[vc_separator type=\u00bbtransparent\u00bb up=\u00bb65&#8243; down=\u00bb0&#8243;][\/vc_column_inner][\/vc_row_inner][\/vc_column][\/vc_row][vc_row css_animation=\u00bb\u00bb row_type=\u00bbrow\u00bb use_row_as_full_screen_section=\u00bbno\u00bb type=\u00bbfull_width\u00bb angled_section=\u00bbno\u00bb text_align=\u00bbleft\u00bb background_image_as_pattern=\u00bbwithout_pattern\u00bb][vc_column][vc_empty_space height=\u00bb100px\u00bb][\/vc_column][\/vc_row]<\/p>\n<\/div>","protected":false},"excerpt":{"rendered":"<p>[vc_row css_animation=\u00bb\u00bb row_type=\u00bbrow\u00bb use_row_as_full_screen_section=\u00bbno\u00bb type=\u00bbgrid\u00bb anchor=\u00bbportfolio\u00bb angled_section=\u00bbno\u00bb text_align=\u00bbleft\u00bb background_image_as_pattern=\u00bbwithout_pattern\u00bb background_color=\u00bb#ffffff\u00bb border_color=\u00bb#efefef\u00bb padding_top=\u00bb91&#8243; padding_bottom=\u00bb0&#8243;][vc_column][vc_row_inner row_type=\u00bbrow\u00bb type=\u00bbfull_width\u00bb text_align=\u00bbleft\u00bb css_animation=\u00bb\u00bb][vc_column_inner width=\u00bb1\/2&#8243;][vc_single_image image=\u00bb26609&#8243; img_size=\u00bblarge\u00bb alignment=\u00bbcenter\u00bb css=\u00bb\u00bb qode_css_animation=\u00bbelement_from_left\u00bb transition_delay=\u00bb0.3&#8243;][vc_separator type=\u00bbtransparent\u00bb up=\u00bb65&#8243; down=\u00bb0&#8243;][\/vc_column_inner][vc_column_inner width=\u00bb1\/2&#8243;][vc_separator type=\u00bbtransparent\u00bb up=\u00bb24&#8243; down=\u00bb0&#8243;][vc_column_text css=\u00bb\u00bb] VITRINA OMNIA ONE [\/vc_column_text][vc_separator type=\u00bbtransparent\u00bb up=\u00bb3&#8243; down=\u00bb10&#8243;][vc_column_text css=\u00bb\u00bb]Omnia-one, con la temperatura constante y&#8230;<\/p>\n","protected":false},"author":1,"featured_media":0,"parent":0,"menu_order":0,"comment_status":"open","ping_status":"closed","template":"full_width.php","meta":{"footnotes":""},"class_list":["post-22634","page","type-page","status-publish","hentry"],"yoast_head":"<!-- This site is optimized with the Yoast SEO plugin v23.6 - https:\/\/yoast.com\/wordpress\/plugins\/seo\/ -->\n<title>Vetrine per gelato mantecato | CCF<\/title>\n<meta name=\"description\" content=\"Vetrine per gelato mantecato per l&#039;esposizione e la conservazione ottimale del gelato con refrigerazione statica\" \/>\n<meta name=\"robots\" content=\"index, follow, max-snippet:-1, max-image-preview:large, max-video-preview:-1\" \/>\n<link rel=\"canonical\" href=\"https:\/\/www.ccfsrl.com\/es\/vitrinas-para-helados-mantecado\/\" \/>\n<meta property=\"og:locale\" content=\"es_ES\" \/>\n<meta property=\"og:type\" content=\"article\" \/>\n<meta property=\"og:title\" content=\"Vetrine per gelato mantecato | CCF\" \/>\n<meta property=\"og:description\" content=\"Vetrine per gelato mantecato per l&#039;esposizione e la conservazione ottimale del gelato con refrigerazione statica\" \/>\n<meta property=\"og:url\" content=\"https:\/\/www.ccfsrl.com\/es\/vitrinas-para-helados-mantecado\/\" \/>\n<meta property=\"og:site_name\" content=\"CCF\" \/>\n<meta property=\"article:modified_time\" content=\"2025-07-24T08:47:49+00:00\" \/>\n<meta name=\"twitter:card\" content=\"summary_large_image\" \/>\n<meta name=\"twitter:label1\" content=\"Tiempo de lectura\" \/>\n\t<meta name=\"twitter:data1\" content=\"1 minuto\" \/>\n<script type=\"application\/ld+json\" class=\"yoast-schema-graph\">{\"@context\":\"https:\/\/schema.org\",\"@graph\":[{\"@type\":\"WebPage\",\"@id\":\"https:\/\/www.ccfsrl.com\/es\/vitrinas-para-helados-mantecado\/\",\"url\":\"https:\/\/www.ccfsrl.com\/es\/vitrinas-para-helados-mantecado\/\",\"name\":\"Vetrine per gelato mantecato | CCF\",\"isPartOf\":{\"@id\":\"https:\/\/www.ccfsrl.com\/#website\"},\"datePublished\":\"2021-06-30T15:31:26+00:00\",\"dateModified\":\"2025-07-24T08:47:49+00:00\",\"description\":\"Vetrine per gelato mantecato per l'esposizione e la conservazione ottimale del gelato con refrigerazione statica\",\"breadcrumb\":{\"@id\":\"https:\/\/www.ccfsrl.com\/es\/vitrinas-para-helados-mantecado\/#breadcrumb\"},\"inLanguage\":\"es\",\"potentialAction\":[{\"@type\":\"ReadAction\",\"target\":[\"https:\/\/www.ccfsrl.com\/es\/vitrinas-para-helados-mantecado\/\"]}]},{\"@type\":\"BreadcrumbList\",\"@id\":\"https:\/\/www.ccfsrl.com\/es\/vitrinas-para-helados-mantecado\/#breadcrumb\",\"itemListElement\":[{\"@type\":\"ListItem\",\"position\":1,\"name\":\"Home\",\"item\":\"https:\/\/www.ccfsrl.com\/es\/\"},{\"@type\":\"ListItem\",\"position\":2,\"name\":\"Vitrinas para helados mantecado\"}]},{\"@type\":\"WebSite\",\"@id\":\"https:\/\/www.ccfsrl.com\/#website\",\"url\":\"https:\/\/www.ccfsrl.com\/\",\"name\":\"CCF\",\"description\":\"Macchine per gelato su stecco\",\"potentialAction\":[{\"@type\":\"SearchAction\",\"target\":{\"@type\":\"EntryPoint\",\"urlTemplate\":\"https:\/\/www.ccfsrl.com\/?s={search_term_string}\"},\"query-input\":{\"@type\":\"PropertyValueSpecification\",\"valueRequired\":true,\"valueName\":\"search_term_string\"}}],\"inLanguage\":\"es\"}]}<\/script>\n<!-- \/ Yoast SEO plugin. -->","yoast_head_json":{"title":"Vetrine per gelato mantecato | CCF","description":"Vetrine per gelato mantecato per l'esposizione e la conservazione ottimale del gelato con refrigerazione statica","robots":{"index":"index","follow":"follow","max-snippet":"max-snippet:-1","max-image-preview":"max-image-preview:large","max-video-preview":"max-video-preview:-1"},"canonical":"https:\/\/www.ccfsrl.com\/es\/vitrinas-para-helados-mantecado\/","og_locale":"es_ES","og_type":"article","og_title":"Vetrine per gelato mantecato | CCF","og_description":"Vetrine per gelato mantecato per l'esposizione e la conservazione ottimale del gelato con refrigerazione statica","og_url":"https:\/\/www.ccfsrl.com\/es\/vitrinas-para-helados-mantecado\/","og_site_name":"CCF","article_modified_time":"2025-07-24T08:47:49+00:00","twitter_card":"summary_large_image","twitter_misc":{"Tiempo de lectura":"1 minuto"},"schema":{"@context":"https:\/\/schema.org","@graph":[{"@type":"WebPage","@id":"https:\/\/www.ccfsrl.com\/es\/vitrinas-para-helados-mantecado\/","url":"https:\/\/www.ccfsrl.com\/es\/vitrinas-para-helados-mantecado\/","name":"Vetrine per gelato mantecato | CCF","isPartOf":{"@id":"https:\/\/www.ccfsrl.com\/#website"},"datePublished":"2021-06-30T15:31:26+00:00","dateModified":"2025-07-24T08:47:49+00:00","description":"Vetrine per gelato mantecato per l'esposizione e la conservazione ottimale del gelato con refrigerazione statica","breadcrumb":{"@id":"https:\/\/www.ccfsrl.com\/es\/vitrinas-para-helados-mantecado\/#breadcrumb"},"inLanguage":"es","potentialAction":[{"@type":"ReadAction","target":["https:\/\/www.ccfsrl.com\/es\/vitrinas-para-helados-mantecado\/"]}]},{"@type":"BreadcrumbList","@id":"https:\/\/www.ccfsrl.com\/es\/vitrinas-para-helados-mantecado\/#breadcrumb","itemListElement":[{"@type":"ListItem","position":1,"name":"Home","item":"https:\/\/www.ccfsrl.com\/es\/"},{"@type":"ListItem","position":2,"name":"Vitrinas para helados mantecado"}]},{"@type":"WebSite","@id":"https:\/\/www.ccfsrl.com\/#website","url":"https:\/\/www.ccfsrl.com\/","name":"CCF","description":"Macchine per gelato su stecco","potentialAction":[{"@type":"SearchAction","target":{"@type":"EntryPoint","urlTemplate":"https:\/\/www.ccfsrl.com\/?s={search_term_string}"},"query-input":{"@type":"PropertyValueSpecification","valueRequired":true,"valueName":"search_term_string"}}],"inLanguage":"es"}]}},"_links":{"self":[{"href":"https:\/\/www.ccfsrl.com\/es\/wp-json\/wp\/v2\/pages\/22634","targetHints":{"allow":["GET"]}}],"collection":[{"href":"https:\/\/www.ccfsrl.com\/es\/wp-json\/wp\/v2\/pages"}],"about":[{"href":"https:\/\/www.ccfsrl.com\/es\/wp-json\/wp\/v2\/types\/page"}],"author":[{"embeddable":true,"href":"https:\/\/www.ccfsrl.com\/es\/wp-json\/wp\/v2\/users\/1"}],"replies":[{"embeddable":true,"href":"https:\/\/www.ccfsrl.com\/es\/wp-json\/wp\/v2\/comments?post=22634"}],"version-history":[{"count":11,"href":"https:\/\/www.ccfsrl.com\/es\/wp-json\/wp\/v2\/pages\/22634\/revisions"}],"predecessor-version":[{"id":26675,"href":"https:\/\/www.ccfsrl.com\/es\/wp-json\/wp\/v2\/pages\/22634\/revisions\/26675"}],"wp:attachment":[{"href":"https:\/\/www.ccfsrl.com\/es\/wp-json\/wp\/v2\/media?parent=22634"}],"curies":[{"name":"wp","href":"https:\/\/api.w.org\/{rel}","templated":true}]}}