{"id":22627,"date":"2021-09-30T17:50:38","date_gmt":"2021-09-30T15:50:38","guid":{"rendered":"https:\/\/www.ccfsrl.com\/?page_id=22627"},"modified":"2025-07-28T11:19:31","modified_gmt":"2025-07-28T09:19:31","slug":"pai","status":"publish","type":"page","link":"https:\/\/www.ccfsrl.com\/es\/equipos-para-helados-mantecado\/pai\/","title":{"rendered":"PAI \u2013 Contenedor aut\u00f3nomo empotrado"},"content":{"rendered":"<div class=\"wpb-content-wrapper\"><p>[vc_row]<\/p>\n<p>[vc_column width=&#8217;3\/4&#8242;]<\/p>\n<p>[vc_empty_space height=\u00bb20px\u00bb]<\/p>\n<p>[vc_column_text]<\/p>\n<h2>PAI \u2013 Contenedor aut\u00f3nomo empotrado<\/h2>\n<p style=\"position: relative; width: 100%; padding-bottom: 56.25%; margin: 30px 0px;\"><iframe style=\"position: absolute; top: 0; left: 0; width: 100%; height: 100%; border: 0;\" title=\"Roberto Lobrano presenta il PAI: vetrina a a pozzetti a temperatura differenziata di CCF srl\" src=\"https:\/\/www.youtube.com\/embed\/4_HotLbzL5A\" frameborder=\"0\" allowfullscreen=\"allowfullscreen\"><\/iframe><\/p>\n<p>[\/vc_column_text][vc_empty_space height=\u00bb20px\u00bb][vc_column_text]El uso del mostrador con contenedores para la conservaci\u00f3n del helado es cada vez m\u00e1s popular en Italia y en el extranjero, tanto por la historia que representa, que se remonta a los or\u00edgenes del heladero artesanal que representaba al helado de alta calidad, como por la buena conservaci\u00f3n del producto. <strong>CCF ha simplificado la fabricaci\u00f3n de este mostrador caracter\u00edstico<\/strong> y ha<strong> mejorado la reconocida calidad de conservaci\u00f3n del producto<\/strong> aplicando una tecnolog\u00eda sencilla pero eficaz.<\/p>\n<p>[\/vc_column_text][vc_empty_space height=\u00bb20px\u00bb]<\/p>\n<p><img decoding=\"async\" class=\"alignnone wp-image-21924\" src=\"https:\/\/www.ccfsrl.com\/wp-content\/uploads\/2023\/11\/PAI-eng.jpg\" alt=\"\" \/><\/p>\n<p>[vc_column_text]<\/p>\n<h3>C\u00f3mo funciona<\/h3>\n<p>[\/vc_column_text][vc_empty_space height=\u00bb20px\u00bb]<\/p>\n<p>[vc_column_text]<\/p>\n<p><span style=\"font-size: inherit;\">El <strong>PAI<\/strong> se fabrica artesanalmente en Tur\u00edn, Italia, y cuenta con una <strong>tecnolog\u00eda sencilla y econ\u00f3mica<\/strong>, pero eficaz.<\/span><\/p>\n<p><span style=\"font-size: inherit;\">Cada PAI est\u00e1 equipado con su <strong>propio sistema de refrigeraci\u00f3n que congela directamente la c\u00e1mara donde se alojan los contenedores<\/strong>, evitando as\u00ed la necesidad de congelar y mantener congelada una enorme masa de acero, hierro, madera y glicol. Como resultado, se obtienen caracter\u00edsticas \u00fanicas, enumeradas m\u00e1s abajo, de las que destacamos las dos fundamentales para la buena conservaci\u00f3n del helado:<strong> posibilidad de ajustar la temperatura para cada sabor y mantener la temperatura deseada constantemente sin oscilaciones<\/strong>. Estas dos caracter\u00edsticas permiten mantener secos y perfectamente espatulables los helados de cualquier sabor, incluso los de bajo contenido de az\u00facar o alcohol.<br \/>\n[\/vc_column_text]<\/span>[vc_empty_space height=\u00bb20px\u00bb]<\/p>\n<p>[vc_column_text]<\/p>\n<h3>Caracter\u00edsticas t\u00e9cnicas:<\/h3>\n<p>[\/vc_column_text][vc_empty_space height=\u00bb20px\u00bb]<\/p>\n<p>[vc_column_text]<\/p>\n<ul>\n<li>Mantenimiento de una temperatura constante sin fluctuaciones;<\/li>\n<li>Temperatura garantizada hasta -20 grados con 30 grados de temperatura ambiente;<\/li>\n<li>Condensaci\u00f3n por aire;<\/li>\n<li>Sistema universal anti-rotaci\u00f3n;<\/li>\n<li>Silencioso a 3dB (como un refrigerador dom\u00e9stico);<\/li>\n<li>Gas ecol\u00f3gico R600;<\/li>\n<li>Sin necesidad de mantenimiento regular;<\/li>\n<li>Sistema garantizado por 2 a\u00f1os!;<\/li>\n<li>Sin diferencia entre la carapina superior e inferior;<\/li>\n<li>Peso: 19,24 kg &#8211; con embalaje 20,9 kg;<\/li>\n<li>Alimentaci\u00f3n 230\/50 Hz &#8211; 63 vatios;<\/li>\n<li>Consumo 0,94 kW\/24h.<\/li>\n<li>Cada PAI est\u00e1 equipado con un termostato digital para controlar la temperatura<\/li>\n<li>Puede alojar contenedores antirrotaci\u00f3n, contenedores simples y minicontenedores de 200 de di\u00e1metro y 250\/125 de altura (no incluidos)<\/li>\n<\/ul>\n<p>[\/vc_column_text]<\/p>\n<p>[vc_empty_space height=\u00bb20px\u00bb]<\/p>\n<p>[vc_column_text]<\/p>\n<h3>Aplicaciones<\/h3>\n<p>[vc_empty_space height=\u00bb20px\u00bb]<\/p>\n<p style=\"display: flex;\"><img loading=\"lazy\" decoding=\"async\" width=\"827\" height=\"882\" class=\"aligncenter wp-image-26180 size-full\" style=\"width: 40%; margin: 2%;\" src=\"https:\/\/www.ccfsrl.com\/wp-content\/uploads\/2024\/07\/ccf-cubo-pai.jpg\" alt=\"\" srcset=\"https:\/\/www.ccfsrl.com\/wp-content\/uploads\/2024\/07\/ccf-cubo-pai.jpg 827w, https:\/\/www.ccfsrl.com\/wp-content\/uploads\/2024\/07\/ccf-cubo-pai-281x300.jpg 281w, https:\/\/www.ccfsrl.com\/wp-content\/uploads\/2024\/07\/ccf-cubo-pai-768x819.jpg 768w, https:\/\/www.ccfsrl.com\/wp-content\/uploads\/2024\/07\/ccf-cubo-pai-700x747.jpg 700w\" sizes=\"auto, (max-width: 827px) 100vw, 827px\" \/><img loading=\"lazy\" decoding=\"async\" width=\"800\" height=\"892\" class=\"aligncenter wp-image-26175 size-full\" style=\"width: 40%; margin: 2%;\" src=\"https:\/\/www.ccfsrl.com\/wp-content\/uploads\/2024\/07\/ccfsrl-pai-cubo-04.jpg\" alt=\"\" srcset=\"https:\/\/www.ccfsrl.com\/wp-content\/uploads\/2024\/07\/ccfsrl-pai-cubo-04.jpg 800w, https:\/\/www.ccfsrl.com\/wp-content\/uploads\/2024\/07\/ccfsrl-pai-cubo-04-269x300.jpg 269w, https:\/\/www.ccfsrl.com\/wp-content\/uploads\/2024\/07\/ccfsrl-pai-cubo-04-768x856.jpg 768w, https:\/\/www.ccfsrl.com\/wp-content\/uploads\/2024\/07\/ccfsrl-pai-cubo-04-700x781.jpg 700w\" sizes=\"auto, (max-width: 800px) 100vw, 800px\" \/><\/p>\n<p><span style=\"font-size: inherit;\">[vc_empty_space height=\u00bb20px\u00bb]<\/span><\/p>\n<p>&nbsp;<\/p>\n<p><img loading=\"lazy\" decoding=\"async\" class=\"alignnone size-full wp-image-22098\" src=\"https:\/\/www.ccfsrl.com\/wp-content\/uploads\/2021\/07\/pai-pozzetti-linea-inox.jpg\" alt=\"\" width=\"441\" height=\"341\" srcset=\"https:\/\/www.ccfsrl.com\/wp-content\/uploads\/2021\/07\/pai-pozzetti-linea-inox.jpg 441w, https:\/\/www.ccfsrl.com\/wp-content\/uploads\/2021\/07\/pai-pozzetti-linea-inox-300x232.jpg 300w\" sizes=\"auto, (max-width: 441px) 100vw, 441px\" \/><\/p>\n<p>[vc_empty_space height=\u00bb20px\u00bb]<\/p>\n<p>[\/vc_column_text][vc_empty_space height=\u00bb20px\u00bb]<\/p>\n<p>[vc_column_text]<\/p>\n<p><strong>Ning\u00fan l\u00edmite en cuanto a la forma de su tienda<\/strong>, puede hacer su mostrador con la forma que desee o adaptarlo a la forma del local, ahorrando dinero, tiempo y esfuerzo, pero sobre todo utilizando la mejor tecnolog\u00eda actualmente disponible en el mercado.<\/p>\n<p><strong>Se puede insertar en cualquier tipo de mostrador o contexto existente y se pueden crear infinitas combinaciones<\/strong>, \u00a1para realizar su propio mostrador personalizado! Gracias a su <strong>modularidad<\/strong>, el PAI puede utilizarse para colocar helados en locales existentes aprovechando peque\u00f1os espacios no utilizados como: bares, pasteler\u00edas, restaurantes, etc.<\/p>\n<p><img loading=\"lazy\" decoding=\"async\" class=\"alignnone wp-image-22094 \" src=\"https:\/\/www.ccfsrl.com\/wp-content\/uploads\/2021\/07\/pai-esempi.jpg\" alt=\"\" width=\"358\" height=\"238\" \/><br \/>\n[\/vc_column_text][vc_empty_space height=\u00bb20px\u00bb]<a  href=\"https:\/\/www.ccfsrl.com\/wp-content\/uploads\/2023\/09\/PAI-scheda-A4-def-eng.pdf\" target=\"_blank\"  class=\"qbutton \" style=\"\">DESCARGAR LA FICHA DE DATOS<\/a><\/p>\n<p>[vc_empty_space height=\u00bb40px\u00bb]<\/p>\n<hr \/>\n<div class='q_icon_with_title tiny normal_icon left_from_title'><div class=\"icon_text_holder\" style=\"\"><div class=\"icon_text_inner\" style=\"\"><div class=\"icon_title_holder\"><div class=\"icon_holder q_icon_animation\" style=\" transition-delay: 100ms; -webkit-transition-delay: 100ms; -moz-transition-delay: 100ms; -o-transition-delay: 100ms;\"><span data-icon-type=\"normal\"   style=\"font-size: 25px;\" class=\"qode_iwt_icon_holder q_font_awsome_icon fa-lg \"><i class=\"qode_icon_font_awesome fa fa-info qode_iwt_icon_element\" style=\"\" ><\/i><\/span><\/div><h5 class=\"icon_title\" style=\"\">SOLICITAR UNA DEMOSTRACI\u00d3N GRATUITA<\/h5><\/div><p style=''><\/p><\/div><\/div><\/div><a  href=\"\/es\/contactos\/\" target=\"_self\"  class=\"qbutton \" style=\"\">CONTACTAR CON NOSOTROS<\/a><\/p>\n<p>[vc_separator type=\u00bbtransparent\u00bb up=\u00bb65&#8243; down=\u00bb0&#8243;]<\/p>\n<p>[\/vc_column]<\/p>\n<p>[vc_column width=&#8217;1\/4&#8242;]<\/p>\n<h3>\u00bfQuiere obtener m\u00e1s informaci\u00f3n?<\/h3>\n<p>Complete este formulario para solicitar informaci\u00f3n, cotizaciones y demostraciones t\u00e9cnicas. \u00a1Uno de nuestros asesores ya est\u00e1 a su disposici\u00f3n!<\/p>\n<p><em>Todos los campos son obligatorios<\/em><\/p>\n\n<div class=\"wpcf7 no-js\" id=\"wpcf7-f18112-o1\" lang=\"it-IT\" dir=\"ltr\">\n<div class=\"screen-reader-response\"><p role=\"status\" aria-live=\"polite\" aria-atomic=\"true\"><\/p> <ul><\/ul><\/div>\n<form action=\"\/es\/wp-json\/wp\/v2\/pages\/22627#wpcf7-f18112-o1\" method=\"post\" class=\"wpcf7-form init\" aria-label=\"Modulo di contatto\" novalidate=\"novalidate\" data-status=\"init\">\n<div style=\"display: none;\">\n<input type=\"hidden\" name=\"_wpcf7\" value=\"18112\" \/>\n<input type=\"hidden\" name=\"_wpcf7_version\" value=\"5.9.8\" \/>\n<input type=\"hidden\" name=\"_wpcf7_locale\" value=\"it_IT\" \/>\n<input type=\"hidden\" name=\"_wpcf7_unit_tag\" value=\"wpcf7-f18112-o1\" \/>\n<input type=\"hidden\" name=\"_wpcf7_container_post\" value=\"0\" \/>\n<input type=\"hidden\" name=\"_wpcf7_posted_data_hash\" value=\"\" \/>\n<input type=\"hidden\" name=\"_wpcf7_recaptcha_response\" value=\"\" \/>\n<\/div>\n\n<p>Su nombre\n<\/p>\n<p><span class=\"wpcf7-form-control-wrap\" data-name=\"your-name\"><input size=\"40\" maxlength=\"400\" class=\"wpcf7-form-control wpcf7-text wpcf7-validates-as-required\" aria-required=\"true\" aria-invalid=\"false\" value=\"\" type=\"text\" name=\"your-name\" \/><\/span>\n<\/p>\n<p>Pa\u00eds\n<\/p>\n<p><span class=\"wpcf7-form-control-wrap\" data-name=\"country\"><input size=\"40\" maxlength=\"400\" class=\"wpcf7-form-control wpcf7-text wpcf7-validates-as-required\" aria-required=\"true\" aria-invalid=\"false\" value=\"\" type=\"text\" name=\"country\" \/><\/span>\n<\/p>\n<p>Ciudad\n<\/p>\n<p><span class=\"wpcf7-form-control-wrap\" data-name=\"city\"><input size=\"40\" maxlength=\"400\" class=\"wpcf7-form-control wpcf7-text wpcf7-validates-as-required\" aria-required=\"true\" aria-invalid=\"false\" value=\"\" type=\"text\" name=\"city\" \/><\/span>\n<\/p>\n<p>Su direcci\u00f3n de correo electr\u00f3nico\n<\/p>\n<p><span class=\"wpcf7-form-control-wrap\" data-name=\"your-email\"><input size=\"40\" maxlength=\"400\" class=\"wpcf7-form-control wpcf7-email wpcf7-validates-as-required wpcf7-text wpcf7-validates-as-email\" aria-required=\"true\" aria-invalid=\"false\" value=\"\" type=\"email\" name=\"your-email\" \/><\/span>\n<\/p>\n<p>N\u00famero de tel\u00e9fono\n<\/p>\n<p><span class=\"wpcf7-form-control-wrap\" data-name=\"tel-176\"><input size=\"40\" maxlength=\"400\" class=\"wpcf7-form-control wpcf7-tel wpcf7-validates-as-required wpcf7-text wpcf7-validates-as-tel\" aria-required=\"true\" aria-invalid=\"false\" value=\"\" type=\"tel\" name=\"tel-176\" \/><\/span>\n<\/p>\n<p>Seleccione el motivo de la solicitud:\n<\/p>\n<p><span class=\"wpcf7-form-control-wrap\" data-name=\"menu-487\"><select class=\"wpcf7-form-control wpcf7-select wpcf7-validates-as-required\" aria-required=\"true\" aria-invalid=\"false\" name=\"menu-487\"><option value=\"\">&#8212;Seleziona un&#039;opzione&#8212;<\/option><option value=\"Visita de uno de nuestros asesores comerciales\">Visita de uno de nuestros asesores comerciales<\/option><option value=\"Cotizaci\u00f3n\">Cotizaci\u00f3n<\/option><option value=\"Demostraci\u00f3n de producci\u00f3n\">Demostraci\u00f3n de producci\u00f3n<\/option><option value=\"Informaci\u00f3n general\">Informaci\u00f3n general<\/option><\/select><\/span>\n<\/p>\n<p>\u00bfQu\u00e9 producto le interesa? (Mantenga presionada la tecla de may\u00fasculas para seleccionar m\u00e1s de un producto)\n<\/p>\n<p><span class=\"wpcf7-form-control-wrap\" data-name=\"menu-341\"><select class=\"wpcf7-form-control wpcf7-select wpcf7-validates-as-required\" aria-required=\"true\" aria-invalid=\"false\" multiple=\"multiple\" name=\"menu-341[]\"><option value=\"GHIACCIOLA GS1000\">GHIACCIOLA GS1000<\/option><option value=\"DRIER S2\">DRIER S2<\/option><option value=\"ICY 648\">ICY 648<\/option><option value=\"DW4\">DW4<\/option><option value=\"PAI\">PAI<\/option><option value=\"CHEST FREEZER\">CHEST FREEZER<\/option><option value=\"VITRINA OMNIA ONE\">VITRINA OMNIA ONE<\/option><option value=\"VITRINA ONESHOW\">VITRINA ONESHOW<\/option><option value=\"DISPLAY FREEZER\">DISPLAY FREEZER<\/option><option value=\"MINI DISPLAY FREEZER\">MINI DISPLAY FREEZER<\/option><option value=\"CARRITO 200\">CARRITO 200<\/option><option value=\"VITRINA ARAN\">VITRINA ARAN<\/option><option value=\"CARGO BIKE\">CARGO BIKE<\/option><\/select><\/span>\n<\/p>\n<p>Su mensaje\n<\/p>\n<p><span class=\"wpcf7-form-control-wrap\" data-name=\"your-message\"><textarea cols=\"40\" rows=\"10\" maxlength=\"2000\" class=\"wpcf7-form-control wpcf7-textarea\" aria-invalid=\"false\" name=\"your-message\"><\/textarea><\/span>\n<\/p>\n<p><strong><span class=\"wpcf7-form-control-wrap\" data-name=\"checkbox-454\"><span class=\"wpcf7-form-control wpcf7-checkbox wpcf7-validates-as-required\"><span class=\"wpcf7-list-item first last\"><input type=\"checkbox\" name=\"checkbox-454[]\" value=\"Acepto los t\u00e9rminos y condiciones del tratamiento de datos.\" \/><span class=\"wpcf7-list-item-label\">Acepto los t\u00e9rminos y condiciones del tratamiento de datos.<\/span><\/span><\/span><\/span><\/strong><br \/>\nDeclaro que he le\u00eddo atentamente la pol\u00edtica de privacidad y doy mi consentimiento al tratamiento de mis datos personales para los fines establecidos en la misma. Art\u00edculos 13-14 del Reglamento (UE) 2016\/679.\n<\/p>\n<p><strong> <span class=\"wpcf7-form-control-wrap\" data-name=\"checkbox-962\"><span class=\"wpcf7-form-control wpcf7-checkbox\"><span class=\"wpcf7-list-item first last\"><input type=\"checkbox\" name=\"checkbox-962[]\" value=\"Acepto\" \/><span class=\"wpcf7-list-item-label\">Acepto<\/span><\/span><\/span><\/span>:<\/strong><br \/>\nel env\u00edo de correos electr\u00f3nicos, boletines informativos, comunicaciones comerciales o material publicitario sobre productos o servicios ofrecidos por la empresa.\n<\/p>\n<p><span id=\"wpcf7-69ee5be6eec95-wrapper\" class=\"wpcf7-form-control-wrap honeypot-383-wrap\" style=\"display:none !important; visibility:hidden !important;\"><label for=\"wpcf7-69ee5be6eec95-field\" class=\"hp-message\">Si prega di lasciare vuoto questo campo.<\/label><input id=\"wpcf7-69ee5be6eec95-field\"  class=\"wpcf7-form-control wpcf7-text\" type=\"text\" name=\"honeypot-383\" value=\"\" size=\"40\" tabindex=\"-1\" autocomplete=\"new-password\" \/><\/span>\n<\/p>\n<p><input class=\"wpcf7-form-control wpcf7-submit has-spinner\" type=\"submit\" value=\"Env\u00eda\" \/>\n<\/p><div class=\"wpcf7-response-output\" aria-hidden=\"true\"><\/div>\n<\/form>\n<\/div>\n\n<p>[\/vc_column]<\/p>\n<p>[\/vc_row]<\/p>\n<\/div>","protected":false},"excerpt":{"rendered":"<p>[vc_row] [vc_column width=&#8217;3\/4&#8242;] [vc_empty_space height=\u00bb20px\u00bb] [vc_column_text] PAI \u2013 Contenedor aut\u00f3nomo empotrado [\/vc_column_text][vc_empty_space height=\u00bb20px\u00bb][vc_column_text]El uso del mostrador con contenedores para la conservaci\u00f3n del helado es cada vez m\u00e1s popular en Italia y en el extranjero, tanto por la historia que representa, que se remonta a los&#8230;<\/p>\n","protected":false},"author":1,"featured_media":0,"parent":22623,"menu_order":0,"comment_status":"closed","ping_status":"closed","template":"","meta":{"footnotes":""},"class_list":["post-22627","page","type-page","status-publish","hentry"],"yoast_head":"<!-- This site is optimized with the Yoast SEO plugin v23.6 - https:\/\/yoast.com\/wordpress\/plugins\/seo\/ -->\n<title>PAI \u2013 Contenedor aut\u00f3nomo empotrado | CCF<\/title>\n<meta name=\"robots\" content=\"index, follow, max-snippet:-1, max-image-preview:large, max-video-preview:-1\" \/>\n<link rel=\"canonical\" href=\"https:\/\/www.ccfsrl.com\/es\/equipos-para-helados-mantecado\/pai\/\" \/>\n<meta property=\"og:locale\" content=\"es_ES\" \/>\n<meta property=\"og:type\" content=\"article\" \/>\n<meta property=\"og:title\" content=\"PAI \u2013 Contenedor aut\u00f3nomo empotrado | CCF\" \/>\n<meta property=\"og:description\" content=\"[vc_row] [vc_column width=&#8217;3\/4&#8242;] [vc_empty_space height=\u00bb20px\u00bb] [vc_column_text] PAI \u2013 Contenedor aut\u00f3nomo empotrado [\/vc_column_text][vc_empty_space height=\u00bb20px\u00bb][vc_column_text]El uso del mostrador con contenedores para la conservaci\u00f3n del helado es cada vez m\u00e1s popular en Italia y en el extranjero, tanto por la historia que representa, que se remonta a los...\" \/>\n<meta property=\"og:url\" content=\"https:\/\/www.ccfsrl.com\/es\/equipos-para-helados-mantecado\/pai\/\" \/>\n<meta property=\"og:site_name\" content=\"CCF\" \/>\n<meta property=\"article:modified_time\" content=\"2025-07-28T09:19:31+00:00\" \/>\n<meta property=\"og:image\" content=\"https:\/\/www.ccfsrl.com\/wp-content\/uploads\/2021\/06\/pai.png\" \/>\n\t<meta property=\"og:image:width\" content=\"516\" \/>\n\t<meta property=\"og:image:height\" content=\"897\" \/>\n\t<meta property=\"og:image:type\" content=\"image\/png\" \/>\n<meta name=\"twitter:card\" content=\"summary_large_image\" \/>\n<meta name=\"twitter:label1\" content=\"Tiempo de lectura\" \/>\n\t<meta name=\"twitter:data1\" content=\"4 minutos\" \/>\n<script type=\"application\/ld+json\" class=\"yoast-schema-graph\">{\"@context\":\"https:\/\/schema.org\",\"@graph\":[{\"@type\":\"WebPage\",\"@id\":\"https:\/\/www.ccfsrl.com\/es\/equipos-para-helados-mantecado\/pai\/\",\"url\":\"https:\/\/www.ccfsrl.com\/es\/equipos-para-helados-mantecado\/pai\/\",\"name\":\"PAI \u2013 Contenedor aut\u00f3nomo empotrado | CCF\",\"isPartOf\":{\"@id\":\"https:\/\/www.ccfsrl.com\/#website\"},\"primaryImageOfPage\":{\"@id\":\"https:\/\/www.ccfsrl.com\/es\/equipos-para-helados-mantecado\/pai\/#primaryimage\"},\"image\":{\"@id\":\"https:\/\/www.ccfsrl.com\/es\/equipos-para-helados-mantecado\/pai\/#primaryimage\"},\"thumbnailUrl\":\"https:\/\/www.ccfsrl.com\/wp-content\/uploads\/2023\/11\/PAI-eng.jpg\",\"datePublished\":\"2021-09-30T15:50:38+00:00\",\"dateModified\":\"2025-07-28T09:19:31+00:00\",\"breadcrumb\":{\"@id\":\"https:\/\/www.ccfsrl.com\/es\/equipos-para-helados-mantecado\/pai\/#breadcrumb\"},\"inLanguage\":\"es\",\"potentialAction\":[{\"@type\":\"ReadAction\",\"target\":[\"https:\/\/www.ccfsrl.com\/es\/equipos-para-helados-mantecado\/pai\/\"]}]},{\"@type\":\"ImageObject\",\"inLanguage\":\"es\",\"@id\":\"https:\/\/www.ccfsrl.com\/es\/equipos-para-helados-mantecado\/pai\/#primaryimage\",\"url\":\"https:\/\/www.ccfsrl.com\/wp-content\/uploads\/2023\/11\/PAI-eng.jpg\",\"contentUrl\":\"https:\/\/www.ccfsrl.com\/wp-content\/uploads\/2023\/11\/PAI-eng.jpg\"},{\"@type\":\"BreadcrumbList\",\"@id\":\"https:\/\/www.ccfsrl.com\/es\/equipos-para-helados-mantecado\/pai\/#breadcrumb\",\"itemListElement\":[{\"@type\":\"ListItem\",\"position\":1,\"name\":\"Home\",\"item\":\"https:\/\/www.ccfsrl.com\/es\/\"},{\"@type\":\"ListItem\",\"position\":2,\"name\":\"Equipos para helados mantecado\",\"item\":\"https:\/\/www.ccfsrl.com\/es\/equipos-para-helados-mantecado\/\"},{\"@type\":\"ListItem\",\"position\":3,\"name\":\"PAI \u2013 Contenedor aut\u00f3nomo empotrado\"}]},{\"@type\":\"WebSite\",\"@id\":\"https:\/\/www.ccfsrl.com\/#website\",\"url\":\"https:\/\/www.ccfsrl.com\/\",\"name\":\"CCF\",\"description\":\"Macchine per gelato su stecco\",\"potentialAction\":[{\"@type\":\"SearchAction\",\"target\":{\"@type\":\"EntryPoint\",\"urlTemplate\":\"https:\/\/www.ccfsrl.com\/?s={search_term_string}\"},\"query-input\":{\"@type\":\"PropertyValueSpecification\",\"valueRequired\":true,\"valueName\":\"search_term_string\"}}],\"inLanguage\":\"es\"}]}<\/script>\n<!-- \/ Yoast SEO plugin. -->","yoast_head_json":{"title":"PAI \u2013 Contenedor aut\u00f3nomo empotrado | CCF","robots":{"index":"index","follow":"follow","max-snippet":"max-snippet:-1","max-image-preview":"max-image-preview:large","max-video-preview":"max-video-preview:-1"},"canonical":"https:\/\/www.ccfsrl.com\/es\/equipos-para-helados-mantecado\/pai\/","og_locale":"es_ES","og_type":"article","og_title":"PAI \u2013 Contenedor aut\u00f3nomo empotrado | CCF","og_description":"[vc_row] [vc_column width=&#8217;3\/4&#8242;] [vc_empty_space height=\u00bb20px\u00bb] [vc_column_text] PAI \u2013 Contenedor aut\u00f3nomo empotrado [\/vc_column_text][vc_empty_space height=\u00bb20px\u00bb][vc_column_text]El uso del mostrador con contenedores para la conservaci\u00f3n del helado es cada vez m\u00e1s popular en Italia y en el extranjero, tanto por la historia que representa, que se remonta a los...","og_url":"https:\/\/www.ccfsrl.com\/es\/equipos-para-helados-mantecado\/pai\/","og_site_name":"CCF","article_modified_time":"2025-07-28T09:19:31+00:00","og_image":[{"width":516,"height":897,"url":"https:\/\/www.ccfsrl.com\/wp-content\/uploads\/2021\/06\/pai.png","type":"image\/png"}],"twitter_card":"summary_large_image","twitter_misc":{"Tiempo de lectura":"4 minutos"},"schema":{"@context":"https:\/\/schema.org","@graph":[{"@type":"WebPage","@id":"https:\/\/www.ccfsrl.com\/es\/equipos-para-helados-mantecado\/pai\/","url":"https:\/\/www.ccfsrl.com\/es\/equipos-para-helados-mantecado\/pai\/","name":"PAI \u2013 Contenedor aut\u00f3nomo empotrado | CCF","isPartOf":{"@id":"https:\/\/www.ccfsrl.com\/#website"},"primaryImageOfPage":{"@id":"https:\/\/www.ccfsrl.com\/es\/equipos-para-helados-mantecado\/pai\/#primaryimage"},"image":{"@id":"https:\/\/www.ccfsrl.com\/es\/equipos-para-helados-mantecado\/pai\/#primaryimage"},"thumbnailUrl":"https:\/\/www.ccfsrl.com\/wp-content\/uploads\/2023\/11\/PAI-eng.jpg","datePublished":"2021-09-30T15:50:38+00:00","dateModified":"2025-07-28T09:19:31+00:00","breadcrumb":{"@id":"https:\/\/www.ccfsrl.com\/es\/equipos-para-helados-mantecado\/pai\/#breadcrumb"},"inLanguage":"es","potentialAction":[{"@type":"ReadAction","target":["https:\/\/www.ccfsrl.com\/es\/equipos-para-helados-mantecado\/pai\/"]}]},{"@type":"ImageObject","inLanguage":"es","@id":"https:\/\/www.ccfsrl.com\/es\/equipos-para-helados-mantecado\/pai\/#primaryimage","url":"https:\/\/www.ccfsrl.com\/wp-content\/uploads\/2023\/11\/PAI-eng.jpg","contentUrl":"https:\/\/www.ccfsrl.com\/wp-content\/uploads\/2023\/11\/PAI-eng.jpg"},{"@type":"BreadcrumbList","@id":"https:\/\/www.ccfsrl.com\/es\/equipos-para-helados-mantecado\/pai\/#breadcrumb","itemListElement":[{"@type":"ListItem","position":1,"name":"Home","item":"https:\/\/www.ccfsrl.com\/es\/"},{"@type":"ListItem","position":2,"name":"Equipos para helados mantecado","item":"https:\/\/www.ccfsrl.com\/es\/equipos-para-helados-mantecado\/"},{"@type":"ListItem","position":3,"name":"PAI \u2013 Contenedor aut\u00f3nomo empotrado"}]},{"@type":"WebSite","@id":"https:\/\/www.ccfsrl.com\/#website","url":"https:\/\/www.ccfsrl.com\/","name":"CCF","description":"Macchine per gelato su stecco","potentialAction":[{"@type":"SearchAction","target":{"@type":"EntryPoint","urlTemplate":"https:\/\/www.ccfsrl.com\/?s={search_term_string}"},"query-input":{"@type":"PropertyValueSpecification","valueRequired":true,"valueName":"search_term_string"}}],"inLanguage":"es"}]}},"_links":{"self":[{"href":"https:\/\/www.ccfsrl.com\/es\/wp-json\/wp\/v2\/pages\/22627","targetHints":{"allow":["GET"]}}],"collection":[{"href":"https:\/\/www.ccfsrl.com\/es\/wp-json\/wp\/v2\/pages"}],"about":[{"href":"https:\/\/www.ccfsrl.com\/es\/wp-json\/wp\/v2\/types\/page"}],"author":[{"embeddable":true,"href":"https:\/\/www.ccfsrl.com\/es\/wp-json\/wp\/v2\/users\/1"}],"replies":[{"embeddable":true,"href":"https:\/\/www.ccfsrl.com\/es\/wp-json\/wp\/v2\/comments?post=22627"}],"version-history":[{"count":11,"href":"https:\/\/www.ccfsrl.com\/es\/wp-json\/wp\/v2\/pages\/22627\/revisions"}],"predecessor-version":[{"id":26683,"href":"https:\/\/www.ccfsrl.com\/es\/wp-json\/wp\/v2\/pages\/22627\/revisions\/26683"}],"up":[{"embeddable":true,"href":"https:\/\/www.ccfsrl.com\/es\/wp-json\/wp\/v2\/pages\/22623"}],"wp:attachment":[{"href":"https:\/\/www.ccfsrl.com\/es\/wp-json\/wp\/v2\/media?parent=22627"}],"curies":[{"name":"wp","href":"https:\/\/api.w.org\/{rel}","templated":true}]}}