{"id":22623,"date":"2021-09-30T17:35:46","date_gmt":"2021-09-30T15:35:46","guid":{"rendered":"https:\/\/www.ccfsrl.com\/?page_id=22623"},"modified":"2024-09-27T16:34:48","modified_gmt":"2024-09-27T14:34:48","slug":"equipos-para-helados-mantecado","status":"publish","type":"page","link":"https:\/\/www.ccfsrl.com\/es\/equipos-para-helados-mantecado\/","title":{"rendered":"Equipos para helados mantecado"},"content":{"rendered":"<div class=\"wpb-content-wrapper\"><p>[vc_row css_animation=\u00bb\u00bb row_type=\u00bbrow\u00bb use_row_as_full_screen_section=\u00bbno\u00bb type=\u00bbgrid\u00bb anchor=\u00bbportfolio\u00bb angled_section=\u00bbno\u00bb text_align=\u00bbleft\u00bb background_image_as_pattern=\u00bbwithout_pattern\u00bb background_color=\u00bb#f9f9f9&#8243; padding_top=\u00bb81&#8243; padding_bottom=\u00bb0&#8243; css=\u00bb.vc_custom_1727447684141{background-color: #FFFFFF !important;}\u00bb][vc_column][vc_row_inner row_type=\u00bbrow\u00bb type=\u00bbfull_width\u00bb text_align=\u00bbleft\u00bb css_animation=\u00bb\u00bb][vc_column_inner width=\u00bb1\/2&#8243;][vc_separator type=\u00bbtransparent\u00bb up=\u00bb24&#8243; down=\u00bb0&#8243;][vc_column_text]<\/p>\n<h2 style=\"text-align: left; font-size: 16px;\"><a href=\"https:\/\/www.ccfsrl.com\/es\/equipos-para-helados-mantecado\/pai\/\">PAI \u2013 CONTENEDOR AUT\u00d3NOMO EMPOTRADO<\/a><\/h2>\n<p>[\/vc_column_text][vc_separator type=\u00bbtransparent\u00bb up=\u00bb3&#8243; down=\u00bb10&#8243;][vc_column_text]<\/p>\n<div class=\"page\" title=\"Page 1\">\n<div class=\"section\">\n<div class=\"layoutArea\">\n<div class=\"column\">\n<p style=\"text-align: justify;\">El PAI se fabrica artesanalmente en <strong>Tur\u00edn<\/strong>, Italia, y cuenta con una <strong>tecnolog\u00eda sencilla y econ\u00f3mica<\/strong>, pero eficaz.<\/p>\n<p style=\"text-align: justify;\">Cada PAI est\u00e1 equipado con <strong>su propio sistema de refrigeraci\u00f3n que congela directamente la c\u00e1mara donde se alojan los contenedores<\/strong>, evitando as\u00ed la necesidad de congelar y mantener congelada una enorme masa de acero y glicol.<\/p>\n<p style=\"text-align: justify;\">Como resultado, se obtienen caracter\u00edsticas \u00fanicas, enumeradas m\u00e1s abajo, de las que destacamos las dos fundamentales para la buena conservaci\u00f3n del helado: <strong>posibilidad de ajustar la temperatura para cada sabor y mantener la temperatura deseada constantemente sin oscilaciones<\/strong>. Estas dos caracter\u00edsticas permiten mantener secos y perfectamente espatulables los helados de cualquier sabor, incluso los de bajo contenido de az\u00facar o alcohol.<\/p>\n<\/div>\n<\/div>\n<\/div>\n<\/div>\n<p>[\/vc_column_text][vc_separator type=\u00bbtransparent\u00bb up=\u00bb8&#8243; down=\u00bb21&#8243;]<a  href=\"\/es\/equipos-para-helados-mantecado\/pai\/\" target=\"_self\"  class=\"qbutton \" style=\"\">M\u00c1S INFORMACI\u00d3N<\/a>[vc_empty_space height=\u00bb20px\u00bb]<a  href=\"https:\/\/www.ccfsrl.com\/wp-content\/uploads\/2021\/04\/PAI.pdf\" target=\"_blank\"  class=\"qbutton \" style=\"\">DESCARGAR LA FICHA DE DATOS<\/a>[vc_separator type=\u00bbtransparent\u00bb up=\u00bb65&#8243; down=\u00bb0&#8243;][\/vc_column_inner][vc_column_inner width=\u00bb1\/2&#8243;][vc_single_image image=\u00bb25890&#8243; img_size=\u00bblarge\u00bb alignment=\u00bbcenter\u00bb css=\u00bb\u00bb qode_css_animation=\u00bbelement_from_right\u00bb transition_delay=\u00bb0.6&#8243;][vc_separator type=\u00bbtransparent\u00bb up=\u00bb65&#8243; down=\u00bb0&#8243;][\/vc_column_inner][\/vc_row_inner][\/vc_column][\/vc_row][vc_row css_animation=\u00bb\u00bb row_type=\u00bbrow\u00bb use_row_as_full_screen_section=\u00bbno\u00bb type=\u00bbfull_width\u00bb angled_section=\u00bbno\u00bb text_align=\u00bbleft\u00bb background_image_as_pattern=\u00bbwithout_pattern\u00bb][vc_column][vc_column_text]<\/p>\n<p>[\/vc_column_text][\/vc_column][\/vc_row][vc_row css_animation=\u00bb\u00bb row_type=\u00bbrow\u00bb use_row_as_full_screen_section=\u00bbno\u00bb type=\u00bbgrid\u00bb anchor=\u00bbportfolio\u00bb angled_section=\u00bbno\u00bb text_align=\u00bbleft\u00bb background_image_as_pattern=\u00bbwithout_pattern\u00bb background_color=\u00bb#ffffff\u00bb border_color=\u00bb#efefef\u00bb padding_top=\u00bb81&#8243; padding_bottom=\u00bb0&#8243;][vc_column][vc_row_inner row_type=\u00bbrow\u00bb type=\u00bbfull_width\u00bb text_align=\u00bbleft\u00bb css_animation=\u00bb\u00bb][vc_column_inner width=\u00bb1\/2&#8243;][vc_single_image image=\u00bb22050&#8243; img_size=\u00bblarge\u00bb alignment=\u00bbcenter\u00bb qode_css_animation=\u00bbelement_from_left\u00bb transition_delay=\u00bb0.3&#8243;][vc_separator type=\u00bbtransparent\u00bb up=\u00bb65&#8243; down=\u00bb0&#8243;][\/vc_column_inner][vc_column_inner width=\u00bb1\/2&#8243;][vc_separator type=\u00bbtransparent\u00bb up=\u00bb24&#8243; down=\u00bb0&#8243;][vc_column_text]<\/p>\n<h2 style=\"text-align: left; font-size: 16px;\"><a href=\"https:\/\/www.ccfsrl.com\/es\/vitrinas-para-helado-mantecado\/\">VITRINAS PARA HELADO MANTECADO<\/a><\/h2>\n<p>[\/vc_column_text][vc_separator type=\u00bbtransparent\u00bb up=\u00bb3&#8243; down=\u00bb10&#8243;][vc_column_text]<\/p>\n<p>Sistema de exposici\u00f3n y conservaci\u00f3n del helado mantecado<\/p>\n<p>[\/vc_column_text][vc_separator type=\u00bbtransparent\u00bb up=\u00bb8&#8243; down=\u00bb21&#8243;]<a  href=\"\/es\/vitrinas-para-helado-mantecado\/\" target=\"_self\"  class=\"qbutton \" style=\"\">M\u00c1S INFORMACI\u00d3N<\/a>[vc_empty_space height=\u00bb20px\u00bb][vc_separator type=\u00bbtransparent\u00bb up=\u00bb8&#8243; down=\u00bb21&#8243;][vc_separator type=\u00bbtransparent\u00bb up=\u00bb65&#8243; down=\u00bb0&#8243;][\/vc_column_inner][\/vc_row_inner][\/vc_column][\/vc_row]<\/p>\n<\/div>","protected":false},"excerpt":{"rendered":"<p>[vc_row css_animation=\u00bb\u00bb row_type=\u00bbrow\u00bb use_row_as_full_screen_section=\u00bbno\u00bb type=\u00bbgrid\u00bb anchor=\u00bbportfolio\u00bb angled_section=\u00bbno\u00bb text_align=\u00bbleft\u00bb background_image_as_pattern=\u00bbwithout_pattern\u00bb background_color=\u00bb#f9f9f9&#8243; padding_top=\u00bb81&#8243; padding_bottom=\u00bb0&#8243; css=\u00bb.vc_custom_1727447684141{background-color: #FFFFFF !important;}\u00bb][vc_column][vc_row_inner row_type=\u00bbrow\u00bb type=\u00bbfull_width\u00bb text_align=\u00bbleft\u00bb css_animation=\u00bb\u00bb][vc_column_inner width=\u00bb1\/2&#8243;][vc_separator type=\u00bbtransparent\u00bb up=\u00bb24&#8243; down=\u00bb0&#8243;][vc_column_text] PAI \u2013 CONTENEDOR AUT\u00d3NOMO EMPOTRADO [\/vc_column_text][vc_separator type=\u00bbtransparent\u00bb up=\u00bb3&#8243; down=\u00bb10&#8243;][vc_column_text] El PAI se fabrica artesanalmente en Tur\u00edn, Italia, y cuenta con una tecnolog\u00eda&#8230;<\/p>\n","protected":false},"author":1,"featured_media":0,"parent":0,"menu_order":0,"comment_status":"open","ping_status":"open","template":"full_width.php","meta":{"footnotes":""},"class_list":["post-22623","page","type-page","status-publish","hentry"],"yoast_head":"<!-- This site is optimized with the Yoast SEO plugin v23.6 - https:\/\/yoast.com\/wordpress\/plugins\/seo\/ -->\n<title>Equipos para helados mantecado | CCF<\/title>\n<meta name=\"robots\" content=\"index, follow, max-snippet:-1, max-image-preview:large, max-video-preview:-1\" \/>\n<link rel=\"canonical\" href=\"https:\/\/www.ccfsrl.com\/es\/equipos-para-helados-mantecado\/\" \/>\n<meta property=\"og:locale\" content=\"es_ES\" \/>\n<meta property=\"og:type\" content=\"article\" \/>\n<meta property=\"og:title\" content=\"Equipos para helados mantecado | CCF\" \/>\n<meta property=\"og:description\" content=\"[vc_row css_animation=\u00bb\u00bb row_type=\u00bbrow\u00bb use_row_as_full_screen_section=\u00bbno\u00bb type=\u00bbgrid\u00bb anchor=\u00bbportfolio\u00bb angled_section=\u00bbno\u00bb text_align=\u00bbleft\u00bb background_image_as_pattern=\u00bbwithout_pattern\u00bb background_color=\u00bb#f9f9f9&#8243; padding_top=\u00bb81&#8243; padding_bottom=\u00bb0&#8243; css=\u00bb.vc_custom_1727447684141{background-color: #FFFFFF !important;}\u00bb][vc_column][vc_row_inner row_type=\u00bbrow\u00bb type=\u00bbfull_width\u00bb text_align=\u00bbleft\u00bb css_animation=\u00bb\u00bb][vc_column_inner width=\u00bb1\/2&#8243;][vc_separator type=\u00bbtransparent\u00bb up=\u00bb24&#8243; down=\u00bb0&#8243;][vc_column_text] PAI \u2013 CONTENEDOR AUT\u00d3NOMO EMPOTRADO [\/vc_column_text][vc_separator type=\u00bbtransparent\u00bb up=\u00bb3&#8243; down=\u00bb10&#8243;][vc_column_text] El PAI se fabrica artesanalmente en Tur\u00edn, Italia, y cuenta con una tecnolog\u00eda...\" \/>\n<meta property=\"og:url\" content=\"https:\/\/www.ccfsrl.com\/es\/equipos-para-helados-mantecado\/\" \/>\n<meta property=\"og:site_name\" content=\"CCF\" \/>\n<meta property=\"article:modified_time\" content=\"2024-09-27T14:34:48+00:00\" \/>\n<meta name=\"twitter:card\" content=\"summary_large_image\" \/>\n<meta name=\"twitter:label1\" content=\"Tiempo de lectura\" \/>\n\t<meta name=\"twitter:data1\" content=\"2 minutos\" \/>\n<script type=\"application\/ld+json\" class=\"yoast-schema-graph\">{\"@context\":\"https:\/\/schema.org\",\"@graph\":[{\"@type\":\"WebPage\",\"@id\":\"https:\/\/www.ccfsrl.com\/es\/equipos-para-helados-mantecado\/\",\"url\":\"https:\/\/www.ccfsrl.com\/es\/equipos-para-helados-mantecado\/\",\"name\":\"Equipos para helados mantecado | CCF\",\"isPartOf\":{\"@id\":\"https:\/\/www.ccfsrl.com\/#website\"},\"datePublished\":\"2021-09-30T15:35:46+00:00\",\"dateModified\":\"2024-09-27T14:34:48+00:00\",\"breadcrumb\":{\"@id\":\"https:\/\/www.ccfsrl.com\/es\/equipos-para-helados-mantecado\/#breadcrumb\"},\"inLanguage\":\"es\",\"potentialAction\":[{\"@type\":\"ReadAction\",\"target\":[\"https:\/\/www.ccfsrl.com\/es\/equipos-para-helados-mantecado\/\"]}]},{\"@type\":\"BreadcrumbList\",\"@id\":\"https:\/\/www.ccfsrl.com\/es\/equipos-para-helados-mantecado\/#breadcrumb\",\"itemListElement\":[{\"@type\":\"ListItem\",\"position\":1,\"name\":\"Home\",\"item\":\"https:\/\/www.ccfsrl.com\/es\/\"},{\"@type\":\"ListItem\",\"position\":2,\"name\":\"Equipos para helados mantecado\"}]},{\"@type\":\"WebSite\",\"@id\":\"https:\/\/www.ccfsrl.com\/#website\",\"url\":\"https:\/\/www.ccfsrl.com\/\",\"name\":\"CCF\",\"description\":\"Macchine per gelato su stecco\",\"potentialAction\":[{\"@type\":\"SearchAction\",\"target\":{\"@type\":\"EntryPoint\",\"urlTemplate\":\"https:\/\/www.ccfsrl.com\/?s={search_term_string}\"},\"query-input\":{\"@type\":\"PropertyValueSpecification\",\"valueRequired\":true,\"valueName\":\"search_term_string\"}}],\"inLanguage\":\"es\"}]}<\/script>\n<!-- \/ Yoast SEO plugin. -->","yoast_head_json":{"title":"Equipos para helados mantecado | CCF","robots":{"index":"index","follow":"follow","max-snippet":"max-snippet:-1","max-image-preview":"max-image-preview:large","max-video-preview":"max-video-preview:-1"},"canonical":"https:\/\/www.ccfsrl.com\/es\/equipos-para-helados-mantecado\/","og_locale":"es_ES","og_type":"article","og_title":"Equipos para helados mantecado | CCF","og_description":"[vc_row css_animation=\u00bb\u00bb row_type=\u00bbrow\u00bb use_row_as_full_screen_section=\u00bbno\u00bb type=\u00bbgrid\u00bb anchor=\u00bbportfolio\u00bb angled_section=\u00bbno\u00bb text_align=\u00bbleft\u00bb background_image_as_pattern=\u00bbwithout_pattern\u00bb background_color=\u00bb#f9f9f9&#8243; padding_top=\u00bb81&#8243; padding_bottom=\u00bb0&#8243; css=\u00bb.vc_custom_1727447684141{background-color: #FFFFFF !important;}\u00bb][vc_column][vc_row_inner row_type=\u00bbrow\u00bb type=\u00bbfull_width\u00bb text_align=\u00bbleft\u00bb css_animation=\u00bb\u00bb][vc_column_inner width=\u00bb1\/2&#8243;][vc_separator type=\u00bbtransparent\u00bb up=\u00bb24&#8243; down=\u00bb0&#8243;][vc_column_text] PAI \u2013 CONTENEDOR AUT\u00d3NOMO EMPOTRADO [\/vc_column_text][vc_separator type=\u00bbtransparent\u00bb up=\u00bb3&#8243; down=\u00bb10&#8243;][vc_column_text] El PAI se fabrica artesanalmente en Tur\u00edn, Italia, y cuenta con una tecnolog\u00eda...","og_url":"https:\/\/www.ccfsrl.com\/es\/equipos-para-helados-mantecado\/","og_site_name":"CCF","article_modified_time":"2024-09-27T14:34:48+00:00","twitter_card":"summary_large_image","twitter_misc":{"Tiempo de lectura":"2 minutos"},"schema":{"@context":"https:\/\/schema.org","@graph":[{"@type":"WebPage","@id":"https:\/\/www.ccfsrl.com\/es\/equipos-para-helados-mantecado\/","url":"https:\/\/www.ccfsrl.com\/es\/equipos-para-helados-mantecado\/","name":"Equipos para helados mantecado | CCF","isPartOf":{"@id":"https:\/\/www.ccfsrl.com\/#website"},"datePublished":"2021-09-30T15:35:46+00:00","dateModified":"2024-09-27T14:34:48+00:00","breadcrumb":{"@id":"https:\/\/www.ccfsrl.com\/es\/equipos-para-helados-mantecado\/#breadcrumb"},"inLanguage":"es","potentialAction":[{"@type":"ReadAction","target":["https:\/\/www.ccfsrl.com\/es\/equipos-para-helados-mantecado\/"]}]},{"@type":"BreadcrumbList","@id":"https:\/\/www.ccfsrl.com\/es\/equipos-para-helados-mantecado\/#breadcrumb","itemListElement":[{"@type":"ListItem","position":1,"name":"Home","item":"https:\/\/www.ccfsrl.com\/es\/"},{"@type":"ListItem","position":2,"name":"Equipos para helados mantecado"}]},{"@type":"WebSite","@id":"https:\/\/www.ccfsrl.com\/#website","url":"https:\/\/www.ccfsrl.com\/","name":"CCF","description":"Macchine per gelato su stecco","potentialAction":[{"@type":"SearchAction","target":{"@type":"EntryPoint","urlTemplate":"https:\/\/www.ccfsrl.com\/?s={search_term_string}"},"query-input":{"@type":"PropertyValueSpecification","valueRequired":true,"valueName":"search_term_string"}}],"inLanguage":"es"}]}},"_links":{"self":[{"href":"https:\/\/www.ccfsrl.com\/es\/wp-json\/wp\/v2\/pages\/22623","targetHints":{"allow":["GET"]}}],"collection":[{"href":"https:\/\/www.ccfsrl.com\/es\/wp-json\/wp\/v2\/pages"}],"about":[{"href":"https:\/\/www.ccfsrl.com\/es\/wp-json\/wp\/v2\/types\/page"}],"author":[{"embeddable":true,"href":"https:\/\/www.ccfsrl.com\/es\/wp-json\/wp\/v2\/users\/1"}],"replies":[{"embeddable":true,"href":"https:\/\/www.ccfsrl.com\/es\/wp-json\/wp\/v2\/comments?post=22623"}],"version-history":[{"count":4,"href":"https:\/\/www.ccfsrl.com\/es\/wp-json\/wp\/v2\/pages\/22623\/revisions"}],"predecessor-version":[{"id":26247,"href":"https:\/\/www.ccfsrl.com\/es\/wp-json\/wp\/v2\/pages\/22623\/revisions\/26247"}],"wp:attachment":[{"href":"https:\/\/www.ccfsrl.com\/es\/wp-json\/wp\/v2\/media?parent=22623"}],"curies":[{"name":"wp","href":"https:\/\/api.w.org\/{rel}","templated":true}]}}