{"id":22608,"date":"2021-09-30T17:14:13","date_gmt":"2021-09-30T15:14:13","guid":{"rendered":"https:\/\/www.ccfsrl.com\/?page_id=22608"},"modified":"2021-09-30T17:14:40","modified_gmt":"2021-09-30T15:14:40","slug":"chest-freezer","status":"publish","type":"page","link":"https:\/\/www.ccfsrl.com\/es\/vitrinas-para-helados-de-palo\/chest-freezer\/","title":{"rendered":"Chest Freezer"},"content":{"rendered":"<div class=\"wpb-content-wrapper\"><p>[vc_row]<\/p>\n<p>[vc_column width=&#8217;3\/4&#8242;]<\/p>\n<h2>Vitrina Chest Freezer<\/h2>\n<p><img loading=\"lazy\" decoding=\"async\" class=\"size-full wp-image-21908 aligncenter\" src=\"https:\/\/www.ccfsrl.com\/wp-content\/uploads\/2021\/06\/CHEST-FREEZER.png\" alt=\"\" width=\"615\" height=\"1000\" srcset=\"https:\/\/www.ccfsrl.com\/wp-content\/uploads\/2021\/06\/CHEST-FREEZER.png 615w, https:\/\/www.ccfsrl.com\/wp-content\/uploads\/2021\/06\/CHEST-FREEZER-185x300.png 185w\" sizes=\"auto, (max-width: 615px) 100vw, 615px\" \/><\/p>\n<p style=\"font-weight: 400;\">Chest Freezer es una vitrina para helados adecuada para la reventa a terceros de helados envasados para usar en bares, quioscos, supermercados y tiendas en general.<\/p>\n<p>[vc_empty_space height=\u00bb20px\u00bb]<a  href=\"\" target=\"_blank\"  class=\"qbutton \" style=\"\">DESCARGAR LA FICHA DE DATOS<\/a>[vc_empty_space height=\u00bb20px\u00bb]<\/p>\n<p><a  href=\"\/es\/contactos\/\" target=\"_self\"  class=\"qbutton \" style=\"\">CONTACTAR CON NOSOTROS<\/a>[vc_separator type=\u00bbtransparent\u00bb up=\u00bb65&#8243; down=\u00bb0&#8243;][\/vc_column]<\/p>\n<p>[vc_column width=&#8217;1\/4&#8242;]<\/p>\n<h3>\u00bfQuiere obtener m\u00e1s informaci\u00f3n?<\/h3>\n<p>Complete este formulario para solicitar informaci\u00f3n, cotizaciones y demostraciones t\u00e9cnicas. \u00a1Uno de nuestros asesores ya est\u00e1 a su disposici\u00f3n!<\/p>\n<p><em>Todos los campos son obligatorios<\/em><\/p>\n\n<div class=\"wpcf7 no-js\" id=\"wpcf7-f18112-o1\" lang=\"it-IT\" dir=\"ltr\">\n<div class=\"screen-reader-response\"><p role=\"status\" aria-live=\"polite\" aria-atomic=\"true\"><\/p> <ul><\/ul><\/div>\n<form action=\"\/es\/wp-json\/wp\/v2\/pages\/22608#wpcf7-f18112-o1\" method=\"post\" class=\"wpcf7-form init\" aria-label=\"Modulo di contatto\" novalidate=\"novalidate\" data-status=\"init\">\n<div style=\"display: none;\">\n<input type=\"hidden\" name=\"_wpcf7\" value=\"18112\" \/>\n<input type=\"hidden\" name=\"_wpcf7_version\" value=\"5.9.8\" \/>\n<input type=\"hidden\" name=\"_wpcf7_locale\" value=\"it_IT\" \/>\n<input type=\"hidden\" name=\"_wpcf7_unit_tag\" value=\"wpcf7-f18112-o1\" \/>\n<input type=\"hidden\" name=\"_wpcf7_container_post\" value=\"0\" \/>\n<input type=\"hidden\" name=\"_wpcf7_posted_data_hash\" value=\"\" \/>\n<input type=\"hidden\" name=\"_wpcf7_recaptcha_response\" value=\"\" \/>\n<\/div>\n\n<p>Su nombre\n<\/p>\n<p><span class=\"wpcf7-form-control-wrap\" data-name=\"your-name\"><input size=\"40\" maxlength=\"400\" class=\"wpcf7-form-control wpcf7-text wpcf7-validates-as-required\" aria-required=\"true\" aria-invalid=\"false\" value=\"\" type=\"text\" name=\"your-name\" \/><\/span>\n<\/p>\n<p>Pa\u00eds\n<\/p>\n<p><span class=\"wpcf7-form-control-wrap\" data-name=\"country\"><input size=\"40\" maxlength=\"400\" class=\"wpcf7-form-control wpcf7-text wpcf7-validates-as-required\" aria-required=\"true\" aria-invalid=\"false\" value=\"\" type=\"text\" name=\"country\" \/><\/span>\n<\/p>\n<p>Ciudad\n<\/p>\n<p><span class=\"wpcf7-form-control-wrap\" data-name=\"city\"><input size=\"40\" maxlength=\"400\" class=\"wpcf7-form-control wpcf7-text wpcf7-validates-as-required\" aria-required=\"true\" aria-invalid=\"false\" value=\"\" type=\"text\" name=\"city\" \/><\/span>\n<\/p>\n<p>Su direcci\u00f3n de correo electr\u00f3nico\n<\/p>\n<p><span class=\"wpcf7-form-control-wrap\" data-name=\"your-email\"><input size=\"40\" maxlength=\"400\" class=\"wpcf7-form-control wpcf7-email wpcf7-validates-as-required wpcf7-text wpcf7-validates-as-email\" aria-required=\"true\" aria-invalid=\"false\" value=\"\" type=\"email\" name=\"your-email\" \/><\/span>\n<\/p>\n<p>N\u00famero de tel\u00e9fono\n<\/p>\n<p><span class=\"wpcf7-form-control-wrap\" data-name=\"tel-176\"><input size=\"40\" maxlength=\"400\" class=\"wpcf7-form-control wpcf7-tel wpcf7-validates-as-required wpcf7-text wpcf7-validates-as-tel\" aria-required=\"true\" aria-invalid=\"false\" value=\"\" type=\"tel\" name=\"tel-176\" \/><\/span>\n<\/p>\n<p>Seleccione el motivo de la solicitud:\n<\/p>\n<p><span class=\"wpcf7-form-control-wrap\" data-name=\"menu-487\"><select class=\"wpcf7-form-control wpcf7-select wpcf7-validates-as-required\" aria-required=\"true\" aria-invalid=\"false\" name=\"menu-487\"><option value=\"\">&#8212;Seleziona un&#039;opzione&#8212;<\/option><option value=\"Visita de uno de nuestros asesores comerciales\">Visita de uno de nuestros asesores comerciales<\/option><option value=\"Cotizaci\u00f3n\">Cotizaci\u00f3n<\/option><option value=\"Demostraci\u00f3n de producci\u00f3n\">Demostraci\u00f3n de producci\u00f3n<\/option><option value=\"Informaci\u00f3n general\">Informaci\u00f3n general<\/option><\/select><\/span>\n<\/p>\n<p>\u00bfQu\u00e9 producto le interesa? (Mantenga presionada la tecla de may\u00fasculas para seleccionar m\u00e1s de un producto)\n<\/p>\n<p><span class=\"wpcf7-form-control-wrap\" data-name=\"menu-341\"><select class=\"wpcf7-form-control wpcf7-select wpcf7-validates-as-required\" aria-required=\"true\" aria-invalid=\"false\" multiple=\"multiple\" name=\"menu-341[]\"><option value=\"GHIACCIOLA GS1000\">GHIACCIOLA GS1000<\/option><option value=\"DRIER S2\">DRIER S2<\/option><option value=\"ICY 648\">ICY 648<\/option><option value=\"DW4\">DW4<\/option><option value=\"PAI\">PAI<\/option><option value=\"CHEST FREEZER\">CHEST FREEZER<\/option><option value=\"VITRINA OMNIA ONE\">VITRINA OMNIA ONE<\/option><option value=\"VITRINA ONESHOW\">VITRINA ONESHOW<\/option><option value=\"DISPLAY FREEZER\">DISPLAY FREEZER<\/option><option value=\"MINI DISPLAY FREEZER\">MINI DISPLAY FREEZER<\/option><option value=\"CARRITO 200\">CARRITO 200<\/option><option value=\"VITRINA ARAN\">VITRINA ARAN<\/option><option value=\"CARGO BIKE\">CARGO BIKE<\/option><\/select><\/span>\n<\/p>\n<p>Su mensaje\n<\/p>\n<p><span class=\"wpcf7-form-control-wrap\" data-name=\"your-message\"><textarea cols=\"40\" rows=\"10\" maxlength=\"2000\" class=\"wpcf7-form-control wpcf7-textarea\" aria-invalid=\"false\" name=\"your-message\"><\/textarea><\/span>\n<\/p>\n<p><strong><span class=\"wpcf7-form-control-wrap\" data-name=\"checkbox-454\"><span class=\"wpcf7-form-control wpcf7-checkbox wpcf7-validates-as-required\"><span class=\"wpcf7-list-item first last\"><input type=\"checkbox\" name=\"checkbox-454[]\" value=\"Acepto los t\u00e9rminos y condiciones del tratamiento de datos.\" \/><span class=\"wpcf7-list-item-label\">Acepto los t\u00e9rminos y condiciones del tratamiento de datos.<\/span><\/span><\/span><\/span><\/strong><br \/>\nDeclaro que he le\u00eddo atentamente la pol\u00edtica de privacidad y doy mi consentimiento al tratamiento de mis datos personales para los fines establecidos en la misma. Art\u00edculos 13-14 del Reglamento (UE) 2016\/679.\n<\/p>\n<p><strong> <span class=\"wpcf7-form-control-wrap\" data-name=\"checkbox-962\"><span class=\"wpcf7-form-control wpcf7-checkbox\"><span class=\"wpcf7-list-item first last\"><input type=\"checkbox\" name=\"checkbox-962[]\" value=\"Acepto\" \/><span class=\"wpcf7-list-item-label\">Acepto<\/span><\/span><\/span><\/span>:<\/strong><br \/>\nel env\u00edo de correos electr\u00f3nicos, boletines informativos, comunicaciones comerciales o material publicitario sobre productos o servicios ofrecidos por la empresa.\n<\/p>\n<p><span id=\"wpcf7-69ef33ad4aa88-wrapper\" class=\"wpcf7-form-control-wrap honeypot-383-wrap\" style=\"display:none !important; visibility:hidden !important;\"><label for=\"wpcf7-69ef33ad4aa88-field\" class=\"hp-message\">Si prega di lasciare vuoto questo campo.<\/label><input id=\"wpcf7-69ef33ad4aa88-field\"  class=\"wpcf7-form-control wpcf7-text\" type=\"text\" name=\"honeypot-383\" value=\"\" size=\"40\" tabindex=\"-1\" autocomplete=\"new-password\" \/><\/span>\n<\/p>\n<p><input class=\"wpcf7-form-control wpcf7-submit has-spinner\" type=\"submit\" value=\"Env\u00eda\" \/>\n<\/p><div class=\"wpcf7-response-output\" aria-hidden=\"true\"><\/div>\n<\/form>\n<\/div>\n\n<p>[\/vc_column]<\/p>\n<p>[\/vc_row]<\/p>\n<\/div>","protected":false},"excerpt":{"rendered":"<p>[vc_row] [vc_column width=&#8217;3\/4&#8242;] Vitrina Chest Freezer Chest Freezer es una vitrina para helados adecuada para la reventa a terceros de helados envasados para usar en bares, quioscos, supermercados y tiendas en general. [vc_empty_space height=\u00bb20px\u00bb][vc_empty_space height=\u00bb20px\u00bb] [vc_separator type=\u00bbtransparent\u00bb up=\u00bb65&#8243; down=\u00bb0&#8243;][\/vc_column] [vc_column width=&#8217;1\/4&#8242;] \u00bfQuiere obtener m\u00e1s informaci\u00f3n?&#8230;<\/p>\n","protected":false},"author":1,"featured_media":0,"parent":22588,"menu_order":0,"comment_status":"closed","ping_status":"closed","template":"","meta":{"footnotes":""},"class_list":["post-22608","page","type-page","status-publish","hentry"],"yoast_head":"<!-- This site is optimized with the Yoast SEO plugin v23.6 - https:\/\/yoast.com\/wordpress\/plugins\/seo\/ -->\n<title>Chest Freezer | CCF<\/title>\n<meta name=\"robots\" content=\"index, follow, max-snippet:-1, max-image-preview:large, max-video-preview:-1\" \/>\n<link rel=\"canonical\" href=\"https:\/\/www.ccfsrl.com\/es\/vitrinas-para-helados-de-palo\/chest-freezer\/\" \/>\n<meta property=\"og:locale\" content=\"es_ES\" \/>\n<meta property=\"og:type\" content=\"article\" \/>\n<meta property=\"og:title\" content=\"Chest Freezer | CCF\" \/>\n<meta property=\"og:description\" content=\"[vc_row] [vc_column width=&#8217;3\/4&#8242;] Vitrina Chest Freezer Chest Freezer es una vitrina para helados adecuada para la reventa a terceros de helados envasados para usar en bares, quioscos, supermercados y tiendas en general. [vc_empty_space height=\u00bb20px\u00bb][vc_empty_space height=\u00bb20px\u00bb] [vc_separator type=\u00bbtransparent\u00bb up=\u00bb65&#8243; down=\u00bb0&#8243;][\/vc_column] [vc_column width=&#8217;1\/4&#8242;] \u00bfQuiere obtener m\u00e1s informaci\u00f3n?...\" \/>\n<meta property=\"og:url\" content=\"https:\/\/www.ccfsrl.com\/es\/vitrinas-para-helados-de-palo\/chest-freezer\/\" \/>\n<meta property=\"og:site_name\" content=\"CCF\" \/>\n<meta property=\"article:modified_time\" content=\"2021-09-30T15:14:40+00:00\" \/>\n<meta property=\"og:image\" content=\"https:\/\/www.ccfsrl.com\/wp-content\/uploads\/2021\/06\/CHEST-FREEZER.png\" \/>\n<meta name=\"twitter:card\" content=\"summary_large_image\" \/>\n<meta name=\"twitter:label1\" content=\"Tiempo de lectura\" \/>\n\t<meta name=\"twitter:data1\" content=\"1 minuto\" \/>\n<script type=\"application\/ld+json\" class=\"yoast-schema-graph\">{\"@context\":\"https:\/\/schema.org\",\"@graph\":[{\"@type\":\"WebPage\",\"@id\":\"https:\/\/www.ccfsrl.com\/es\/vitrinas-para-helados-de-palo\/chest-freezer\/\",\"url\":\"https:\/\/www.ccfsrl.com\/es\/vitrinas-para-helados-de-palo\/chest-freezer\/\",\"name\":\"Chest Freezer | CCF\",\"isPartOf\":{\"@id\":\"https:\/\/www.ccfsrl.com\/#website\"},\"primaryImageOfPage\":{\"@id\":\"https:\/\/www.ccfsrl.com\/es\/vitrinas-para-helados-de-palo\/chest-freezer\/#primaryimage\"},\"image\":{\"@id\":\"https:\/\/www.ccfsrl.com\/es\/vitrinas-para-helados-de-palo\/chest-freezer\/#primaryimage\"},\"thumbnailUrl\":\"https:\/\/www.ccfsrl.com\/wp-content\/uploads\/2021\/06\/CHEST-FREEZER.png\",\"datePublished\":\"2021-09-30T15:14:13+00:00\",\"dateModified\":\"2021-09-30T15:14:40+00:00\",\"breadcrumb\":{\"@id\":\"https:\/\/www.ccfsrl.com\/es\/vitrinas-para-helados-de-palo\/chest-freezer\/#breadcrumb\"},\"inLanguage\":\"es\",\"potentialAction\":[{\"@type\":\"ReadAction\",\"target\":[\"https:\/\/www.ccfsrl.com\/es\/vitrinas-para-helados-de-palo\/chest-freezer\/\"]}]},{\"@type\":\"ImageObject\",\"inLanguage\":\"es\",\"@id\":\"https:\/\/www.ccfsrl.com\/es\/vitrinas-para-helados-de-palo\/chest-freezer\/#primaryimage\",\"url\":\"https:\/\/www.ccfsrl.com\/wp-content\/uploads\/2021\/06\/CHEST-FREEZER.png\",\"contentUrl\":\"https:\/\/www.ccfsrl.com\/wp-content\/uploads\/2021\/06\/CHEST-FREEZER.png\"},{\"@type\":\"BreadcrumbList\",\"@id\":\"https:\/\/www.ccfsrl.com\/es\/vitrinas-para-helados-de-palo\/chest-freezer\/#breadcrumb\",\"itemListElement\":[{\"@type\":\"ListItem\",\"position\":1,\"name\":\"Home\",\"item\":\"https:\/\/www.ccfsrl.com\/es\/\"},{\"@type\":\"ListItem\",\"position\":2,\"name\":\"Vitrinas para helados de palo\",\"item\":\"https:\/\/www.ccfsrl.com\/es\/vitrinas-para-helados-de-palo\/\"},{\"@type\":\"ListItem\",\"position\":3,\"name\":\"Chest Freezer\"}]},{\"@type\":\"WebSite\",\"@id\":\"https:\/\/www.ccfsrl.com\/#website\",\"url\":\"https:\/\/www.ccfsrl.com\/\",\"name\":\"CCF\",\"description\":\"Macchine per gelato su stecco\",\"potentialAction\":[{\"@type\":\"SearchAction\",\"target\":{\"@type\":\"EntryPoint\",\"urlTemplate\":\"https:\/\/www.ccfsrl.com\/?s={search_term_string}\"},\"query-input\":{\"@type\":\"PropertyValueSpecification\",\"valueRequired\":true,\"valueName\":\"search_term_string\"}}],\"inLanguage\":\"es\"}]}<\/script>\n<!-- \/ Yoast SEO plugin. -->","yoast_head_json":{"title":"Chest Freezer | CCF","robots":{"index":"index","follow":"follow","max-snippet":"max-snippet:-1","max-image-preview":"max-image-preview:large","max-video-preview":"max-video-preview:-1"},"canonical":"https:\/\/www.ccfsrl.com\/es\/vitrinas-para-helados-de-palo\/chest-freezer\/","og_locale":"es_ES","og_type":"article","og_title":"Chest Freezer | CCF","og_description":"[vc_row] [vc_column width=&#8217;3\/4&#8242;] Vitrina Chest Freezer Chest Freezer es una vitrina para helados adecuada para la reventa a terceros de helados envasados para usar en bares, quioscos, supermercados y tiendas en general. [vc_empty_space height=\u00bb20px\u00bb][vc_empty_space height=\u00bb20px\u00bb] [vc_separator type=\u00bbtransparent\u00bb up=\u00bb65&#8243; down=\u00bb0&#8243;][\/vc_column] [vc_column width=&#8217;1\/4&#8242;] \u00bfQuiere obtener m\u00e1s informaci\u00f3n?...","og_url":"https:\/\/www.ccfsrl.com\/es\/vitrinas-para-helados-de-palo\/chest-freezer\/","og_site_name":"CCF","article_modified_time":"2021-09-30T15:14:40+00:00","og_image":[{"url":"https:\/\/www.ccfsrl.com\/wp-content\/uploads\/2021\/06\/CHEST-FREEZER.png"}],"twitter_card":"summary_large_image","twitter_misc":{"Tiempo de lectura":"1 minuto"},"schema":{"@context":"https:\/\/schema.org","@graph":[{"@type":"WebPage","@id":"https:\/\/www.ccfsrl.com\/es\/vitrinas-para-helados-de-palo\/chest-freezer\/","url":"https:\/\/www.ccfsrl.com\/es\/vitrinas-para-helados-de-palo\/chest-freezer\/","name":"Chest Freezer | CCF","isPartOf":{"@id":"https:\/\/www.ccfsrl.com\/#website"},"primaryImageOfPage":{"@id":"https:\/\/www.ccfsrl.com\/es\/vitrinas-para-helados-de-palo\/chest-freezer\/#primaryimage"},"image":{"@id":"https:\/\/www.ccfsrl.com\/es\/vitrinas-para-helados-de-palo\/chest-freezer\/#primaryimage"},"thumbnailUrl":"https:\/\/www.ccfsrl.com\/wp-content\/uploads\/2021\/06\/CHEST-FREEZER.png","datePublished":"2021-09-30T15:14:13+00:00","dateModified":"2021-09-30T15:14:40+00:00","breadcrumb":{"@id":"https:\/\/www.ccfsrl.com\/es\/vitrinas-para-helados-de-palo\/chest-freezer\/#breadcrumb"},"inLanguage":"es","potentialAction":[{"@type":"ReadAction","target":["https:\/\/www.ccfsrl.com\/es\/vitrinas-para-helados-de-palo\/chest-freezer\/"]}]},{"@type":"ImageObject","inLanguage":"es","@id":"https:\/\/www.ccfsrl.com\/es\/vitrinas-para-helados-de-palo\/chest-freezer\/#primaryimage","url":"https:\/\/www.ccfsrl.com\/wp-content\/uploads\/2021\/06\/CHEST-FREEZER.png","contentUrl":"https:\/\/www.ccfsrl.com\/wp-content\/uploads\/2021\/06\/CHEST-FREEZER.png"},{"@type":"BreadcrumbList","@id":"https:\/\/www.ccfsrl.com\/es\/vitrinas-para-helados-de-palo\/chest-freezer\/#breadcrumb","itemListElement":[{"@type":"ListItem","position":1,"name":"Home","item":"https:\/\/www.ccfsrl.com\/es\/"},{"@type":"ListItem","position":2,"name":"Vitrinas para helados de palo","item":"https:\/\/www.ccfsrl.com\/es\/vitrinas-para-helados-de-palo\/"},{"@type":"ListItem","position":3,"name":"Chest Freezer"}]},{"@type":"WebSite","@id":"https:\/\/www.ccfsrl.com\/#website","url":"https:\/\/www.ccfsrl.com\/","name":"CCF","description":"Macchine per gelato su stecco","potentialAction":[{"@type":"SearchAction","target":{"@type":"EntryPoint","urlTemplate":"https:\/\/www.ccfsrl.com\/?s={search_term_string}"},"query-input":{"@type":"PropertyValueSpecification","valueRequired":true,"valueName":"search_term_string"}}],"inLanguage":"es"}]}},"_links":{"self":[{"href":"https:\/\/www.ccfsrl.com\/es\/wp-json\/wp\/v2\/pages\/22608","targetHints":{"allow":["GET"]}}],"collection":[{"href":"https:\/\/www.ccfsrl.com\/es\/wp-json\/wp\/v2\/pages"}],"about":[{"href":"https:\/\/www.ccfsrl.com\/es\/wp-json\/wp\/v2\/types\/page"}],"author":[{"embeddable":true,"href":"https:\/\/www.ccfsrl.com\/es\/wp-json\/wp\/v2\/users\/1"}],"replies":[{"embeddable":true,"href":"https:\/\/www.ccfsrl.com\/es\/wp-json\/wp\/v2\/comments?post=22608"}],"version-history":[{"count":3,"href":"https:\/\/www.ccfsrl.com\/es\/wp-json\/wp\/v2\/pages\/22608\/revisions"}],"predecessor-version":[{"id":22612,"href":"https:\/\/www.ccfsrl.com\/es\/wp-json\/wp\/v2\/pages\/22608\/revisions\/22612"}],"up":[{"embeddable":true,"href":"https:\/\/www.ccfsrl.com\/es\/wp-json\/wp\/v2\/pages\/22588"}],"wp:attachment":[{"href":"https:\/\/www.ccfsrl.com\/es\/wp-json\/wp\/v2\/media?parent=22608"}],"curies":[{"name":"wp","href":"https:\/\/api.w.org\/{rel}","templated":true}]}}