{"id":22588,"date":"2021-09-30T15:37:14","date_gmt":"2021-09-30T13:37:14","guid":{"rendered":"https:\/\/www.ccfsrl.com\/?page_id=22588"},"modified":"2021-09-30T17:37:51","modified_gmt":"2021-09-30T15:37:51","slug":"vitrinas-para-helados-de-palo","status":"publish","type":"page","link":"https:\/\/www.ccfsrl.com\/es\/vitrinas-para-helados-de-palo\/","title":{"rendered":"Vitrinas para helados de palo"},"content":{"rendered":"<div class=\"wpb-content-wrapper\"><p>[vc_row row_type=\u00bbrow\u00bb use_row_as_full_screen_section=\u00bbno\u00bb type=\u00bbgrid\u00bb anchor=\u00bbportfolio\u00bb angled_section=\u00bbno\u00bb text_align=\u00bbleft\u00bb background_image_as_pattern=\u00bbwithout_pattern\u00bb background_color=\u00bb#ffffff\u00bb border_color=\u00bb#efefef\u00bb padding_top=\u00bb91&#8243; padding_bottom=\u00bb0&#8243; css_animation=\u00bb\u00bb][vc_column][vc_row_inner row_type=\u00bbrow\u00bb type=\u00bbfull_width\u00bb text_align=\u00bbleft\u00bb css_animation=\u00bb\u00bb][vc_column_inner width=\u00bb1\/2&#8243;][vc_single_image image=\u00bb21908&#8243; img_size=\u00bblarge\u00bb alignment=\u00bbcenter\u00bb qode_css_animation=\u00bbelement_from_left\u00bb transition_delay=\u00bb0.3&#8243; ][vc_separator type=\u00bbtransparent\u00bb up=\u00bb65&#8243; down=\u00bb0&#8243;][\/vc_column_inner][vc_column_inner width=\u00bb1\/2&#8243;][vc_separator type=\u00bbtransparent\u00bb up=\u00bb24&#8243; down=\u00bb0&#8243;][vc_column_text]<\/p>\n<h2 style=\"text-align: left; font-size: 16px;\"><a href=\"https:\/\/www.ccfsrl.com\/es\/vitrinas-para-helados-de-palo\/chest-freezer\/\">CHEST FREEZER\u00a0<\/a><\/h2>\n<p>[\/vc_column_text][vc_separator type=\u00bbtransparent\u00bb up=\u00bb3&#8243; down=\u00bb10&#8243;][vc_column_text]<\/p>\n<p style=\"font-weight: 400;\">Adecuado para la reventa a terceros de helados envasados para usar en bares, quioscos, supermercados y tiendas en general.<\/p>\n<p>[\/vc_column_text][vc_separator type=\u00bbtransparent\u00bb up=\u00bb8&#8243; down=\u00bb21&#8243;]<a  href=\"\/es\/vitrinas-para-helados-de-palo\/chest-freezer\/\" target=\"_self\"  class=\"qbutton \" style=\"\">M\u00c1S INFORMACI\u00d3N<\/a>[vc_empty_space height=\u00bb20px\u00bb]<a  href=\"https:\/\/www.ccfsrl.com\/wp-content\/uploads\/2021\/06\/Vetrinette.pdf\" target=\"_blank\"  class=\"qbutton \" style=\"\">DESCARGAR LA FICHA DE DATOS<\/a>[vc_separator type=\u00bbtransparent\u00bb up=\u00bb65&#8243; down=\u00bb0&#8243;][\/vc_column_inner][\/vc_row_inner][\/vc_column][\/vc_row]<\/p>\n<p>[vc_row row_type=\u00bbrow\u00bb use_row_as_full_screen_section=\u00bbno\u00bb type=\u00bbgrid\u00bb anchor=\u00bbportfolio\u00bb angled_section=\u00bbno\u00bb text_align=\u00bbleft\u00bb background_image_as_pattern=\u00bbwithout_pattern\u00bb background_color=\u00bb#f9f9f9&#8243; border_color=\u00bb#efefef\u00bb padding_top=\u00bb81&#8243; padding_bottom=\u00bb0&#8243; css_animation=\u00bb\u00bb][vc_column][vc_row_inner row_type=\u00bbrow\u00bb type=\u00bbfull_width\u00bb text_align=\u00bbleft\u00bb css_animation=\u00bb\u00bb][vc_column_inner width=\u00bb1\/2&#8243;][vc_separator type=\u00bbtransparent\u00bb up=\u00bb24&#8243; down=\u00bb0&#8243;][vc_column_text]<\/p>\n<h2 style=\"text-align: left; font-size: 16px;\"><a href=\"https:\/\/www.ccfsrl.com\/es\/display-freezer\/\">DISPLAY FREEZER<\/a><\/h2>\n<p>[\/vc_column_text][vc_separator type=\u00bbtransparent\u00bb up=\u00bb3&#8243; down=\u00bb10&#8243;][vc_column_text]<\/p>\n<p>Display Freezer es la vitrina dise\u00f1ada para la exposici\u00f3n y la conservaci\u00f3n de helados de palo y la refrigeraci\u00f3n est\u00e1tica garantiza una larga vida \u00fatil del producto.<\/p>\n<p>[\/vc_column_text][vc_separator type=\u00bbtransparent\u00bb up=\u00bb8&#8243; down=\u00bb21&#8243;]<a  href=\"\/es\/display-freezer\/\" target=\"_self\"  class=\"qbutton \" style=\"\">M\u00c1S INFORMACI\u00d3N<\/a>[vc_empty_space height=\u00bb20px\u00bb]<a  href=\"https:\/\/www.ccfsrl.com\/wp-content\/uploads\/2021\/06\/Vetrinette.pdf\" target=\"_blank\"  class=\"qbutton \" style=\"\">DESCARGAR LA FICHA DE DATOS<\/a>[vc_separator type=\u00bbtransparent\u00bb up=\u00bb65&#8243; down=\u00bb0&#8243;][\/vc_column_inner][vc_column_inner width=\u00bb1\/2&#8243;][vc_single_image image=\u00bb22050&#8243; img_size=\u00bblarge\u00bb alignment=\u00bbcenter\u00bb qode_css_animation=\u00bbelement_from_right\u00bb transition_delay=\u00bb0.6&#8243;][vc_separator type=\u00bbtransparent\u00bb up=\u00bb65&#8243; down=\u00bb0&#8243;][\/vc_column_inner][\/vc_row_inner][\/vc_column][\/vc_row][vc_row row_type=\u00bbrow\u00bb use_row_as_full_screen_section=\u00bbno\u00bb type=\u00bbgrid\u00bb anchor=\u00bbportfolio\u00bb angled_section=\u00bbno\u00bb text_align=\u00bbleft\u00bb background_image_as_pattern=\u00bbwithout_pattern\u00bb background_color=\u00bb#ffffff\u00bb border_color=\u00bb#efefef\u00bb padding_top=\u00bb91&#8243; padding_bottom=\u00bb0&#8243; css_animation=\u00bb\u00bb][vc_column][vc_row_inner row_type=\u00bbrow\u00bb type=\u00bbfull_width\u00bb text_align=\u00bbleft\u00bb css_animation=\u00bb\u00bb][vc_column_inner width=\u00bb1\/2&#8243;][vc_single_image image=\u00bb21930&#8243; img_size=\u00bblarge\u00bb alignment=\u00bbcenter\u00bb qode_css_animation=\u00bbelement_from_left\u00bb transition_delay=\u00bb0.3&#8243; ][vc_separator type=\u00bbtransparent\u00bb up=\u00bb65&#8243; down=\u00bb0&#8243;][\/vc_column_inner][vc_column_inner width=\u00bb1\/2&#8243;][vc_separator type=\u00bbtransparent\u00bb up=\u00bb24&#8243; down=\u00bb0&#8243;][vc_column_text]<\/p>\n<h2 style=\"text-align: left; font-size: 16px;\"><a href=\"https:\/\/www.ccfsrl.com\/es\/mini-display-freezer\/\">MINI DISPLAY FREEZER<\/a><\/h2>\n<p>[\/vc_column_text][vc_separator type=\u00bbtransparent\u00bb up=\u00bb3&#8243; down=\u00bb10&#8243;][vc_column_text]<\/p>\n<p>Mini Display Freezer ha sido dise\u00f1ada para la exposici\u00f3n y la conservaci\u00f3n de helados de palo y la refrigeraci\u00f3n est\u00e1tica garantiza una larga vida \u00fatil del producto.<\/p>\n<p>[\/vc_column_text][vc_separator type=\u00bbtransparent\u00bb up=\u00bb8&#8243; down=\u00bb21&#8243;]<a  href=\"\/es\/mini-display-freezer\/\" target=\"_self\"  class=\"qbutton \" style=\"\">M\u00c1S INFORMACI\u00d3N<\/a>[vc_empty_space height=\u00bb20px\u00bb]<a  href=\"https:\/\/www.ccfsrl.com\/wp-content\/uploads\/2021\/06\/Vetrinette.pdf\" target=\"_blank\"  class=\"qbutton \" style=\"\">DESCARGAR LA FICHA DE DATOS<\/a>[vc_separator type=\u00bbtransparent\u00bb up=\u00bb65&#8243; down=\u00bb0&#8243;][\/vc_column_inner][\/vc_row_inner][\/vc_column][\/vc_row][vc_row row_type=\u00bbrow\u00bb use_row_as_full_screen_section=\u00bbno\u00bb type=\u00bbgrid\u00bb anchor=\u00bbportfolio\u00bb angled_section=\u00bbno\u00bb text_align=\u00bbleft\u00bb background_image_as_pattern=\u00bbwithout_pattern\u00bb background_color=\u00bb#f9f9f9&#8243; border_color=\u00bb#efefef\u00bb padding_top=\u00bb81&#8243; padding_bottom=\u00bb0&#8243; css_animation=\u00bb\u00bb][vc_column][vc_row_inner row_type=\u00bbrow\u00bb type=\u00bbfull_width\u00bb text_align=\u00bbleft\u00bb css_animation=\u00bb\u00bb][vc_column_inner width=\u00bb1\/2&#8243;][vc_separator type=\u00bbtransparent\u00bb up=\u00bb24&#8243; down=\u00bb0&#8243;][vc_column_text]<\/p>\n<h2 style=\"text-align: left; font-size: 16px;\"><a href=\"\/es\/vitrina-para-helados-de-palo-aran\/\">EXPOSITOR REFRIGERADO ARAN<\/a><\/h2>\n<p>[\/vc_column_text][vc_separator type=\u00bbtransparent\u00bb up=\u00bb3&#8243; down=\u00bb10&#8243;][vc_column_text]<\/p>\n<p>Expositor refrigerado espec\u00edfico para helados de palo.<\/p>\n<p>[\/vc_column_text][vc_separator type=\u00bbtransparent\u00bb up=\u00bb8&#8243; down=\u00bb21&#8243;]<a  href=\"\/es\/vitrina-para-helados-de-palo-aran\/\" target=\"_self\"  class=\"qbutton \" style=\"\">M\u00c1S INFORMACI\u00d3N<\/a>[vc_empty_space height=\u00bb20px\u00bb]<a  href=\"\/wp-content\/uploads\/2019\/05\/CCF_ARAN-esp_port-stampa.pdf\" target=\"_blank\"  class=\"qbutton \" style=\"\">DESCARGAR LA FICHA DE DATOS<\/a>[vc_separator type=\u00bbtransparent\u00bb up=\u00bb65&#8243; down=\u00bb0&#8243;][\/vc_column_inner][vc_column_inner width=\u00bb1\/2&#8243;][vc_single_image image=\u00bb16993&#8243; img_size=\u00bblarge\u00bb alignment=\u00bbcenter\u00bb img_link_large=\u00bbyes\u00bb qode_css_animation=\u00bbelement_from_right\u00bb transition_delay=\u00bb0.6&#8243;][vc_separator type=\u00bbtransparent\u00bb up=\u00bb65&#8243; down=\u00bb0&#8243;][\/vc_column_inner][\/vc_row_inner][\/vc_column][\/vc_row]<\/p>\n<p>[vc_row row_type=\u00bbrow\u00bb use_row_as_full_screen_section=\u00bbno\u00bb type=\u00bbgrid\u00bb anchor=\u00bbportfolio\u00bb angled_section=\u00bbno\u00bb text_align=\u00bbleft\u00bb background_image_as_pattern=\u00bbwithout_pattern\u00bb background_color=\u00bb#ffffff\u00bb border_color=\u00bb#efefef\u00bb padding_top=\u00bb91&#8243; padding_bottom=\u00bb0&#8243; css_animation=\u00bb\u00bb][vc_column][vc_row_inner row_type=\u00bbrow\u00bb type=\u00bbfull_width\u00bb text_align=\u00bbleft\u00bb css_animation=\u00bb\u00bb][vc_column_inner width=\u00bb1\/2&#8243;][vc_single_image image=\u00bb18631&#8243; img_size=\u00bblarge\u00bb alignment=\u00bbcenter\u00bb qode_css_animation=\u00bbelement_from_left\u00bb transition_delay=\u00bb0.3&#8243; ][vc_separator type=\u00bbtransparent\u00bb up=\u00bb65&#8243; down=\u00bb0&#8243;][\/vc_column_inner][vc_column_inner width=\u00bb1\/2&#8243;][vc_separator type=\u00bbtransparent\u00bb up=\u00bb24&#8243; down=\u00bb0&#8243;][vc_column_text]<\/p>\n<h2 style=\"text-align: left; font-size: 16px;\"><a href=\"\/es\/carrito-200\/\">CARRITO 200<\/a><\/h2>\n<p>[\/vc_column_text][vc_separator type=\u00bbtransparent\u00bb up=\u00bb3&#8243; down=\u00bb10&#8243;][vc_column_text]<\/p>\n<div class=\"wpb_text_column wpb_content_element \">\n<div class=\"wpb_wrapper\">\n<p>Carro para helados con vitrina sobre ruedas<\/p>\n<\/div>\n<\/div>\n<p>[\/vc_column_text][vc_separator type=\u00bbtransparent\u00bb up=\u00bb8&#8243; down=\u00bb21&#8243;]<a  href=\"\/es\/carrito-200\/\" target=\"_self\"  class=\"qbutton \" style=\"\">M\u00c1S INFORMACI\u00d3N<\/a>[vc_empty_space height=\u00bb20px\u00bb]<a  href=\"\/wp-content\/uploads\/2017\/06\/Ficha-T%C3%A9cnica-Carrito-200.pdf\" target=\"_blank\"  class=\"qbutton \" style=\"\">DESCARGAR LA FICHA DE DATOS<\/a>[vc_separator type=\u00bbtransparent\u00bb up=\u00bb65&#8243; down=\u00bb0&#8243;][\/vc_column_inner][\/vc_row_inner][\/vc_column][\/vc_row]<\/p>\n<\/div>","protected":false},"excerpt":{"rendered":"<p>[vc_row row_type=\u00bbrow\u00bb use_row_as_full_screen_section=\u00bbno\u00bb type=\u00bbgrid\u00bb anchor=\u00bbportfolio\u00bb angled_section=\u00bbno\u00bb text_align=\u00bbleft\u00bb background_image_as_pattern=\u00bbwithout_pattern\u00bb background_color=\u00bb#ffffff\u00bb border_color=\u00bb#efefef\u00bb padding_top=\u00bb91&#8243; padding_bottom=\u00bb0&#8243; css_animation=\u00bb\u00bb][vc_column][vc_row_inner row_type=\u00bbrow\u00bb type=\u00bbfull_width\u00bb text_align=\u00bbleft\u00bb css_animation=\u00bb\u00bb][vc_column_inner width=\u00bb1\/2&#8243;][vc_single_image image=\u00bb21908&#8243; img_size=\u00bblarge\u00bb alignment=\u00bbcenter\u00bb qode_css_animation=\u00bbelement_from_left\u00bb transition_delay=\u00bb0.3&#8243; ][vc_separator type=\u00bbtransparent\u00bb up=\u00bb65&#8243; down=\u00bb0&#8243;][\/vc_column_inner][vc_column_inner width=\u00bb1\/2&#8243;][vc_separator type=\u00bbtransparent\u00bb up=\u00bb24&#8243; down=\u00bb0&#8243;][vc_column_text] CHEST FREEZER\u00a0 [\/vc_column_text][vc_separator type=\u00bbtransparent\u00bb up=\u00bb3&#8243; down=\u00bb10&#8243;][vc_column_text] Adecuado para la reventa a terceros de helados&#8230;<\/p>\n","protected":false},"author":1,"featured_media":0,"parent":0,"menu_order":0,"comment_status":"open","ping_status":"closed","template":"full_width.php","meta":{"footnotes":""},"class_list":["post-22588","page","type-page","status-publish","hentry"],"yoast_head":"<!-- This site is optimized with the Yoast SEO plugin v23.6 - https:\/\/yoast.com\/wordpress\/plugins\/seo\/ -->\n<title>Vitrinas para helados de palo | CCF<\/title>\n<meta name=\"robots\" content=\"index, follow, max-snippet:-1, max-image-preview:large, max-video-preview:-1\" \/>\n<link rel=\"canonical\" href=\"https:\/\/www.ccfsrl.com\/es\/vitrinas-para-helados-de-palo\/\" \/>\n<meta property=\"og:locale\" content=\"es_ES\" \/>\n<meta property=\"og:type\" content=\"article\" \/>\n<meta property=\"og:title\" content=\"Vitrinas para helados de palo | CCF\" \/>\n<meta property=\"og:description\" content=\"[vc_row row_type=\u00bbrow\u00bb use_row_as_full_screen_section=\u00bbno\u00bb type=\u00bbgrid\u00bb anchor=\u00bbportfolio\u00bb angled_section=\u00bbno\u00bb text_align=\u00bbleft\u00bb background_image_as_pattern=\u00bbwithout_pattern\u00bb background_color=\u00bb#ffffff\u00bb border_color=\u00bb#efefef\u00bb padding_top=\u00bb91&#8243; padding_bottom=\u00bb0&#8243; css_animation=\u00bb\u00bb][vc_column][vc_row_inner row_type=\u00bbrow\u00bb type=\u00bbfull_width\u00bb text_align=\u00bbleft\u00bb css_animation=\u00bb\u00bb][vc_column_inner width=\u00bb1\/2&#8243;][vc_single_image image=\u00bb21908&#8243; img_size=\u00bblarge\u00bb alignment=\u00bbcenter\u00bb qode_css_animation=\u00bbelement_from_left\u00bb transition_delay=\u00bb0.3&#8243; ][vc_separator type=\u00bbtransparent\u00bb up=\u00bb65&#8243; down=\u00bb0&#8243;][\/vc_column_inner][vc_column_inner width=\u00bb1\/2&#8243;][vc_separator type=\u00bbtransparent\u00bb up=\u00bb24&#8243; down=\u00bb0&#8243;][vc_column_text] CHEST FREEZER\u00a0 [\/vc_column_text][vc_separator type=\u00bbtransparent\u00bb up=\u00bb3&#8243; down=\u00bb10&#8243;][vc_column_text] Adecuado para la reventa a terceros de helados...\" \/>\n<meta property=\"og:url\" content=\"https:\/\/www.ccfsrl.com\/es\/vitrinas-para-helados-de-palo\/\" \/>\n<meta property=\"og:site_name\" content=\"CCF\" \/>\n<meta property=\"article:modified_time\" content=\"2021-09-30T15:37:51+00:00\" \/>\n<meta name=\"twitter:card\" content=\"summary_large_image\" \/>\n<meta name=\"twitter:label1\" content=\"Tiempo de lectura\" \/>\n\t<meta name=\"twitter:data1\" content=\"5 minutos\" \/>\n<script type=\"application\/ld+json\" class=\"yoast-schema-graph\">{\"@context\":\"https:\/\/schema.org\",\"@graph\":[{\"@type\":\"WebPage\",\"@id\":\"https:\/\/www.ccfsrl.com\/es\/vitrinas-para-helados-de-palo\/\",\"url\":\"https:\/\/www.ccfsrl.com\/es\/vitrinas-para-helados-de-palo\/\",\"name\":\"Vitrinas para helados de palo | CCF\",\"isPartOf\":{\"@id\":\"https:\/\/www.ccfsrl.com\/#website\"},\"datePublished\":\"2021-09-30T13:37:14+00:00\",\"dateModified\":\"2021-09-30T15:37:51+00:00\",\"breadcrumb\":{\"@id\":\"https:\/\/www.ccfsrl.com\/es\/vitrinas-para-helados-de-palo\/#breadcrumb\"},\"inLanguage\":\"es\",\"potentialAction\":[{\"@type\":\"ReadAction\",\"target\":[\"https:\/\/www.ccfsrl.com\/es\/vitrinas-para-helados-de-palo\/\"]}]},{\"@type\":\"BreadcrumbList\",\"@id\":\"https:\/\/www.ccfsrl.com\/es\/vitrinas-para-helados-de-palo\/#breadcrumb\",\"itemListElement\":[{\"@type\":\"ListItem\",\"position\":1,\"name\":\"Home\",\"item\":\"https:\/\/www.ccfsrl.com\/es\/\"},{\"@type\":\"ListItem\",\"position\":2,\"name\":\"Vitrinas para helados de palo\"}]},{\"@type\":\"WebSite\",\"@id\":\"https:\/\/www.ccfsrl.com\/#website\",\"url\":\"https:\/\/www.ccfsrl.com\/\",\"name\":\"CCF\",\"description\":\"Macchine per gelato su stecco\",\"potentialAction\":[{\"@type\":\"SearchAction\",\"target\":{\"@type\":\"EntryPoint\",\"urlTemplate\":\"https:\/\/www.ccfsrl.com\/?s={search_term_string}\"},\"query-input\":{\"@type\":\"PropertyValueSpecification\",\"valueRequired\":true,\"valueName\":\"search_term_string\"}}],\"inLanguage\":\"es\"}]}<\/script>\n<!-- \/ Yoast SEO plugin. -->","yoast_head_json":{"title":"Vitrinas para helados de palo | CCF","robots":{"index":"index","follow":"follow","max-snippet":"max-snippet:-1","max-image-preview":"max-image-preview:large","max-video-preview":"max-video-preview:-1"},"canonical":"https:\/\/www.ccfsrl.com\/es\/vitrinas-para-helados-de-palo\/","og_locale":"es_ES","og_type":"article","og_title":"Vitrinas para helados de palo | CCF","og_description":"[vc_row row_type=\u00bbrow\u00bb use_row_as_full_screen_section=\u00bbno\u00bb type=\u00bbgrid\u00bb anchor=\u00bbportfolio\u00bb angled_section=\u00bbno\u00bb text_align=\u00bbleft\u00bb background_image_as_pattern=\u00bbwithout_pattern\u00bb background_color=\u00bb#ffffff\u00bb border_color=\u00bb#efefef\u00bb padding_top=\u00bb91&#8243; padding_bottom=\u00bb0&#8243; css_animation=\u00bb\u00bb][vc_column][vc_row_inner row_type=\u00bbrow\u00bb type=\u00bbfull_width\u00bb text_align=\u00bbleft\u00bb css_animation=\u00bb\u00bb][vc_column_inner width=\u00bb1\/2&#8243;][vc_single_image image=\u00bb21908&#8243; img_size=\u00bblarge\u00bb alignment=\u00bbcenter\u00bb qode_css_animation=\u00bbelement_from_left\u00bb transition_delay=\u00bb0.3&#8243; ][vc_separator type=\u00bbtransparent\u00bb up=\u00bb65&#8243; down=\u00bb0&#8243;][\/vc_column_inner][vc_column_inner width=\u00bb1\/2&#8243;][vc_separator type=\u00bbtransparent\u00bb up=\u00bb24&#8243; down=\u00bb0&#8243;][vc_column_text] CHEST FREEZER\u00a0 [\/vc_column_text][vc_separator type=\u00bbtransparent\u00bb up=\u00bb3&#8243; down=\u00bb10&#8243;][vc_column_text] Adecuado para la reventa a terceros de helados...","og_url":"https:\/\/www.ccfsrl.com\/es\/vitrinas-para-helados-de-palo\/","og_site_name":"CCF","article_modified_time":"2021-09-30T15:37:51+00:00","twitter_card":"summary_large_image","twitter_misc":{"Tiempo de lectura":"5 minutos"},"schema":{"@context":"https:\/\/schema.org","@graph":[{"@type":"WebPage","@id":"https:\/\/www.ccfsrl.com\/es\/vitrinas-para-helados-de-palo\/","url":"https:\/\/www.ccfsrl.com\/es\/vitrinas-para-helados-de-palo\/","name":"Vitrinas para helados de palo | CCF","isPartOf":{"@id":"https:\/\/www.ccfsrl.com\/#website"},"datePublished":"2021-09-30T13:37:14+00:00","dateModified":"2021-09-30T15:37:51+00:00","breadcrumb":{"@id":"https:\/\/www.ccfsrl.com\/es\/vitrinas-para-helados-de-palo\/#breadcrumb"},"inLanguage":"es","potentialAction":[{"@type":"ReadAction","target":["https:\/\/www.ccfsrl.com\/es\/vitrinas-para-helados-de-palo\/"]}]},{"@type":"BreadcrumbList","@id":"https:\/\/www.ccfsrl.com\/es\/vitrinas-para-helados-de-palo\/#breadcrumb","itemListElement":[{"@type":"ListItem","position":1,"name":"Home","item":"https:\/\/www.ccfsrl.com\/es\/"},{"@type":"ListItem","position":2,"name":"Vitrinas para helados de palo"}]},{"@type":"WebSite","@id":"https:\/\/www.ccfsrl.com\/#website","url":"https:\/\/www.ccfsrl.com\/","name":"CCF","description":"Macchine per gelato su stecco","potentialAction":[{"@type":"SearchAction","target":{"@type":"EntryPoint","urlTemplate":"https:\/\/www.ccfsrl.com\/?s={search_term_string}"},"query-input":{"@type":"PropertyValueSpecification","valueRequired":true,"valueName":"search_term_string"}}],"inLanguage":"es"}]}},"_links":{"self":[{"href":"https:\/\/www.ccfsrl.com\/es\/wp-json\/wp\/v2\/pages\/22588","targetHints":{"allow":["GET"]}}],"collection":[{"href":"https:\/\/www.ccfsrl.com\/es\/wp-json\/wp\/v2\/pages"}],"about":[{"href":"https:\/\/www.ccfsrl.com\/es\/wp-json\/wp\/v2\/types\/page"}],"author":[{"embeddable":true,"href":"https:\/\/www.ccfsrl.com\/es\/wp-json\/wp\/v2\/users\/1"}],"replies":[{"embeddable":true,"href":"https:\/\/www.ccfsrl.com\/es\/wp-json\/wp\/v2\/comments?post=22588"}],"version-history":[{"count":3,"href":"https:\/\/www.ccfsrl.com\/es\/wp-json\/wp\/v2\/pages\/22588\/revisions"}],"predecessor-version":[{"id":22625,"href":"https:\/\/www.ccfsrl.com\/es\/wp-json\/wp\/v2\/pages\/22588\/revisions\/22625"}],"wp:attachment":[{"href":"https:\/\/www.ccfsrl.com\/es\/wp-json\/wp\/v2\/media?parent=22588"}],"curies":[{"name":"wp","href":"https:\/\/api.w.org\/{rel}","templated":true}]}}