{"id":18709,"date":"2017-06-22T11:51:01","date_gmt":"2017-06-22T09:51:01","guid":{"rendered":"http:\/\/www.ccfsrl.com\/?page_id=18709&#038;lang=es"},"modified":"2021-10-01T15:51:54","modified_gmt":"2021-10-01T13:51:54","slug":"bicicleta","status":"publish","type":"page","link":"https:\/\/www.ccfsrl.com\/es\/bicicleta\/","title":{"rendered":"Bicicleta"},"content":{"rendered":"<div class=\"wpb-content-wrapper\"><p>[vc_row]<\/p>\n<p>[vc_column width=&#8217;3\/4&#8242;]<\/p>\n<h2>Carro de helados con bicicleta<\/h2>\n<p><img loading=\"lazy\" decoding=\"async\" class=\"aligncenter wp-image-22350\" src=\"https:\/\/www.ccfsrl.com\/wp-content\/uploads\/2021\/07\/cargo-front3-e1627548622784-711x1024.png\" alt=\"cargo bike\" width=\"500\" height=\"720\" srcset=\"https:\/\/www.ccfsrl.com\/wp-content\/uploads\/2021\/07\/cargo-front3-e1627548622784-711x1024.png 711w, https:\/\/www.ccfsrl.com\/wp-content\/uploads\/2021\/07\/cargo-front3-e1627548622784-208x300.png 208w, https:\/\/www.ccfsrl.com\/wp-content\/uploads\/2021\/07\/cargo-front3-e1627548622784-768x1106.png 768w, https:\/\/www.ccfsrl.com\/wp-content\/uploads\/2021\/07\/cargo-front3-e1627548622784-700x1008.png 700w, https:\/\/www.ccfsrl.com\/wp-content\/uploads\/2021\/07\/cargo-front3-e1627548622784.png 886w\" sizes=\"auto, (max-width: 500px) 100vw, 500px\" \/><img loading=\"lazy\" decoding=\"async\" class=\"aligncenter wp-image-22354\" src=\"https:\/\/www.ccfsrl.com\/wp-content\/uploads\/2021\/07\/cargo-front4-e1627548704999-599x1024.png\" alt=\"cargo bike per gelato su stecco\" width=\"500\" height=\"855\" srcset=\"https:\/\/www.ccfsrl.com\/wp-content\/uploads\/2021\/07\/cargo-front4-e1627548704999-599x1024.png 599w, https:\/\/www.ccfsrl.com\/wp-content\/uploads\/2021\/07\/cargo-front4-e1627548704999-176x300.png 176w, https:\/\/www.ccfsrl.com\/wp-content\/uploads\/2021\/07\/cargo-front4-e1627548704999-768x1313.png 768w, https:\/\/www.ccfsrl.com\/wp-content\/uploads\/2021\/07\/cargo-front4-e1627548704999-700x1196.png 700w, https:\/\/www.ccfsrl.com\/wp-content\/uploads\/2021\/07\/cargo-front4-e1627548704999.png 784w\" sizes=\"auto, (max-width: 500px) 100vw, 500px\" \/><\/p>\n<p><a class=\"button\" style=\"background-color: #e6332a; border-color: #e6332a; color: #ffffff; font-size: 12px; line-height: 37px; height: 37px; -webkit-border-radius: 5px; -moz-border-radius: 5px; border-radius: 5px; display: inline-block; position: relative; width: auto; font-weight: 400; font-family: 'Raleway',sans-serif; outline: 0; padding: 0 23px; margin: 0;\" href=\"https:\/\/www.ccfsrl.com\/wp-content\/uploads\/2021\/07\/cargo-bike-gelato-su-stecco.pdf\" target=\"_blank\" rel=\"noopener noreferrer\">DESCARGAR LA FICHA DE CARGO BIKE PARA HELADO DE PALO<\/a><\/p>\n<p>[vc_empty_space height=\u00bb40px\u00bb]<\/p>\n<p>La bicicleta es un <strong>sistema econ\u00f3mico<\/strong> (menos costes fijos que la tienda) <strong>y eficaz<\/strong> porque permite una amplia distribuci\u00f3n.<\/p>\n<p>Con un punto de venta itinerante <strong>se puede llegar a los sitios m\u00e1s concurridos de la ciudad en un momento determinado<\/strong>, ir a ferias y obtener un <strong>aumento directo de las ventas<\/strong> por poder estar en el lugar adecuado en el momento adecuado.<\/p>\n<p>Estimula la curiosidad, hace que la tienda y la marca sean m\u00e1s visibles.<\/p>\n<p>Adecuado para la venta de helados envasados.<\/p>\n<p>Con <strong>12 horas de conexi\u00f3n a la red el\u00e9ctrica tiene una autonom\u00eda de 8 horas<\/strong>.<\/p>\n<p><strong>Equipamiento completo<\/strong>* suministrado con:<\/p>\n<ul>\n<li>Bastidor de acero pintado con pintura en polvo<\/li>\n<li>Cambio de 5 velocidades, kit de pedaleo asistido, bater\u00eda de 15 amperios.<\/li>\n<li>Caja con paneles aislados de aluminio pintado<\/li>\n<li>Techo abatible de PVC<\/li>\n<li>Freno de estacionamiento<\/li>\n<li>Pintura personalizada<\/li>\n<li>Gr\u00e1ficos personalizados<\/li>\n<li>Plexigl\u00e1s de protecci\u00f3n antiescupitajos<\/li>\n<li>Superficie de acero inoxidable pintado<\/li>\n<li>Compartimento abatible del techo en el lado del manubrio para formar una pared equipada con tarrinas, servilletas y lista de precios, soporte para conos de 3 tubos<\/li>\n<li>Instalaci\u00f3n el\u00e9ctrica: Cuadro de protecci\u00f3n de la instalaci\u00f3n, instalaci\u00f3n de 12 voltios, instalaci\u00f3n de 220 voltios, clavija de alimentaci\u00f3n, alargador de conexi\u00f3n. Kit de autonom\u00eda de bater\u00eda con inversor, cargador de bater\u00eda, kit de bater\u00eda de 6 horas, panel solar<\/li>\n<li>Instalaci\u00f3n de agua: fregadero, lavador de dispensador, 2 cubas para agua limpia y aguas residuales<\/li>\n<li>Instalaci\u00f3n de iluminaci\u00f3n<\/li>\n<\/ul>\n<p>*equipamiento m\u00e1ximo<\/p>\n<p>En la versi\u00f3n con el <a href=\"\/es\/equipos-para-helados-mantecado\/pai\/\">PAI (contenedor aut\u00f3nomo empotrado)<\/a>, cada refrigerador tiene una temperatura controlada.<\/p>\n<p><img loading=\"lazy\" decoding=\"async\" class=\"alignnone wp-image-22246 size-full\" src=\"https:\/\/www.ccfsrl.com\/wp-content\/uploads\/2021\/07\/pai-cargo-bike-no-misure.jpg\" alt=\"cargo bike per gelato mantecato\" width=\"377\" height=\"338\" srcset=\"https:\/\/www.ccfsrl.com\/wp-content\/uploads\/2021\/07\/pai-cargo-bike-no-misure.jpg 377w, https:\/\/www.ccfsrl.com\/wp-content\/uploads\/2021\/07\/pai-cargo-bike-no-misure-300x269.jpg 300w\" sizes=\"auto, (max-width: 377px) 100vw, 377px\" \/><\/p>\n<p><a class=\"button\" style=\"background-color: #e6332a; border-color: #e6332a; color: #ffffff; font-size: 12px; line-height: 37px; height: 37px; -webkit-border-radius: 5px; -moz-border-radius: 5px; border-radius: 5px; display: inline-block; position: relative; width: auto; font-weight: 400; font-family: 'Raleway',sans-serif; outline: 0; padding: 0 23px; margin: 0;\" href=\"https:\/\/www.ccfsrl.com\/wp-content\/uploads\/2021\/07\/cargo-bike-gelato-spatolato.pdf\" target=\"_blank\" rel=\"noopener noreferrer\">DESCARGAR LA FICHA DE CARGO BIKE PARA HELADO SERVIDO CON ESP\u00c1TULA<\/a><\/p>\n<p>[vc_empty_space height=\u00bb40px\u00bb]<\/p>\n<p>[\/vc_column]<\/p>\n<p>[vc_column width=&#8217;1\/4&#8242;]<\/p>\n<h3>\u00bfQuiere obtener m\u00e1s informaci\u00f3n?<\/h3>\n<p>Complete este formulario para solicitar informaci\u00f3n, cotizaciones y demostraciones t\u00e9cnicas. \u00a1Uno de nuestros asesores ya est\u00e1 a su disposici\u00f3n!<\/p>\n<p><em>Todos los campos son obligatorios<\/em><\/p>\n\n<div class=\"wpcf7 no-js\" id=\"wpcf7-f18112-o1\" lang=\"it-IT\" dir=\"ltr\">\n<div class=\"screen-reader-response\"><p role=\"status\" aria-live=\"polite\" aria-atomic=\"true\"><\/p> <ul><\/ul><\/div>\n<form action=\"\/es\/wp-json\/wp\/v2\/pages\/18709#wpcf7-f18112-o1\" method=\"post\" class=\"wpcf7-form init\" aria-label=\"Modulo di contatto\" novalidate=\"novalidate\" data-status=\"init\">\n<div style=\"display: none;\">\n<input type=\"hidden\" name=\"_wpcf7\" value=\"18112\" \/>\n<input type=\"hidden\" name=\"_wpcf7_version\" value=\"5.9.8\" \/>\n<input type=\"hidden\" name=\"_wpcf7_locale\" value=\"it_IT\" \/>\n<input type=\"hidden\" name=\"_wpcf7_unit_tag\" value=\"wpcf7-f18112-o1\" \/>\n<input type=\"hidden\" name=\"_wpcf7_container_post\" value=\"0\" \/>\n<input type=\"hidden\" name=\"_wpcf7_posted_data_hash\" value=\"\" \/>\n<input type=\"hidden\" name=\"_wpcf7_recaptcha_response\" value=\"\" \/>\n<\/div>\n\n<p>Su nombre\n<\/p>\n<p><span class=\"wpcf7-form-control-wrap\" data-name=\"your-name\"><input size=\"40\" maxlength=\"400\" class=\"wpcf7-form-control wpcf7-text wpcf7-validates-as-required\" aria-required=\"true\" aria-invalid=\"false\" value=\"\" type=\"text\" name=\"your-name\" \/><\/span>\n<\/p>\n<p>Pa\u00eds\n<\/p>\n<p><span class=\"wpcf7-form-control-wrap\" data-name=\"country\"><input size=\"40\" maxlength=\"400\" class=\"wpcf7-form-control wpcf7-text wpcf7-validates-as-required\" aria-required=\"true\" aria-invalid=\"false\" value=\"\" type=\"text\" name=\"country\" \/><\/span>\n<\/p>\n<p>Ciudad\n<\/p>\n<p><span class=\"wpcf7-form-control-wrap\" data-name=\"city\"><input size=\"40\" maxlength=\"400\" class=\"wpcf7-form-control wpcf7-text wpcf7-validates-as-required\" aria-required=\"true\" aria-invalid=\"false\" value=\"\" type=\"text\" name=\"city\" \/><\/span>\n<\/p>\n<p>Su direcci\u00f3n de correo electr\u00f3nico\n<\/p>\n<p><span class=\"wpcf7-form-control-wrap\" data-name=\"your-email\"><input size=\"40\" maxlength=\"400\" class=\"wpcf7-form-control wpcf7-email wpcf7-validates-as-required wpcf7-text wpcf7-validates-as-email\" aria-required=\"true\" aria-invalid=\"false\" value=\"\" type=\"email\" name=\"your-email\" \/><\/span>\n<\/p>\n<p>N\u00famero de tel\u00e9fono\n<\/p>\n<p><span class=\"wpcf7-form-control-wrap\" data-name=\"tel-176\"><input size=\"40\" maxlength=\"400\" class=\"wpcf7-form-control wpcf7-tel wpcf7-validates-as-required wpcf7-text wpcf7-validates-as-tel\" aria-required=\"true\" aria-invalid=\"false\" value=\"\" type=\"tel\" name=\"tel-176\" \/><\/span>\n<\/p>\n<p>Seleccione el motivo de la solicitud:\n<\/p>\n<p><span class=\"wpcf7-form-control-wrap\" data-name=\"menu-487\"><select class=\"wpcf7-form-control wpcf7-select wpcf7-validates-as-required\" aria-required=\"true\" aria-invalid=\"false\" name=\"menu-487\"><option value=\"\">&#8212;Seleziona un&#039;opzione&#8212;<\/option><option value=\"Visita de uno de nuestros asesores comerciales\">Visita de uno de nuestros asesores comerciales<\/option><option value=\"Cotizaci\u00f3n\">Cotizaci\u00f3n<\/option><option value=\"Demostraci\u00f3n de producci\u00f3n\">Demostraci\u00f3n de producci\u00f3n<\/option><option value=\"Informaci\u00f3n general\">Informaci\u00f3n general<\/option><\/select><\/span>\n<\/p>\n<p>\u00bfQu\u00e9 producto le interesa? (Mantenga presionada la tecla de may\u00fasculas para seleccionar m\u00e1s de un producto)\n<\/p>\n<p><span class=\"wpcf7-form-control-wrap\" data-name=\"menu-341\"><select class=\"wpcf7-form-control wpcf7-select wpcf7-validates-as-required\" aria-required=\"true\" aria-invalid=\"false\" multiple=\"multiple\" name=\"menu-341[]\"><option value=\"GHIACCIOLA GS1000\">GHIACCIOLA GS1000<\/option><option value=\"DRIER S2\">DRIER S2<\/option><option value=\"ICY 648\">ICY 648<\/option><option value=\"DW4\">DW4<\/option><option value=\"PAI\">PAI<\/option><option value=\"CHEST FREEZER\">CHEST FREEZER<\/option><option value=\"VITRINA OMNIA ONE\">VITRINA OMNIA ONE<\/option><option value=\"VITRINA ONESHOW\">VITRINA ONESHOW<\/option><option value=\"DISPLAY FREEZER\">DISPLAY FREEZER<\/option><option value=\"MINI DISPLAY FREEZER\">MINI DISPLAY FREEZER<\/option><option value=\"CARRITO 200\">CARRITO 200<\/option><option value=\"VITRINA ARAN\">VITRINA ARAN<\/option><option value=\"CARGO BIKE\">CARGO BIKE<\/option><\/select><\/span>\n<\/p>\n<p>Su mensaje\n<\/p>\n<p><span class=\"wpcf7-form-control-wrap\" data-name=\"your-message\"><textarea cols=\"40\" rows=\"10\" maxlength=\"2000\" class=\"wpcf7-form-control wpcf7-textarea\" aria-invalid=\"false\" name=\"your-message\"><\/textarea><\/span>\n<\/p>\n<p><strong><span class=\"wpcf7-form-control-wrap\" data-name=\"checkbox-454\"><span class=\"wpcf7-form-control wpcf7-checkbox wpcf7-validates-as-required\"><span class=\"wpcf7-list-item first last\"><input type=\"checkbox\" name=\"checkbox-454[]\" value=\"Acepto los t\u00e9rminos y condiciones del tratamiento de datos.\" \/><span class=\"wpcf7-list-item-label\">Acepto los t\u00e9rminos y condiciones del tratamiento de datos.<\/span><\/span><\/span><\/span><\/strong><br \/>\nDeclaro que he le\u00eddo atentamente la pol\u00edtica de privacidad y doy mi consentimiento al tratamiento de mis datos personales para los fines establecidos en la misma. Art\u00edculos 13-14 del Reglamento (UE) 2016\/679.\n<\/p>\n<p><strong> <span class=\"wpcf7-form-control-wrap\" data-name=\"checkbox-962\"><span class=\"wpcf7-form-control wpcf7-checkbox\"><span class=\"wpcf7-list-item first last\"><input type=\"checkbox\" name=\"checkbox-962[]\" value=\"Acepto\" \/><span class=\"wpcf7-list-item-label\">Acepto<\/span><\/span><\/span><\/span>:<\/strong><br \/>\nel env\u00edo de correos electr\u00f3nicos, boletines informativos, comunicaciones comerciales o material publicitario sobre productos o servicios ofrecidos por la empresa.\n<\/p>\n<p><span id=\"wpcf7-69ee316f9167a-wrapper\" class=\"wpcf7-form-control-wrap honeypot-383-wrap\" style=\"display:none !important; visibility:hidden !important;\"><label for=\"wpcf7-69ee316f9167a-field\" class=\"hp-message\">Si prega di lasciare vuoto questo campo.<\/label><input id=\"wpcf7-69ee316f9167a-field\"  class=\"wpcf7-form-control wpcf7-text\" type=\"text\" name=\"honeypot-383\" value=\"\" size=\"40\" tabindex=\"-1\" autocomplete=\"new-password\" \/><\/span>\n<\/p>\n<p><input class=\"wpcf7-form-control wpcf7-submit has-spinner\" type=\"submit\" value=\"Env\u00eda\" \/>\n<\/p><div class=\"wpcf7-response-output\" aria-hidden=\"true\"><\/div>\n<\/form>\n<\/div>\n\n<p>[\/vc_column]<\/p>\n<p>[\/vc_row]<\/p>\n<\/div>","protected":false},"excerpt":{"rendered":"<p>[vc_row] [vc_column width=&#8217;3\/4&#8242;] Carro de helados con bicicleta DESCARGAR LA FICHA DE CARGO BIKE PARA HELADO DE PALO [vc_empty_space height=\u00bb40px\u00bb] La bicicleta es un sistema econ\u00f3mico (menos costes fijos que la tienda) y eficaz porque permite una amplia distribuci\u00f3n. Con un punto de venta itinerante&#8230;<\/p>\n","protected":false},"author":1,"featured_media":0,"parent":0,"menu_order":0,"comment_status":"closed","ping_status":"closed","template":"","meta":{"footnotes":""},"class_list":["post-18709","page","type-page","status-publish","hentry"],"yoast_head":"<!-- This site is optimized with the Yoast SEO plugin v23.6 - https:\/\/yoast.com\/wordpress\/plugins\/seo\/ -->\n<title>Bicicleta | CCF<\/title>\n<meta name=\"robots\" content=\"index, follow, max-snippet:-1, max-image-preview:large, max-video-preview:-1\" \/>\n<link rel=\"canonical\" href=\"https:\/\/www.ccfsrl.com\/es\/bicicleta\/\" \/>\n<meta property=\"og:locale\" content=\"es_ES\" \/>\n<meta property=\"og:type\" content=\"article\" \/>\n<meta property=\"og:title\" content=\"Bicicleta | CCF\" \/>\n<meta property=\"og:description\" content=\"[vc_row] [vc_column width=&#8217;3\/4&#8242;] Carro de helados con bicicleta DESCARGAR LA FICHA DE CARGO BIKE PARA HELADO DE PALO [vc_empty_space height=\u00bb40px\u00bb] La bicicleta es un sistema econ\u00f3mico (menos costes fijos que la tienda) y eficaz porque permite una amplia distribuci\u00f3n. Con un punto de venta itinerante...\" \/>\n<meta property=\"og:url\" content=\"https:\/\/www.ccfsrl.com\/es\/bicicleta\/\" \/>\n<meta property=\"og:site_name\" content=\"CCF\" \/>\n<meta property=\"article:modified_time\" content=\"2021-10-01T13:51:54+00:00\" \/>\n<meta property=\"og:image\" content=\"https:\/\/www.ccfsrl.com\/wp-content\/uploads\/2021\/07\/cargo-front3-e1627548622784-711x1024.png\" \/>\n<meta name=\"twitter:card\" content=\"summary_large_image\" \/>\n<meta name=\"twitter:label1\" content=\"Tiempo de lectura\" \/>\n\t<meta name=\"twitter:data1\" content=\"2 minutos\" \/>\n<script type=\"application\/ld+json\" class=\"yoast-schema-graph\">{\"@context\":\"https:\/\/schema.org\",\"@graph\":[{\"@type\":\"WebPage\",\"@id\":\"https:\/\/www.ccfsrl.com\/es\/bicicleta\/\",\"url\":\"https:\/\/www.ccfsrl.com\/es\/bicicleta\/\",\"name\":\"Bicicleta | CCF\",\"isPartOf\":{\"@id\":\"https:\/\/www.ccfsrl.com\/#website\"},\"primaryImageOfPage\":{\"@id\":\"https:\/\/www.ccfsrl.com\/es\/bicicleta\/#primaryimage\"},\"image\":{\"@id\":\"https:\/\/www.ccfsrl.com\/es\/bicicleta\/#primaryimage\"},\"thumbnailUrl\":\"https:\/\/www.ccfsrl.com\/wp-content\/uploads\/2021\/07\/cargo-front3-e1627548622784-711x1024.png\",\"datePublished\":\"2017-06-22T09:51:01+00:00\",\"dateModified\":\"2021-10-01T13:51:54+00:00\",\"breadcrumb\":{\"@id\":\"https:\/\/www.ccfsrl.com\/es\/bicicleta\/#breadcrumb\"},\"inLanguage\":\"es\",\"potentialAction\":[{\"@type\":\"ReadAction\",\"target\":[\"https:\/\/www.ccfsrl.com\/es\/bicicleta\/\"]}]},{\"@type\":\"ImageObject\",\"inLanguage\":\"es\",\"@id\":\"https:\/\/www.ccfsrl.com\/es\/bicicleta\/#primaryimage\",\"url\":\"https:\/\/www.ccfsrl.com\/wp-content\/uploads\/2021\/07\/cargo-front3-e1627548622784-711x1024.png\",\"contentUrl\":\"https:\/\/www.ccfsrl.com\/wp-content\/uploads\/2021\/07\/cargo-front3-e1627548622784-711x1024.png\"},{\"@type\":\"BreadcrumbList\",\"@id\":\"https:\/\/www.ccfsrl.com\/es\/bicicleta\/#breadcrumb\",\"itemListElement\":[{\"@type\":\"ListItem\",\"position\":1,\"name\":\"Home\",\"item\":\"https:\/\/www.ccfsrl.com\/es\/\"},{\"@type\":\"ListItem\",\"position\":2,\"name\":\"Bicicleta\"}]},{\"@type\":\"WebSite\",\"@id\":\"https:\/\/www.ccfsrl.com\/#website\",\"url\":\"https:\/\/www.ccfsrl.com\/\",\"name\":\"CCF\",\"description\":\"Macchine per gelato su stecco\",\"potentialAction\":[{\"@type\":\"SearchAction\",\"target\":{\"@type\":\"EntryPoint\",\"urlTemplate\":\"https:\/\/www.ccfsrl.com\/?s={search_term_string}\"},\"query-input\":{\"@type\":\"PropertyValueSpecification\",\"valueRequired\":true,\"valueName\":\"search_term_string\"}}],\"inLanguage\":\"es\"}]}<\/script>\n<!-- \/ Yoast SEO plugin. -->","yoast_head_json":{"title":"Bicicleta | CCF","robots":{"index":"index","follow":"follow","max-snippet":"max-snippet:-1","max-image-preview":"max-image-preview:large","max-video-preview":"max-video-preview:-1"},"canonical":"https:\/\/www.ccfsrl.com\/es\/bicicleta\/","og_locale":"es_ES","og_type":"article","og_title":"Bicicleta | CCF","og_description":"[vc_row] [vc_column width=&#8217;3\/4&#8242;] Carro de helados con bicicleta DESCARGAR LA FICHA DE CARGO BIKE PARA HELADO DE PALO [vc_empty_space height=\u00bb40px\u00bb] La bicicleta es un sistema econ\u00f3mico (menos costes fijos que la tienda) y eficaz porque permite una amplia distribuci\u00f3n. Con un punto de venta itinerante...","og_url":"https:\/\/www.ccfsrl.com\/es\/bicicleta\/","og_site_name":"CCF","article_modified_time":"2021-10-01T13:51:54+00:00","og_image":[{"url":"https:\/\/www.ccfsrl.com\/wp-content\/uploads\/2021\/07\/cargo-front3-e1627548622784-711x1024.png"}],"twitter_card":"summary_large_image","twitter_misc":{"Tiempo de lectura":"2 minutos"},"schema":{"@context":"https:\/\/schema.org","@graph":[{"@type":"WebPage","@id":"https:\/\/www.ccfsrl.com\/es\/bicicleta\/","url":"https:\/\/www.ccfsrl.com\/es\/bicicleta\/","name":"Bicicleta | CCF","isPartOf":{"@id":"https:\/\/www.ccfsrl.com\/#website"},"primaryImageOfPage":{"@id":"https:\/\/www.ccfsrl.com\/es\/bicicleta\/#primaryimage"},"image":{"@id":"https:\/\/www.ccfsrl.com\/es\/bicicleta\/#primaryimage"},"thumbnailUrl":"https:\/\/www.ccfsrl.com\/wp-content\/uploads\/2021\/07\/cargo-front3-e1627548622784-711x1024.png","datePublished":"2017-06-22T09:51:01+00:00","dateModified":"2021-10-01T13:51:54+00:00","breadcrumb":{"@id":"https:\/\/www.ccfsrl.com\/es\/bicicleta\/#breadcrumb"},"inLanguage":"es","potentialAction":[{"@type":"ReadAction","target":["https:\/\/www.ccfsrl.com\/es\/bicicleta\/"]}]},{"@type":"ImageObject","inLanguage":"es","@id":"https:\/\/www.ccfsrl.com\/es\/bicicleta\/#primaryimage","url":"https:\/\/www.ccfsrl.com\/wp-content\/uploads\/2021\/07\/cargo-front3-e1627548622784-711x1024.png","contentUrl":"https:\/\/www.ccfsrl.com\/wp-content\/uploads\/2021\/07\/cargo-front3-e1627548622784-711x1024.png"},{"@type":"BreadcrumbList","@id":"https:\/\/www.ccfsrl.com\/es\/bicicleta\/#breadcrumb","itemListElement":[{"@type":"ListItem","position":1,"name":"Home","item":"https:\/\/www.ccfsrl.com\/es\/"},{"@type":"ListItem","position":2,"name":"Bicicleta"}]},{"@type":"WebSite","@id":"https:\/\/www.ccfsrl.com\/#website","url":"https:\/\/www.ccfsrl.com\/","name":"CCF","description":"Macchine per gelato su stecco","potentialAction":[{"@type":"SearchAction","target":{"@type":"EntryPoint","urlTemplate":"https:\/\/www.ccfsrl.com\/?s={search_term_string}"},"query-input":{"@type":"PropertyValueSpecification","valueRequired":true,"valueName":"search_term_string"}}],"inLanguage":"es"}]}},"_links":{"self":[{"href":"https:\/\/www.ccfsrl.com\/es\/wp-json\/wp\/v2\/pages\/18709","targetHints":{"allow":["GET"]}}],"collection":[{"href":"https:\/\/www.ccfsrl.com\/es\/wp-json\/wp\/v2\/pages"}],"about":[{"href":"https:\/\/www.ccfsrl.com\/es\/wp-json\/wp\/v2\/types\/page"}],"author":[{"embeddable":true,"href":"https:\/\/www.ccfsrl.com\/es\/wp-json\/wp\/v2\/users\/1"}],"replies":[{"embeddable":true,"href":"https:\/\/www.ccfsrl.com\/es\/wp-json\/wp\/v2\/comments?post=18709"}],"version-history":[{"count":4,"href":"https:\/\/www.ccfsrl.com\/es\/wp-json\/wp\/v2\/pages\/18709\/revisions"}],"predecessor-version":[{"id":22662,"href":"https:\/\/www.ccfsrl.com\/es\/wp-json\/wp\/v2\/pages\/18709\/revisions\/22662"}],"wp:attachment":[{"href":"https:\/\/www.ccfsrl.com\/es\/wp-json\/wp\/v2\/media?parent=18709"}],"curies":[{"name":"wp","href":"https:\/\/api.w.org\/{rel}","templated":true}]}}