{"id":18258,"date":"2016-11-24T09:46:19","date_gmt":"2016-11-24T08:46:19","guid":{"rendered":"http:\/\/www.ccfsrl.com\/video-promo\/?lang=es"},"modified":"2025-05-21T10:37:13","modified_gmt":"2025-05-21T08:37:13","slug":"proceso-de-produccion-de-helados","status":"publish","type":"page","link":"https:\/\/www.ccfsrl.com\/es\/proceso-de-produccion-de-helados\/","title":{"rendered":"Producci\u00f3n del helado de palo artesanal: Video Promocional"},"content":{"rendered":"<div class=\"wpb-content-wrapper\"><p>[vc_row]<\/p>\n<p>[vc_column width=&#8217;3\/4&#8242;]<\/p>\n<div>\n<h2>Vitrinas de cabina modulares<\/h2>\n<p>&nbsp;<\/p>\n<\/div>\n<div class=\"container-mik\"><iframe loading=\"lazy\" class=\"video\" src=\"https:\/\/www.youtube.com\/embed\/gNzznfaelRo?si=bdwW4kdC-UVvNqL6?rel=0;showinfo=0\" width=\"300\" height=\"150\" frameborder=\"0\" allowfullscreen=\"allowfullscreen\"><\/iframe><\/div>\n<p>&nbsp;<\/p>\n<hr \/>\n<div>\n<h2>Expositores modulares de helados<\/h2>\n<p>&nbsp;<\/p>\n<\/div>\n<div class=\"container-mik\"><iframe loading=\"lazy\" class=\"video\" src=\"https:\/\/www.youtube.com\/embed\/MNU43Jd4KCw?rel=0;showinfo=0\" width=\"300\" height=\"150\" frameborder=\"0\" allowfullscreen=\"allowfullscreen\" data-mce-fragment=\"1\"><\/iframe><\/div>\n<div>&nbsp;<\/div>\n<div>&nbsp;<\/div>\n<div>&nbsp;<\/div>\n<hr>\n<div>\n<h2>Producci\u00f3n del helado de palo artesanal<\/h2>\n<p>En este v\u00eddeo le mostramos c\u00f3mo se puede hacer helado de palo artesanal con las m\u00e1quinas profesionales para helados de CCF.<\/p>\n<\/div>\n<div class=\"container-mik\"><iframe loading=\"lazy\" class=\"video\" src=\"https:\/\/www.youtube.com\/embed\/S3PEFvoVbCA?rel=0;showinfo=0\" width=\"300\" height=\"150\" frameborder=\"0\" allowfullscreen=\"allowfullscreen\" data-mce-fragment=\"1\"><\/iframe><\/div>\n<div><\/div>\n<div><\/div>\n<div><\/div>\n<hr \/>\n<div>\n<h2><\/h2>\n<h2>Sistema para grandes artesanos<\/h2>\n<p>Con el sistema CCF La Ghiacciola es posible producir 2.500 helados de palo artesanales cada d\u00eda, con un m\u00e1ximo de dos operadores y en solo cuatro metros de espacio.<\/p>\n<\/div>\n<div class=\"container-mik\"><iframe loading=\"lazy\" class=\"video\" src=\"https:\/\/www.youtube.com\/embed\/n3xiucug_2E?rel=0;showinfo=0\" width=\"300\" height=\"150\" frameborder=\"0\" allowfullscreen=\"allowfullscreen\" data-mce-fragment=\"1\"><\/iframe><\/div>\n<div><\/div>\n<div><\/div>\n<div><\/div>\n<div>\n<hr \/>\n<h2><\/h2>\n<h2>Decoraciones para helados de palo<\/h2>\n<\/div>\n<div class=\"container-mik\">\n<p><iframe loading=\"lazy\" title=\"2018 08 06 VIDEO 00001340\" width=\"1060\" height=\"596\" src=\"https:\/\/www.youtube.com\/embed\/bdtVfeodwjc?feature=oembed\" frameborder=\"0\" allow=\"accelerometer; autoplay; clipboard-write; encrypted-media; gyroscope; picture-in-picture; web-share\" referrerpolicy=\"strict-origin-when-cross-origin\" allowfullscreen><\/iframe><\/p>\n<\/div>\n<p><iframe loading=\"lazy\" title=\"2018 08 06 VIDEO 00001337\" width=\"1060\" height=\"596\" src=\"https:\/\/www.youtube.com\/embed\/q1BoDSJlcS8?feature=oembed\" frameborder=\"0\" allow=\"accelerometer; autoplay; clipboard-write; encrypted-media; gyroscope; picture-in-picture; web-share\" referrerpolicy=\"strict-origin-when-cross-origin\" allowfullscreen><\/iframe><\/p>\n<p><iframe loading=\"lazy\" title=\"2018 08 06 VIDEO 00001338\" width=\"1060\" height=\"596\" src=\"https:\/\/www.youtube.com\/embed\/zIamofHOABQ?feature=oembed\" frameborder=\"0\" allow=\"accelerometer; autoplay; clipboard-write; encrypted-media; gyroscope; picture-in-picture; web-share\" referrerpolicy=\"strict-origin-when-cross-origin\" allowfullscreen><\/iframe><\/p>\n<p><iframe loading=\"lazy\" title=\"2018 08 06 VIDEO 00001339\" width=\"1060\" height=\"596\" src=\"https:\/\/www.youtube.com\/embed\/5s4yiCp6vww?feature=oembed\" frameborder=\"0\" allow=\"accelerometer; autoplay; clipboard-write; encrypted-media; gyroscope; picture-in-picture; web-share\" referrerpolicy=\"strict-origin-when-cross-origin\" allowfullscreen><\/iframe><\/p>\n<p><iframe loading=\"lazy\" title=\"2018 08 06 VIDEO 00001341\" width=\"1060\" height=\"596\" src=\"https:\/\/www.youtube.com\/embed\/L4j3f1PFdLc?feature=oembed\" frameborder=\"0\" allow=\"accelerometer; autoplay; clipboard-write; encrypted-media; gyroscope; picture-in-picture; web-share\" referrerpolicy=\"strict-origin-when-cross-origin\" allowfullscreen><\/iframe><\/p>\n<hr style=\"height: 1px; background: #dddddd; border: none; margin: 30px 0px;\" \/>\n<div>\n<h2><\/h2>\n<h2>Producci\u00f3n industrial<\/h2>\n<\/div>\n<div class=\"container-mik\">\n<p><iframe loading=\"lazy\" title=\"Rotary machine 1000  to 3000\" width=\"1060\" height=\"596\" src=\"https:\/\/www.youtube.com\/embed\/PJUrYQls5Jg?feature=oembed\" frameborder=\"0\" allow=\"accelerometer; autoplay; clipboard-write; encrypted-media; gyroscope; picture-in-picture; web-share\" referrerpolicy=\"strict-origin-when-cross-origin\" allowfullscreen><\/iframe><\/p>\n<\/div>\n<div><\/div>\n<div><\/div>\n<div><\/div>\n<div>\n<hr \/>\n<\/div>\n<div>\n<h2><\/h2>\n<h2>Producci\u00f3n con t\u00fanel de extrusi\u00f3n<\/h2>\n<\/div>\n<p><iframe loading=\"lazy\" title=\"video produzione con tunnel estrusore\" width=\"1060\" height=\"596\" src=\"https:\/\/www.youtube.com\/embed\/TBx9YRbt6sI?feature=oembed\" frameborder=\"0\" allow=\"accelerometer; autoplay; clipboard-write; encrypted-media; gyroscope; picture-in-picture; web-share\" referrerpolicy=\"strict-origin-when-cross-origin\" allowfullscreen><\/iframe><\/p>\n<p><a class=\"button\" style=\"background-color: #e6332a; border-color: #e6332a; color: #ffffff; font-size: 12px; line-height: 37px; height: 37px; -webkit-border-radius: 5px; -moz-border-radius: 5px; border-radius: 5px; display: inline-block; position: relative; width: auto; font-weight: 400; font-family: 'Raleway',sans-serif; outline: 0; padding: 0 23px; margin: 0;\" href=\"https:\/\/www.ccfsrl.com\/es\/contactos\/\">M\u00c1S INFORMACI\u00d3N<\/a><\/p>\n<p>[vc_separator type=\u00bbtransparent\u00bb up=\u00bb65&#8243; down=\u00bb0&#8243;]<\/p>\n<p>[\/vc_column]<\/p>\n<p>[vc_column width=&#8217;1\/4&#8242;]<\/p>\n<h3>\u00bfQuiere obtener m\u00e1s informaci\u00f3n?<\/h3>\n<p>Complete este formulario para solicitar informaci\u00f3n, cotizaciones y demostraciones t\u00e9cnicas. \u00a1Uno de nuestros asesores ya est\u00e1 a su disposici\u00f3n!<\/p>\n<p><em>Todos los campos son obligatorios<\/em><\/p>\n\n<div class=\"wpcf7 no-js\" id=\"wpcf7-f18112-o1\" lang=\"it-IT\" dir=\"ltr\">\n<div class=\"screen-reader-response\"><p role=\"status\" aria-live=\"polite\" aria-atomic=\"true\"><\/p> <ul><\/ul><\/div>\n<form action=\"\/es\/wp-json\/wp\/v2\/pages\/18258#wpcf7-f18112-o1\" method=\"post\" class=\"wpcf7-form init\" aria-label=\"Modulo di contatto\" novalidate=\"novalidate\" data-status=\"init\">\n<div style=\"display: none;\">\n<input type=\"hidden\" name=\"_wpcf7\" value=\"18112\" \/>\n<input type=\"hidden\" name=\"_wpcf7_version\" value=\"5.9.8\" \/>\n<input type=\"hidden\" name=\"_wpcf7_locale\" value=\"it_IT\" \/>\n<input type=\"hidden\" name=\"_wpcf7_unit_tag\" value=\"wpcf7-f18112-o1\" \/>\n<input type=\"hidden\" name=\"_wpcf7_container_post\" value=\"0\" \/>\n<input type=\"hidden\" name=\"_wpcf7_posted_data_hash\" value=\"\" \/>\n<input type=\"hidden\" name=\"_wpcf7_recaptcha_response\" value=\"\" \/>\n<\/div>\n\n<p>Su nombre\n<\/p>\n<p><span class=\"wpcf7-form-control-wrap\" data-name=\"your-name\"><input size=\"40\" maxlength=\"400\" class=\"wpcf7-form-control wpcf7-text wpcf7-validates-as-required\" aria-required=\"true\" aria-invalid=\"false\" value=\"\" type=\"text\" name=\"your-name\" \/><\/span>\n<\/p>\n<p>Pa\u00eds\n<\/p>\n<p><span class=\"wpcf7-form-control-wrap\" data-name=\"country\"><input size=\"40\" maxlength=\"400\" class=\"wpcf7-form-control wpcf7-text wpcf7-validates-as-required\" aria-required=\"true\" aria-invalid=\"false\" value=\"\" type=\"text\" name=\"country\" \/><\/span>\n<\/p>\n<p>Ciudad\n<\/p>\n<p><span class=\"wpcf7-form-control-wrap\" data-name=\"city\"><input size=\"40\" maxlength=\"400\" class=\"wpcf7-form-control wpcf7-text wpcf7-validates-as-required\" aria-required=\"true\" aria-invalid=\"false\" value=\"\" type=\"text\" name=\"city\" \/><\/span>\n<\/p>\n<p>Su direcci\u00f3n de correo electr\u00f3nico\n<\/p>\n<p><span class=\"wpcf7-form-control-wrap\" data-name=\"your-email\"><input size=\"40\" maxlength=\"400\" class=\"wpcf7-form-control wpcf7-email wpcf7-validates-as-required wpcf7-text wpcf7-validates-as-email\" aria-required=\"true\" aria-invalid=\"false\" value=\"\" type=\"email\" name=\"your-email\" \/><\/span>\n<\/p>\n<p>N\u00famero de tel\u00e9fono\n<\/p>\n<p><span class=\"wpcf7-form-control-wrap\" data-name=\"tel-176\"><input size=\"40\" maxlength=\"400\" class=\"wpcf7-form-control wpcf7-tel wpcf7-validates-as-required wpcf7-text wpcf7-validates-as-tel\" aria-required=\"true\" aria-invalid=\"false\" value=\"\" type=\"tel\" name=\"tel-176\" \/><\/span>\n<\/p>\n<p>Seleccione el motivo de la solicitud:\n<\/p>\n<p><span class=\"wpcf7-form-control-wrap\" data-name=\"menu-487\"><select class=\"wpcf7-form-control wpcf7-select wpcf7-validates-as-required\" aria-required=\"true\" aria-invalid=\"false\" name=\"menu-487\"><option value=\"\">&#8212;Seleziona un&#039;opzione&#8212;<\/option><option value=\"Visita de uno de nuestros asesores comerciales\">Visita de uno de nuestros asesores comerciales<\/option><option value=\"Cotizaci\u00f3n\">Cotizaci\u00f3n<\/option><option value=\"Demostraci\u00f3n de producci\u00f3n\">Demostraci\u00f3n de producci\u00f3n<\/option><option value=\"Informaci\u00f3n general\">Informaci\u00f3n general<\/option><\/select><\/span>\n<\/p>\n<p>\u00bfQu\u00e9 producto le interesa? (Mantenga presionada la tecla de may\u00fasculas para seleccionar m\u00e1s de un producto)\n<\/p>\n<p><span class=\"wpcf7-form-control-wrap\" data-name=\"menu-341\"><select class=\"wpcf7-form-control wpcf7-select wpcf7-validates-as-required\" aria-required=\"true\" aria-invalid=\"false\" multiple=\"multiple\" name=\"menu-341[]\"><option value=\"GHIACCIOLA GS1000\">GHIACCIOLA GS1000<\/option><option value=\"DRIER S2\">DRIER S2<\/option><option value=\"ICY 648\">ICY 648<\/option><option value=\"DW4\">DW4<\/option><option value=\"PAI\">PAI<\/option><option value=\"CHEST FREEZER\">CHEST FREEZER<\/option><option value=\"VITRINA OMNIA ONE\">VITRINA OMNIA ONE<\/option><option value=\"VITRINA ONESHOW\">VITRINA ONESHOW<\/option><option value=\"DISPLAY FREEZER\">DISPLAY FREEZER<\/option><option value=\"MINI DISPLAY FREEZER\">MINI DISPLAY FREEZER<\/option><option value=\"CARRITO 200\">CARRITO 200<\/option><option value=\"VITRINA ARAN\">VITRINA ARAN<\/option><option value=\"CARGO BIKE\">CARGO BIKE<\/option><\/select><\/span>\n<\/p>\n<p>Su mensaje\n<\/p>\n<p><span class=\"wpcf7-form-control-wrap\" data-name=\"your-message\"><textarea cols=\"40\" rows=\"10\" maxlength=\"2000\" class=\"wpcf7-form-control wpcf7-textarea\" aria-invalid=\"false\" name=\"your-message\"><\/textarea><\/span>\n<\/p>\n<p><strong><span class=\"wpcf7-form-control-wrap\" data-name=\"checkbox-454\"><span class=\"wpcf7-form-control wpcf7-checkbox wpcf7-validates-as-required\"><span class=\"wpcf7-list-item first last\"><input type=\"checkbox\" name=\"checkbox-454[]\" value=\"Acepto los t\u00e9rminos y condiciones del tratamiento de datos.\" \/><span class=\"wpcf7-list-item-label\">Acepto los t\u00e9rminos y condiciones del tratamiento de datos.<\/span><\/span><\/span><\/span><\/strong><br \/>\nDeclaro que he le\u00eddo atentamente la pol\u00edtica de privacidad y doy mi consentimiento al tratamiento de mis datos personales para los fines establecidos en la misma. Art\u00edculos 13-14 del Reglamento (UE) 2016\/679.\n<\/p>\n<p><strong> <span class=\"wpcf7-form-control-wrap\" data-name=\"checkbox-962\"><span class=\"wpcf7-form-control wpcf7-checkbox\"><span class=\"wpcf7-list-item first last\"><input type=\"checkbox\" name=\"checkbox-962[]\" value=\"Acepto\" \/><span class=\"wpcf7-list-item-label\">Acepto<\/span><\/span><\/span><\/span>:<\/strong><br \/>\nel env\u00edo de correos electr\u00f3nicos, boletines informativos, comunicaciones comerciales o material publicitario sobre productos o servicios ofrecidos por la empresa.\n<\/p>\n<p><span id=\"wpcf7-69ee3293d7539-wrapper\" class=\"wpcf7-form-control-wrap honeypot-383-wrap\" style=\"display:none !important; visibility:hidden !important;\"><label for=\"wpcf7-69ee3293d7539-field\" class=\"hp-message\">Si prega di lasciare vuoto questo campo.<\/label><input id=\"wpcf7-69ee3293d7539-field\"  class=\"wpcf7-form-control wpcf7-text\" type=\"text\" name=\"honeypot-383\" value=\"\" size=\"40\" tabindex=\"-1\" autocomplete=\"new-password\" \/><\/span>\n<\/p>\n<p><input class=\"wpcf7-form-control wpcf7-submit has-spinner\" type=\"submit\" value=\"Env\u00eda\" \/>\n<\/p><div class=\"wpcf7-response-output\" aria-hidden=\"true\"><\/div>\n<\/form>\n<\/div>\n\n<p>[\/vc_column]<\/p>\n<p>[\/vc_row]<\/p>\n<\/div>","protected":false},"excerpt":{"rendered":"<p>[vc_row] [vc_column width=&#8217;3\/4&#8242;] Vitrinas de cabina modulares &nbsp; &nbsp; Expositores modulares de helados &nbsp; &nbsp; &nbsp; &nbsp; Producci\u00f3n del helado de palo artesanal En este v\u00eddeo le mostramos c\u00f3mo se puede hacer helado de palo artesanal con las m\u00e1quinas profesionales para helados de CCF. Sistema&#8230;<\/p>\n","protected":false},"author":1,"featured_media":0,"parent":0,"menu_order":0,"comment_status":"closed","ping_status":"closed","template":"","meta":{"footnotes":""},"class_list":["post-18258","page","type-page","status-publish","hentry"],"yoast_head":"<!-- This site is optimized with the Yoast SEO plugin v23.6 - https:\/\/yoast.com\/wordpress\/plugins\/seo\/ -->\n<title>Proceso de producci\u00f3n del helados artesanales: Video Promocional | CCF<\/title>\n<meta name=\"description\" content=\"Este video muestra el proceso de producci\u00f3n de helados de palo artesanales con la maquinas profesionales para helado C.C.F.\" \/>\n<meta name=\"robots\" content=\"index, follow, max-snippet:-1, max-image-preview:large, max-video-preview:-1\" \/>\n<link rel=\"canonical\" href=\"https:\/\/www.ccfsrl.com\/es\/proceso-de-produccion-de-helados\/\" \/>\n<meta property=\"og:locale\" content=\"es_ES\" \/>\n<meta property=\"og:type\" content=\"article\" \/>\n<meta property=\"og:title\" content=\"Proceso de producci\u00f3n del helados artesanales: Video Promocional | CCF\" \/>\n<meta property=\"og:description\" content=\"Este video muestra el proceso de producci\u00f3n de helados de palo artesanales con la maquinas profesionales para helado C.C.F.\" \/>\n<meta property=\"og:url\" content=\"https:\/\/www.ccfsrl.com\/es\/proceso-de-produccion-de-helados\/\" \/>\n<meta property=\"og:site_name\" content=\"CCF\" \/>\n<meta property=\"article:modified_time\" content=\"2025-05-21T08:37:13+00:00\" \/>\n<meta name=\"twitter:card\" content=\"summary_large_image\" \/>\n<meta name=\"twitter:label1\" content=\"Tiempo de lectura\" \/>\n\t<meta name=\"twitter:data1\" content=\"1 minuto\" \/>\n<script type=\"application\/ld+json\" class=\"yoast-schema-graph\">{\"@context\":\"https:\/\/schema.org\",\"@graph\":[{\"@type\":\"WebPage\",\"@id\":\"https:\/\/www.ccfsrl.com\/es\/proceso-de-produccion-de-helados\/\",\"url\":\"https:\/\/www.ccfsrl.com\/es\/proceso-de-produccion-de-helados\/\",\"name\":\"Proceso de producci\u00f3n del helados artesanales: Video Promocional | CCF\",\"isPartOf\":{\"@id\":\"https:\/\/www.ccfsrl.com\/#website\"},\"datePublished\":\"2016-11-24T08:46:19+00:00\",\"dateModified\":\"2025-05-21T08:37:13+00:00\",\"description\":\"Este video muestra el proceso de producci\u00f3n de helados de palo artesanales con la maquinas profesionales para helado C.C.F.\",\"breadcrumb\":{\"@id\":\"https:\/\/www.ccfsrl.com\/es\/proceso-de-produccion-de-helados\/#breadcrumb\"},\"inLanguage\":\"es\",\"potentialAction\":[{\"@type\":\"ReadAction\",\"target\":[\"https:\/\/www.ccfsrl.com\/es\/proceso-de-produccion-de-helados\/\"]}]},{\"@type\":\"BreadcrumbList\",\"@id\":\"https:\/\/www.ccfsrl.com\/es\/proceso-de-produccion-de-helados\/#breadcrumb\",\"itemListElement\":[{\"@type\":\"ListItem\",\"position\":1,\"name\":\"Home\",\"item\":\"https:\/\/www.ccfsrl.com\/es\/\"},{\"@type\":\"ListItem\",\"position\":2,\"name\":\"Producci\u00f3n del helado de palo artesanal: Video Promocional\"}]},{\"@type\":\"WebSite\",\"@id\":\"https:\/\/www.ccfsrl.com\/#website\",\"url\":\"https:\/\/www.ccfsrl.com\/\",\"name\":\"CCF\",\"description\":\"Macchine per gelato su stecco\",\"potentialAction\":[{\"@type\":\"SearchAction\",\"target\":{\"@type\":\"EntryPoint\",\"urlTemplate\":\"https:\/\/www.ccfsrl.com\/?s={search_term_string}\"},\"query-input\":{\"@type\":\"PropertyValueSpecification\",\"valueRequired\":true,\"valueName\":\"search_term_string\"}}],\"inLanguage\":\"es\"}]}<\/script>\n<!-- \/ Yoast SEO plugin. -->","yoast_head_json":{"title":"Proceso de producci\u00f3n del helados artesanales: Video Promocional | CCF","description":"Este video muestra el proceso de producci\u00f3n de helados de palo artesanales con la maquinas profesionales para helado C.C.F.","robots":{"index":"index","follow":"follow","max-snippet":"max-snippet:-1","max-image-preview":"max-image-preview:large","max-video-preview":"max-video-preview:-1"},"canonical":"https:\/\/www.ccfsrl.com\/es\/proceso-de-produccion-de-helados\/","og_locale":"es_ES","og_type":"article","og_title":"Proceso de producci\u00f3n del helados artesanales: Video Promocional | CCF","og_description":"Este video muestra el proceso de producci\u00f3n de helados de palo artesanales con la maquinas profesionales para helado C.C.F.","og_url":"https:\/\/www.ccfsrl.com\/es\/proceso-de-produccion-de-helados\/","og_site_name":"CCF","article_modified_time":"2025-05-21T08:37:13+00:00","twitter_card":"summary_large_image","twitter_misc":{"Tiempo de lectura":"1 minuto"},"schema":{"@context":"https:\/\/schema.org","@graph":[{"@type":"WebPage","@id":"https:\/\/www.ccfsrl.com\/es\/proceso-de-produccion-de-helados\/","url":"https:\/\/www.ccfsrl.com\/es\/proceso-de-produccion-de-helados\/","name":"Proceso de producci\u00f3n del helados artesanales: Video Promocional | CCF","isPartOf":{"@id":"https:\/\/www.ccfsrl.com\/#website"},"datePublished":"2016-11-24T08:46:19+00:00","dateModified":"2025-05-21T08:37:13+00:00","description":"Este video muestra el proceso de producci\u00f3n de helados de palo artesanales con la maquinas profesionales para helado C.C.F.","breadcrumb":{"@id":"https:\/\/www.ccfsrl.com\/es\/proceso-de-produccion-de-helados\/#breadcrumb"},"inLanguage":"es","potentialAction":[{"@type":"ReadAction","target":["https:\/\/www.ccfsrl.com\/es\/proceso-de-produccion-de-helados\/"]}]},{"@type":"BreadcrumbList","@id":"https:\/\/www.ccfsrl.com\/es\/proceso-de-produccion-de-helados\/#breadcrumb","itemListElement":[{"@type":"ListItem","position":1,"name":"Home","item":"https:\/\/www.ccfsrl.com\/es\/"},{"@type":"ListItem","position":2,"name":"Producci\u00f3n del helado de palo artesanal: Video Promocional"}]},{"@type":"WebSite","@id":"https:\/\/www.ccfsrl.com\/#website","url":"https:\/\/www.ccfsrl.com\/","name":"CCF","description":"Macchine per gelato su stecco","potentialAction":[{"@type":"SearchAction","target":{"@type":"EntryPoint","urlTemplate":"https:\/\/www.ccfsrl.com\/?s={search_term_string}"},"query-input":{"@type":"PropertyValueSpecification","valueRequired":true,"valueName":"search_term_string"}}],"inLanguage":"es"}]}},"_links":{"self":[{"href":"https:\/\/www.ccfsrl.com\/es\/wp-json\/wp\/v2\/pages\/18258","targetHints":{"allow":["GET"]}}],"collection":[{"href":"https:\/\/www.ccfsrl.com\/es\/wp-json\/wp\/v2\/pages"}],"about":[{"href":"https:\/\/www.ccfsrl.com\/es\/wp-json\/wp\/v2\/types\/page"}],"author":[{"embeddable":true,"href":"https:\/\/www.ccfsrl.com\/es\/wp-json\/wp\/v2\/users\/1"}],"replies":[{"embeddable":true,"href":"https:\/\/www.ccfsrl.com\/es\/wp-json\/wp\/v2\/comments?post=18258"}],"version-history":[{"count":6,"href":"https:\/\/www.ccfsrl.com\/es\/wp-json\/wp\/v2\/pages\/18258\/revisions"}],"predecessor-version":[{"id":26531,"href":"https:\/\/www.ccfsrl.com\/es\/wp-json\/wp\/v2\/pages\/18258\/revisions\/26531"}],"wp:attachment":[{"href":"https:\/\/www.ccfsrl.com\/es\/wp-json\/wp\/v2\/media?parent=18258"}],"curies":[{"name":"wp","href":"https:\/\/api.w.org\/{rel}","templated":true}]}}