{"id":18064,"date":"2016-11-21T16:38:40","date_gmt":"2016-11-21T15:38:40","guid":{"rendered":"http:\/\/www.ccfsrl.com\/?page_id=18064&#038;lang=es"},"modified":"2016-11-28T12:31:32","modified_gmt":"2016-11-28T11:31:32","slug":"helado-de-palo-para-tu-negocio","status":"publish","type":"page","link":"https:\/\/www.ccfsrl.com\/es\/helado-de-palo-para-tu-negocio\/","title":{"rendered":"HELADO DE PALO: UNA IDEA GENUINA Y ORIGINAL PARA TU NEGOCIO"},"content":{"rendered":"<div class=\"wpb-content-wrapper\"><p>[vc_row]<\/p>\n<p>[vc_column width=&#8217;3\/4&#8242;]<\/p>\n<p>\u00c9rase una vez el helado de palo artesanal&#8230; As\u00ed es c\u00f3mo comienza la historia del helado italiano de palo pero tambi\u00e9n la historia de la <a href=\"http:\/\/www.ccfsrl.com\/\" target=\"_blank\">empresa CCF<\/a>.<\/p>\n<p>&nbsp;<\/p>\n<p>Con gran pasi\u00f3n y dedicaci\u00f3n, la CCF ha llevado adelante una tradici\u00f3n que exporta la marca <strong>\u00abmade in Italy\u00bb<\/strong> a todo el mundo. Y hoy podemos afirmar que el helado de palo artesanal de anta\u00f1o a\u00fan existe.<\/p>\n<p>&nbsp;<\/p>\n<p><strong>Ne\u00a1 Nadie antes que nosotros hab\u00eda pensado en crear un helado de palo artesanal de alta calidad!<\/strong><\/p>\n<h2><img loading=\"lazy\" decoding=\"async\" class=\"aligncenter wp-image-17738 size-full\" title=\"helado de palo\" src=\"http:\/\/www.ccfsrl.com\/wp-content\/uploads\/2016\/09\/gelatosustecco.png\" alt=\"helado de palo\" width=\"924\" height=\"471\" srcset=\"https:\/\/www.ccfsrl.com\/wp-content\/uploads\/2016\/09\/gelatosustecco.png 924w, https:\/\/www.ccfsrl.com\/wp-content\/uploads\/2016\/09\/gelatosustecco-300x153.png 300w, https:\/\/www.ccfsrl.com\/wp-content\/uploads\/2016\/09\/gelatosustecco-768x391.png 768w, https:\/\/www.ccfsrl.com\/wp-content\/uploads\/2016\/09\/gelatosustecco-700x357.png 700w\" sizes=\"auto, (max-width: 924px) 100vw, 924px\" \/><\/h2>\n<h2>\u00bfQU\u00c9 HACE ESPECIAL EL HELADO DE PALO?<\/h2>\n<p>El <strong>proceso<\/strong> de producci\u00f3n es <strong>sencillo<\/strong>, las <strong>decoraciones son infinitas, no hay ning\u00fan derroche de producto<\/strong> y, en especial, <strong>la calidad es alt\u00edsima<\/strong>: un helado con una consistencia cremosa, sin aire, gustoso y fresco como el helado artesanal, 100% genuino.<\/p>\n<p>&nbsp;<\/p>\n<p><strong>Los helados de crema<\/strong>\u00a0son una combinaci\u00f3n de nata y leche, mientras que los sorbetes\u00a0se producen con pocos ingredientes simples y genuinos: fruta fresca, agua y az\u00facar.<\/p>\n<p>&nbsp;<\/p>\n<p>Con las m\u00e1quinas profesionales CCF se pueden producir helados <strong>sin conservantes, colorantes, aromas artificiales, grasas vegetales hidrogenadas, emulsionantes sint\u00e9ticos ni mono y diglic\u00e9ridos de \u00e1cidos grasos<\/strong>.<\/p>\n<p>&nbsp;<\/p>\n<p>La cremosidad y la calidad del producto acabado son el resultado de un proceso realizado con los instrumentos adecuados, puestos a punto por la empresa.\u00a0De hecho, para alcanzar este objetivo, <strong>la CCF propone una gama de m\u00e1quinas profesionales para el helado<\/strong>, pensadas para la producci\u00f3n de un helado artesanal sencillo, gustoso y natural, que simplifique el trabajo del heladero.<\/p>\n<p>&nbsp;<\/p>\n<p><strong>El helado de palo es un producto \u00fanico e inimitable: en otras palabras \u00a1ORIGINAL!<\/strong><\/p>\n<p>&nbsp;<\/p>\n<p>No s\u00f3lo se puede realizar de cualquier sabor, sino que tambi\u00e9n permite <strong>sorprender a la clientela<\/strong> con decoraciones sumamente creativas y hasta crear deliciosos pasteles de helado.<\/p>\n<p>&nbsp;<\/p>\n<p>Un <strong>helado artesanal pr\u00e1ctico para llevar<\/strong> y que se mantiene <strong>blando incluso en el congelador de casa<\/strong>, conservando sus propiedades organol\u00e9pticas y estructurales inalteradas durante meses: una ventaja m\u00e1s para satisfacer a los consumidores.<\/p>\n<p>&nbsp;<\/p>\n<p>Adem\u00e1s, es el helado <strong>ideal tambi\u00e9n para cel\u00edacos o veganos<\/strong>, sin gluten, de soja, con bajo contenido glic\u00e9mico: un helado para todos.<\/p>\n<p>&nbsp;<\/p>\n<p><strong><img loading=\"lazy\" decoding=\"async\" class=\"aligncenter wp-image-17740 size-full\" title=\"helado de palo\" src=\"http:\/\/www.ccfsrl.com\/wp-content\/uploads\/2016\/10\/gelati-su-stecco.png\" alt=\"helado de palo\" width=\"924\" height=\"471\" srcset=\"https:\/\/www.ccfsrl.com\/wp-content\/uploads\/2016\/10\/gelati-su-stecco.png 924w, https:\/\/www.ccfsrl.com\/wp-content\/uploads\/2016\/10\/gelati-su-stecco-300x153.png 300w, https:\/\/www.ccfsrl.com\/wp-content\/uploads\/2016\/10\/gelati-su-stecco-768x391.png 768w, https:\/\/www.ccfsrl.com\/wp-content\/uploads\/2016\/10\/gelati-su-stecco-700x357.png 700w\" sizes=\"auto, (max-width: 924px) 100vw, 924px\" \/><\/strong><\/p>\n<p>&nbsp;<\/p>\n<p><strong>En pocas palabras, la CCF ofrece m\u00e1quinas profesionales para producir helado de palo artesanal que se presta a ser una alternativa sabrosa, nutriente y sana al helado industrial.<\/strong><\/p>\n<p>&nbsp;<\/p>\n<p><a class=\"button\" style=\"background-color: #e6332a; border-color: #e6332a; color: #ffffff; font-size: 12px; line-height: 37px; height: 37px; -webkit-border-radius: 5px; -moz-border-radius: 5px; border-radius: 5px; display: inline-block; position: relative; width: auto; font-weight: 400; font-family: 'Raleway',sans-serif; outline: 0; padding: 0 23px; margin: 0;\" href=\"http:\/\/www.ccfsrl.com\/contattaci\/?lang=es\">Descubre m\u00e1s<\/a><\/p>\n<p>&nbsp;<\/p>\n<p>[\/vc_column]<\/p>\n<p>[vc_column width=&#8217;1\/4&#8242;]<\/p>\n<h3>Quieres saber m\u00e1s?<\/h3>\n<p>Rellene este formulario y pregunta m\u00e1s informacion, presupuestos y demo tecnicas.\u00a0Nuestro equipo est\u00e1 listo para ayudarte!<\/p>\n\n<div class=\"wpcf7 no-js\" id=\"wpcf7-f18113-o1\" lang=\"it-IT\" dir=\"ltr\">\n<div class=\"screen-reader-response\"><p role=\"status\" aria-live=\"polite\" aria-atomic=\"true\"><\/p> <ul><\/ul><\/div>\n<form action=\"\/es\/wp-json\/wp\/v2\/pages\/18064#wpcf7-f18113-o1\" method=\"post\" class=\"wpcf7-form init\" aria-label=\"Modulo di contatto\" novalidate=\"novalidate\" data-status=\"init\">\n<div style=\"display: none;\">\n<input type=\"hidden\" name=\"_wpcf7\" value=\"18113\" \/>\n<input type=\"hidden\" name=\"_wpcf7_version\" value=\"5.9.8\" \/>\n<input type=\"hidden\" name=\"_wpcf7_locale\" value=\"it_IT\" \/>\n<input type=\"hidden\" name=\"_wpcf7_unit_tag\" value=\"wpcf7-f18113-o1\" \/>\n<input type=\"hidden\" name=\"_wpcf7_container_post\" value=\"0\" \/>\n<input type=\"hidden\" name=\"_wpcf7_posted_data_hash\" value=\"\" \/>\n<input type=\"hidden\" name=\"_wpcf7_recaptcha_response\" value=\"\" \/>\n<\/div>\n\n<p>Nombre y Appellidos (obligatorio)\n<\/p>\n<p><span class=\"wpcf7-form-control-wrap\" data-name=\"your-name\"><input size=\"40\" maxlength=\"400\" class=\"wpcf7-form-control wpcf7-text wpcf7-validates-as-required\" aria-required=\"true\" aria-invalid=\"false\" value=\"\" type=\"text\" name=\"your-name\" \/><\/span>\n<\/p>\n<p>Pa\u00eds (obligatorio)\n<\/p>\n<p><span class=\"wpcf7-form-control-wrap\" data-name=\"country\"><input size=\"40\" maxlength=\"400\" class=\"wpcf7-form-control wpcf7-text wpcf7-validates-as-required\" aria-required=\"true\" aria-invalid=\"false\" value=\"\" type=\"text\" name=\"country\" \/><\/span>\n<\/p>\n<p>Tu correo electronico (obligatorio)\n<\/p>\n<p><span class=\"wpcf7-form-control-wrap\" data-name=\"your-email\"><input size=\"40\" maxlength=\"400\" class=\"wpcf7-form-control wpcf7-email wpcf7-validates-as-required wpcf7-text wpcf7-validates-as-email\" aria-required=\"true\" aria-invalid=\"false\" value=\"\" type=\"email\" name=\"your-email\" \/><\/span>\n<\/p>\n<p>N\u00famero de tel\u00e9fono (obligatorio)\n<\/p>\n<p><span class=\"wpcf7-form-control-wrap\" data-name=\"tel-176\"><input size=\"40\" maxlength=\"400\" class=\"wpcf7-form-control wpcf7-tel wpcf7-validates-as-required wpcf7-text wpcf7-validates-as-tel\" aria-required=\"true\" aria-invalid=\"false\" value=\"\" type=\"tel\" name=\"tel-176\" \/><\/span>\n<\/p>\n<p>Tu mensaje (obligatorio)\n<\/p>\n<p><span class=\"wpcf7-form-control-wrap\" data-name=\"your-message\"><textarea cols=\"40\" rows=\"10\" maxlength=\"2000\" class=\"wpcf7-form-control wpcf7-textarea wpcf7-validates-as-required\" aria-required=\"true\" aria-invalid=\"false\" name=\"your-message\"><\/textarea><\/span>\n<\/p>\n<p><strong><span class=\"wpcf7-form-control-wrap\" data-name=\"checkbox-454\"><span class=\"wpcf7-form-control wpcf7-checkbox wpcf7-validates-as-required\"><span class=\"wpcf7-list-item first last\"><input type=\"checkbox\" name=\"checkbox-454[]\" value=\"Acepto los t\u00e9rminos del tratamiento de datos.\" \/><span class=\"wpcf7-list-item-label\">Acepto los t\u00e9rminos del tratamiento de datos.<\/span><\/span><\/span><\/span><\/strong><br \/>\nDeclaro que he le\u00eddo atentamente la pol\u00edtica de privacidad y doy mi consentimiento para el procesamiento de mis datos personales para los fines previstos en ella. Art. 13-14 Reglamento (UE) 2016\/679.\n<\/p>\n<p><strong> <span class=\"wpcf7-form-control-wrap\" data-name=\"checkbox-962\"><span class=\"wpcf7-form-control wpcf7-checkbox\"><span class=\"wpcf7-list-item first last\"><input type=\"checkbox\" name=\"checkbox-962[]\" value=\"Acepto\" \/><span class=\"wpcf7-list-item-label\">Acepto<\/span><\/span><\/span><\/span>:<\/strong><br \/>\nEnv\u00edo por correo electr\u00f3nico, boletines, comunicaciones comerciales y \/ o material publicitario sobre productos o servicios ofrecidos por la empresa.\n<\/p>\n<p><span id=\"wpcf7-69ee6279d82b8-wrapper\" class=\"wpcf7-form-control-wrap honeypot-950-wrap\" style=\"display:none !important; visibility:hidden !important;\"><label for=\"wpcf7-69ee6279d82b8-field\" class=\"hp-message\">Si prega di lasciare vuoto questo campo.<\/label><input id=\"wpcf7-69ee6279d82b8-field\"  class=\"wpcf7-form-control wpcf7-text\" type=\"text\" name=\"honeypot-950\" value=\"\" size=\"40\" tabindex=\"-1\" autocomplete=\"new-password\" \/><\/span>\n<\/p>\n<p><input class=\"wpcf7-form-control wpcf7-submit has-spinner\" type=\"submit\" value=\"Env\u00eda\" \/>\n<\/p><div class=\"wpcf7-response-output\" aria-hidden=\"true\"><\/div>\n<\/form>\n<\/div>\n\n<p>[\/vc_column]<\/p>\n<p>[\/vc_row]<\/p>\n<p>&nbsp;<\/p>\n<\/div>","protected":false},"excerpt":{"rendered":"<p>[vc_row] [vc_column width=&#8217;3\/4&#8242;] \u00c9rase una vez el helado de palo artesanal&#8230; As\u00ed es c\u00f3mo comienza la historia del helado italiano de palo pero tambi\u00e9n la historia de la empresa CCF. &nbsp; Con gran pasi\u00f3n y dedicaci\u00f3n, la CCF ha llevado adelante una tradici\u00f3n que exporta&#8230;<\/p>\n","protected":false},"author":1,"featured_media":0,"parent":0,"menu_order":0,"comment_status":"closed","ping_status":"closed","template":"","meta":{"footnotes":""},"class_list":["post-18064","page","type-page","status-publish","hentry"],"yoast_head":"<!-- This site is optimized with the Yoast SEO plugin v23.6 - https:\/\/yoast.com\/wordpress\/plugins\/seo\/ -->\n<title>Helado de Palo: una idea genuina y original para tu negocio | CCF<\/title>\n<meta name=\"description\" content=\"la CCF ofrece m\u00e1quinas profesionales para producir helado de palo artesanal: una alternativa sabrosa, nutriente y sana al helado industrial.\" \/>\n<meta name=\"robots\" content=\"index, follow, max-snippet:-1, max-image-preview:large, max-video-preview:-1\" \/>\n<link rel=\"canonical\" href=\"https:\/\/www.ccfsrl.com\/es\/helado-de-palo-para-tu-negocio\/\" \/>\n<meta property=\"og:locale\" content=\"es_ES\" \/>\n<meta property=\"og:type\" content=\"article\" \/>\n<meta property=\"og:title\" content=\"Helado de Palo: una idea genuina y original para tu negocio | CCF\" \/>\n<meta property=\"og:description\" content=\"la CCF ofrece m\u00e1quinas profesionales para producir helado de palo artesanal: una alternativa sabrosa, nutriente y sana al helado industrial.\" \/>\n<meta property=\"og:url\" content=\"https:\/\/www.ccfsrl.com\/es\/helado-de-palo-para-tu-negocio\/\" \/>\n<meta property=\"og:site_name\" content=\"CCF\" \/>\n<meta property=\"article:modified_time\" content=\"2016-11-28T11:31:32+00:00\" \/>\n<meta property=\"og:image\" content=\"http:\/\/www.ccfsrl.com\/wp-content\/uploads\/2016\/09\/gelatosustecco.png\" \/>\n<meta name=\"twitter:card\" content=\"summary_large_image\" \/>\n<meta name=\"twitter:label1\" content=\"Tiempo de lectura\" \/>\n\t<meta name=\"twitter:data1\" content=\"2 minutos\" \/>\n<script type=\"application\/ld+json\" class=\"yoast-schema-graph\">{\"@context\":\"https:\/\/schema.org\",\"@graph\":[{\"@type\":\"WebPage\",\"@id\":\"https:\/\/www.ccfsrl.com\/es\/helado-de-palo-para-tu-negocio\/\",\"url\":\"https:\/\/www.ccfsrl.com\/es\/helado-de-palo-para-tu-negocio\/\",\"name\":\"Helado de Palo: una idea genuina y original para tu negocio | CCF\",\"isPartOf\":{\"@id\":\"https:\/\/www.ccfsrl.com\/#website\"},\"primaryImageOfPage\":{\"@id\":\"https:\/\/www.ccfsrl.com\/es\/helado-de-palo-para-tu-negocio\/#primaryimage\"},\"image\":{\"@id\":\"https:\/\/www.ccfsrl.com\/es\/helado-de-palo-para-tu-negocio\/#primaryimage\"},\"thumbnailUrl\":\"http:\/\/www.ccfsrl.com\/wp-content\/uploads\/2016\/09\/gelatosustecco.png\",\"datePublished\":\"2016-11-21T15:38:40+00:00\",\"dateModified\":\"2016-11-28T11:31:32+00:00\",\"description\":\"la CCF ofrece m\u00e1quinas profesionales para producir helado de palo artesanal: una alternativa sabrosa, nutriente y sana al helado industrial.\",\"breadcrumb\":{\"@id\":\"https:\/\/www.ccfsrl.com\/es\/helado-de-palo-para-tu-negocio\/#breadcrumb\"},\"inLanguage\":\"es\",\"potentialAction\":[{\"@type\":\"ReadAction\",\"target\":[\"https:\/\/www.ccfsrl.com\/es\/helado-de-palo-para-tu-negocio\/\"]}]},{\"@type\":\"ImageObject\",\"inLanguage\":\"es\",\"@id\":\"https:\/\/www.ccfsrl.com\/es\/helado-de-palo-para-tu-negocio\/#primaryimage\",\"url\":\"http:\/\/www.ccfsrl.com\/wp-content\/uploads\/2016\/09\/gelatosustecco.png\",\"contentUrl\":\"http:\/\/www.ccfsrl.com\/wp-content\/uploads\/2016\/09\/gelatosustecco.png\"},{\"@type\":\"BreadcrumbList\",\"@id\":\"https:\/\/www.ccfsrl.com\/es\/helado-de-palo-para-tu-negocio\/#breadcrumb\",\"itemListElement\":[{\"@type\":\"ListItem\",\"position\":1,\"name\":\"Home\",\"item\":\"https:\/\/www.ccfsrl.com\/es\/\"},{\"@type\":\"ListItem\",\"position\":2,\"name\":\"HELADO DE PALO: UNA IDEA GENUINA Y ORIGINAL PARA TU NEGOCIO\"}]},{\"@type\":\"WebSite\",\"@id\":\"https:\/\/www.ccfsrl.com\/#website\",\"url\":\"https:\/\/www.ccfsrl.com\/\",\"name\":\"CCF\",\"description\":\"Macchine per gelato su stecco\",\"potentialAction\":[{\"@type\":\"SearchAction\",\"target\":{\"@type\":\"EntryPoint\",\"urlTemplate\":\"https:\/\/www.ccfsrl.com\/?s={search_term_string}\"},\"query-input\":{\"@type\":\"PropertyValueSpecification\",\"valueRequired\":true,\"valueName\":\"search_term_string\"}}],\"inLanguage\":\"es\"}]}<\/script>\n<!-- \/ Yoast SEO plugin. -->","yoast_head_json":{"title":"Helado de Palo: una idea genuina y original para tu negocio | CCF","description":"la CCF ofrece m\u00e1quinas profesionales para producir helado de palo artesanal: una alternativa sabrosa, nutriente y sana al helado industrial.","robots":{"index":"index","follow":"follow","max-snippet":"max-snippet:-1","max-image-preview":"max-image-preview:large","max-video-preview":"max-video-preview:-1"},"canonical":"https:\/\/www.ccfsrl.com\/es\/helado-de-palo-para-tu-negocio\/","og_locale":"es_ES","og_type":"article","og_title":"Helado de Palo: una idea genuina y original para tu negocio | CCF","og_description":"la CCF ofrece m\u00e1quinas profesionales para producir helado de palo artesanal: una alternativa sabrosa, nutriente y sana al helado industrial.","og_url":"https:\/\/www.ccfsrl.com\/es\/helado-de-palo-para-tu-negocio\/","og_site_name":"CCF","article_modified_time":"2016-11-28T11:31:32+00:00","og_image":[{"url":"http:\/\/www.ccfsrl.com\/wp-content\/uploads\/2016\/09\/gelatosustecco.png"}],"twitter_card":"summary_large_image","twitter_misc":{"Tiempo de lectura":"2 minutos"},"schema":{"@context":"https:\/\/schema.org","@graph":[{"@type":"WebPage","@id":"https:\/\/www.ccfsrl.com\/es\/helado-de-palo-para-tu-negocio\/","url":"https:\/\/www.ccfsrl.com\/es\/helado-de-palo-para-tu-negocio\/","name":"Helado de Palo: una idea genuina y original para tu negocio | CCF","isPartOf":{"@id":"https:\/\/www.ccfsrl.com\/#website"},"primaryImageOfPage":{"@id":"https:\/\/www.ccfsrl.com\/es\/helado-de-palo-para-tu-negocio\/#primaryimage"},"image":{"@id":"https:\/\/www.ccfsrl.com\/es\/helado-de-palo-para-tu-negocio\/#primaryimage"},"thumbnailUrl":"http:\/\/www.ccfsrl.com\/wp-content\/uploads\/2016\/09\/gelatosustecco.png","datePublished":"2016-11-21T15:38:40+00:00","dateModified":"2016-11-28T11:31:32+00:00","description":"la CCF ofrece m\u00e1quinas profesionales para producir helado de palo artesanal: una alternativa sabrosa, nutriente y sana al helado industrial.","breadcrumb":{"@id":"https:\/\/www.ccfsrl.com\/es\/helado-de-palo-para-tu-negocio\/#breadcrumb"},"inLanguage":"es","potentialAction":[{"@type":"ReadAction","target":["https:\/\/www.ccfsrl.com\/es\/helado-de-palo-para-tu-negocio\/"]}]},{"@type":"ImageObject","inLanguage":"es","@id":"https:\/\/www.ccfsrl.com\/es\/helado-de-palo-para-tu-negocio\/#primaryimage","url":"http:\/\/www.ccfsrl.com\/wp-content\/uploads\/2016\/09\/gelatosustecco.png","contentUrl":"http:\/\/www.ccfsrl.com\/wp-content\/uploads\/2016\/09\/gelatosustecco.png"},{"@type":"BreadcrumbList","@id":"https:\/\/www.ccfsrl.com\/es\/helado-de-palo-para-tu-negocio\/#breadcrumb","itemListElement":[{"@type":"ListItem","position":1,"name":"Home","item":"https:\/\/www.ccfsrl.com\/es\/"},{"@type":"ListItem","position":2,"name":"HELADO DE PALO: UNA IDEA GENUINA Y ORIGINAL PARA TU NEGOCIO"}]},{"@type":"WebSite","@id":"https:\/\/www.ccfsrl.com\/#website","url":"https:\/\/www.ccfsrl.com\/","name":"CCF","description":"Macchine per gelato su stecco","potentialAction":[{"@type":"SearchAction","target":{"@type":"EntryPoint","urlTemplate":"https:\/\/www.ccfsrl.com\/?s={search_term_string}"},"query-input":{"@type":"PropertyValueSpecification","valueRequired":true,"valueName":"search_term_string"}}],"inLanguage":"es"}]}},"_links":{"self":[{"href":"https:\/\/www.ccfsrl.com\/es\/wp-json\/wp\/v2\/pages\/18064","targetHints":{"allow":["GET"]}}],"collection":[{"href":"https:\/\/www.ccfsrl.com\/es\/wp-json\/wp\/v2\/pages"}],"about":[{"href":"https:\/\/www.ccfsrl.com\/es\/wp-json\/wp\/v2\/types\/page"}],"author":[{"embeddable":true,"href":"https:\/\/www.ccfsrl.com\/es\/wp-json\/wp\/v2\/users\/1"}],"replies":[{"embeddable":true,"href":"https:\/\/www.ccfsrl.com\/es\/wp-json\/wp\/v2\/comments?post=18064"}],"version-history":[{"count":5,"href":"https:\/\/www.ccfsrl.com\/es\/wp-json\/wp\/v2\/pages\/18064\/revisions"}],"predecessor-version":[{"id":18117,"href":"https:\/\/www.ccfsrl.com\/es\/wp-json\/wp\/v2\/pages\/18064\/revisions\/18117"}],"wp:attachment":[{"href":"https:\/\/www.ccfsrl.com\/es\/wp-json\/wp\/v2\/media?parent=18064"}],"curies":[{"name":"wp","href":"https:\/\/api.w.org\/{rel}","templated":true}]}}