{"id":18060,"date":"2016-11-21T16:30:03","date_gmt":"2016-11-21T15:30:03","guid":{"rendered":"http:\/\/www.ccfsrl.com\/?page_id=18060&#038;lang=es"},"modified":"2016-11-21T16:37:44","modified_gmt":"2016-11-21T15:37:44","slug":"maquinas-para-helado-profesionales-innovadoras","status":"publish","type":"page","link":"https:\/\/www.ccfsrl.com\/es\/maquinas-para-helado-profesionales-innovadoras\/","title":{"rendered":"M\u00c1QUINAS PARA HELADO PROFESIONALES E INNOVADORAS"},"content":{"rendered":"<div class=\"wpb-content-wrapper\"><p>[vc_row]<\/p>\n<p>[vc_column width=&#8217;3\/4&#8242;]<\/p>\n<p>Las m\u00e1quinas para helado, para volver a descubrir la gran tradici\u00f3n de los sorbetes y polos de un tiempo, producidos artesanalmente.<\/p>\n<p>&nbsp;<\/p>\n<p>Fundada en 1985, la <strong>CCF es una de las empresas italianas l\u00edderes en el sector de la helader\u00eda<\/strong>; especializada en la producci\u00f3n, refrigeraci\u00f3n y exposici\u00f3n del helado de palo artesanal.<\/p>\n<p>&nbsp;<\/p>\n<p>Gracias a la experiencia madurada a lo largo de los a\u00f1os y la gran pasi\u00f3n por el helado, en 2004 la CCF realiza y patenta <strong>la primera m\u00e1quina autom\u00e1tica del mundo para la producci\u00f3n de helados de palo: La Ghiacciola<\/strong>,\u00a0capaz de realizar hasta 1000 unidades por d\u00eda en ciclo continuo.<br \/>\n&nbsp;<\/p>\n<p><img loading=\"lazy\" decoding=\"async\" class=\"wp-image-17733 size-full aligncenter\" title=\"macchine per gelato\" src=\"http:\/\/www.ccfsrl.com\/wp-content\/uploads\/2016\/09\/macchine-per-gelato.png\" alt=\"macchine per gelato\" width=\"924\" height=\"471\" srcset=\"https:\/\/www.ccfsrl.com\/wp-content\/uploads\/2016\/09\/macchine-per-gelato.png 924w, https:\/\/www.ccfsrl.com\/wp-content\/uploads\/2016\/09\/macchine-per-gelato-300x153.png 300w, https:\/\/www.ccfsrl.com\/wp-content\/uploads\/2016\/09\/macchine-per-gelato-768x391.png 768w, https:\/\/www.ccfsrl.com\/wp-content\/uploads\/2016\/09\/macchine-per-gelato-700x357.png 700w\" sizes=\"auto, (max-width: 924px) 100vw, 924px\" \/><\/p>\n<p>&nbsp;<\/p>\n<p>Hoy la empresa propone <strong>m\u00e1quinas para helado profesionales<\/strong>, para que quienes conducen o desean abrir una helader\u00eda, un bar o un restaurante, puedan ofrecer a su clientela un producto sabroso, sano y aut\u00e9nticamente artesanal:\u00a0<strong>el helado de palo.<\/strong>.<\/p>\n<p>&nbsp;<\/p>\n<p>Gracias a la sofisticada e innovadora tecnolog\u00eda aplicada, las m\u00e1quinas para helado realizadas por CCF <strong>permiten producir sorbetes, polos y helados de palo<\/strong> con <strong>pocos y genuinos ingredientes<\/strong>, de forma eficiente y r\u00e1pida, con una <strong>excelente relaci\u00f3n calidad\/precio<\/strong> que permite <strong>elevadas ganancias<\/strong> incluso con producciones peque\u00f1as.<\/p>\n<p>&nbsp;<\/p>\n<p>Se trata de m\u00e1quinas para la producci\u00f3n de helados de palo estudiadas y dise\u00f1adas para <strong>simplificar el proceso productivo<\/strong>, sin comprometer la calidad del resultado. De hecho, la <strong>potente eficacia<\/strong> de las m\u00e1quinas CCF garantiza la <strong>creaci\u00f3n de un helado de alta calidad, manteniendo intacta su genuinidad y compactabilidad<\/strong> en el tiempo, satisfaciendo as\u00ed las exigencias de la clientela.<\/p>\n<p>&nbsp;<\/p>\n<p>Junto con la Ghiacciola, la <strong>CCF pone a disposici\u00f3n de sus clientes un sistema eficaz de equipos y accesorios<\/strong> espec\u00edficos para la producci\u00f3n, conservaci\u00f3n y exposici\u00f3n de los helados de palo.<\/p>\n<p>&nbsp;<br \/>\n<a class=\"button\" style=\"background-color: #e6332a; border-color: #e6332a; color: #ffffff; font-size: 12px; line-height: 37px; height: 37px; -webkit-border-radius: 5px; -moz-border-radius: 5px; border-radius: 5px; display: inline-block; position: relative; width: auto; font-weight: 400; font-family: 'Raleway',sans-serif; outline: 0; padding: 0 23px; margin: 0;\" href=\"http:\/\/www.ccfsrl.com\/contattaci\/\">SCOPRI DI PI\u00d9<\/a><\/p>\n<p>[\/vc_column]<\/p>\n<p>[vc_column width=&#8217;1\/4&#8242;]<\/p>\n<p>Vuoi saperne di pi\u00f9?<\/p>\n<p>Compila questo modulo e richiedi informazioni, preventivi e demo tecniche. Un nostro consulente \u00e8 gi\u00e0 a tua disposizione!<\/p>\n\n<div class=\"wpcf7 no-js\" id=\"wpcf7-f17907-o1\" lang=\"it-IT\" dir=\"ltr\">\n<div class=\"screen-reader-response\"><p role=\"status\" aria-live=\"polite\" aria-atomic=\"true\"><\/p> <ul><\/ul><\/div>\n<form action=\"\/es\/wp-json\/wp\/v2\/pages\/18060#wpcf7-f17907-o1\" method=\"post\" class=\"wpcf7-form init\" aria-label=\"Modulo di contatto\" novalidate=\"novalidate\" data-status=\"init\">\n<div style=\"display: none;\">\n<input type=\"hidden\" name=\"_wpcf7\" value=\"17907\" \/>\n<input type=\"hidden\" name=\"_wpcf7_version\" value=\"5.9.8\" \/>\n<input type=\"hidden\" name=\"_wpcf7_locale\" value=\"it_IT\" \/>\n<input type=\"hidden\" name=\"_wpcf7_unit_tag\" value=\"wpcf7-f17907-o1\" \/>\n<input type=\"hidden\" name=\"_wpcf7_container_post\" value=\"0\" \/>\n<input type=\"hidden\" name=\"_wpcf7_posted_data_hash\" value=\"\" \/>\n<input type=\"hidden\" name=\"_wpcf7_recaptcha_response\" value=\"\" \/>\n<\/div>\n\n<p>Il tuo nome (richiesto)\n<\/p>\n<p><span class=\"wpcf7-form-control-wrap\" data-name=\"your-name\"><input size=\"40\" maxlength=\"400\" class=\"wpcf7-form-control wpcf7-text wpcf7-validates-as-required\" aria-required=\"true\" aria-invalid=\"false\" value=\"\" type=\"text\" name=\"your-name\" \/><\/span>\n<\/p>\n<p>Paese (richiesto)\n<\/p>\n<p><span class=\"wpcf7-form-control-wrap\" data-name=\"country\"><input size=\"40\" maxlength=\"400\" class=\"wpcf7-form-control wpcf7-text wpcf7-validates-as-required\" aria-required=\"true\" aria-invalid=\"false\" value=\"\" type=\"text\" name=\"country\" \/><\/span>\n<\/p>\n<p>La tua email (richiesto)\n<\/p>\n<p><span class=\"wpcf7-form-control-wrap\" data-name=\"your-email\"><input size=\"40\" maxlength=\"400\" class=\"wpcf7-form-control wpcf7-email wpcf7-validates-as-required wpcf7-text wpcf7-validates-as-email\" aria-required=\"true\" aria-invalid=\"false\" value=\"\" type=\"email\" name=\"your-email\" \/><\/span>\n<\/p>\n<p>Telefono (richiesto)\n<\/p>\n<p><span class=\"wpcf7-form-control-wrap\" data-name=\"tel-176\"><input size=\"40\" maxlength=\"400\" class=\"wpcf7-form-control wpcf7-tel wpcf7-validates-as-required wpcf7-text wpcf7-validates-as-tel\" aria-required=\"true\" aria-invalid=\"false\" value=\"\" type=\"tel\" name=\"tel-176\" \/><\/span>\n<\/p>\n<p>Il tuo messaggio\n<\/p>\n<p><span class=\"wpcf7-form-control-wrap\" data-name=\"your-message\"><textarea cols=\"40\" rows=\"10\" maxlength=\"2000\" class=\"wpcf7-form-control wpcf7-textarea\" aria-invalid=\"false\" name=\"your-message\"><\/textarea><\/span>\n<\/p>\n<p><strong><span class=\"wpcf7-form-control-wrap\" data-name=\"checkbox-454\"><span class=\"wpcf7-form-control wpcf7-checkbox wpcf7-validates-as-required\"><span class=\"wpcf7-list-item first last\"><input type=\"checkbox\" name=\"checkbox-454[]\" value=\"Accetto i termini del trattamento dati\" \/><span class=\"wpcf7-list-item-label\">Accetto i termini del trattamento dati<\/span><\/span><\/span><\/span><\/strong><br \/>\nDichiaro di avere preso attenta visione dell\u2019informativa sulla privacy e presto il consenso al trattamento dei miei dati personali per le finalit\u00e0 al suo interno Artt. 13-14 Regolamento (UE) 2016\/679.\n<\/p>\n<p><strong> <span class=\"wpcf7-form-control-wrap\" data-name=\"checkbox-962\"><span class=\"wpcf7-form-control wpcf7-checkbox\"><span class=\"wpcf7-list-item first last\"><input type=\"checkbox\" name=\"checkbox-962[]\" value=\"Accetto\" \/><span class=\"wpcf7-list-item-label\">Accetto<\/span><\/span><\/span><\/span>:<\/strong><br \/>\nl\u2019invio via e-mail, newsletter, comunicazioni commerciali e\/o materiale pubblicitario su prodotti o servizi offerti dall\u2019azienda.\n<\/p>\n<p><span id=\"wpcf7-69fa25585632d-wrapper\" class=\"wpcf7-form-control-wrap honeypot-701-wrap\" style=\"display:none !important; visibility:hidden !important;\"><label for=\"wpcf7-69fa25585632d-field\" class=\"hp-message\">Si prega di lasciare vuoto questo campo.<\/label><input id=\"wpcf7-69fa25585632d-field\"  class=\"wpcf7-form-control wpcf7-text\" type=\"text\" name=\"honeypot-701\" value=\"\" size=\"40\" tabindex=\"-1\" autocomplete=\"new-password\" \/><\/span>\n<\/p>\n<p><input class=\"wpcf7-form-control wpcf7-submit has-spinner\" type=\"submit\" value=\"Invia\" \/>\n<\/p><div class=\"wpcf7-response-output\" aria-hidden=\"true\"><\/div>\n<\/form>\n<\/div>\n\n<div class=\"one_half last \">\n<div class=\"teaser_wrapper one center\" style=\"background-color: #0a0404; color: #fff; padding: 15px;\">\n<p><img loading=\"lazy\" decoding=\"async\" src=\"http:\/\/www.ccfsrl.com\/wp-content\/uploads\/2016\/10\/dwn1.png\" alt=\"\" width=\"47\" height=\"57\" \/><\/p>\n<div class=\"teaser_content_wrapper\">\n<h5 style=\"color: #fff;\">Download Cataloghi<\/h5>\n<div class=\"teaser_content\">\n<p>Clicca qui per scaricare i nostri cataloghi.<\/p>\n<p>&nbsp;<\/p>\n<p><a class=\"button small \" style=\"padding: 15px 32px; color: #ffffff !important; border-color: #e6332a; font-size: 12px; line-height: 37px; height: 37px; font-weight: 400; background-color: #e6332a; border-radius: 5px; -moz-border-radius: 5px; -webkit-border-radius: 5px;\" href=\"http:\/\/www.ccfsrl.com\/wp-content\/uploads\/2016\/10\/Macchine-per-il-gelato.zip\">DOWNLOAD<\/a><\/p>\n<\/div>\n<\/div>\n<\/div>\n<\/div>\n<p>[\/vc_column]<\/p>\n<p>[\/vc_row]<\/p>\n<p>&nbsp;<\/p>\n<p>&nbsp;<\/p>\n<\/div>","protected":false},"excerpt":{"rendered":"<p>[vc_row] [vc_column width=&#8217;3\/4&#8242;] Las m\u00e1quinas para helado, para volver a descubrir la gran tradici\u00f3n de los sorbetes y polos de un tiempo, producidos artesanalmente. &nbsp; Fundada en 1985, la CCF es una de las empresas italianas l\u00edderes en el sector de la helader\u00eda; especializada en&#8230;<\/p>\n","protected":false},"author":1,"featured_media":0,"parent":0,"menu_order":0,"comment_status":"closed","ping_status":"closed","template":"","meta":{"footnotes":""},"class_list":["post-18060","page","type-page","status-publish","hentry"],"yoast_head":"<!-- This site is optimized with the Yoast SEO plugin v23.6 - https:\/\/yoast.com\/wordpress\/plugins\/seo\/ -->\n<title>M\u00c1QUINAS PARA HELADO PROFESIONALES E INNOVADORAS | CCF<\/title>\n<meta name=\"robots\" content=\"index, follow, max-snippet:-1, max-image-preview:large, max-video-preview:-1\" \/>\n<link rel=\"canonical\" href=\"https:\/\/www.ccfsrl.com\/es\/maquinas-para-helado-profesionales-innovadoras\/\" \/>\n<meta property=\"og:locale\" content=\"es_ES\" \/>\n<meta property=\"og:type\" content=\"article\" \/>\n<meta property=\"og:title\" content=\"M\u00c1QUINAS PARA HELADO PROFESIONALES E INNOVADORAS | CCF\" \/>\n<meta property=\"og:description\" content=\"[vc_row] [vc_column width=&#8217;3\/4&#8242;] Las m\u00e1quinas para helado, para volver a descubrir la gran tradici\u00f3n de los sorbetes y polos de un tiempo, producidos artesanalmente. &nbsp; Fundada en 1985, la CCF es una de las empresas italianas l\u00edderes en el sector de la helader\u00eda; especializada en...\" \/>\n<meta property=\"og:url\" content=\"https:\/\/www.ccfsrl.com\/es\/maquinas-para-helado-profesionales-innovadoras\/\" \/>\n<meta property=\"og:site_name\" content=\"CCF\" \/>\n<meta property=\"article:modified_time\" content=\"2016-11-21T15:37:44+00:00\" \/>\n<meta property=\"og:image\" content=\"http:\/\/www.ccfsrl.com\/wp-content\/uploads\/2016\/09\/macchine-per-gelato.png\" \/>\n<meta name=\"twitter:card\" content=\"summary_large_image\" \/>\n<meta name=\"twitter:label1\" content=\"Tiempo de lectura\" \/>\n\t<meta name=\"twitter:data1\" content=\"2 minutos\" \/>\n<script type=\"application\/ld+json\" class=\"yoast-schema-graph\">{\"@context\":\"https:\/\/schema.org\",\"@graph\":[{\"@type\":\"WebPage\",\"@id\":\"https:\/\/www.ccfsrl.com\/es\/maquinas-para-helado-profesionales-innovadoras\/\",\"url\":\"https:\/\/www.ccfsrl.com\/es\/maquinas-para-helado-profesionales-innovadoras\/\",\"name\":\"M\u00c1QUINAS PARA HELADO PROFESIONALES E INNOVADORAS | CCF\",\"isPartOf\":{\"@id\":\"https:\/\/www.ccfsrl.com\/#website\"},\"primaryImageOfPage\":{\"@id\":\"https:\/\/www.ccfsrl.com\/es\/maquinas-para-helado-profesionales-innovadoras\/#primaryimage\"},\"image\":{\"@id\":\"https:\/\/www.ccfsrl.com\/es\/maquinas-para-helado-profesionales-innovadoras\/#primaryimage\"},\"thumbnailUrl\":\"http:\/\/www.ccfsrl.com\/wp-content\/uploads\/2016\/09\/macchine-per-gelato.png\",\"datePublished\":\"2016-11-21T15:30:03+00:00\",\"dateModified\":\"2016-11-21T15:37:44+00:00\",\"breadcrumb\":{\"@id\":\"https:\/\/www.ccfsrl.com\/es\/maquinas-para-helado-profesionales-innovadoras\/#breadcrumb\"},\"inLanguage\":\"es\",\"potentialAction\":[{\"@type\":\"ReadAction\",\"target\":[\"https:\/\/www.ccfsrl.com\/es\/maquinas-para-helado-profesionales-innovadoras\/\"]}]},{\"@type\":\"ImageObject\",\"inLanguage\":\"es\",\"@id\":\"https:\/\/www.ccfsrl.com\/es\/maquinas-para-helado-profesionales-innovadoras\/#primaryimage\",\"url\":\"http:\/\/www.ccfsrl.com\/wp-content\/uploads\/2016\/09\/macchine-per-gelato.png\",\"contentUrl\":\"http:\/\/www.ccfsrl.com\/wp-content\/uploads\/2016\/09\/macchine-per-gelato.png\"},{\"@type\":\"BreadcrumbList\",\"@id\":\"https:\/\/www.ccfsrl.com\/es\/maquinas-para-helado-profesionales-innovadoras\/#breadcrumb\",\"itemListElement\":[{\"@type\":\"ListItem\",\"position\":1,\"name\":\"Home\",\"item\":\"https:\/\/www.ccfsrl.com\/es\/\"},{\"@type\":\"ListItem\",\"position\":2,\"name\":\"M\u00c1QUINAS PARA HELADO PROFESIONALES E INNOVADORAS\"}]},{\"@type\":\"WebSite\",\"@id\":\"https:\/\/www.ccfsrl.com\/#website\",\"url\":\"https:\/\/www.ccfsrl.com\/\",\"name\":\"CCF\",\"description\":\"Macchine per gelato su stecco\",\"potentialAction\":[{\"@type\":\"SearchAction\",\"target\":{\"@type\":\"EntryPoint\",\"urlTemplate\":\"https:\/\/www.ccfsrl.com\/?s={search_term_string}\"},\"query-input\":{\"@type\":\"PropertyValueSpecification\",\"valueRequired\":true,\"valueName\":\"search_term_string\"}}],\"inLanguage\":\"es\"}]}<\/script>\n<!-- \/ Yoast SEO plugin. -->","yoast_head_json":{"title":"M\u00c1QUINAS PARA HELADO PROFESIONALES E INNOVADORAS | CCF","robots":{"index":"index","follow":"follow","max-snippet":"max-snippet:-1","max-image-preview":"max-image-preview:large","max-video-preview":"max-video-preview:-1"},"canonical":"https:\/\/www.ccfsrl.com\/es\/maquinas-para-helado-profesionales-innovadoras\/","og_locale":"es_ES","og_type":"article","og_title":"M\u00c1QUINAS PARA HELADO PROFESIONALES E INNOVADORAS | CCF","og_description":"[vc_row] [vc_column width=&#8217;3\/4&#8242;] Las m\u00e1quinas para helado, para volver a descubrir la gran tradici\u00f3n de los sorbetes y polos de un tiempo, producidos artesanalmente. &nbsp; Fundada en 1985, la CCF es una de las empresas italianas l\u00edderes en el sector de la helader\u00eda; especializada en...","og_url":"https:\/\/www.ccfsrl.com\/es\/maquinas-para-helado-profesionales-innovadoras\/","og_site_name":"CCF","article_modified_time":"2016-11-21T15:37:44+00:00","og_image":[{"url":"http:\/\/www.ccfsrl.com\/wp-content\/uploads\/2016\/09\/macchine-per-gelato.png"}],"twitter_card":"summary_large_image","twitter_misc":{"Tiempo de lectura":"2 minutos"},"schema":{"@context":"https:\/\/schema.org","@graph":[{"@type":"WebPage","@id":"https:\/\/www.ccfsrl.com\/es\/maquinas-para-helado-profesionales-innovadoras\/","url":"https:\/\/www.ccfsrl.com\/es\/maquinas-para-helado-profesionales-innovadoras\/","name":"M\u00c1QUINAS PARA HELADO PROFESIONALES E INNOVADORAS | CCF","isPartOf":{"@id":"https:\/\/www.ccfsrl.com\/#website"},"primaryImageOfPage":{"@id":"https:\/\/www.ccfsrl.com\/es\/maquinas-para-helado-profesionales-innovadoras\/#primaryimage"},"image":{"@id":"https:\/\/www.ccfsrl.com\/es\/maquinas-para-helado-profesionales-innovadoras\/#primaryimage"},"thumbnailUrl":"http:\/\/www.ccfsrl.com\/wp-content\/uploads\/2016\/09\/macchine-per-gelato.png","datePublished":"2016-11-21T15:30:03+00:00","dateModified":"2016-11-21T15:37:44+00:00","breadcrumb":{"@id":"https:\/\/www.ccfsrl.com\/es\/maquinas-para-helado-profesionales-innovadoras\/#breadcrumb"},"inLanguage":"es","potentialAction":[{"@type":"ReadAction","target":["https:\/\/www.ccfsrl.com\/es\/maquinas-para-helado-profesionales-innovadoras\/"]}]},{"@type":"ImageObject","inLanguage":"es","@id":"https:\/\/www.ccfsrl.com\/es\/maquinas-para-helado-profesionales-innovadoras\/#primaryimage","url":"http:\/\/www.ccfsrl.com\/wp-content\/uploads\/2016\/09\/macchine-per-gelato.png","contentUrl":"http:\/\/www.ccfsrl.com\/wp-content\/uploads\/2016\/09\/macchine-per-gelato.png"},{"@type":"BreadcrumbList","@id":"https:\/\/www.ccfsrl.com\/es\/maquinas-para-helado-profesionales-innovadoras\/#breadcrumb","itemListElement":[{"@type":"ListItem","position":1,"name":"Home","item":"https:\/\/www.ccfsrl.com\/es\/"},{"@type":"ListItem","position":2,"name":"M\u00c1QUINAS PARA HELADO PROFESIONALES E INNOVADORAS"}]},{"@type":"WebSite","@id":"https:\/\/www.ccfsrl.com\/#website","url":"https:\/\/www.ccfsrl.com\/","name":"CCF","description":"Macchine per gelato su stecco","potentialAction":[{"@type":"SearchAction","target":{"@type":"EntryPoint","urlTemplate":"https:\/\/www.ccfsrl.com\/?s={search_term_string}"},"query-input":{"@type":"PropertyValueSpecification","valueRequired":true,"valueName":"search_term_string"}}],"inLanguage":"es"}]}},"_links":{"self":[{"href":"https:\/\/www.ccfsrl.com\/es\/wp-json\/wp\/v2\/pages\/18060","targetHints":{"allow":["GET"]}}],"collection":[{"href":"https:\/\/www.ccfsrl.com\/es\/wp-json\/wp\/v2\/pages"}],"about":[{"href":"https:\/\/www.ccfsrl.com\/es\/wp-json\/wp\/v2\/types\/page"}],"author":[{"embeddable":true,"href":"https:\/\/www.ccfsrl.com\/es\/wp-json\/wp\/v2\/users\/1"}],"replies":[{"embeddable":true,"href":"https:\/\/www.ccfsrl.com\/es\/wp-json\/wp\/v2\/comments?post=18060"}],"version-history":[{"count":3,"href":"https:\/\/www.ccfsrl.com\/es\/wp-json\/wp\/v2\/pages\/18060\/revisions"}],"predecessor-version":[{"id":18063,"href":"https:\/\/www.ccfsrl.com\/es\/wp-json\/wp\/v2\/pages\/18060\/revisions\/18063"}],"wp:attachment":[{"href":"https:\/\/www.ccfsrl.com\/es\/wp-json\/wp\/v2\/media?parent=18060"}],"curies":[{"name":"wp","href":"https:\/\/api.w.org\/{rel}","templated":true}]}}