{"id":17431,"date":"2016-04-20T15:11:41","date_gmt":"2016-04-20T13:11:41","guid":{"rendered":"http:\/\/www.ccfsrl.com\/?page_id=17431&#038;lang=es"},"modified":"2021-10-01T16:26:15","modified_gmt":"2021-10-01T14:26:15","slug":"las-ventajas-del-helado-artesanal","status":"publish","type":"page","link":"https:\/\/www.ccfsrl.com\/es\/las-ventajas-del-helado-artesanal\/","title":{"rendered":"LAS VENTAJAS DEL HELADO DE PALO"},"content":{"rendered":"<div class=\"wpb-content-wrapper\"><p>[vc_row row_type=\u00bbrow\u00bb use_row_as_full_screen_section=\u00bbno\u00bb type=\u00bbfull_width\u00bb angled_section=\u00bbno\u00bb text_align=\u00bbleft\u00bb background_image_as_pattern=\u00bbwithout_pattern\u00bb css_animation=\u00bb\u00bb][vc_column width=\u00bb1\/2&#8243;][vc_empty_space]<\/p>\n<p>[vc_column_text]<\/p>\n<h2>C\u00f3mo y por qu\u00e9 es bueno nuestro helado de palo artesanal<\/h2>\n<p>[\/vc_column_text][vc_empty_space height=\u00bb20px\u00bb]<\/p>\n<p>[vc_column_text]<\/p>\n<p>Porque re\u00fane los valores m\u00e1s saludables de la alimentaci\u00f3n, el sabor, la naturalidad y la artesan\u00eda con la frescura, en una estructura semis\u00f3lida, cremosa y con cuerpo, llamada helado.<\/p>\n<p>[\/vc_column_text][vc_empty_space height=\u00bb20px\u00bb]<\/p>\n<p>[vc_column_text]<\/p>\n<h3>\u00bfQu\u00e9 convierte una mezcla de buenos ingredientes en un helado?<\/h3>\n<p>[\/vc_column_text][vc_empty_space height=\u00bb20px\u00bb]<\/p>\n<p>[vc_column_text]<\/p>\n<p>Cuando el agua contenida en una mezcla equilibrada se congela, dicha mezcla se convierte en helado.<\/p>\n<p>[\/vc_column_text][vc_empty_space height=\u00bb20px\u00bb]<\/p>\n<p>[vc_column_text]<\/p>\n<h3>\u00bfQu\u00e9 determina la calidad del helado de palo artesanal?<\/h3>\n<p>[\/vc_column_text][vc_empty_space height=\u00bb20px\u00bb]<\/p>\n<p>[vc_column_text]<\/p>\n<p>La respuesta correcta es la <strong>combinaci\u00f3n entre ingredientes y el proceso de producci\u00f3n<\/strong>. Porque los ingredientes son indispensables para el sabor y la autenticidad del helado, y el proceso de producci\u00f3n es crucial para la estructura y la conservaci\u00f3n a lo largo del tiempo.<\/p>\n<p>El agua contenida en la mezcla, al congelarse a temperaturas muy bajas, provoca un cambio de estado, transformando la mezcla de l\u00edquido a helado.<\/p>\n<p>Para producir un buen helado de palo, este enfriamiento debe producirse en el menor tiempo posible y a una temperatura muy baja.<\/p>\n<p>De esta manera, se obtiene la microcristalizaci\u00f3n del agua, es decir, al congelarse r\u00e1pidamente a temperaturas muy bajas, se crean cristales de hielo muy finos e imperceptibles para la vista y el paladar. Este proceso f\u00edsico hace que el helado sea cremoso en una estructura con cuerpo y le da una larga vida manteniendo sus propiedades organol\u00e9pticas y estructurales durante meses.<\/p>\n<p>[\/vc_column_text]<\/p>\n<p><img loading=\"lazy\" decoding=\"async\" class=\"alignnone wp-image-17344 size-full\" title=\"helados artesanales\" src=\"http:\/\/www.ccfsrl.com\/wp-content\/uploads\/2013\/10\/CCF-Gelato-su-stecco-al-Melograno.jpg\" alt=\"helados artesanales\" width=\"1900\" height=\"1428\" srcset=\"https:\/\/www.ccfsrl.com\/wp-content\/uploads\/2013\/10\/CCF-Gelato-su-stecco-al-Melograno.jpg 1900w, https:\/\/www.ccfsrl.com\/wp-content\/uploads\/2013\/10\/CCF-Gelato-su-stecco-al-Melograno-300x225.jpg 300w, https:\/\/www.ccfsrl.com\/wp-content\/uploads\/2013\/10\/CCF-Gelato-su-stecco-al-Melograno-768x577.jpg 768w, https:\/\/www.ccfsrl.com\/wp-content\/uploads\/2013\/10\/CCF-Gelato-su-stecco-al-Melograno-1024x770.jpg 1024w, https:\/\/www.ccfsrl.com\/wp-content\/uploads\/2013\/10\/CCF-Gelato-su-stecco-al-Melograno-800x600.jpg 800w, https:\/\/www.ccfsrl.com\/wp-content\/uploads\/2013\/10\/CCF-Gelato-su-stecco-al-Melograno-700x526.jpg 700w\" sizes=\"auto, (max-width: 1900px) 100vw, 1900px\" \/><\/p>\n<p>[vc_empty_space height=\u00bb64px\u00bb][vc_column_text]<\/p>\n<h3>El deterioro del helado<\/h3>\n<p>[\/vc_column_text][vc_empty_space height=\u00bb20px\u00bb]<\/p>\n<p>[vc_column_text]<\/p>\n<p>Como es sabido, el agua es el \u00fanico elemento de la naturaleza que aumenta de volumen cuando se congela. Esta condici\u00f3n var\u00eda seg\u00fan la temperatura de congelaci\u00f3n: <strong>cuanto m\u00e1s lentamente se congele, m\u00e1s grande ser\u00e1 el cristal de hielo dentro del helado<\/strong>.<\/p>\n<p>Por lo tanto, el resultado final var\u00eda en funci\u00f3n del tiempo de congelaci\u00f3n del agua y de la temperatura m\u00e1xima a la que sometamos nuestra mezcla.<\/p>\n<p>Si la congelaci\u00f3n no se produce a temperaturas muy bajas, el proceso de cristalizaci\u00f3n contin\u00faa en el mostrador, lo que hace que el agua contenida en el helado aumente de volumen y que se deteriore.<\/p>\n<p>[\/vc_column_text][vc_empty_space height=\u00bb20px\u00bb]<\/p>\n<p>[vc_column_text]<\/p>\n<h2>Proceso de producci\u00f3n del helado de palo con La Ghiacciola<\/h2>\n<p>[\/vc_column_text][vc_empty_space height=\u00bb20px\u00bb]<\/p>\n<p>[vc_column_text]<\/p>\n<p>TEMPERATURA DE PRODUCCI\u00d3N: -32\u00b0C<br \/>\nTEMPERATURA DE CONSERVACI\u00d3N: -18\u00b0C<\/p>\n<p>En estas condiciones, <strong>el proceso de cristalizaci\u00f3n del agua se bloquea<\/strong>: al producir el helado a una temperatura inferior a la de conservaci\u00f3n, es imposible que el agua reanude el proceso de cristalizaci\u00f3n y, por lo tanto, el aumento del tama\u00f1o de los cristales.<\/p>\n<p>Con este proceso de producci\u00f3n se produce el helado industrial, al que se le insufla un 50 % de aire para reducir a\u00fan m\u00e1s la percepci\u00f3n del fr\u00edo. Sin embargo, lo que m\u00e1s se resiente es la percepci\u00f3n del sabor. Para evitar este desequilibrio, el uso de aromatizantes se vuelve indispensable, porque se reduce la masa en relaci\u00f3n con el volumen del producto acabado.<\/p>\n<p>[\/vc_column_text][vc_empty_space height=\u00bb20px\u00bb]<\/p>\n<p>[vc_column_text]<\/p>\n<h3>Ejemplo de producci\u00f3n con una mantecadora<\/h3>\n<p>[\/vc_column_text][vc_empty_space height=\u00bb20px\u00bb]<\/p>\n<p>[vc_column_text]<\/p>\n<p>En la producci\u00f3n artesanal con la mantecadora de helado para servir con esp\u00e1tula, es com\u00fan manejar temperaturas en el rango de estos n\u00fameros:<\/p>\n<p>PRODUCCI\u00d3N: -9\u00b0C<br \/>\nCONSERVACI\u00d3N: -18\u00b0C<\/p>\n<p>En estas condiciones, <strong>el proceso de cristalizaci\u00f3n es inevitable<\/strong> y, por consiguiente, el aumento inexorable del tama\u00f1o del cristal de hielo por el proceso inverso al del ejemplo antes mencionado.<\/p>\n<p>El artesano se defiende como puede de este fen\u00f3meno natural de la cristalizaci\u00f3n. Una de las posibilidades es encontrar recetas e ingredientes que permitan conservar el helado a temperaturas m\u00e1s cercanas a la de producci\u00f3n, lo que penaliza la calidad del producto.<\/p>\n<p>[\/vc_column_text][vc_empty_space height=\u00bb20px\u00bb]<\/p>\n<p>[vc_column_text]<\/p>\n<h2><a class=\"button\" style=\"background-color: #e6332a; border-color: #e6332a; color: #ffffff; font-size: 12px; line-height: 37px; height: 37px; -webkit-border-radius: 5px; -moz-border-radius: 5px; border-radius: 5px; display: inline-block; position: relative; width: auto; font-weight: 400; font-family: 'Raleway',sans-serif; outline: 0; padding: 0 23px; margin: 0;\" href=\"http:\/\/www.ccfsrl.com\/contactos\/?lang=es\">Descubre m\u00e1s<\/a><\/h2>\n<p>[\/vc_column_text][vc_empty_space height=\u00bb20px\u00bb]<\/p>\n<p><a  href=\"http:\/\/www.ccfsrl.com\/proceso-de-produccion-de-helados\/?lang=es\" target=\"_self\"  class=\"qbutton \" style=\"\">VIDEO PROMOCIONAL<\/a>[vc_separator type=\u00bbtransparent\u00bb up=\u00bb65&#8243; down=\u00bb0&#8243;]<br \/>\n[\/vc_column]<\/p>\n<p><span style=\"font-size: inherit;\">[vc_column width=\u00bb1\/2&#8243; css=\u00bb.vc_custom_1445265153539{background-color: #ffffff !important;}\u00bb]<\/span><\/p>\n<p>[vc_column_text]<\/p>\n<h2>Las ventajas del helado de palo<\/h2>\n<p>[\/vc_column_text][vc_empty_space height=\u00bb40px\u00bb][vc_column_text]<\/p>\n<h3><span style=\"background-color: #e6332a; color: #ffffff; padding: 5px;\">NUEVO MARKETING<\/span><\/h3>\n<p>[\/vc_column_text][vc_empty_space height=\u00bb20px\u00bb]<\/p>\n<p>[vc_column_text]<\/p>\n<p>VELOCIDAD DE DISTRIBUCI\u00d3N AL P\u00daBLICO<br \/>\nENTRADA EN EL MERCADO DE LOS GRANDES N\u00daMEROS<br \/>\nGESTI\u00d3N A DISTANCIA Y VERIFICACI\u00d3N DE LAS VENTAS<\/p>\n<p>[\/vc_column_text][vc_empty_space height=\u00bb40px\u00bb][vc_column_text]<\/p>\n<h3><span style=\"background-color: #e6332a; color: #ffffff; padding: 5px;\">EFICIENCIA ENERG\u00c9TICA<\/span><\/h3>\n<p>[\/vc_column_text][vc_empty_space height=\u00bb20px\u00bb]<\/p>\n<p>[vc_column_text]<\/p>\n<p>BAJO CONSUMO DE ENERG\u00cdA<br \/>\nNING\u00daN DESPERDICIO DE PRODUCTO<br \/>\nPROCESO DE PRODUCCI\u00d3N SIMPLIFICADO<br \/>\nNING\u00daN DESPERDICIO DE AGUA PARA EL FUNCIONAMIENTO DE LAS M\u00c1QUINAS<br \/>\nNING\u00daN MANTENIMIENTO ANUAL[\/vc_column_text][vc_empty_space height=\u00bb40px\u00bb][vc_column_text]<\/p>\n<h3><span style=\"background-color: #e6332a; color: #ffffff; padding: 5px;\">PARA EL P\u00daBLICO<\/span><\/h3>\n<p>[\/vc_column_text][vc_empty_space height=\u00bb20px\u00bb]<\/p>\n<p>[vc_column_text]<\/p>\n<p>INFINITAS VARIANTES DECORATIVAS<br \/>\nEXPOSICI\u00d3N DE MUCHAS ESPECIALIDADES EN ESPACIOS REDUCIDOS<br \/>\nPRACTICIDAD PARA LLEVAR[\/vc_column_text][vc_empty_space height=\u00bb40px\u00bb][vc_column_text]<\/p>\n<h3><span style=\"background-color: #e6332a; color: #ffffff; padding: 5px;\">VENTAJAS<\/span><\/h3>\n<p>[\/vc_column_text][vc_empty_space height=\u00bb20px\u00bb]<\/p>\n<p>[vc_column_text]<\/p>\n<p>LARGA CONSERVACI\u00d3N SIN P\u00c9RDIDA DE FRAGANCIA<br \/>\nEN EL CONGELADOR DE CASA SE MANTIENE SUAVE, PARA UNA DEGUSTACI\u00d3N \u00d3PTIMA[\/vc_column_text]<\/p>\n<p>[vc_empty_space height=\u00bb185px\u00bb]<\/p>\n<p><blockquote class=' with_quote_icon' style='border-left-color: #ffffff;background-color: #ffffff;'><i class='fa fa-quote-right pull-left' style='color: #9d9d9c;'><\/i><h5 class='blockquote-text' style='color: #9d9d9c;'>El helado es exquisito. Es una pena que no sea ilegal.<br \/>\n(Voltaire)<\/h5><\/blockquote>[vc_empty_space height=\u00bb100px\u00bb]<blockquote class=' with_quote_icon' style='border-left-color: #ffffff;background-color: #ffffff;'><i class='fa fa-quote-right pull-left' style='color: #9d9d9c;'><\/i><h5 class='blockquote-text' style='color: #9d9d9c;'>No amar el helado significa no tener ning\u00fan inter\u00e9s en la comida.<br \/>\n(Joseph Epstein)<\/h5><\/blockquote>[vc_empty_space height=\u00bb100px\u00bb]<blockquote class=' with_quote_icon' style='border-left-color: #ffffff;background-color: #ffffff;'><i class='fa fa-quote-right pull-left' style='color: #9d9d9c;'><\/i><h5 class='blockquote-text' style='color: #9d9d9c;'>Dudo que haya en el mundo una sorpresa m\u00e1s impactante que la primera vez que se prueba un helado.<br \/>\n(Heywood Campbell Broun)<\/h5><\/blockquote>[vc_empty_space height=\u00bb100px\u00bb]<blockquote class=' with_quote_icon' style='border-left-color: #ffffff;background-color: #ffffff;'><i class='fa fa-quote-right pull-left' style='color: #9d9d9c;'><\/i><h5 class='blockquote-text' style='color: #9d9d9c;'>El helado es un condensado de felicidad.<br \/>\n(dalla serie Tv Dr. House \u2022 Medical Division)<\/h5><\/blockquote>[vc_empty_space height=\u00bb100px\u00bb]<blockquote class=' with_quote_icon' style='border-left-color: #ffffff;background-color: #ffffff;'><i class='fa fa-quote-right pull-left' style='color: #9d9d9c;'><\/i><h5 class='blockquote-text' style='color: #9d9d9c;'>No hay nada malo en m\u00ed que un buen helado no pueda arreglar.<br \/>\n(An\u00f3nimo)<\/h5><\/blockquote>[\/vc_column][\/vc_row][vc_row row_type=\u00bbrow\u00bb use_row_as_full_screen_section=\u00bbno\u00bb type=\u00bbfull_width\u00bb angled_section=\u00bbno\u00bb text_align=\u00bbleft\u00bb background_image_as_pattern=\u00bbwithout_pattern\u00bb css_animation=\u00bb\u00bb][vc_column][vc_column_text]<br \/>\n[\/vc_column_text][\/vc_column][\/vc_row]<\/p>\n<\/div>","protected":false},"excerpt":{"rendered":"<p>[vc_row row_type=\u00bbrow\u00bb use_row_as_full_screen_section=\u00bbno\u00bb type=\u00bbfull_width\u00bb angled_section=\u00bbno\u00bb text_align=\u00bbleft\u00bb background_image_as_pattern=\u00bbwithout_pattern\u00bb css_animation=\u00bb\u00bb][vc_column width=\u00bb1\/2&#8243;][vc_empty_space] [vc_column_text] C\u00f3mo y por qu\u00e9 es bueno nuestro helado de palo artesanal [\/vc_column_text][vc_empty_space height=\u00bb20px\u00bb] [vc_column_text] Porque re\u00fane los valores m\u00e1s saludables de la alimentaci\u00f3n, el sabor, la naturalidad y la artesan\u00eda con la frescura, en una&#8230;<\/p>\n","protected":false},"author":1,"featured_media":0,"parent":0,"menu_order":0,"comment_status":"closed","ping_status":"closed","template":"","meta":{"footnotes":""},"class_list":["post-17431","page","type-page","status-publish","hentry"],"yoast_head":"<!-- This site is optimized with the Yoast SEO plugin v23.6 - https:\/\/yoast.com\/wordpress\/plugins\/seo\/ -->\n<title>Las ventajas del helado artesanal de palo | CCF<\/title>\n<meta name=\"description\" content=\"Descubre las ventajas del helado artesanal de palo para tu empresa. Realizar y vender helados artesanales nunca ha sido tan simple!\" \/>\n<meta name=\"robots\" content=\"index, follow, max-snippet:-1, max-image-preview:large, max-video-preview:-1\" \/>\n<link rel=\"canonical\" href=\"https:\/\/www.ccfsrl.com\/es\/las-ventajas-del-helado-artesanal\/\" \/>\n<meta property=\"og:locale\" content=\"es_ES\" \/>\n<meta property=\"og:type\" content=\"article\" \/>\n<meta property=\"og:title\" content=\"Las ventajas del helado artesanal de palo | CCF\" \/>\n<meta property=\"og:description\" content=\"Descubre las ventajas del helado artesanal de palo para tu empresa. Realizar y vender helados artesanales nunca ha sido tan simple!\" \/>\n<meta property=\"og:url\" content=\"https:\/\/www.ccfsrl.com\/es\/las-ventajas-del-helado-artesanal\/\" \/>\n<meta property=\"og:site_name\" content=\"CCF\" \/>\n<meta property=\"article:modified_time\" content=\"2021-10-01T14:26:15+00:00\" \/>\n<meta property=\"og:image\" content=\"http:\/\/www.ccfsrl.com\/wp-content\/uploads\/2013\/10\/CCF-Gelato-su-stecco-al-Melograno.jpg\" \/>\n<meta name=\"twitter:card\" content=\"summary_large_image\" \/>\n<meta name=\"twitter:label1\" content=\"Tiempo de lectura\" \/>\n\t<meta name=\"twitter:data1\" content=\"7 minutos\" \/>\n<script type=\"application\/ld+json\" class=\"yoast-schema-graph\">{\"@context\":\"https:\/\/schema.org\",\"@graph\":[{\"@type\":\"WebPage\",\"@id\":\"https:\/\/www.ccfsrl.com\/es\/las-ventajas-del-helado-artesanal\/\",\"url\":\"https:\/\/www.ccfsrl.com\/es\/las-ventajas-del-helado-artesanal\/\",\"name\":\"Las ventajas del helado artesanal de palo | CCF\",\"isPartOf\":{\"@id\":\"https:\/\/www.ccfsrl.com\/#website\"},\"primaryImageOfPage\":{\"@id\":\"https:\/\/www.ccfsrl.com\/es\/las-ventajas-del-helado-artesanal\/#primaryimage\"},\"image\":{\"@id\":\"https:\/\/www.ccfsrl.com\/es\/las-ventajas-del-helado-artesanal\/#primaryimage\"},\"thumbnailUrl\":\"http:\/\/www.ccfsrl.com\/wp-content\/uploads\/2013\/10\/CCF-Gelato-su-stecco-al-Melograno.jpg\",\"datePublished\":\"2016-04-20T13:11:41+00:00\",\"dateModified\":\"2021-10-01T14:26:15+00:00\",\"description\":\"Descubre las ventajas del helado artesanal de palo para tu empresa. Realizar y vender helados artesanales nunca ha sido tan simple!\",\"breadcrumb\":{\"@id\":\"https:\/\/www.ccfsrl.com\/es\/las-ventajas-del-helado-artesanal\/#breadcrumb\"},\"inLanguage\":\"es\",\"potentialAction\":[{\"@type\":\"ReadAction\",\"target\":[\"https:\/\/www.ccfsrl.com\/es\/las-ventajas-del-helado-artesanal\/\"]}]},{\"@type\":\"ImageObject\",\"inLanguage\":\"es\",\"@id\":\"https:\/\/www.ccfsrl.com\/es\/las-ventajas-del-helado-artesanal\/#primaryimage\",\"url\":\"http:\/\/www.ccfsrl.com\/wp-content\/uploads\/2013\/10\/CCF-Gelato-su-stecco-al-Melograno.jpg\",\"contentUrl\":\"http:\/\/www.ccfsrl.com\/wp-content\/uploads\/2013\/10\/CCF-Gelato-su-stecco-al-Melograno.jpg\"},{\"@type\":\"BreadcrumbList\",\"@id\":\"https:\/\/www.ccfsrl.com\/es\/las-ventajas-del-helado-artesanal\/#breadcrumb\",\"itemListElement\":[{\"@type\":\"ListItem\",\"position\":1,\"name\":\"Home\",\"item\":\"https:\/\/www.ccfsrl.com\/es\/\"},{\"@type\":\"ListItem\",\"position\":2,\"name\":\"LAS VENTAJAS DEL HELADO DE PALO\"}]},{\"@type\":\"WebSite\",\"@id\":\"https:\/\/www.ccfsrl.com\/#website\",\"url\":\"https:\/\/www.ccfsrl.com\/\",\"name\":\"CCF\",\"description\":\"Macchine per gelato su stecco\",\"potentialAction\":[{\"@type\":\"SearchAction\",\"target\":{\"@type\":\"EntryPoint\",\"urlTemplate\":\"https:\/\/www.ccfsrl.com\/?s={search_term_string}\"},\"query-input\":{\"@type\":\"PropertyValueSpecification\",\"valueRequired\":true,\"valueName\":\"search_term_string\"}}],\"inLanguage\":\"es\"}]}<\/script>\n<!-- \/ Yoast SEO plugin. -->","yoast_head_json":{"title":"Las ventajas del helado artesanal de palo | CCF","description":"Descubre las ventajas del helado artesanal de palo para tu empresa. Realizar y vender helados artesanales nunca ha sido tan simple!","robots":{"index":"index","follow":"follow","max-snippet":"max-snippet:-1","max-image-preview":"max-image-preview:large","max-video-preview":"max-video-preview:-1"},"canonical":"https:\/\/www.ccfsrl.com\/es\/las-ventajas-del-helado-artesanal\/","og_locale":"es_ES","og_type":"article","og_title":"Las ventajas del helado artesanal de palo | CCF","og_description":"Descubre las ventajas del helado artesanal de palo para tu empresa. Realizar y vender helados artesanales nunca ha sido tan simple!","og_url":"https:\/\/www.ccfsrl.com\/es\/las-ventajas-del-helado-artesanal\/","og_site_name":"CCF","article_modified_time":"2021-10-01T14:26:15+00:00","og_image":[{"url":"http:\/\/www.ccfsrl.com\/wp-content\/uploads\/2013\/10\/CCF-Gelato-su-stecco-al-Melograno.jpg"}],"twitter_card":"summary_large_image","twitter_misc":{"Tiempo de lectura":"7 minutos"},"schema":{"@context":"https:\/\/schema.org","@graph":[{"@type":"WebPage","@id":"https:\/\/www.ccfsrl.com\/es\/las-ventajas-del-helado-artesanal\/","url":"https:\/\/www.ccfsrl.com\/es\/las-ventajas-del-helado-artesanal\/","name":"Las ventajas del helado artesanal de palo | CCF","isPartOf":{"@id":"https:\/\/www.ccfsrl.com\/#website"},"primaryImageOfPage":{"@id":"https:\/\/www.ccfsrl.com\/es\/las-ventajas-del-helado-artesanal\/#primaryimage"},"image":{"@id":"https:\/\/www.ccfsrl.com\/es\/las-ventajas-del-helado-artesanal\/#primaryimage"},"thumbnailUrl":"http:\/\/www.ccfsrl.com\/wp-content\/uploads\/2013\/10\/CCF-Gelato-su-stecco-al-Melograno.jpg","datePublished":"2016-04-20T13:11:41+00:00","dateModified":"2021-10-01T14:26:15+00:00","description":"Descubre las ventajas del helado artesanal de palo para tu empresa. Realizar y vender helados artesanales nunca ha sido tan simple!","breadcrumb":{"@id":"https:\/\/www.ccfsrl.com\/es\/las-ventajas-del-helado-artesanal\/#breadcrumb"},"inLanguage":"es","potentialAction":[{"@type":"ReadAction","target":["https:\/\/www.ccfsrl.com\/es\/las-ventajas-del-helado-artesanal\/"]}]},{"@type":"ImageObject","inLanguage":"es","@id":"https:\/\/www.ccfsrl.com\/es\/las-ventajas-del-helado-artesanal\/#primaryimage","url":"http:\/\/www.ccfsrl.com\/wp-content\/uploads\/2013\/10\/CCF-Gelato-su-stecco-al-Melograno.jpg","contentUrl":"http:\/\/www.ccfsrl.com\/wp-content\/uploads\/2013\/10\/CCF-Gelato-su-stecco-al-Melograno.jpg"},{"@type":"BreadcrumbList","@id":"https:\/\/www.ccfsrl.com\/es\/las-ventajas-del-helado-artesanal\/#breadcrumb","itemListElement":[{"@type":"ListItem","position":1,"name":"Home","item":"https:\/\/www.ccfsrl.com\/es\/"},{"@type":"ListItem","position":2,"name":"LAS VENTAJAS DEL HELADO DE PALO"}]},{"@type":"WebSite","@id":"https:\/\/www.ccfsrl.com\/#website","url":"https:\/\/www.ccfsrl.com\/","name":"CCF","description":"Macchine per gelato su stecco","potentialAction":[{"@type":"SearchAction","target":{"@type":"EntryPoint","urlTemplate":"https:\/\/www.ccfsrl.com\/?s={search_term_string}"},"query-input":{"@type":"PropertyValueSpecification","valueRequired":true,"valueName":"search_term_string"}}],"inLanguage":"es"}]}},"_links":{"self":[{"href":"https:\/\/www.ccfsrl.com\/es\/wp-json\/wp\/v2\/pages\/17431","targetHints":{"allow":["GET"]}}],"collection":[{"href":"https:\/\/www.ccfsrl.com\/es\/wp-json\/wp\/v2\/pages"}],"about":[{"href":"https:\/\/www.ccfsrl.com\/es\/wp-json\/wp\/v2\/types\/page"}],"author":[{"embeddable":true,"href":"https:\/\/www.ccfsrl.com\/es\/wp-json\/wp\/v2\/users\/1"}],"replies":[{"embeddable":true,"href":"https:\/\/www.ccfsrl.com\/es\/wp-json\/wp\/v2\/comments?post=17431"}],"version-history":[{"count":5,"href":"https:\/\/www.ccfsrl.com\/es\/wp-json\/wp\/v2\/pages\/17431\/revisions"}],"predecessor-version":[{"id":22671,"href":"https:\/\/www.ccfsrl.com\/es\/wp-json\/wp\/v2\/pages\/17431\/revisions\/22671"}],"wp:attachment":[{"href":"https:\/\/www.ccfsrl.com\/es\/wp-json\/wp\/v2\/media?parent=17431"}],"curies":[{"name":"wp","href":"https:\/\/api.w.org\/{rel}","templated":true}]}}