{"id":17405,"date":"2013-10-16T12:05:38","date_gmt":"2013-10-16T12:05:38","guid":{"rendered":"http:\/\/www.ccfsrl.com\/contattaci\/?lang=es"},"modified":"2025-07-28T12:22:50","modified_gmt":"2025-07-28T10:22:50","slug":"contactos","status":"publish","type":"page","link":"https:\/\/www.ccfsrl.com\/es\/contactos\/","title":{"rendered":"CONTACTOS CCF"},"content":{"rendered":"<div class=\"wpb-content-wrapper\"><p>[vc_row css_animation=\u00bb\u00bb row_type=\u00bbrow\u00bb use_row_as_full_screen_section=\u00bbno\u00bb type=\u00bbfull_width\u00bb angled_section=\u00bbno\u00bb text_align=\u00bbleft\u00bb background_image_as_pattern=\u00bbwithout_pattern\u00bb][vc_column width=\u00bb5\/12&#8243;][vc_column_text]<\/p>\n<h5><strong>INFORMACI\u00d3N Y CONTACTO<\/strong><\/h5>\n<p>[\/vc_column_text][vc_empty_space height=\u00bb40px\u00bb][vc_column_text css=\u00bb\u00bb]<\/p>\n<h3><strong>SGE SRL<\/strong><\/h3>\n<p>Strada dell&#8217;Antioca,\u00a05<\/p>\n<p>10156 Torino<\/p>\n<p>Email: info@ccfsrl.com<\/p>\n<p>Tel. 011.262.43.30<\/p>\n<p>Fax. 011.262.32.66<\/p>\n<p>WhatsApp (+39) 3355960113<\/p>\n<p><strong>Horario de oficina<\/strong>: De lunes a viernes de 9:00 a 17:00\u00a0h<\/p>\n<p><strong>Dias de cierre<\/strong>: D\u00edas festivos en Italia<\/p>\n<p><strong>Cierre por vacaciones de verano<\/strong>: del 12 al 16 de agosto<\/p>\n<p><strong>Cierre durante el periodo navide\u00f1o<\/strong>: del 24 de diciembre al 4 de enero[\/vc_column_text][vc_separator type=\u00bbtransparent\u00bb up=\u00bb6&#8243; down=\u00bb6&#8243;]<span class='q_social_icon_holder normal_social' ><a href='https:\/\/www.facebook.com\/ccfsrl' target='_blank'><i class=\"qode_icon_font_awesome fa fa-facebook fa-lg simple_social\" style=\"\" ><\/i><\/a><\/span><span class='q_social_icon_holder normal_social' ><a href='https:\/\/www.linkedin.com\/company\/ccf---ice-cream-equipment-since-1985?trk=top_nav_home' target='_blank'><i class=\"qode_icon_font_awesome fa fa-linkedin fa-lg simple_social\" style=\"\" ><\/i><\/a><\/span><span class='q_social_icon_holder normal_social' ><a href='https:\/\/www.instagram.com\/ccf_macchine_per_gelato\/' target='_blank'><i class=\"qode_icon_font_awesome fa fa-instagram fa-lg simple_social\" style=\"\" ><\/i><\/a><\/span>[\/vc_column][vc_column width=\u00bb7\/12&#8243;][vc_column_text]<\/p>\n<h5>DESCUBRA LAS VENTAJAS Y P\u00d3NGASE EN CONTACTO CON NOSOTROS<\/h5>\n<p>[\/vc_column_text][vc_empty_space height=\u00bb40px\u00bb][vc_column_text]<\/p>\n\n<div class=\"wpcf7 no-js\" id=\"wpcf7-f17428-o1\" lang=\"it-IT\" dir=\"ltr\">\n<div class=\"screen-reader-response\"><p role=\"status\" aria-live=\"polite\" aria-atomic=\"true\"><\/p> <ul><\/ul><\/div>\n<form action=\"\/es\/wp-json\/wp\/v2\/pages\/17405#wpcf7-f17428-o1\" method=\"post\" class=\"wpcf7-form init\" aria-label=\"Modulo di contatto\" novalidate=\"novalidate\" data-status=\"init\">\n<div style=\"display: none;\">\n<input type=\"hidden\" name=\"_wpcf7\" value=\"17428\" \/>\n<input type=\"hidden\" name=\"_wpcf7_version\" value=\"5.9.8\" \/>\n<input type=\"hidden\" name=\"_wpcf7_locale\" value=\"it_IT\" \/>\n<input type=\"hidden\" name=\"_wpcf7_unit_tag\" value=\"wpcf7-f17428-o1\" \/>\n<input type=\"hidden\" name=\"_wpcf7_container_post\" value=\"0\" \/>\n<input type=\"hidden\" name=\"_wpcf7_posted_data_hash\" value=\"\" \/>\n<input type=\"hidden\" name=\"_wpcf7_recaptcha_response\" value=\"\" \/>\n<\/div>\n<div class=\"two_columns_50_50 clearfix\">\n\t<div class=\"column1\">\n\t\t<p class=\"column_inner\">Nombre*<br \/>\n<span class=\"wpcf7-form-control-wrap\" data-name=\"your-name\"><input size=\"40\" maxlength=\"400\" class=\"wpcf7-form-control wpcf7-text wpcf7-validates-as-required\" aria-required=\"true\" aria-invalid=\"false\" value=\"\" type=\"text\" name=\"your-name\" \/><\/span>\n\t\t<\/p>\n\t<\/div>\n\t<div class=\"column2\">\n\t\t<p class=\"column_inner\">Apellidos*<br \/>\n<span class=\"wpcf7-form-control-wrap\" data-name=\"your-surname\"><input size=\"40\" maxlength=\"400\" class=\"wpcf7-form-control wpcf7-text wpcf7-validates-as-required\" aria-required=\"true\" aria-invalid=\"false\" value=\"\" type=\"text\" name=\"your-surname\" \/><\/span>\n\t\t<\/p>\n\t<\/div>\n\t<div class=\"column1\">\n\t\t<p class=\"column_inner\">Correo electr\u00f3nico*<br \/>\n<span class=\"wpcf7-form-control-wrap\" data-name=\"your-email\"><input size=\"40\" maxlength=\"400\" class=\"wpcf7-form-control wpcf7-email wpcf7-validates-as-required wpcf7-text wpcf7-validates-as-email\" aria-required=\"true\" aria-invalid=\"false\" value=\"\" type=\"email\" name=\"your-email\" \/><\/span>\n\t\t<\/p>\n\t<\/div>\n\t<div class=\"column2\">\n\t\t<p class=\"column_inner\">Tel\u00e9fono<br \/>\n<span class=\"wpcf7-form-control-wrap\" data-name=\"your-num\"><input size=\"40\" maxlength=\"400\" class=\"wpcf7-form-control wpcf7-tel wpcf7-validates-as-required wpcf7-text wpcf7-validates-as-tel\" aria-required=\"true\" aria-invalid=\"false\" value=\"\" type=\"tel\" name=\"your-num\" \/><\/span>\n\t\t<\/p>\n\t<\/div>\n\t<div class=\"column1\">\n\t\t<p class=\"column_inner\">Pa\u00eds*<br \/>\n<span class=\"wpcf7-form-control-wrap\" data-name=\"country\"><input size=\"40\" maxlength=\"400\" class=\"wpcf7-form-control wpcf7-text wpcf7-validates-as-required\" aria-required=\"true\" aria-invalid=\"false\" value=\"\" type=\"text\" name=\"country\" \/><\/span>\n\t\t<\/p>\n\t<\/div>\n\t<div class=\"column2\">\n\t\t<p class=\"column_inner\">Ciudad*<br \/>\n<span class=\"wpcf7-form-control-wrap\" data-name=\"city\"><input size=\"40\" maxlength=\"400\" class=\"wpcf7-form-control wpcf7-text wpcf7-validates-as-required\" aria-required=\"true\" aria-invalid=\"false\" value=\"\" type=\"text\" name=\"city\" \/><\/span>\n\t\t<\/p>\n\t<\/div>\n<\/div>\n<p>Seleccione el motivo de la solicitud:\n<\/p>\n<p><span class=\"wpcf7-form-control-wrap\" data-name=\"menu-487\"><select class=\"wpcf7-form-control wpcf7-select wpcf7-validates-as-required\" aria-required=\"true\" aria-invalid=\"false\" name=\"menu-487\"><option value=\"\">&#8212;Seleziona un&#039;opzione&#8212;<\/option><option value=\"Visita de uno de nuestros asesores comerciales\">Visita de uno de nuestros asesores comerciales<\/option><option value=\"Cotizaci\u00f3n\">Cotizaci\u00f3n<\/option><option value=\"Demostraci\u00f3n de producci\u00f3n\">Demostraci\u00f3n de producci\u00f3n<\/option><option value=\"Informaci\u00f3n general\">Informaci\u00f3n general<\/option><\/select><\/span>\n<\/p>\n<p>\u00bfQu\u00e9 producto le interesa? (Mantenga presionada la tecla de may\u00fasculas para seleccionar m\u00e1s de un producto)\n<\/p>\n<p><span class=\"wpcf7-form-control-wrap\" data-name=\"menu-341\"><select class=\"wpcf7-form-control wpcf7-select wpcf7-validates-as-required\" aria-required=\"true\" aria-invalid=\"false\" multiple=\"multiple\" name=\"menu-341[]\"><option value=\"GHIACCIOLA GS1000\">GHIACCIOLA GS1000<\/option><option value=\"DRIER S2\">DRIER S2<\/option><option value=\"ICY 648\">ICY 648<\/option><option value=\"DW4\">DW4<\/option><option value=\"PAI\">PAI<\/option><option value=\"CHEST FREEZER\">CHEST FREEZER<\/option><option value=\"VITRINA OMNIA ONE\">VITRINA OMNIA ONE<\/option><option value=\"VITRINA ONESHOW\">VITRINA ONESHOW<\/option><option value=\"DISPLAY FREEZER\">DISPLAY FREEZER<\/option><option value=\"MINI DISPLAY FREEZER\">MINI DISPLAY FREEZER<\/option><option value=\"CARRITO 200\">CARRITO 200<\/option><option value=\"VITRINA ARAN\">VITRINA ARAN<\/option><option value=\"CARGO BIKE\">CARGO BIKE<\/option><\/select><\/span>\n<\/p>\n<p>Mensaje*<br \/>\n<span class=\"wpcf7-form-control-wrap\" data-name=\"your-message\"><textarea cols=\"40\" rows=\"10\" maxlength=\"2000\" class=\"wpcf7-form-control wpcf7-textarea\" aria-invalid=\"false\" name=\"your-message\"><\/textarea><\/span>\n<\/p>\n<p><strong><span class=\"wpcf7-form-control-wrap\" data-name=\"checkbox-454\"><span class=\"wpcf7-form-control wpcf7-checkbox wpcf7-validates-as-required\"><span class=\"wpcf7-list-item first last\"><input type=\"checkbox\" name=\"checkbox-454[]\" value=\"Acepto los t\u00e9rminos y condiciones del tratamiento de datos*\" \/><span class=\"wpcf7-list-item-label\">Acepto los t\u00e9rminos y condiciones del tratamiento de datos*<\/span><\/span><\/span><\/span><\/strong><br \/>\nDeclaro que he le\u00eddo atentamente la pol\u00edtica de privacidad y doy mi consentimiento al tratamiento de mis datos personales para los fines establecidos en la misma. Art\u00edculos 13-14 del Reglamento (UE) 2016\/679.\n<\/p>\n<p><strong> <span class=\"wpcf7-form-control-wrap\" data-name=\"checkbox-962\"><span class=\"wpcf7-form-control wpcf7-checkbox\"><span class=\"wpcf7-list-item first last\"><input type=\"checkbox\" name=\"checkbox-962[]\" value=\"Acepto\" \/><span class=\"wpcf7-list-item-label\">Acepto<\/span><\/span><\/span><\/span>:<\/strong><br \/>\nel env\u00edo de correos electr\u00f3nicos, boletines informativos, comunicaciones comerciales o material publicitario sobre productos o servicios ofrecidos por la empresa.\n<\/p>\n<p><span id=\"wpcf7-69ee34ff15c94-wrapper\" class=\"wpcf7-form-control-wrap honeypot-698-wrap\" style=\"display:none !important; visibility:hidden !important;\"><label for=\"wpcf7-69ee34ff15c94-field\" class=\"hp-message\">Si prega di lasciare vuoto questo campo.<\/label><input id=\"wpcf7-69ee34ff15c94-field\"  class=\"wpcf7-form-control wpcf7-text\" type=\"text\" name=\"honeypot-698\" value=\"\" size=\"40\" tabindex=\"-1\" autocomplete=\"new-password\" \/><\/span>\n<\/p>\n<p>*requerido\n<\/p>\n<p><input class=\"wpcf7-form-control wpcf7-submit has-spinner\" type=\"submit\" value=\"Enviar\" \/>\n<\/p><div class=\"wpcf7-response-output\" aria-hidden=\"true\"><\/div>\n<\/form>\n<\/div>\n\n<p>[\/vc_column_text][\/vc_column][\/vc_row]<\/p>\n<\/div>","protected":false},"excerpt":{"rendered":"<p>[vc_row css_animation=\u00bb\u00bb row_type=\u00bbrow\u00bb use_row_as_full_screen_section=\u00bbno\u00bb type=\u00bbfull_width\u00bb angled_section=\u00bbno\u00bb text_align=\u00bbleft\u00bb background_image_as_pattern=\u00bbwithout_pattern\u00bb][vc_column width=\u00bb5\/12&#8243;][vc_column_text] INFORMACI\u00d3N Y CONTACTO [\/vc_column_text][vc_empty_space height=\u00bb40px\u00bb][vc_column_text css=\u00bb\u00bb] SGE SRL Strada dell&#8217;Antioca,\u00a05 10156 Torino Email: info@ccfsrl.com Tel. 011.262.43.30 Fax. 011.262.32.66 WhatsApp (+39) 3355960113 Horario de oficina: De lunes a viernes de 9:00 a 17:00\u00a0h Dias de cierre: D\u00edas&#8230;<\/p>\n","protected":false},"author":1,"featured_media":0,"parent":0,"menu_order":0,"comment_status":"open","ping_status":"open","template":"contact-page.php","meta":{"footnotes":""},"class_list":["post-17405","page","type-page","status-publish","hentry"],"yoast_head":"<!-- This site is optimized with the Yoast SEO plugin v23.6 - https:\/\/yoast.com\/wordpress\/plugins\/seo\/ -->\n<title>Contactos<\/title>\n<meta name=\"description\" content=\"Vuoi saperne di pi\u00f9 sulle nostre attrezzature per la produzione, conservazione ed esposizione di gelato su stecco? Contattaci subito! Il business non dorme!\" \/>\n<meta name=\"robots\" content=\"index, follow, max-snippet:-1, max-image-preview:large, max-video-preview:-1\" \/>\n<link rel=\"canonical\" href=\"https:\/\/www.ccfsrl.com\/es\/contactos\/\" \/>\n<meta property=\"og:locale\" content=\"es_ES\" \/>\n<meta property=\"og:type\" content=\"article\" \/>\n<meta property=\"og:title\" content=\"Contactos\" \/>\n<meta property=\"og:description\" content=\"Vuoi saperne di pi\u00f9 sulle nostre attrezzature per la produzione, conservazione ed esposizione di gelato su stecco? Contattaci subito! Il business non dorme!\" \/>\n<meta property=\"og:url\" content=\"https:\/\/www.ccfsrl.com\/es\/contactos\/\" \/>\n<meta property=\"og:site_name\" content=\"CCF\" \/>\n<meta property=\"article:modified_time\" content=\"2025-07-28T10:22:50+00:00\" \/>\n<meta name=\"twitter:card\" content=\"summary_large_image\" \/>\n<meta name=\"twitter:label1\" content=\"Tiempo de lectura\" \/>\n\t<meta name=\"twitter:data1\" content=\"1 minuto\" \/>\n<script type=\"application\/ld+json\" class=\"yoast-schema-graph\">{\"@context\":\"https:\/\/schema.org\",\"@graph\":[{\"@type\":\"WebPage\",\"@id\":\"https:\/\/www.ccfsrl.com\/es\/contactos\/\",\"url\":\"https:\/\/www.ccfsrl.com\/es\/contactos\/\",\"name\":\"Contactos\",\"isPartOf\":{\"@id\":\"https:\/\/www.ccfsrl.com\/#website\"},\"datePublished\":\"2013-10-16T12:05:38+00:00\",\"dateModified\":\"2025-07-28T10:22:50+00:00\",\"description\":\"Vuoi saperne di pi\u00f9 sulle nostre attrezzature per la produzione, conservazione ed esposizione di gelato su stecco? Contattaci subito! Il business non dorme!\",\"breadcrumb\":{\"@id\":\"https:\/\/www.ccfsrl.com\/es\/contactos\/#breadcrumb\"},\"inLanguage\":\"es\",\"potentialAction\":[{\"@type\":\"ReadAction\",\"target\":[\"https:\/\/www.ccfsrl.com\/es\/contactos\/\"]}]},{\"@type\":\"BreadcrumbList\",\"@id\":\"https:\/\/www.ccfsrl.com\/es\/contactos\/#breadcrumb\",\"itemListElement\":[{\"@type\":\"ListItem\",\"position\":1,\"name\":\"Home\",\"item\":\"https:\/\/www.ccfsrl.com\/es\/\"},{\"@type\":\"ListItem\",\"position\":2,\"name\":\"CONTACTOS CCF\"}]},{\"@type\":\"WebSite\",\"@id\":\"https:\/\/www.ccfsrl.com\/#website\",\"url\":\"https:\/\/www.ccfsrl.com\/\",\"name\":\"CCF\",\"description\":\"Macchine per gelato su stecco\",\"potentialAction\":[{\"@type\":\"SearchAction\",\"target\":{\"@type\":\"EntryPoint\",\"urlTemplate\":\"https:\/\/www.ccfsrl.com\/?s={search_term_string}\"},\"query-input\":{\"@type\":\"PropertyValueSpecification\",\"valueRequired\":true,\"valueName\":\"search_term_string\"}}],\"inLanguage\":\"es\"}]}<\/script>\n<!-- \/ Yoast SEO plugin. -->","yoast_head_json":{"title":"Contactos","description":"Vuoi saperne di pi\u00f9 sulle nostre attrezzature per la produzione, conservazione ed esposizione di gelato su stecco? Contattaci subito! Il business non dorme!","robots":{"index":"index","follow":"follow","max-snippet":"max-snippet:-1","max-image-preview":"max-image-preview:large","max-video-preview":"max-video-preview:-1"},"canonical":"https:\/\/www.ccfsrl.com\/es\/contactos\/","og_locale":"es_ES","og_type":"article","og_title":"Contactos","og_description":"Vuoi saperne di pi\u00f9 sulle nostre attrezzature per la produzione, conservazione ed esposizione di gelato su stecco? Contattaci subito! Il business non dorme!","og_url":"https:\/\/www.ccfsrl.com\/es\/contactos\/","og_site_name":"CCF","article_modified_time":"2025-07-28T10:22:50+00:00","twitter_card":"summary_large_image","twitter_misc":{"Tiempo de lectura":"1 minuto"},"schema":{"@context":"https:\/\/schema.org","@graph":[{"@type":"WebPage","@id":"https:\/\/www.ccfsrl.com\/es\/contactos\/","url":"https:\/\/www.ccfsrl.com\/es\/contactos\/","name":"Contactos","isPartOf":{"@id":"https:\/\/www.ccfsrl.com\/#website"},"datePublished":"2013-10-16T12:05:38+00:00","dateModified":"2025-07-28T10:22:50+00:00","description":"Vuoi saperne di pi\u00f9 sulle nostre attrezzature per la produzione, conservazione ed esposizione di gelato su stecco? Contattaci subito! Il business non dorme!","breadcrumb":{"@id":"https:\/\/www.ccfsrl.com\/es\/contactos\/#breadcrumb"},"inLanguage":"es","potentialAction":[{"@type":"ReadAction","target":["https:\/\/www.ccfsrl.com\/es\/contactos\/"]}]},{"@type":"BreadcrumbList","@id":"https:\/\/www.ccfsrl.com\/es\/contactos\/#breadcrumb","itemListElement":[{"@type":"ListItem","position":1,"name":"Home","item":"https:\/\/www.ccfsrl.com\/es\/"},{"@type":"ListItem","position":2,"name":"CONTACTOS CCF"}]},{"@type":"WebSite","@id":"https:\/\/www.ccfsrl.com\/#website","url":"https:\/\/www.ccfsrl.com\/","name":"CCF","description":"Macchine per gelato su stecco","potentialAction":[{"@type":"SearchAction","target":{"@type":"EntryPoint","urlTemplate":"https:\/\/www.ccfsrl.com\/?s={search_term_string}"},"query-input":{"@type":"PropertyValueSpecification","valueRequired":true,"valueName":"search_term_string"}}],"inLanguage":"es"}]}},"_links":{"self":[{"href":"https:\/\/www.ccfsrl.com\/es\/wp-json\/wp\/v2\/pages\/17405","targetHints":{"allow":["GET"]}}],"collection":[{"href":"https:\/\/www.ccfsrl.com\/es\/wp-json\/wp\/v2\/pages"}],"about":[{"href":"https:\/\/www.ccfsrl.com\/es\/wp-json\/wp\/v2\/types\/page"}],"author":[{"embeddable":true,"href":"https:\/\/www.ccfsrl.com\/es\/wp-json\/wp\/v2\/users\/1"}],"replies":[{"embeddable":true,"href":"https:\/\/www.ccfsrl.com\/es\/wp-json\/wp\/v2\/comments?post=17405"}],"version-history":[{"count":6,"href":"https:\/\/www.ccfsrl.com\/es\/wp-json\/wp\/v2\/pages\/17405\/revisions"}],"predecessor-version":[{"id":26692,"href":"https:\/\/www.ccfsrl.com\/es\/wp-json\/wp\/v2\/pages\/17405\/revisions\/26692"}],"wp:attachment":[{"href":"https:\/\/www.ccfsrl.com\/es\/wp-json\/wp\/v2\/media?parent=17405"}],"curies":[{"name":"wp","href":"https:\/\/api.w.org\/{rel}","templated":true}]}}