{"id":17387,"date":"2016-04-11T17:12:16","date_gmt":"2016-04-11T15:12:16","guid":{"rendered":"http:\/\/www.ccfsrl.com\/?page_id=17387&#038;lang=es"},"modified":"2017-01-25T11:37:21","modified_gmt":"2017-01-25T10:37:21","slug":"historia","status":"publish","type":"page","link":"https:\/\/www.ccfsrl.com\/es\/historia\/","title":{"rendered":"UNA EMPRESA GENUINA"},"content":{"rendered":"<div class=\"wpb-content-wrapper\"><p style=\"text-align: left;\">[vc_row row_type=\u00bbrow\u00bb use_row_as_full_screen_section=\u00bbno\u00bb type=\u00bbfull_width\u00bb angled_section=\u00bbno\u00bb text_align=\u00bbleft\u00bb background_image_as_pattern=\u00bbwithout_pattern\u00bb css_animation=\u00bb\u00bb][vc_column width=\u00bb1\/2&#8243;][vc_single_image image=\u00bb17003&#8243; img_size=\u00bbfull\u00bb qode_css_animation=\u00bb\u00bb][vc_empty_space height=\u00bb10px\u00bb][\/vc_column][vc_column width=\u00bb1\/2&#8243;][vc_empty_space height=\u00bb0px\u00bb][vc_column_text]Nacida en noviembre de 1985, la C.C.F. es la evoluci\u00f3n de la Empresa Vincenzo Sottile, nacida en 1979, especializada en asistencia t\u00e9cnica para sistemas de refrigeraci\u00f3n.<\/p>\n<div class=\"wpb_text_column wpb_content_element \" style=\"text-align: left;\">\n<div class=\"wpb_wrapper\">\n<p>&nbsp;<\/p>\n<p>En los a\u00f1os 80, el nacimiento de las helader\u00edas artesanales y la constante evoluci\u00f3n tecnol\u00f3gica de los sistemas de refrigeraci\u00f3n, impulsaron a las empresas del sector a aumentar progresivamente sus esfuerzos para responder adecuadamente a las necesidades del mercado.<\/p>\n<\/div>\n<p>&nbsp;<\/p>\n<\/div>\n<div class=\"wpb_text_column wpb_content_element \" style=\"text-align: left;\">\n<div class=\"wpb_wrapper\">En este contexto profesional, la C.C.F. ha ganado una importante posici\u00f3n en el \u00e1mbito de los sistemas de refrigeraci\u00f3n destinados a <strong>las helader\u00edas artesanales.<\/strong><\/div>\n<p>&nbsp;<\/p>\n<\/div>\n<div class=\"wpb_text_column wpb_content_element \" style=\"text-align: left;\">\n<div class=\"wpb_wrapper\">\n<p style=\"text-align: justify;\">En 2004 C.C.F. invirti\u00f3 sus a\u00f1os de experiencia madurada en el sector de la helader\u00eda patentando <strong>La Ghiacciola, la \u00fanica m\u00e1quina autom\u00e1tica para la producci\u00f3n artesanal de polos y sorbetes<\/strong>. Ofreciendo a los consumidores una v\u00e1lida alternativa al helado industrial.<\/p>\n<p style=\"text-align: justify;\">\n<\/div>\n<\/div>\n<div class=\"wpb_text_column wpb_content_element \" style=\"text-align: left;\">\n&nbsp;<\/p>\n<div class=\"wpb_wrapper\"><strong>En 2007 funda la Stick House srl y bajo ese <\/strong>brand desarolla en el mundo ese nuevo concepto de heladeria italiana en palos. Hoy la C.C.F. es una empresa especializada en la fabricaci\u00f3n de equipos para la producci\u00f3n, conservaci\u00f3n y exposici\u00f3n de helados de palo artesanales.<\/div>\n<\/div>\n<p>&nbsp;<\/p>\n<div class=\"wpb_text_column wpb_content_element \">\n<div class=\"wpb_wrapper\">\n<div class=\"wpb_text_column wpb_content_element \">\n<div class=\"wpb_wrapper\">\n<p style=\"text-align: left;\"><strong>Esta es nuestra historia.<\/strong><\/p>\n<\/div>\n<\/div>\n<\/div>\n<\/div>\n<p>[\/vc_column_text][vc_empty_space height=\u00bb64px\u00bb][\/vc_column][\/vc_row]<\/p>\n<\/div>","protected":false},"excerpt":{"rendered":"<p>[vc_row row_type=\u00bbrow\u00bb use_row_as_full_screen_section=\u00bbno\u00bb type=\u00bbfull_width\u00bb angled_section=\u00bbno\u00bb text_align=\u00bbleft\u00bb background_image_as_pattern=\u00bbwithout_pattern\u00bb css_animation=\u00bb\u00bb][vc_column width=\u00bb1\/2&#8243;][vc_single_image image=\u00bb17003&#8243; img_size=\u00bbfull\u00bb qode_css_animation=\u00bb\u00bb][vc_empty_space height=\u00bb10px\u00bb][\/vc_column][vc_column width=\u00bb1\/2&#8243;][vc_empty_space height=\u00bb0px\u00bb][vc_column_text]Nacida en noviembre de 1985, la C.C.F. es la evoluci\u00f3n de la Empresa Vincenzo Sottile, nacida en 1979, especializada en asistencia t\u00e9cnica para sistemas de refrigeraci\u00f3n. &nbsp; En los a\u00f1os 80,&#8230;<\/p>\n","protected":false},"author":1,"featured_media":0,"parent":0,"menu_order":0,"comment_status":"closed","ping_status":"closed","template":"","meta":{"footnotes":""},"class_list":["post-17387","page","type-page","status-publish","hentry"],"yoast_head":"<!-- This site is optimized with the Yoast SEO plugin v23.6 - https:\/\/yoast.com\/wordpress\/plugins\/seo\/ -->\n<title>UNA EMPRESA GENUINA | CCF<\/title>\n<meta name=\"robots\" content=\"index, follow, max-snippet:-1, max-image-preview:large, max-video-preview:-1\" \/>\n<link rel=\"canonical\" href=\"https:\/\/www.ccfsrl.com\/es\/historia\/\" \/>\n<meta property=\"og:locale\" content=\"es_ES\" \/>\n<meta property=\"og:type\" content=\"article\" \/>\n<meta property=\"og:title\" content=\"UNA EMPRESA GENUINA | CCF\" \/>\n<meta property=\"og:description\" content=\"[vc_row row_type=\u00bbrow\u00bb use_row_as_full_screen_section=\u00bbno\u00bb type=\u00bbfull_width\u00bb angled_section=\u00bbno\u00bb text_align=\u00bbleft\u00bb background_image_as_pattern=\u00bbwithout_pattern\u00bb css_animation=\u00bb\u00bb][vc_column width=\u00bb1\/2&#8243;][vc_single_image image=\u00bb17003&#8243; img_size=\u00bbfull\u00bb qode_css_animation=\u00bb\u00bb][vc_empty_space height=\u00bb10px\u00bb][\/vc_column][vc_column width=\u00bb1\/2&#8243;][vc_empty_space height=\u00bb0px\u00bb][vc_column_text]Nacida en noviembre de 1985, la C.C.F. es la evoluci\u00f3n de la Empresa Vincenzo Sottile, nacida en 1979, especializada en asistencia t\u00e9cnica para sistemas de refrigeraci\u00f3n. &nbsp; En los a\u00f1os 80,...\" \/>\n<meta property=\"og:url\" content=\"https:\/\/www.ccfsrl.com\/es\/historia\/\" \/>\n<meta property=\"og:site_name\" content=\"CCF\" \/>\n<meta property=\"article:modified_time\" content=\"2017-01-25T10:37:21+00:00\" \/>\n<meta name=\"twitter:card\" content=\"summary_large_image\" \/>\n<meta name=\"twitter:label1\" content=\"Tiempo de lectura\" \/>\n\t<meta name=\"twitter:data1\" content=\"1 minuto\" \/>\n<script type=\"application\/ld+json\" class=\"yoast-schema-graph\">{\"@context\":\"https:\/\/schema.org\",\"@graph\":[{\"@type\":\"WebPage\",\"@id\":\"https:\/\/www.ccfsrl.com\/es\/historia\/\",\"url\":\"https:\/\/www.ccfsrl.com\/es\/historia\/\",\"name\":\"UNA EMPRESA GENUINA | CCF\",\"isPartOf\":{\"@id\":\"https:\/\/www.ccfsrl.com\/#website\"},\"datePublished\":\"2016-04-11T15:12:16+00:00\",\"dateModified\":\"2017-01-25T10:37:21+00:00\",\"breadcrumb\":{\"@id\":\"https:\/\/www.ccfsrl.com\/es\/historia\/#breadcrumb\"},\"inLanguage\":\"es\",\"potentialAction\":[{\"@type\":\"ReadAction\",\"target\":[\"https:\/\/www.ccfsrl.com\/es\/historia\/\"]}]},{\"@type\":\"BreadcrumbList\",\"@id\":\"https:\/\/www.ccfsrl.com\/es\/historia\/#breadcrumb\",\"itemListElement\":[{\"@type\":\"ListItem\",\"position\":1,\"name\":\"Home\",\"item\":\"https:\/\/www.ccfsrl.com\/es\/\"},{\"@type\":\"ListItem\",\"position\":2,\"name\":\"UNA EMPRESA GENUINA\"}]},{\"@type\":\"WebSite\",\"@id\":\"https:\/\/www.ccfsrl.com\/#website\",\"url\":\"https:\/\/www.ccfsrl.com\/\",\"name\":\"CCF\",\"description\":\"Macchine per gelato su stecco\",\"potentialAction\":[{\"@type\":\"SearchAction\",\"target\":{\"@type\":\"EntryPoint\",\"urlTemplate\":\"https:\/\/www.ccfsrl.com\/?s={search_term_string}\"},\"query-input\":{\"@type\":\"PropertyValueSpecification\",\"valueRequired\":true,\"valueName\":\"search_term_string\"}}],\"inLanguage\":\"es\"}]}<\/script>\n<!-- \/ Yoast SEO plugin. -->","yoast_head_json":{"title":"UNA EMPRESA GENUINA | CCF","robots":{"index":"index","follow":"follow","max-snippet":"max-snippet:-1","max-image-preview":"max-image-preview:large","max-video-preview":"max-video-preview:-1"},"canonical":"https:\/\/www.ccfsrl.com\/es\/historia\/","og_locale":"es_ES","og_type":"article","og_title":"UNA EMPRESA GENUINA | CCF","og_description":"[vc_row row_type=\u00bbrow\u00bb use_row_as_full_screen_section=\u00bbno\u00bb type=\u00bbfull_width\u00bb angled_section=\u00bbno\u00bb text_align=\u00bbleft\u00bb background_image_as_pattern=\u00bbwithout_pattern\u00bb css_animation=\u00bb\u00bb][vc_column width=\u00bb1\/2&#8243;][vc_single_image image=\u00bb17003&#8243; img_size=\u00bbfull\u00bb qode_css_animation=\u00bb\u00bb][vc_empty_space height=\u00bb10px\u00bb][\/vc_column][vc_column width=\u00bb1\/2&#8243;][vc_empty_space height=\u00bb0px\u00bb][vc_column_text]Nacida en noviembre de 1985, la C.C.F. es la evoluci\u00f3n de la Empresa Vincenzo Sottile, nacida en 1979, especializada en asistencia t\u00e9cnica para sistemas de refrigeraci\u00f3n. &nbsp; En los a\u00f1os 80,...","og_url":"https:\/\/www.ccfsrl.com\/es\/historia\/","og_site_name":"CCF","article_modified_time":"2017-01-25T10:37:21+00:00","twitter_card":"summary_large_image","twitter_misc":{"Tiempo de lectura":"1 minuto"},"schema":{"@context":"https:\/\/schema.org","@graph":[{"@type":"WebPage","@id":"https:\/\/www.ccfsrl.com\/es\/historia\/","url":"https:\/\/www.ccfsrl.com\/es\/historia\/","name":"UNA EMPRESA GENUINA | CCF","isPartOf":{"@id":"https:\/\/www.ccfsrl.com\/#website"},"datePublished":"2016-04-11T15:12:16+00:00","dateModified":"2017-01-25T10:37:21+00:00","breadcrumb":{"@id":"https:\/\/www.ccfsrl.com\/es\/historia\/#breadcrumb"},"inLanguage":"es","potentialAction":[{"@type":"ReadAction","target":["https:\/\/www.ccfsrl.com\/es\/historia\/"]}]},{"@type":"BreadcrumbList","@id":"https:\/\/www.ccfsrl.com\/es\/historia\/#breadcrumb","itemListElement":[{"@type":"ListItem","position":1,"name":"Home","item":"https:\/\/www.ccfsrl.com\/es\/"},{"@type":"ListItem","position":2,"name":"UNA EMPRESA GENUINA"}]},{"@type":"WebSite","@id":"https:\/\/www.ccfsrl.com\/#website","url":"https:\/\/www.ccfsrl.com\/","name":"CCF","description":"Macchine per gelato su stecco","potentialAction":[{"@type":"SearchAction","target":{"@type":"EntryPoint","urlTemplate":"https:\/\/www.ccfsrl.com\/?s={search_term_string}"},"query-input":{"@type":"PropertyValueSpecification","valueRequired":true,"valueName":"search_term_string"}}],"inLanguage":"es"}]}},"_links":{"self":[{"href":"https:\/\/www.ccfsrl.com\/es\/wp-json\/wp\/v2\/pages\/17387","targetHints":{"allow":["GET"]}}],"collection":[{"href":"https:\/\/www.ccfsrl.com\/es\/wp-json\/wp\/v2\/pages"}],"about":[{"href":"https:\/\/www.ccfsrl.com\/es\/wp-json\/wp\/v2\/types\/page"}],"author":[{"embeddable":true,"href":"https:\/\/www.ccfsrl.com\/es\/wp-json\/wp\/v2\/users\/1"}],"replies":[{"embeddable":true,"href":"https:\/\/www.ccfsrl.com\/es\/wp-json\/wp\/v2\/comments?post=17387"}],"version-history":[{"count":5,"href":"https:\/\/www.ccfsrl.com\/es\/wp-json\/wp\/v2\/pages\/17387\/revisions"}],"predecessor-version":[{"id":18501,"href":"https:\/\/www.ccfsrl.com\/es\/wp-json\/wp\/v2\/pages\/17387\/revisions\/18501"}],"wp:attachment":[{"href":"https:\/\/www.ccfsrl.com\/es\/wp-json\/wp\/v2\/media?parent=17387"}],"curies":[{"name":"wp","href":"https:\/\/api.w.org\/{rel}","templated":true}]}}