{"id":17381,"date":"2016-04-11T16:59:51","date_gmt":"2016-04-11T14:59:51","guid":{"rendered":"http:\/\/www.ccfsrl.com\/?page_id=17381&#038;lang=es"},"modified":"2019-04-23T16:02:04","modified_gmt":"2019-04-23T14:02:04","slug":"maquinas-para-hacer-helados","status":"publish","type":"page","link":"https:\/\/www.ccfsrl.com\/es\/maquinas-para-hacer-helados\/","title":{"rendered":"MISI\u00d3N: maquinas para hacer helados"},"content":{"rendered":"<div class=\"wpb-content-wrapper\"><p>[vc_row row_type=\u00bbrow\u00bb use_row_as_full_screen_section=\u00bbno\u00bb type=\u00bbfull_width\u00bb angled_section=\u00bbno\u00bb text_align=\u00bbleft\u00bb background_image_as_pattern=\u00bbwithout_pattern\u00bb css_animation=\u00bb\u00bb][vc_column][vc_column_text]<\/p>\n<h2>La misi\u00f3n es pionera.<\/h2>\n<p>[\/vc_column_text][vc_empty_space height=\u00bb64px\u00bb][vc_column_text]La pasi\u00f3n por lo que haces te da una energ\u00eda inagotable y alimenta todas las cosas que contribuyen a realizar algo nuevo.<br \/>\nDentro de nuestras posibilidades, algo nuevo lo hemos realizado, cuando en 2006 comprendimos que el mundo del helado artesanal necesitaba avanzar hacia nuevos mercados.<\/p>\n<p>Nadie antes de nosotros hab\u00eda pensado en realizar un helado de palo artesanal de alta calidad. Los productos industriales hab\u00edan encontrado en los polos un business ganador ya desde hace muchos a\u00f1os, pero no hab\u00eda ning\u00fan elemento que pudiera reconducir esos productos a la matriz de genuinidad que Vincenzo ten\u00eda en mente y que hoy queremos convertir en una filosof\u00eda de consumo.<\/p>\n<p>En 2007 logramos recabar toda la experiencia madurada para realizar equipos para los polos invirtiendo recursos en tecnolog\u00eda e investigaci\u00f3n, alcanzando notables resultados con una de las m\u00e1quinas para hacer helados m\u00e1s exitosas: La Ghiacciola, una extraordinaria m\u00e1quina autom\u00e1tica para la producci\u00f3n de polos capaz de preservar la genuinidad del producto gracias a un potente sistema de refrigeraci\u00f3n patentado, que permite fabricar polos y sorbetes artesanales a muy baja temperatura.<\/p>\n<p>Cierra el c\u00edrculo una selecci\u00f3n de equipos y accesorios espec\u00edficos para la producci\u00f3n y la exposici\u00f3n de los polos.<br \/>\nDesde aqu\u00e9l momento, gracias a la invenci\u00f3n de Vincenzo Sottile, el concepto \u00abMade in Italy\u00bb de helader\u00eda artesanal evolucion\u00f3.<br \/>\nHoy realmente se puede producir helado artesanal utilizando pocos ingredientes genuinos y con una cadena productiva corta, \u00a1pero en palo![\/vc_column_text][vc_empty_space height=\u00bb64px\u00bb][vc_column_text]<\/p>\n<h2>NUESTRO EQUIPO<\/h2>\n<p>[\/vc_column_text][vc_empty_space height=\u00bb64px\u00bb][\/vc_column][\/vc_row][vc_row row_type=\u00bbrow\u00bb use_row_as_full_screen_section=\u00bbno\u00bb type=\u00bbfull_width\u00bb angled_section=\u00bbno\u00bb text_align=\u00bbleft\u00bb background_image_as_pattern=\u00bbwithout_pattern\u00bb css_animation=\u00bb\u00bb][vc_column width=\u00bb1\/6&#8243;]<div class='q_team'><div class='q_team_inner'><div class='q_team_image'><img src='https:\/\/www.ccfsrl.com\/wp-content\/uploads\/2015\/11\/CCF-\u2022-Vincenzo-Sottile.jpg' alt='' \/><\/div><div class='q_team_text' ><div class='q_team_text_inner'><div class='q_team_title_holder'><h3 class='q_team_name' style = ''>Vincenzo Sottile<\/h3><span style = ''>CEO<\/span><\/div><div class='separator small center' style = ''><\/div><\/div><div class='q_team_social_holder'><\/div><\/div><\/div><\/div>[\/vc_column][vc_column width=\u00bb1\/6&#8243;]<div class='q_team'><div class='q_team_inner'><div class='q_team_image'><img src='https:\/\/www.ccfsrl.com\/wp-content\/uploads\/2015\/11\/Staff3.jpg' alt='' \/><\/div><div class='q_team_text' ><div class='q_team_text_inner'><div class='q_team_title_holder'><h3 class='q_team_name' style = ''>Cinzia Parolo<\/h3><span style = ''>DIRECTOR<\/span><\/div><div class='separator small center' style = ''><\/div><\/div><div class='q_team_social_holder'><\/div><\/div><\/div><\/div>[\/vc_column][vc_column width=\u00bb1\/6&#8243;]<div class='q_team'><div class='q_team_inner'><div class='q_team_image'><img src='https:\/\/www.ccfsrl.com\/wp-content\/uploads\/2015\/11\/Staff1.jpg' alt='' \/><\/div><div class='q_team_text' ><div class='q_team_text_inner'><div class='q_team_title_holder'><h3 class='q_team_name' style = ''>Lina Sottile<\/h3><span style = ''>TRAINER<\/span><\/div><div class='separator small center' style = ''><\/div><\/div><div class='q_team_social_holder'><\/div><\/div><\/div><\/div>[\/vc_column][vc_column width=\u00bb1\/6&#8243;]<div class='q_team'><div class='q_team_inner'><div class='q_team_image'><img src='https:\/\/www.ccfsrl.com\/wp-content\/uploads\/2015\/11\/Staff2.jpg' alt='' \/><\/div><div class='q_team_text' ><div class='q_team_text_inner'><div class='q_team_title_holder'><h3 class='q_team_name' style = ''>A. Anzoletti<\/h3><span style = ''>ASISTENCIA T\u00c9CNICA<\/span><\/div><div class='separator small center' style = ''><\/div><\/div><div class='q_team_social_holder'><\/div><\/div><\/div><\/div>[\/vc_column][vc_column width=\u00bb1\/6&#8243;]<div class='q_team'><div class='q_team_inner'><div class='q_team_image'><img src='https:\/\/www.ccfsrl.com\/wp-content\/uploads\/2015\/11\/Staff4.jpg' alt='' \/><\/div><div class='q_team_text' ><div class='q_team_text_inner'><div class='q_team_title_holder'><h3 class='q_team_name' style = ''>Anna Lawnik<\/h3><span style = ''>GESTI\u00d3N DE PEDIDOS<\/span><\/div><div class='separator small center' style = ''><\/div><\/div><div class='q_team_social_holder'><\/div><\/div><\/div><\/div>[\/vc_column][\/vc_row]<\/p>\n<\/div>","protected":false},"excerpt":{"rendered":"<p>[vc_row row_type=\u00bbrow\u00bb use_row_as_full_screen_section=\u00bbno\u00bb type=\u00bbfull_width\u00bb angled_section=\u00bbno\u00bb text_align=\u00bbleft\u00bb background_image_as_pattern=\u00bbwithout_pattern\u00bb css_animation=\u00bb\u00bb][vc_column][vc_column_text] La misi\u00f3n es pionera. [\/vc_column_text][vc_empty_space height=\u00bb64px\u00bb][vc_column_text]La pasi\u00f3n por lo que haces te da una energ\u00eda inagotable y alimenta todas las cosas que contribuyen a realizar algo nuevo. Dentro de nuestras posibilidades, algo nuevo lo hemos realizado, cuando&#8230;<\/p>\n","protected":false},"author":1,"featured_media":0,"parent":0,"menu_order":0,"comment_status":"closed","ping_status":"closed","template":"","meta":{"footnotes":""},"class_list":["post-17381","page","type-page","status-publish","hentry"],"yoast_head":"<!-- This site is optimized with the Yoast SEO plugin v23.6 - https:\/\/yoast.com\/wordpress\/plugins\/seo\/ -->\n<title>Maquinas para hacer helados artesanales de palo profesionales | CCF<\/title>\n<meta name=\"robots\" content=\"index, follow, max-snippet:-1, max-image-preview:large, max-video-preview:-1\" \/>\n<link rel=\"canonical\" href=\"https:\/\/www.ccfsrl.com\/es\/maquinas-para-hacer-helados\/\" \/>\n<meta property=\"og:locale\" content=\"es_ES\" \/>\n<meta property=\"og:type\" content=\"article\" \/>\n<meta property=\"og:title\" content=\"Maquinas para hacer helados artesanales de palo profesionales | CCF\" \/>\n<meta property=\"og:description\" content=\"[vc_row row_type=\u00bbrow\u00bb use_row_as_full_screen_section=\u00bbno\u00bb type=\u00bbfull_width\u00bb angled_section=\u00bbno\u00bb text_align=\u00bbleft\u00bb background_image_as_pattern=\u00bbwithout_pattern\u00bb css_animation=\u00bb\u00bb][vc_column][vc_column_text] La misi\u00f3n es pionera. [\/vc_column_text][vc_empty_space height=\u00bb64px\u00bb][vc_column_text]La pasi\u00f3n por lo que haces te da una energ\u00eda inagotable y alimenta todas las cosas que contribuyen a realizar algo nuevo. Dentro de nuestras posibilidades, algo nuevo lo hemos realizado, cuando...\" \/>\n<meta property=\"og:url\" content=\"https:\/\/www.ccfsrl.com\/es\/maquinas-para-hacer-helados\/\" \/>\n<meta property=\"og:site_name\" content=\"CCF\" \/>\n<meta property=\"article:modified_time\" content=\"2019-04-23T14:02:04+00:00\" \/>\n<meta name=\"twitter:card\" content=\"summary_large_image\" \/>\n<meta name=\"twitter:label1\" content=\"Tiempo de lectura\" \/>\n\t<meta name=\"twitter:data1\" content=\"3 minutos\" \/>\n<script type=\"application\/ld+json\" class=\"yoast-schema-graph\">{\"@context\":\"https:\/\/schema.org\",\"@graph\":[{\"@type\":\"WebPage\",\"@id\":\"https:\/\/www.ccfsrl.com\/es\/maquinas-para-hacer-helados\/\",\"url\":\"https:\/\/www.ccfsrl.com\/es\/maquinas-para-hacer-helados\/\",\"name\":\"Maquinas para hacer helados artesanales de palo profesionales | CCF\",\"isPartOf\":{\"@id\":\"https:\/\/www.ccfsrl.com\/#website\"},\"datePublished\":\"2016-04-11T14:59:51+00:00\",\"dateModified\":\"2019-04-23T14:02:04+00:00\",\"breadcrumb\":{\"@id\":\"https:\/\/www.ccfsrl.com\/es\/maquinas-para-hacer-helados\/#breadcrumb\"},\"inLanguage\":\"es\",\"potentialAction\":[{\"@type\":\"ReadAction\",\"target\":[\"https:\/\/www.ccfsrl.com\/es\/maquinas-para-hacer-helados\/\"]}]},{\"@type\":\"BreadcrumbList\",\"@id\":\"https:\/\/www.ccfsrl.com\/es\/maquinas-para-hacer-helados\/#breadcrumb\",\"itemListElement\":[{\"@type\":\"ListItem\",\"position\":1,\"name\":\"Home\",\"item\":\"https:\/\/www.ccfsrl.com\/es\/\"},{\"@type\":\"ListItem\",\"position\":2,\"name\":\"MISI\u00d3N: maquinas para hacer helados\"}]},{\"@type\":\"WebSite\",\"@id\":\"https:\/\/www.ccfsrl.com\/#website\",\"url\":\"https:\/\/www.ccfsrl.com\/\",\"name\":\"CCF\",\"description\":\"Macchine per gelato su stecco\",\"potentialAction\":[{\"@type\":\"SearchAction\",\"target\":{\"@type\":\"EntryPoint\",\"urlTemplate\":\"https:\/\/www.ccfsrl.com\/?s={search_term_string}\"},\"query-input\":{\"@type\":\"PropertyValueSpecification\",\"valueRequired\":true,\"valueName\":\"search_term_string\"}}],\"inLanguage\":\"es\"}]}<\/script>\n<!-- \/ Yoast SEO plugin. -->","yoast_head_json":{"title":"Maquinas para hacer helados artesanales de palo profesionales | CCF","robots":{"index":"index","follow":"follow","max-snippet":"max-snippet:-1","max-image-preview":"max-image-preview:large","max-video-preview":"max-video-preview:-1"},"canonical":"https:\/\/www.ccfsrl.com\/es\/maquinas-para-hacer-helados\/","og_locale":"es_ES","og_type":"article","og_title":"Maquinas para hacer helados artesanales de palo profesionales | CCF","og_description":"[vc_row row_type=\u00bbrow\u00bb use_row_as_full_screen_section=\u00bbno\u00bb type=\u00bbfull_width\u00bb angled_section=\u00bbno\u00bb text_align=\u00bbleft\u00bb background_image_as_pattern=\u00bbwithout_pattern\u00bb css_animation=\u00bb\u00bb][vc_column][vc_column_text] La misi\u00f3n es pionera. [\/vc_column_text][vc_empty_space height=\u00bb64px\u00bb][vc_column_text]La pasi\u00f3n por lo que haces te da una energ\u00eda inagotable y alimenta todas las cosas que contribuyen a realizar algo nuevo. Dentro de nuestras posibilidades, algo nuevo lo hemos realizado, cuando...","og_url":"https:\/\/www.ccfsrl.com\/es\/maquinas-para-hacer-helados\/","og_site_name":"CCF","article_modified_time":"2019-04-23T14:02:04+00:00","twitter_card":"summary_large_image","twitter_misc":{"Tiempo de lectura":"3 minutos"},"schema":{"@context":"https:\/\/schema.org","@graph":[{"@type":"WebPage","@id":"https:\/\/www.ccfsrl.com\/es\/maquinas-para-hacer-helados\/","url":"https:\/\/www.ccfsrl.com\/es\/maquinas-para-hacer-helados\/","name":"Maquinas para hacer helados artesanales de palo profesionales | CCF","isPartOf":{"@id":"https:\/\/www.ccfsrl.com\/#website"},"datePublished":"2016-04-11T14:59:51+00:00","dateModified":"2019-04-23T14:02:04+00:00","breadcrumb":{"@id":"https:\/\/www.ccfsrl.com\/es\/maquinas-para-hacer-helados\/#breadcrumb"},"inLanguage":"es","potentialAction":[{"@type":"ReadAction","target":["https:\/\/www.ccfsrl.com\/es\/maquinas-para-hacer-helados\/"]}]},{"@type":"BreadcrumbList","@id":"https:\/\/www.ccfsrl.com\/es\/maquinas-para-hacer-helados\/#breadcrumb","itemListElement":[{"@type":"ListItem","position":1,"name":"Home","item":"https:\/\/www.ccfsrl.com\/es\/"},{"@type":"ListItem","position":2,"name":"MISI\u00d3N: maquinas para hacer helados"}]},{"@type":"WebSite","@id":"https:\/\/www.ccfsrl.com\/#website","url":"https:\/\/www.ccfsrl.com\/","name":"CCF","description":"Macchine per gelato su stecco","potentialAction":[{"@type":"SearchAction","target":{"@type":"EntryPoint","urlTemplate":"https:\/\/www.ccfsrl.com\/?s={search_term_string}"},"query-input":{"@type":"PropertyValueSpecification","valueRequired":true,"valueName":"search_term_string"}}],"inLanguage":"es"}]}},"_links":{"self":[{"href":"https:\/\/www.ccfsrl.com\/es\/wp-json\/wp\/v2\/pages\/17381","targetHints":{"allow":["GET"]}}],"collection":[{"href":"https:\/\/www.ccfsrl.com\/es\/wp-json\/wp\/v2\/pages"}],"about":[{"href":"https:\/\/www.ccfsrl.com\/es\/wp-json\/wp\/v2\/types\/page"}],"author":[{"embeddable":true,"href":"https:\/\/www.ccfsrl.com\/es\/wp-json\/wp\/v2\/users\/1"}],"replies":[{"embeddable":true,"href":"https:\/\/www.ccfsrl.com\/es\/wp-json\/wp\/v2\/comments?post=17381"}],"version-history":[{"count":5,"href":"https:\/\/www.ccfsrl.com\/es\/wp-json\/wp\/v2\/pages\/17381\/revisions"}],"predecessor-version":[{"id":18492,"href":"https:\/\/www.ccfsrl.com\/es\/wp-json\/wp\/v2\/pages\/17381\/revisions\/18492"}],"wp:attachment":[{"href":"https:\/\/www.ccfsrl.com\/es\/wp-json\/wp\/v2\/media?parent=17381"}],"curies":[{"name":"wp","href":"https:\/\/api.w.org\/{rel}","templated":true}]}}